{"id":109480,"date":"2021-01-26T15:41:29","date_gmt":"2021-01-26T15:41:29","guid":{"rendered":"https:\/\/www.airpes.com\/?post_type=product&#038;p=109480"},"modified":"2021-01-28T03:13:13","modified_gmt":"2021-01-28T03:13:13","slug":"macro-display-amr-130","status":"publish","type":"product","link":"https:\/\/www.airpes.com\/es\/product\/macro-display-amr-130\/","title":{"rendered":"MACRO-DISPLAY AMR-130"},"content":{"rendered":"<div class=\"wpb-content-wrapper\"><section class=\"vc_row wpb_row vc_row-fluid  vc_custom_1550641386235   vc_row-has-fill\"><div class=\"wpb_column vc_column_container col-xs-mobile-fullwidth vc_col-sm-12 vc_col-md-6 wow fadeIn\" data-wow-delay= 200ms data-wow-duration= 1500ms><div class=\"vc_column-inner  hongo_responsive_1566294673742\"><div class=\"wpb_wrapper\"><div class=\"text-block-content hongo-text-block-1 vc_custom_1611316301843 last-paragraph-no-margin\"><p><strong>Ventajas del visor Macro-Display AMR-130<\/strong><\/p>\n<ul>\n<li>D\u00edgitos: 5 LED rojos de 130 mm de altura<\/li>\n<li>Temperatura de trabajo: -20\u00baC +60\u00baC<\/li>\n<li>Funciones: On, Off, Tara, Suma, Total y Borrar (por mando a distancia)<\/li>\n<li>Protecci\u00f3n: IP 55 (opcional IP 65)<\/li>\n<li>Alimentaci\u00f3n: 48\/110\/220 opcional 380 V AC<\/li>\n<\/ul>\n<\/div><a href=\"https:\/\/www.airpes.com\/wp-content\/uploads\/2021\/01\/AMR-130_cas.pdf\" target= \"_blank\" class=\"hongo-button-1 btn btn-white alt-font btn-medium  hongo_button_1611675865711\">Descarga documentaci\u00f3n t\u00e9cnica<\/a><\/div><\/div><\/div><div class=\"wpb_column vc_column_container col-xs-mobile-fullwidth vc_col-sm-12 vc_col-md-6 wow fadeIn\" data-wow-delay= 400ms data-wow-duration= 1500ms><div class=\"vc_column-inner\"><div class=\"wpb_wrapper\"><\/div><\/div><\/div><\/section>\n<\/div>","protected":false},"excerpt":{"rendered":"<p>El AMR-130 es un visor macro-display dise\u00f1ado para trabajar sobre estructuras m\u00f3viles y con alto grado de vibraci\u00f3n. Su estructura de aluminio la hace ligero y accesible.<\/p>\n<p><strong>Caracter\u00edsticas del visor Macro-Display AMR-130<\/strong><\/p>\n<p>El Visor Macro-display AMR-130 est\u00e1 dise\u00f1ado para trabajar sobre estructuras m\u00f3viles y con alto grado de vibraci\u00f3n, como puentes gr\u00faa, gr\u00faas pluma, autogr\u00faas, gr\u00faas torre, elevadores, etc.<br \/>\nPor la dimensi\u00f3n y luminosidad que posee en los d\u00edgitos, permite que se visualice tanto en interior como en exterior desde largas distancias.<\/p>\n<p>Este Visor Macro-display puede incorporar diversos opcionales como: Limitador de carga, emisi\u00f3n y captura de la pesada v\u00eda radio, salida ordenador, funciones de operaci\u00f3n por radio control, etc.<\/p>\n<p>Su estructura de aluminio y su dise\u00f1o totalmente plano le convierte en un Macro-display ligero y accesible, con el fin de facilitar los trabajos de mantenimiento.<\/p>\n","protected":false},"featured_media":109743,"template":"","meta":{"_acf_changed":false,"inline_featured_image":false},"product_cat":[282,292,294],"product_tag":[],"class_list":{"0":"post-109480","1":"product","2":"type-product","3":"status-publish","4":"has-post-thumbnail","6":"product_cat-equipos-de-elevacion","7":"product_cat-sistemas-de-vigilancia-y-proteccion-contra-sobrecargas","8":"product_cat-visores","10":"first","11":"instock","12":"shipping-taxable","13":"product-type-simple"},"acf":[],"yoast_head":"<!-- This site is optimized with the Yoast SEO plugin v27.5 - https:\/\/yoast.com\/product\/yoast-seo-wordpress\/ -->\n<title>Macro-Display AMR-130 | Equipos de pesaje | Airpes : Airpes<\/title>\n<meta name=\"description\" content=\"El visor macro-display AMR-130 est\u00e1 dise\u00f1ado para trabajar en estructuras m\u00f3viles con un alto grado de vibraci\u00f3n.\" \/>\n<meta name=\"robots\" content=\"index, follow, max-snippet:-1, max-image-preview:large, max-video-preview:-1\" \/>\n<link rel=\"canonical\" href=\"https:\/\/www.airpes.com\/es\/product\/macro-display-amr-130\/\" \/>\n<meta property=\"og:locale\" content=\"es_ES\" \/>\n<meta property=\"og:type\" content=\"article\" \/>\n<meta property=\"og:title\" content=\"Macro-Display AMR-130 | Equipos de pesaje | Airpes : Airpes\" \/>\n<meta property=\"og:description\" content=\"El visor macro-display AMR-130 est\u00e1 dise\u00f1ado para trabajar en estructuras m\u00f3viles con un alto grado de vibraci\u00f3n.\" \/>\n<meta property=\"og:url\" content=\"https:\/\/www.airpes.com\/es\/product\/macro-display-amr-130\/\" \/>\n<meta property=\"og:site_name\" content=\"Airpes\" \/>\n<meta property=\"article:publisher\" content=\"https:\/\/www.facebook.com\/AIRPES\" \/>\n<meta property=\"article:modified_time\" content=\"2021-01-28T03:13:13+00:00\" \/>\n<meta property=\"og:image\" content=\"https:\/\/www.airpes.com\/wp-content\/uploads\/2021\/01\/airpes-display-amr-130_hq-portada.png\" \/>\n\t<meta property=\"og:image:width\" content=\"800\" \/>\n\t<meta property=\"og:image:height\" content=\"1200\" \/>\n\t<meta property=\"og:image:type\" content=\"image\/png\" \/>\n<meta name=\"twitter:card\" content=\"summary_large_image\" \/>\n<meta name=\"twitter:site\" content=\"@AIRPES\" \/>\n<meta name=\"twitter:label1\" content=\"Tiempo de lectura\" \/>\n\t<meta name=\"twitter:data1\" content=\"1 minuto\" \/>\n<script type=\"application\/ld+json\" class=\"yoast-schema-graph\">{\"@context\":\"https:\\\/\\\/schema.org\",\"@graph\":[{\"@type\":[\"WebPage\",\"ItemPage\"],\"@id\":\"https:\\\/\\\/www.airpes.com\\\/es\\\/product\\\/macro-display-amr-130\\\/\",\"url\":\"https:\\\/\\\/www.airpes.com\\\/es\\\/product\\\/macro-display-amr-130\\\/\",\"name\":\"Macro-Display AMR-130 | Equipos de pesaje | Airpes : Airpes\",\"isPartOf\":{\"@id\":\"https:\\\/\\\/www.airpes.com\\\/es\\\/#website\"},\"primaryImageOfPage\":{\"@id\":\"https:\\\/\\\/www.airpes.com\\\/es\\\/product\\\/macro-display-amr-130\\\/#primaryimage\"},\"image\":{\"@id\":\"https:\\\/\\\/www.airpes.com\\\/es\\\/product\\\/macro-display-amr-130\\\/#primaryimage\"},\"thumbnailUrl\":\"https:\\\/\\\/www.airpes.com\\\/wp-content\\\/uploads\\\/2021\\\/01\\\/airpes-display-amr-130_hq-portada.png\",\"datePublished\":\"2021-01-26T15:41:29+00:00\",\"dateModified\":\"2021-01-28T03:13:13+00:00\",\"description\":\"El visor macro-display AMR-130 est\u00e1 dise\u00f1ado para trabajar en estructuras m\u00f3viles con un alto grado de vibraci\u00f3n.\",\"breadcrumb\":{\"@id\":\"https:\\\/\\\/www.airpes.com\\\/es\\\/product\\\/macro-display-amr-130\\\/#breadcrumb\"},\"inLanguage\":\"es\",\"potentialAction\":[{\"@type\":\"ReadAction\",\"target\":[\"https:\\\/\\\/www.airpes.com\\\/es\\\/product\\\/macro-display-amr-130\\\/\"]}]},{\"@type\":\"ImageObject\",\"inLanguage\":\"es\",\"@id\":\"https:\\\/\\\/www.airpes.com\\\/es\\\/product\\\/macro-display-amr-130\\\/#primaryimage\",\"url\":\"https:\\\/\\\/www.airpes.com\\\/wp-content\\\/uploads\\\/2021\\\/01\\\/airpes-display-amr-130_hq-portada.png\",\"contentUrl\":\"https:\\\/\\\/www.airpes.com\\\/wp-content\\\/uploads\\\/2021\\\/01\\\/airpes-display-amr-130_hq-portada.png\",\"width\":800,\"height\":1200,\"caption\":\"MACRO-DISPLAY AMR-130 -\"},{\"@type\":\"BreadcrumbList\",\"@id\":\"https:\\\/\\\/www.airpes.com\\\/es\\\/product\\\/macro-display-amr-130\\\/#breadcrumb\",\"itemListElement\":[{\"@type\":\"ListItem\",\"position\":1,\"name\":\"Inicio\",\"item\":\"https:\\\/\\\/www.airpes.com\\\/es\\\/\"},{\"@type\":\"ListItem\",\"position\":2,\"name\":\"Productos\",\"item\":\"https:\\\/\\\/www.airpes.com\\\/es\\\/shop\\\/\"},{\"@type\":\"ListItem\",\"position\":3,\"name\":\"MACRO-DISPLAY AMR-130\"}]},{\"@type\":\"WebSite\",\"@id\":\"https:\\\/\\\/www.airpes.com\\\/es\\\/#website\",\"url\":\"https:\\\/\\\/www.airpes.com\\\/es\\\/\",\"name\":\"Airpes\",\"description\":\"Your lifting equipment supplier\",\"publisher\":{\"@id\":\"https:\\\/\\\/www.airpes.com\\\/es\\\/#organization\"},\"potentialAction\":[{\"@type\":\"SearchAction\",\"target\":{\"@type\":\"EntryPoint\",\"urlTemplate\":\"https:\\\/\\\/www.airpes.com\\\/es\\\/?s={search_term_string}\"},\"query-input\":{\"@type\":\"PropertyValueSpecification\",\"valueRequired\":true,\"valueName\":\"search_term_string\"}}],\"inLanguage\":\"es\"},{\"@type\":\"Organization\",\"@id\":\"https:\\\/\\\/www.airpes.com\\\/es\\\/#organization\",\"name\":\"Airpes\",\"url\":\"https:\\\/\\\/www.airpes.com\\\/es\\\/\",\"logo\":{\"@type\":\"ImageObject\",\"inLanguage\":\"es\",\"@id\":\"https:\\\/\\\/www.airpes.com\\\/es\\\/#\\\/schema\\\/logo\\\/image\\\/\",\"url\":\"https:\\\/\\\/www.airpes.com\\\/wp-content\\\/uploads\\\/2020\\\/09\\\/logo.svg\",\"contentUrl\":\"https:\\\/\\\/www.airpes.com\\\/wp-content\\\/uploads\\\/2020\\\/09\\\/logo.svg\",\"width\":193,\"height\":86,\"caption\":\"Airpes\"},\"image\":{\"@id\":\"https:\\\/\\\/www.airpes.com\\\/es\\\/#\\\/schema\\\/logo\\\/image\\\/\"},\"sameAs\":[\"https:\\\/\\\/www.facebook.com\\\/AIRPES\",\"https:\\\/\\\/x.com\\\/AIRPES\",\"https:\\\/\\\/www.instagram.com\\\/AIRPESlifting\\\/\",\"https:\\\/\\\/www.linkedin.com\\\/company\\\/airpes\"]}]}<\/script>\n<!-- \/ Yoast SEO plugin. -->","yoast_head_json":{"title":"Macro-Display AMR-130 | Equipos de pesaje | Airpes : Airpes","description":"El visor macro-display AMR-130 est\u00e1 dise\u00f1ado para trabajar en estructuras m\u00f3viles con un alto grado de vibraci\u00f3n.","robots":{"index":"index","follow":"follow","max-snippet":"max-snippet:-1","max-image-preview":"max-image-preview:large","max-video-preview":"max-video-preview:-1"},"canonical":"https:\/\/www.airpes.com\/es\/product\/macro-display-amr-130\/","og_locale":"es_ES","og_type":"article","og_title":"Macro-Display AMR-130 | Equipos de pesaje | Airpes : Airpes","og_description":"El visor macro-display AMR-130 est\u00e1 dise\u00f1ado para trabajar en estructuras m\u00f3viles con un alto grado de vibraci\u00f3n.","og_url":"https:\/\/www.airpes.com\/es\/product\/macro-display-amr-130\/","og_site_name":"Airpes","article_publisher":"https:\/\/www.facebook.com\/AIRPES","article_modified_time":"2021-01-28T03:13:13+00:00","og_image":[{"width":800,"height":1200,"url":"https:\/\/www.airpes.com\/wp-content\/uploads\/2021\/01\/airpes-display-amr-130_hq-portada.png","type":"image\/png"}],"twitter_card":"summary_large_image","twitter_site":"@AIRPES","twitter_misc":{"Tiempo de lectura":"1 minuto"},"schema":{"@context":"https:\/\/schema.org","@graph":[{"@type":["WebPage","ItemPage"],"@id":"https:\/\/www.airpes.com\/es\/product\/macro-display-amr-130\/","url":"https:\/\/www.airpes.com\/es\/product\/macro-display-amr-130\/","name":"Macro-Display AMR-130 | Equipos de pesaje | Airpes : Airpes","isPartOf":{"@id":"https:\/\/www.airpes.com\/es\/#website"},"primaryImageOfPage":{"@id":"https:\/\/www.airpes.com\/es\/product\/macro-display-amr-130\/#primaryimage"},"image":{"@id":"https:\/\/www.airpes.com\/es\/product\/macro-display-amr-130\/#primaryimage"},"thumbnailUrl":"https:\/\/www.airpes.com\/wp-content\/uploads\/2021\/01\/airpes-display-amr-130_hq-portada.png","datePublished":"2021-01-26T15:41:29+00:00","dateModified":"2021-01-28T03:13:13+00:00","description":"El visor macro-display AMR-130 est\u00e1 dise\u00f1ado para trabajar en estructuras m\u00f3viles con un alto grado de vibraci\u00f3n.","breadcrumb":{"@id":"https:\/\/www.airpes.com\/es\/product\/macro-display-amr-130\/#breadcrumb"},"inLanguage":"es","potentialAction":[{"@type":"ReadAction","target":["https:\/\/www.airpes.com\/es\/product\/macro-display-amr-130\/"]}]},{"@type":"ImageObject","inLanguage":"es","@id":"https:\/\/www.airpes.com\/es\/product\/macro-display-amr-130\/#primaryimage","url":"https:\/\/www.airpes.com\/wp-content\/uploads\/2021\/01\/airpes-display-amr-130_hq-portada.png","contentUrl":"https:\/\/www.airpes.com\/wp-content\/uploads\/2021\/01\/airpes-display-amr-130_hq-portada.png","width":800,"height":1200,"caption":"MACRO-DISPLAY AMR-130 -"},{"@type":"BreadcrumbList","@id":"https:\/\/www.airpes.com\/es\/product\/macro-display-amr-130\/#breadcrumb","itemListElement":[{"@type":"ListItem","position":1,"name":"Inicio","item":"https:\/\/www.airpes.com\/es\/"},{"@type":"ListItem","position":2,"name":"Productos","item":"https:\/\/www.airpes.com\/es\/shop\/"},{"@type":"ListItem","position":3,"name":"MACRO-DISPLAY AMR-130"}]},{"@type":"WebSite","@id":"https:\/\/www.airpes.com\/es\/#website","url":"https:\/\/www.airpes.com\/es\/","name":"Airpes","description":"Your lifting equipment supplier","publisher":{"@id":"https:\/\/www.airpes.com\/es\/#organization"},"potentialAction":[{"@type":"SearchAction","target":{"@type":"EntryPoint","urlTemplate":"https:\/\/www.airpes.com\/es\/?s={search_term_string}"},"query-input":{"@type":"PropertyValueSpecification","valueRequired":true,"valueName":"search_term_string"}}],"inLanguage":"es"},{"@type":"Organization","@id":"https:\/\/www.airpes.com\/es\/#organization","name":"Airpes","url":"https:\/\/www.airpes.com\/es\/","logo":{"@type":"ImageObject","inLanguage":"es","@id":"https:\/\/www.airpes.com\/es\/#\/schema\/logo\/image\/","url":"https:\/\/www.airpes.com\/wp-content\/uploads\/2020\/09\/logo.svg","contentUrl":"https:\/\/www.airpes.com\/wp-content\/uploads\/2020\/09\/logo.svg","width":193,"height":86,"caption":"Airpes"},"image":{"@id":"https:\/\/www.airpes.com\/es\/#\/schema\/logo\/image\/"},"sameAs":["https:\/\/www.facebook.com\/AIRPES","https:\/\/x.com\/AIRPES","https:\/\/www.instagram.com\/AIRPESlifting\/","https:\/\/www.linkedin.com\/company\/airpes"]}]}},"_links":{"self":[{"href":"https:\/\/www.airpes.com\/es\/wp-json\/wp\/v2\/product\/109480","targetHints":{"allow":["GET"]}}],"collection":[{"href":"https:\/\/www.airpes.com\/es\/wp-json\/wp\/v2\/product"}],"about":[{"href":"https:\/\/www.airpes.com\/es\/wp-json\/wp\/v2\/types\/product"}],"wp:featuredmedia":[{"embeddable":true,"href":"https:\/\/www.airpes.com\/es\/wp-json\/wp\/v2\/media\/109743"}],"wp:attachment":[{"href":"https:\/\/www.airpes.com\/es\/wp-json\/wp\/v2\/media?parent=109480"}],"wp:term":[{"taxonomy":"product_cat","embeddable":true,"href":"https:\/\/www.airpes.com\/es\/wp-json\/wp\/v2\/product_cat?post=109480"},{"taxonomy":"product_tag","embeddable":true,"href":"https:\/\/www.airpes.com\/es\/wp-json\/wp\/v2\/product_tag?post=109480"}],"curies":[{"name":"wp","href":"https:\/\/api.w.org\/{rel}","templated":true}]}}