{"id":107782,"date":"2020-09-22T19:50:36","date_gmt":"2020-09-22T19:50:36","guid":{"rendered":"https:\/\/www.airpes.com\/product\/gancho-electronico-agm-180\/"},"modified":"2021-08-07T12:01:06","modified_gmt":"2021-08-07T12:01:06","slug":"gancho-electronico-agm-180","status":"publish","type":"product","link":"https:\/\/www.airpes.com\/es\/product\/gancho-electronico-agm-180\/","title":{"rendered":"GANCHO ELECTR\u00d3NICO AGM-180"},"content":{"rendered":"<div class=\"wpb-content-wrapper\"><section class=\"vc_row wpb_row vc_row-fluid  vc_custom_1550641386235   vc_row-has-fill\"><div class=\"wpb_column vc_column_container col-xs-mobile-fullwidth vc_col-sm-12 vc_col-md-6 wow fadeIn\" data-wow-delay= 200ms data-wow-duration= 1500ms><div class=\"vc_column-inner  hongo_responsive_1566294673742\"><div class=\"wpb_wrapper\"><div class=\"text-block-content hongo-text-block-1 vc_custom_1600804199842 last-paragraph-no-margin\"><p><strong>Ventajas<\/strong><\/p>\n<p>Es un equipo apropiado para el control de entrada y salida de producto,control de almacenaje, verificaci\u00f3n de stock, etc. El AGM-180 posee diferentes opciones, como la incorparaci\u00f3n de un mando infrarrojos, servicio de bater\u00edas 24h, protecci\u00f3n para trabajos en funderias con altas temperaturas, salida RS-232-C, salida RS-485, impresora, indicador de pico m\u00e1ximo, etc.<\/p>\n<\/div><a href=\"https:\/\/www.airpes.com\/wp-content\/uploads\/2020\/12\/AGM-180_cas_2018.pdf\" target= \"_blank\" class=\"hongo-button-1 btn btn-white alt-font btn-medium  hongo_button_1611331053009\"><i class=\"far fa-file-pdf left-icon\" aria-hidden=\"true\"><\/i>Descarga documentaci\u00f3n t\u00e9cnica<\/a><\/div><\/div><\/div><div class=\"wpb_column vc_column_container col-xs-mobile-fullwidth vc_col-sm-12 vc_col-md-6 wow fadeIn\" data-wow-delay= 400ms data-wow-duration= 1500ms><div class=\"vc_column-inner\"><div class=\"wpb_wrapper\"><div class=\"wpb_single_image   vc_custom_1600804227544 hongo-full-width-single-image\">\n\t\t\t<figure class=\"wpb_wrapper vc_figure\">\n\t\t\t\t<div class=\"vc_single_image-wrapper  \"><img loading=\"lazy\" decoding=\"async\" width=\"726\" height=\"377\" src=\"https:\/\/www.airpes.com\/wp-content\/uploads\/2020\/09\/agm180_hq-1-726x377-1.jpg\" class=\"vc_single_image-img attachment-full\" alt=\"\" title=\"agm180_hq-1-726x377\" srcset=\"https:\/\/www.airpes.com\/wp-content\/uploads\/2020\/09\/agm180_hq-1-726x377-1.jpg 726w, https:\/\/www.airpes.com\/wp-content\/uploads\/2020\/09\/agm180_hq-1-726x377-1-340x177.jpg 340w, https:\/\/www.airpes.com\/wp-content\/uploads\/2020\/09\/agm180_hq-1-726x377-1-300x156.jpg 300w, https:\/\/www.airpes.com\/wp-content\/uploads\/2020\/09\/agm180_hq-1-726x377-1-480x249.jpg 480w, https:\/\/www.airpes.com\/wp-content\/uploads\/2020\/09\/agm180_hq-1-726x377-1-84x44.jpg 84w, https:\/\/www.airpes.com\/wp-content\/uploads\/2020\/09\/agm180_hq-1-726x377-1-200x104.jpg 200w, https:\/\/www.airpes.com\/wp-content\/uploads\/2020\/09\/agm180_hq-1-726x377-1-450x234.jpg 450w\" sizes=\"auto, (max-width: 726px) 100vw, 726px\" \/><\/div>\n\t\t\t<\/figure>\n\t\t\t\n\t\t<\/div><\/div><\/div><\/div><\/section>\n<\/div>","protected":false},"excerpt":{"rendered":"<p>El Gancho Pesador AGM-180 est\u00e1 dise\u00f1ado para ser suspendido del gancho del puente gr\u00faa, gr\u00faa pluma, autogr\u00faa, gr\u00faa torre, etc., del cual vaya a trabajar.<\/p>\n<p><strong>Caracter\u00edsticas gancho pesador AGM-180<\/strong><\/p>\n<p>Caracter\u00edsticas del gancho electr\u00f3nico AGM-180 de Airpes<br \/>\nD\u00edgitos: 5 LED 1,8\u201d<br \/>\nTemperatura de trabajo: -20\u00baC +60\u00baC<br \/>\nFunciones: On\/Off, Cero, Tara, Suma, Total y Borrar (por mando a distancia)<br \/>\nProtecci\u00f3n: IP 55 (opcional IP 65)<br \/>\nAlimentaci\u00f3n: 8,4V DC<br \/>\nPrecisi\u00f3n: +- 0,1%<\/p>\n","protected":false},"featured_media":110270,"template":"","meta":{"_acf_changed":false,"inline_featured_image":false},"product_cat":[282,299,298],"product_tag":[],"class_list":{"0":"post-107782","1":"product","2":"type-product","3":"status-publish","4":"has-post-thumbnail","6":"product_cat-equipos-de-elevacion","7":"product_cat-ganchos-de-pesaje","8":"product_cat-soluciones-de-pesaje","10":"first","11":"instock","12":"shipping-taxable","13":"product-type-simple"},"acf":[],"yoast_head":"<!-- This site is optimized with the Yoast SEO plugin v27.5 - https:\/\/yoast.com\/product\/yoast-seo-wordpress\/ -->\n<title>Gancho electr\u00f3nico AGM-180 | Productos | Airpes : Airpes<\/title>\n<meta name=\"description\" content=\"AIRPES es su proveedor de equipos de elevaci\u00f3n El Gancho Pesador AGM 180 est\u00e1 dise\u00f1ado para ser suspendido del gancho del cual vaya a trabajar\" \/>\n<meta name=\"robots\" content=\"index, follow, max-snippet:-1, max-image-preview:large, max-video-preview:-1\" \/>\n<link rel=\"canonical\" href=\"https:\/\/www.airpes.com\/es\/product\/gancho-electronico-agm-180\/\" \/>\n<meta property=\"og:locale\" content=\"es_ES\" \/>\n<meta property=\"og:type\" content=\"article\" \/>\n<meta property=\"og:title\" content=\"Gancho electr\u00f3nico AGM-180 | Productos | Airpes : Airpes\" \/>\n<meta property=\"og:description\" content=\"AIRPES es su proveedor de equipos de elevaci\u00f3n El Gancho Pesador AGM 180 est\u00e1 dise\u00f1ado para ser suspendido del gancho del cual vaya a trabajar\" \/>\n<meta property=\"og:url\" content=\"https:\/\/www.airpes.com\/es\/product\/gancho-electronico-agm-180\/\" \/>\n<meta property=\"og:site_name\" content=\"Airpes\" \/>\n<meta property=\"article:publisher\" content=\"https:\/\/www.facebook.com\/AIRPES\" \/>\n<meta property=\"article:modified_time\" content=\"2021-08-07T12:01:06+00:00\" \/>\n<meta property=\"og:image\" content=\"https:\/\/www.airpes.com\/wp-content\/uploads\/2021\/02\/airpes-electronic-crane-scale-agm-180-portada.jpg\" \/>\n\t<meta property=\"og:image:width\" content=\"800\" \/>\n\t<meta property=\"og:image:height\" content=\"1200\" \/>\n\t<meta property=\"og:image:type\" content=\"image\/jpeg\" \/>\n<meta name=\"twitter:card\" content=\"summary_large_image\" \/>\n<meta name=\"twitter:site\" content=\"@AIRPES\" \/>\n<meta name=\"twitter:label1\" content=\"Tiempo de lectura\" \/>\n\t<meta name=\"twitter:data1\" content=\"1 minuto\" \/>\n<script type=\"application\/ld+json\" class=\"yoast-schema-graph\">{\"@context\":\"https:\\\/\\\/schema.org\",\"@graph\":[{\"@type\":[\"WebPage\",\"ItemPage\"],\"@id\":\"https:\\\/\\\/www.airpes.com\\\/es\\\/product\\\/gancho-electronico-agm-180\\\/\",\"url\":\"https:\\\/\\\/www.airpes.com\\\/es\\\/product\\\/gancho-electronico-agm-180\\\/\",\"name\":\"Gancho electr\u00f3nico AGM-180 | Productos | Airpes : Airpes\",\"isPartOf\":{\"@id\":\"https:\\\/\\\/www.airpes.com\\\/es\\\/#website\"},\"primaryImageOfPage\":{\"@id\":\"https:\\\/\\\/www.airpes.com\\\/es\\\/product\\\/gancho-electronico-agm-180\\\/#primaryimage\"},\"image\":{\"@id\":\"https:\\\/\\\/www.airpes.com\\\/es\\\/product\\\/gancho-electronico-agm-180\\\/#primaryimage\"},\"thumbnailUrl\":\"https:\\\/\\\/www.airpes.com\\\/wp-content\\\/uploads\\\/2021\\\/02\\\/airpes-electronic-crane-scale-agm-180-portada.jpg\",\"datePublished\":\"2020-09-22T19:50:36+00:00\",\"dateModified\":\"2021-08-07T12:01:06+00:00\",\"description\":\"AIRPES es su proveedor de equipos de elevaci\u00f3n El Gancho Pesador AGM 180 est\u00e1 dise\u00f1ado para ser suspendido del gancho del cual vaya a trabajar\",\"breadcrumb\":{\"@id\":\"https:\\\/\\\/www.airpes.com\\\/es\\\/product\\\/gancho-electronico-agm-180\\\/#breadcrumb\"},\"inLanguage\":\"es\",\"potentialAction\":[{\"@type\":\"ReadAction\",\"target\":[\"https:\\\/\\\/www.airpes.com\\\/es\\\/product\\\/gancho-electronico-agm-180\\\/\"]}]},{\"@type\":\"ImageObject\",\"inLanguage\":\"es\",\"@id\":\"https:\\\/\\\/www.airpes.com\\\/es\\\/product\\\/gancho-electronico-agm-180\\\/#primaryimage\",\"url\":\"https:\\\/\\\/www.airpes.com\\\/wp-content\\\/uploads\\\/2021\\\/02\\\/airpes-electronic-crane-scale-agm-180-portada.jpg\",\"contentUrl\":\"https:\\\/\\\/www.airpes.com\\\/wp-content\\\/uploads\\\/2021\\\/02\\\/airpes-electronic-crane-scale-agm-180-portada.jpg\",\"width\":800,\"height\":1200,\"caption\":\"Hook Block Scale - Weighing Solutions - Airpes - Product\"},{\"@type\":\"BreadcrumbList\",\"@id\":\"https:\\\/\\\/www.airpes.com\\\/es\\\/product\\\/gancho-electronico-agm-180\\\/#breadcrumb\",\"itemListElement\":[{\"@type\":\"ListItem\",\"position\":1,\"name\":\"Inicio\",\"item\":\"https:\\\/\\\/www.airpes.com\\\/es\\\/\"},{\"@type\":\"ListItem\",\"position\":2,\"name\":\"Productos\",\"item\":\"https:\\\/\\\/www.airpes.com\\\/es\\\/shop\\\/\"},{\"@type\":\"ListItem\",\"position\":3,\"name\":\"GANCHO ELECTR\u00d3NICO AGM-180\"}]},{\"@type\":\"WebSite\",\"@id\":\"https:\\\/\\\/www.airpes.com\\\/es\\\/#website\",\"url\":\"https:\\\/\\\/www.airpes.com\\\/es\\\/\",\"name\":\"Airpes\",\"description\":\"Your lifting equipment supplier\",\"publisher\":{\"@id\":\"https:\\\/\\\/www.airpes.com\\\/es\\\/#organization\"},\"potentialAction\":[{\"@type\":\"SearchAction\",\"target\":{\"@type\":\"EntryPoint\",\"urlTemplate\":\"https:\\\/\\\/www.airpes.com\\\/es\\\/?s={search_term_string}\"},\"query-input\":{\"@type\":\"PropertyValueSpecification\",\"valueRequired\":true,\"valueName\":\"search_term_string\"}}],\"inLanguage\":\"es\"},{\"@type\":\"Organization\",\"@id\":\"https:\\\/\\\/www.airpes.com\\\/es\\\/#organization\",\"name\":\"Airpes\",\"url\":\"https:\\\/\\\/www.airpes.com\\\/es\\\/\",\"logo\":{\"@type\":\"ImageObject\",\"inLanguage\":\"es\",\"@id\":\"https:\\\/\\\/www.airpes.com\\\/es\\\/#\\\/schema\\\/logo\\\/image\\\/\",\"url\":\"https:\\\/\\\/www.airpes.com\\\/wp-content\\\/uploads\\\/2020\\\/09\\\/logo.svg\",\"contentUrl\":\"https:\\\/\\\/www.airpes.com\\\/wp-content\\\/uploads\\\/2020\\\/09\\\/logo.svg\",\"width\":193,\"height\":86,\"caption\":\"Airpes\"},\"image\":{\"@id\":\"https:\\\/\\\/www.airpes.com\\\/es\\\/#\\\/schema\\\/logo\\\/image\\\/\"},\"sameAs\":[\"https:\\\/\\\/www.facebook.com\\\/AIRPES\",\"https:\\\/\\\/x.com\\\/AIRPES\",\"https:\\\/\\\/www.instagram.com\\\/AIRPESlifting\\\/\",\"https:\\\/\\\/www.linkedin.com\\\/company\\\/airpes\"]}]}<\/script>\n<!-- \/ Yoast SEO plugin. -->","yoast_head_json":{"title":"Gancho electr\u00f3nico AGM-180 | Productos | Airpes : Airpes","description":"AIRPES es su proveedor de equipos de elevaci\u00f3n El Gancho Pesador AGM 180 est\u00e1 dise\u00f1ado para ser suspendido del gancho del cual vaya a trabajar","robots":{"index":"index","follow":"follow","max-snippet":"max-snippet:-1","max-image-preview":"max-image-preview:large","max-video-preview":"max-video-preview:-1"},"canonical":"https:\/\/www.airpes.com\/es\/product\/gancho-electronico-agm-180\/","og_locale":"es_ES","og_type":"article","og_title":"Gancho electr\u00f3nico AGM-180 | Productos | Airpes : Airpes","og_description":"AIRPES es su proveedor de equipos de elevaci\u00f3n El Gancho Pesador AGM 180 est\u00e1 dise\u00f1ado para ser suspendido del gancho del cual vaya a trabajar","og_url":"https:\/\/www.airpes.com\/es\/product\/gancho-electronico-agm-180\/","og_site_name":"Airpes","article_publisher":"https:\/\/www.facebook.com\/AIRPES","article_modified_time":"2021-08-07T12:01:06+00:00","og_image":[{"width":800,"height":1200,"url":"https:\/\/www.airpes.com\/wp-content\/uploads\/2021\/02\/airpes-electronic-crane-scale-agm-180-portada.jpg","type":"image\/jpeg"}],"twitter_card":"summary_large_image","twitter_site":"@AIRPES","twitter_misc":{"Tiempo de lectura":"1 minuto"},"schema":{"@context":"https:\/\/schema.org","@graph":[{"@type":["WebPage","ItemPage"],"@id":"https:\/\/www.airpes.com\/es\/product\/gancho-electronico-agm-180\/","url":"https:\/\/www.airpes.com\/es\/product\/gancho-electronico-agm-180\/","name":"Gancho electr\u00f3nico AGM-180 | Productos | Airpes : Airpes","isPartOf":{"@id":"https:\/\/www.airpes.com\/es\/#website"},"primaryImageOfPage":{"@id":"https:\/\/www.airpes.com\/es\/product\/gancho-electronico-agm-180\/#primaryimage"},"image":{"@id":"https:\/\/www.airpes.com\/es\/product\/gancho-electronico-agm-180\/#primaryimage"},"thumbnailUrl":"https:\/\/www.airpes.com\/wp-content\/uploads\/2021\/02\/airpes-electronic-crane-scale-agm-180-portada.jpg","datePublished":"2020-09-22T19:50:36+00:00","dateModified":"2021-08-07T12:01:06+00:00","description":"AIRPES es su proveedor de equipos de elevaci\u00f3n El Gancho Pesador AGM 180 est\u00e1 dise\u00f1ado para ser suspendido del gancho del cual vaya a trabajar","breadcrumb":{"@id":"https:\/\/www.airpes.com\/es\/product\/gancho-electronico-agm-180\/#breadcrumb"},"inLanguage":"es","potentialAction":[{"@type":"ReadAction","target":["https:\/\/www.airpes.com\/es\/product\/gancho-electronico-agm-180\/"]}]},{"@type":"ImageObject","inLanguage":"es","@id":"https:\/\/www.airpes.com\/es\/product\/gancho-electronico-agm-180\/#primaryimage","url":"https:\/\/www.airpes.com\/wp-content\/uploads\/2021\/02\/airpes-electronic-crane-scale-agm-180-portada.jpg","contentUrl":"https:\/\/www.airpes.com\/wp-content\/uploads\/2021\/02\/airpes-electronic-crane-scale-agm-180-portada.jpg","width":800,"height":1200,"caption":"Hook Block Scale - Weighing Solutions - Airpes - Product"},{"@type":"BreadcrumbList","@id":"https:\/\/www.airpes.com\/es\/product\/gancho-electronico-agm-180\/#breadcrumb","itemListElement":[{"@type":"ListItem","position":1,"name":"Inicio","item":"https:\/\/www.airpes.com\/es\/"},{"@type":"ListItem","position":2,"name":"Productos","item":"https:\/\/www.airpes.com\/es\/shop\/"},{"@type":"ListItem","position":3,"name":"GANCHO ELECTR\u00d3NICO AGM-180"}]},{"@type":"WebSite","@id":"https:\/\/www.airpes.com\/es\/#website","url":"https:\/\/www.airpes.com\/es\/","name":"Airpes","description":"Your lifting equipment supplier","publisher":{"@id":"https:\/\/www.airpes.com\/es\/#organization"},"potentialAction":[{"@type":"SearchAction","target":{"@type":"EntryPoint","urlTemplate":"https:\/\/www.airpes.com\/es\/?s={search_term_string}"},"query-input":{"@type":"PropertyValueSpecification","valueRequired":true,"valueName":"search_term_string"}}],"inLanguage":"es"},{"@type":"Organization","@id":"https:\/\/www.airpes.com\/es\/#organization","name":"Airpes","url":"https:\/\/www.airpes.com\/es\/","logo":{"@type":"ImageObject","inLanguage":"es","@id":"https:\/\/www.airpes.com\/es\/#\/schema\/logo\/image\/","url":"https:\/\/www.airpes.com\/wp-content\/uploads\/2020\/09\/logo.svg","contentUrl":"https:\/\/www.airpes.com\/wp-content\/uploads\/2020\/09\/logo.svg","width":193,"height":86,"caption":"Airpes"},"image":{"@id":"https:\/\/www.airpes.com\/es\/#\/schema\/logo\/image\/"},"sameAs":["https:\/\/www.facebook.com\/AIRPES","https:\/\/x.com\/AIRPES","https:\/\/www.instagram.com\/AIRPESlifting\/","https:\/\/www.linkedin.com\/company\/airpes"]}]}},"_links":{"self":[{"href":"https:\/\/www.airpes.com\/es\/wp-json\/wp\/v2\/product\/107782","targetHints":{"allow":["GET"]}}],"collection":[{"href":"https:\/\/www.airpes.com\/es\/wp-json\/wp\/v2\/product"}],"about":[{"href":"https:\/\/www.airpes.com\/es\/wp-json\/wp\/v2\/types\/product"}],"wp:featuredmedia":[{"embeddable":true,"href":"https:\/\/www.airpes.com\/es\/wp-json\/wp\/v2\/media\/110270"}],"wp:attachment":[{"href":"https:\/\/www.airpes.com\/es\/wp-json\/wp\/v2\/media?parent=107782"}],"wp:term":[{"taxonomy":"product_cat","embeddable":true,"href":"https:\/\/www.airpes.com\/es\/wp-json\/wp\/v2\/product_cat?post=107782"},{"taxonomy":"product_tag","embeddable":true,"href":"https:\/\/www.airpes.com\/es\/wp-json\/wp\/v2\/product_tag?post=107782"}],"curies":[{"name":"wp","href":"https:\/\/api.w.org\/{rel}","templated":true}]}}