{"id":107776,"date":"2020-09-22T18:07:08","date_gmt":"2020-09-22T18:07:08","guid":{"rendered":"https:\/\/www.airpes.com\/product\/celulas-de-carga-traccion-ct\/"},"modified":"2021-01-22T16:00:59","modified_gmt":"2021-01-22T16:00:59","slug":"celulas-de-carga-traccion-ct","status":"publish","type":"product","link":"https:\/\/www.airpes.com\/es\/product\/celulas-de-carga-traccion-ct\/","title":{"rendered":"C\u00c9LULAS DE CARGA TRACCI\u00d3N CT"},"content":{"rendered":"<div class=\"wpb-content-wrapper\"><section class=\"vc_row wpb_row vc_row-fluid  vc_custom_1550641386235   vc_row-has-fill\"><div class=\"wpb_column vc_column_container col-xs-mobile-fullwidth vc_col-sm-12 vc_col-md-6 wow fadeIn\" data-wow-delay= 200ms data-wow-duration= 1500ms><div class=\"vc_column-inner  hongo_responsive_1566294673742\"><div class=\"wpb_wrapper\"><div class=\"text-block-content hongo-text-block-1 vc_custom_1600797977137 last-paragraph-no-margin\"><p><strong>Clase de precisi\u00f3n<\/strong><br \/>\nC3<\/p>\n<p><strong>Sensibilidad<\/strong><br \/>\n2 \u00b10,1%mV\/V<\/p>\n<p><strong>Vmin<\/strong><br \/>\nEmax\/10000<\/p>\n<p><strong>Tensi\u00f3n de alimentaci\u00f3n<\/strong><br \/>\n5\u00f715V<\/p>\n<p><strong>Resistencia de entrada:<\/strong><br \/>\n390\u03a9 \u00f3 para DC 760\u03a9<\/p>\n<p><strong>Resistencia de salida<\/strong><br \/>\n350\u03a9 \u00f3 para DC 700\u03a9<\/p>\n<p><strong>Margen de temperatura compensado:<\/strong><br \/>\n-10\u00baC to +40\u00baC<\/p>\n<p><strong>Resistencia de aislamiento:<\/strong><br \/>\n&gt;5000M<\/p>\n<\/div><a href=\"https:\/\/www.airpes.com\/wp-content\/uploads\/2020\/12\/CT200_cas-copia.pdf\" target= \"_blank\" class=\"hongo-button-1 btn btn-white alt-font btn-medium  hongo_button_1611331241257\"><i class=\"far fa-file-pdf left-icon\" aria-hidden=\"true\"><\/i>Descarga documentaci\u00f3n t\u00e9cnica<\/a><\/div><\/div><\/div><div class=\"wpb_column vc_column_container col-xs-mobile-fullwidth vc_col-sm-12 vc_col-md-6 wow fadeIn\" data-wow-delay= 400ms data-wow-duration= 1500ms><div class=\"vc_column-inner\"><div class=\"wpb_wrapper\"><div class=\"wpb_single_image   vc_custom_1600797998988 hongo-full-width-single-image\">\n\t\t\t<figure class=\"wpb_wrapper vc_figure\">\n\t\t\t\t<div class=\"vc_single_image-wrapper  \"><img loading=\"lazy\" decoding=\"async\" width=\"800\" height=\"1200\" src=\"https:\/\/www.airpes.com\/wp-content\/uploads\/2020\/09\/airpes-load-cell-ct-00.jpg\" class=\"vc_single_image-img attachment-full\" alt=\"\" title=\"airpes-load-cell-ct-00\" srcset=\"https:\/\/www.airpes.com\/wp-content\/uploads\/2020\/09\/airpes-load-cell-ct-00.jpg 800w, https:\/\/www.airpes.com\/wp-content\/uploads\/2020\/09\/airpes-load-cell-ct-00-340x510.jpg 340w, https:\/\/www.airpes.com\/wp-content\/uploads\/2020\/09\/airpes-load-cell-ct-00-200x300.jpg 200w, https:\/\/www.airpes.com\/wp-content\/uploads\/2020\/09\/airpes-load-cell-ct-00-683x1024.jpg 683w, https:\/\/www.airpes.com\/wp-content\/uploads\/2020\/09\/airpes-load-cell-ct-00-768x1152.jpg 768w, https:\/\/www.airpes.com\/wp-content\/uploads\/2020\/09\/airpes-load-cell-ct-00-423x635.jpg 423w, https:\/\/www.airpes.com\/wp-content\/uploads\/2020\/09\/airpes-load-cell-ct-00-84x126.jpg 84w, https:\/\/www.airpes.com\/wp-content\/uploads\/2020\/09\/airpes-load-cell-ct-00-450x675.jpg 450w, https:\/\/www.airpes.com\/wp-content\/uploads\/2020\/09\/airpes-load-cell-ct-00-527x790.jpg 527w\" sizes=\"auto, (max-width: 800px) 100vw, 800px\" \/><\/div>\n\t\t\t<\/figure>\n\t\t\t\n\t\t<\/div><\/div><\/div><\/div><\/section>\n<\/div>","protected":false},"excerpt":{"rendered":"<p>Las c\u00e9lulas de carga modelo CT est\u00e1n especialmente dise\u00f1adas para trabajar a tracci\u00f3n con elemento sensor a cortadura o doble cortadura.<\/p>\n<p><strong>Caracter\u00edsticas de las c\u00e9lulas de carga de tracci\u00f3n de Airpes<\/strong><\/p>\n<p>Las c\u00e9lulas de carga tracci\u00f3n CT est\u00e1n construidas en acero aleado y tratamiento anticorrosivo de n\u00edquel qu\u00edmico.<\/p>\n<p>3.000 divisiones OIML-R60.<br \/>\nEstanqueidad IP-66.<br \/>\nCapacidades desde 750kg hasta 50t.<br \/>\nDisponible en acero inoxidable.<\/p>\n","protected":false},"featured_media":102734,"template":"","meta":{"_acf_changed":false,"inline_featured_image":false},"product_cat":[296,282,292],"product_tag":[],"class_list":{"0":"post-107776","1":"product","2":"type-product","3":"status-publish","4":"has-post-thumbnail","6":"product_cat-celulas-de-carga","7":"product_cat-equipos-de-elevacion","8":"product_cat-sistemas-de-vigilancia-y-proteccion-contra-sobrecargas","10":"first","11":"instock","12":"shipping-taxable","13":"product-type-simple"},"acf":[],"yoast_head":"<!-- This site is optimized with the Yoast SEO plugin v26.6 - https:\/\/yoast.com\/wordpress\/plugins\/seo\/ -->\n<title>C\u00e9lulas de carga tracci\u00f3n CT | Sistema de Pesaje | Airpes<\/title>\n<meta name=\"description\" content=\"AIRPES es su proveedor de equipos de elevaci\u00f3n Las c\u00e9lulas de carga CT dise\u00f1adas para trabajar a tracci\u00f3n con elemento sensor a cortadura o doble cortadura.\" \/>\n<meta name=\"robots\" content=\"index, follow, max-snippet:-1, max-image-preview:large, max-video-preview:-1\" \/>\n<link rel=\"canonical\" href=\"https:\/\/www.airpes.com\/es\/product\/celulas-de-carga-traccion-ct\/\" \/>\n<meta property=\"og:locale\" content=\"es_ES\" \/>\n<meta property=\"og:type\" content=\"article\" \/>\n<meta property=\"og:title\" content=\"C\u00e9lulas de carga tracci\u00f3n CT | Sistema de Pesaje | Airpes\" \/>\n<meta property=\"og:description\" content=\"AIRPES es su proveedor de equipos de elevaci\u00f3n Las c\u00e9lulas de carga CT dise\u00f1adas para trabajar a tracci\u00f3n con elemento sensor a cortadura o doble cortadura.\" \/>\n<meta property=\"og:url\" content=\"https:\/\/www.airpes.com\/es\/product\/celulas-de-carga-traccion-ct\/\" \/>\n<meta property=\"og:site_name\" content=\"Airpes\" \/>\n<meta property=\"article:publisher\" content=\"https:\/\/www.facebook.com\/AIRPES\" \/>\n<meta property=\"article:modified_time\" content=\"2021-01-22T16:00:59+00:00\" \/>\n<meta property=\"og:image\" content=\"https:\/\/www.airpes.com\/wp-content\/uploads\/2020\/09\/airpes-load-cell-ct-portada.jpg\" \/>\n\t<meta property=\"og:image:width\" content=\"800\" \/>\n\t<meta property=\"og:image:height\" content=\"1200\" \/>\n\t<meta property=\"og:image:type\" content=\"image\/jpeg\" \/>\n<meta name=\"twitter:card\" content=\"summary_large_image\" \/>\n<meta name=\"twitter:site\" content=\"@AIRPES\" \/>\n<meta name=\"twitter:label1\" content=\"Tiempo de lectura\" \/>\n\t<meta name=\"twitter:data1\" content=\"1 minuto\" \/>\n<script type=\"application\/ld+json\" class=\"yoast-schema-graph\">{\"@context\":\"https:\/\/schema.org\",\"@graph\":[{\"@type\":[\"WebPage\",\"ItemPage\"],\"@id\":\"https:\/\/www.airpes.com\/es\/product\/celulas-de-carga-traccion-ct\/\",\"url\":\"https:\/\/www.airpes.com\/es\/product\/celulas-de-carga-traccion-ct\/\",\"name\":\"C\u00e9lulas de carga tracci\u00f3n CT | Sistema de Pesaje | Airpes\",\"isPartOf\":{\"@id\":\"https:\/\/www.airpes.com\/es\/#website\"},\"primaryImageOfPage\":{\"@id\":\"https:\/\/www.airpes.com\/es\/product\/celulas-de-carga-traccion-ct\/#primaryimage\"},\"image\":{\"@id\":\"https:\/\/www.airpes.com\/es\/product\/celulas-de-carga-traccion-ct\/#primaryimage\"},\"thumbnailUrl\":\"https:\/\/www.airpes.com\/wp-content\/uploads\/2020\/09\/airpes-load-cell-ct-portada.jpg\",\"datePublished\":\"2020-09-22T18:07:08+00:00\",\"dateModified\":\"2021-01-22T16:00:59+00:00\",\"description\":\"AIRPES es su proveedor de equipos de elevaci\u00f3n Las c\u00e9lulas de carga CT dise\u00f1adas para trabajar a tracci\u00f3n con elemento sensor a cortadura o doble cortadura.\",\"breadcrumb\":{\"@id\":\"https:\/\/www.airpes.com\/es\/product\/celulas-de-carga-traccion-ct\/#breadcrumb\"},\"inLanguage\":\"es\",\"potentialAction\":[{\"@type\":\"ReadAction\",\"target\":[\"https:\/\/www.airpes.com\/es\/product\/celulas-de-carga-traccion-ct\/\"]}]},{\"@type\":\"ImageObject\",\"inLanguage\":\"es\",\"@id\":\"https:\/\/www.airpes.com\/es\/product\/celulas-de-carga-traccion-ct\/#primaryimage\",\"url\":\"https:\/\/www.airpes.com\/wp-content\/uploads\/2020\/09\/airpes-load-cell-ct-portada.jpg\",\"contentUrl\":\"https:\/\/www.airpes.com\/wp-content\/uploads\/2020\/09\/airpes-load-cell-ct-portada.jpg\",\"width\":800,\"height\":1200},{\"@type\":\"BreadcrumbList\",\"@id\":\"https:\/\/www.airpes.com\/es\/product\/celulas-de-carga-traccion-ct\/#breadcrumb\",\"itemListElement\":[{\"@type\":\"ListItem\",\"position\":1,\"name\":\"Inicio\",\"item\":\"https:\/\/www.airpes.com\/es\/\"},{\"@type\":\"ListItem\",\"position\":2,\"name\":\"Productos\",\"item\":\"https:\/\/www.airpes.com\/es\/shop\/\"},{\"@type\":\"ListItem\",\"position\":3,\"name\":\"C\u00c9LULAS DE CARGA TRACCI\u00d3N CT\"}]},{\"@type\":\"WebSite\",\"@id\":\"https:\/\/www.airpes.com\/es\/#website\",\"url\":\"https:\/\/www.airpes.com\/es\/\",\"name\":\"Airpes\",\"description\":\"Your lifting equipment supplier\",\"publisher\":{\"@id\":\"https:\/\/www.airpes.com\/es\/#organization\"},\"potentialAction\":[{\"@type\":\"SearchAction\",\"target\":{\"@type\":\"EntryPoint\",\"urlTemplate\":\"https:\/\/www.airpes.com\/es\/?s={search_term_string}\"},\"query-input\":{\"@type\":\"PropertyValueSpecification\",\"valueRequired\":true,\"valueName\":\"search_term_string\"}}],\"inLanguage\":\"es\"},{\"@type\":\"Organization\",\"@id\":\"https:\/\/www.airpes.com\/es\/#organization\",\"name\":\"Airpes\",\"url\":\"https:\/\/www.airpes.com\/es\/\",\"logo\":{\"@type\":\"ImageObject\",\"inLanguage\":\"es\",\"@id\":\"https:\/\/www.airpes.com\/es\/#\/schema\/logo\/image\/\",\"url\":\"https:\/\/www.airpes.com\/wp-content\/uploads\/2020\/09\/logo.svg\",\"contentUrl\":\"https:\/\/www.airpes.com\/wp-content\/uploads\/2020\/09\/logo.svg\",\"width\":193,\"height\":86,\"caption\":\"Airpes\"},\"image\":{\"@id\":\"https:\/\/www.airpes.com\/es\/#\/schema\/logo\/image\/\"},\"sameAs\":[\"https:\/\/www.facebook.com\/AIRPES\",\"https:\/\/x.com\/AIRPES\",\"https:\/\/www.instagram.com\/AIRPESlifting\/\",\"https:\/\/www.linkedin.com\/company\/airpes\"]}]}<\/script>\n<!-- \/ Yoast SEO plugin. -->","yoast_head_json":{"title":"C\u00e9lulas de carga tracci\u00f3n CT | Sistema de Pesaje | Airpes","description":"AIRPES es su proveedor de equipos de elevaci\u00f3n Las c\u00e9lulas de carga CT dise\u00f1adas para trabajar a tracci\u00f3n con elemento sensor a cortadura o doble cortadura.","robots":{"index":"index","follow":"follow","max-snippet":"max-snippet:-1","max-image-preview":"max-image-preview:large","max-video-preview":"max-video-preview:-1"},"canonical":"https:\/\/www.airpes.com\/es\/product\/celulas-de-carga-traccion-ct\/","og_locale":"es_ES","og_type":"article","og_title":"C\u00e9lulas de carga tracci\u00f3n CT | Sistema de Pesaje | Airpes","og_description":"AIRPES es su proveedor de equipos de elevaci\u00f3n Las c\u00e9lulas de carga CT dise\u00f1adas para trabajar a tracci\u00f3n con elemento sensor a cortadura o doble cortadura.","og_url":"https:\/\/www.airpes.com\/es\/product\/celulas-de-carga-traccion-ct\/","og_site_name":"Airpes","article_publisher":"https:\/\/www.facebook.com\/AIRPES","article_modified_time":"2021-01-22T16:00:59+00:00","og_image":[{"width":800,"height":1200,"url":"https:\/\/www.airpes.com\/wp-content\/uploads\/2020\/09\/airpes-load-cell-ct-portada.jpg","type":"image\/jpeg"}],"twitter_card":"summary_large_image","twitter_site":"@AIRPES","twitter_misc":{"Tiempo de lectura":"1 minuto"},"schema":{"@context":"https:\/\/schema.org","@graph":[{"@type":["WebPage","ItemPage"],"@id":"https:\/\/www.airpes.com\/es\/product\/celulas-de-carga-traccion-ct\/","url":"https:\/\/www.airpes.com\/es\/product\/celulas-de-carga-traccion-ct\/","name":"C\u00e9lulas de carga tracci\u00f3n CT | Sistema de Pesaje | Airpes","isPartOf":{"@id":"https:\/\/www.airpes.com\/es\/#website"},"primaryImageOfPage":{"@id":"https:\/\/www.airpes.com\/es\/product\/celulas-de-carga-traccion-ct\/#primaryimage"},"image":{"@id":"https:\/\/www.airpes.com\/es\/product\/celulas-de-carga-traccion-ct\/#primaryimage"},"thumbnailUrl":"https:\/\/www.airpes.com\/wp-content\/uploads\/2020\/09\/airpes-load-cell-ct-portada.jpg","datePublished":"2020-09-22T18:07:08+00:00","dateModified":"2021-01-22T16:00:59+00:00","description":"AIRPES es su proveedor de equipos de elevaci\u00f3n Las c\u00e9lulas de carga CT dise\u00f1adas para trabajar a tracci\u00f3n con elemento sensor a cortadura o doble cortadura.","breadcrumb":{"@id":"https:\/\/www.airpes.com\/es\/product\/celulas-de-carga-traccion-ct\/#breadcrumb"},"inLanguage":"es","potentialAction":[{"@type":"ReadAction","target":["https:\/\/www.airpes.com\/es\/product\/celulas-de-carga-traccion-ct\/"]}]},{"@type":"ImageObject","inLanguage":"es","@id":"https:\/\/www.airpes.com\/es\/product\/celulas-de-carga-traccion-ct\/#primaryimage","url":"https:\/\/www.airpes.com\/wp-content\/uploads\/2020\/09\/airpes-load-cell-ct-portada.jpg","contentUrl":"https:\/\/www.airpes.com\/wp-content\/uploads\/2020\/09\/airpes-load-cell-ct-portada.jpg","width":800,"height":1200},{"@type":"BreadcrumbList","@id":"https:\/\/www.airpes.com\/es\/product\/celulas-de-carga-traccion-ct\/#breadcrumb","itemListElement":[{"@type":"ListItem","position":1,"name":"Inicio","item":"https:\/\/www.airpes.com\/es\/"},{"@type":"ListItem","position":2,"name":"Productos","item":"https:\/\/www.airpes.com\/es\/shop\/"},{"@type":"ListItem","position":3,"name":"C\u00c9LULAS DE CARGA TRACCI\u00d3N CT"}]},{"@type":"WebSite","@id":"https:\/\/www.airpes.com\/es\/#website","url":"https:\/\/www.airpes.com\/es\/","name":"Airpes","description":"Your lifting equipment supplier","publisher":{"@id":"https:\/\/www.airpes.com\/es\/#organization"},"potentialAction":[{"@type":"SearchAction","target":{"@type":"EntryPoint","urlTemplate":"https:\/\/www.airpes.com\/es\/?s={search_term_string}"},"query-input":{"@type":"PropertyValueSpecification","valueRequired":true,"valueName":"search_term_string"}}],"inLanguage":"es"},{"@type":"Organization","@id":"https:\/\/www.airpes.com\/es\/#organization","name":"Airpes","url":"https:\/\/www.airpes.com\/es\/","logo":{"@type":"ImageObject","inLanguage":"es","@id":"https:\/\/www.airpes.com\/es\/#\/schema\/logo\/image\/","url":"https:\/\/www.airpes.com\/wp-content\/uploads\/2020\/09\/logo.svg","contentUrl":"https:\/\/www.airpes.com\/wp-content\/uploads\/2020\/09\/logo.svg","width":193,"height":86,"caption":"Airpes"},"image":{"@id":"https:\/\/www.airpes.com\/es\/#\/schema\/logo\/image\/"},"sameAs":["https:\/\/www.facebook.com\/AIRPES","https:\/\/x.com\/AIRPES","https:\/\/www.instagram.com\/AIRPESlifting\/","https:\/\/www.linkedin.com\/company\/airpes"]}]}},"_links":{"self":[{"href":"https:\/\/www.airpes.com\/es\/wp-json\/wp\/v2\/product\/107776","targetHints":{"allow":["GET"]}}],"collection":[{"href":"https:\/\/www.airpes.com\/es\/wp-json\/wp\/v2\/product"}],"about":[{"href":"https:\/\/www.airpes.com\/es\/wp-json\/wp\/v2\/types\/product"}],"wp:featuredmedia":[{"embeddable":true,"href":"https:\/\/www.airpes.com\/es\/wp-json\/wp\/v2\/media\/102734"}],"wp:attachment":[{"href":"https:\/\/www.airpes.com\/es\/wp-json\/wp\/v2\/media?parent=107776"}],"wp:term":[{"taxonomy":"product_cat","embeddable":true,"href":"https:\/\/www.airpes.com\/es\/wp-json\/wp\/v2\/product_cat?post=107776"},{"taxonomy":"product_tag","embeddable":true,"href":"https:\/\/www.airpes.com\/es\/wp-json\/wp\/v2\/product_tag?post=107776"}],"curies":[{"name":"wp","href":"https:\/\/api.w.org\/{rel}","templated":true}]}}