{"id":107766,"date":"2020-09-22T17:57:30","date_gmt":"2020-09-22T17:57:30","guid":{"rendered":"https:\/\/www.airpes.com\/product\/celulas-de-carga-compresion-skp\/"},"modified":"2025-10-21T14:59:41","modified_gmt":"2025-10-21T14:59:41","slug":"celulas-de-carga-compresion-skp","status":"publish","type":"product","link":"https:\/\/www.airpes.com\/es\/product\/celulas-de-carga-compresion-skp\/","title":{"rendered":"C\u00c9LULAS DE CARGA COMPRESI\u00d3N SKP"},"content":{"rendered":"<div class=\"wpb-content-wrapper\"><section class=\"vc_row wpb_row vc_row-fluid  vc_custom_1550641386235   vc_row-has-fill\"><div class=\"wpb_column vc_column_container col-xs-mobile-fullwidth vc_col-sm-12 vc_col-md-6 wow fadeIn\" data-wow-delay= 200ms data-wow-duration= 1500ms><div class=\"vc_column-inner  hongo_responsive_1566294673742\"><div class=\"wpb_wrapper\"><div class=\"text-block-content hongo-text-block-1 vc_custom_1600797348767 last-paragraph-no-margin\"><p>Beneficios C\u00e9lulas de carga Compresi\u00f3n SKG<br \/>\nSensibilidad 2mV\/V<br \/>\nAjuste tolerancia sensibilidad 0.1%<br \/>\nAjuste tolerancia de cero&lt;1% F.E.<br \/>\nTensi\u00f3n de excitaci\u00f3n \u226424V<br \/>\nNo linealidad &lt;0.015% F.E.<br \/>\nNo repetibilidad &lt;0.012% F.E.<br \/>\nError combinado &lt;0.029% F.E.<br \/>\nHist\u00e9resis &lt;0.012% F.E.<br \/>\nFluencia en 30 minutos&lt;0.025% F.E.<br \/>\nTemp. Efecto en sensibilidad &lt;0.023% F.E.<br \/>\nTemp effect at zero &lt;0.016%\/5\u00baC Compensated temperature margin -10\u00baC\/+40\u00baC Entry resistance 760\u03a9\u00b110\u03a9 Exit resistance 700\u03a9\u00b13\u03a9 Insulation resistance (V. Test=100V) &gt;5000 10\u2019\u03a9<br \/>\nCarga m\u00e1xima de trabajo 150% F.E.<br \/>\nL\u00edmite de carga sin perder caracter\u00edsticas 200% F.E.<br \/>\nCarga de ruptura &gt;300% F.E.<br \/>\nCable (length of 8 meters) Flexible 6\u00d70.25mm<br \/>\nProteccion IP 65<\/p>\n<\/div><a href=\"https:\/\/www.airpes.com\/wp-content\/uploads\/2020\/12\/SPA_cas-copia-1.pdf\" target= \"_blank\" class=\"hongo-button-1 btn btn-white alt-font btn-medium  hongo_button_1611331394312\"><i class=\"far fa-file-pdf left-icon\" aria-hidden=\"true\"><\/i>Descarga documentaci\u00f3n t\u00e9cnica<\/a><\/div><\/div><\/div><div class=\"wpb_column vc_column_container col-xs-mobile-fullwidth vc_col-sm-12 vc_col-md-6 wow fadeIn\" data-wow-delay= 400ms data-wow-duration= 1500ms><div class=\"vc_column-inner\"><div class=\"wpb_wrapper\"><div class=\"wpb_single_image   vc_custom_1600797411841 hongo-full-width-single-image\">\n\t\t\t<figure class=\"wpb_wrapper vc_figure\">\n\t\t\t\t<div class=\"vc_single_image-wrapper  \"><img loading=\"lazy\" decoding=\"async\" width=\"800\" height=\"1200\" src=\"https:\/\/www.airpes.com\/wp-content\/uploads\/2020\/09\/airpes-load-cell-skg-00.jpg\" class=\"vc_single_image-img attachment-full\" alt=\"\" title=\"airpes-load-cell-skg-00\" srcset=\"https:\/\/www.airpes.com\/wp-content\/uploads\/2020\/09\/airpes-load-cell-skg-00.jpg 800w, https:\/\/www.airpes.com\/wp-content\/uploads\/2020\/09\/airpes-load-cell-skg-00-340x510.jpg 340w, https:\/\/www.airpes.com\/wp-content\/uploads\/2020\/09\/airpes-load-cell-skg-00-200x300.jpg 200w, https:\/\/www.airpes.com\/wp-content\/uploads\/2020\/09\/airpes-load-cell-skg-00-683x1024.jpg 683w, https:\/\/www.airpes.com\/wp-content\/uploads\/2020\/09\/airpes-load-cell-skg-00-768x1152.jpg 768w, https:\/\/www.airpes.com\/wp-content\/uploads\/2020\/09\/airpes-load-cell-skg-00-423x635.jpg 423w, https:\/\/www.airpes.com\/wp-content\/uploads\/2020\/09\/airpes-load-cell-skg-00-84x126.jpg 84w, https:\/\/www.airpes.com\/wp-content\/uploads\/2020\/09\/airpes-load-cell-skg-00-450x675.jpg 450w, https:\/\/www.airpes.com\/wp-content\/uploads\/2020\/09\/airpes-load-cell-skg-00-527x790.jpg 527w\" sizes=\"auto, (max-width: 800px) 100vw, 800px\" \/><\/div>\n\t\t\t<\/figure>\n\t\t\t\n\t\t<\/div><\/div><\/div><\/div><\/section><section class=\"vc_row wpb_row vc_row-fluid  vc_custom_1550641386235   vc_row-has-fill\"><div class=\"wpb_column vc_column_container col-xs-mobile-fullwidth vc_col-sm-12 vc_col-md-6 wow fadeIn\" data-wow-delay= 200ms data-wow-duration= 1500ms><div class=\"vc_column-inner  hongo_responsive_1566294673742\"><div class=\"wpb_wrapper\"><\/div><\/div><\/div><div class=\"wpb_column vc_column_container col-xs-mobile-fullwidth vc_col-sm-12 vc_col-md-6 wow fadeIn\" data-wow-delay= 400ms data-wow-duration= 1500ms><div class=\"vc_column-inner\"><div class=\"wpb_wrapper\"><\/div><\/div><\/div><\/section>\n<\/div>","protected":false},"excerpt":{"rendered":"<p><strong>C\u00e9lulas<\/strong>dise\u00f1adas para el control de la carga en silos.<\/p>\n<p><strong>Caracter\u00edsticas de las c\u00e9lulas de carga de compresi\u00f3n SKG<\/strong><\/p>\n<p>Capacidades: 1000, 2000, 3000, 4000, 4500, 5000, 6000 Kg.<br \/>\nLlevan incorporado un soporte antivuelco.<br \/>\nIncorporan un soporte en bajo perfil tratado con pintura altamente resistente a la corrosi\u00f3n.<br \/>\nSostienen un soporte de perfil bajo, tratado con pintura altamente resistente a la corrosi\u00f3n.<\/p>\n","protected":false},"featured_media":102728,"template":"","meta":{"_acf_changed":false,"inline_featured_image":false},"product_cat":[296,282,292],"product_tag":[],"class_list":{"0":"post-107766","1":"product","2":"type-product","3":"status-publish","4":"has-post-thumbnail","6":"product_cat-celulas-de-carga","7":"product_cat-equipos-de-elevacion","8":"product_cat-sistemas-de-vigilancia-y-proteccion-contra-sobrecargas","10":"first","11":"instock","12":"shipping-taxable","13":"product-type-simple"},"acf":[],"yoast_head":"<!-- This site is optimized with the Yoast SEO plugin v27.5 - https:\/\/yoast.com\/product\/yoast-seo-wordpress\/ -->\n<title>C\u00e9lulas de carga compresi\u00f3n SKP en Silos | Crosby Airpes<\/title>\n<meta name=\"description\" content=\"Las c\u00e9lulas SKP de Crosby Airpes ofrecen lectura de carga remota y precisa en entornos industriales exigentes. \u00a1Mejora tu control hoy mismo!\" \/>\n<meta name=\"robots\" content=\"index, follow, max-snippet:-1, max-image-preview:large, max-video-preview:-1\" \/>\n<link rel=\"canonical\" href=\"https:\/\/www.airpes.com\/es\/product\/celulas-de-carga-compresion-skp\/\" \/>\n<meta property=\"og:locale\" content=\"es_ES\" \/>\n<meta property=\"og:type\" content=\"article\" \/>\n<meta property=\"og:title\" content=\"C\u00e9lulas de carga compresi\u00f3n SKP en Silos | Crosby Airpes\" \/>\n<meta property=\"og:description\" content=\"Las c\u00e9lulas SKP de Crosby Airpes ofrecen lectura de carga remota y precisa en entornos industriales exigentes. \u00a1Mejora tu control hoy mismo!\" \/>\n<meta property=\"og:url\" content=\"https:\/\/www.airpes.com\/es\/product\/celulas-de-carga-compresion-skp\/\" \/>\n<meta property=\"og:site_name\" content=\"Airpes\" \/>\n<meta property=\"article:publisher\" content=\"https:\/\/www.facebook.com\/AIRPES\" \/>\n<meta property=\"article:modified_time\" content=\"2025-10-21T14:59:41+00:00\" \/>\n<meta property=\"og:image\" content=\"https:\/\/www.airpes.com\/wp-content\/uploads\/2020\/09\/airpes-load-cell-skg-portada.jpg\" \/>\n\t<meta property=\"og:image:width\" content=\"800\" \/>\n\t<meta property=\"og:image:height\" content=\"1200\" \/>\n\t<meta property=\"og:image:type\" content=\"image\/jpeg\" \/>\n<meta name=\"twitter:card\" content=\"summary_large_image\" \/>\n<meta name=\"twitter:site\" content=\"@AIRPES\" \/>\n<meta name=\"twitter:label1\" content=\"Tiempo de lectura\" \/>\n\t<meta name=\"twitter:data1\" content=\"1 minuto\" \/>\n<script type=\"application\/ld+json\" class=\"yoast-schema-graph\">{\"@context\":\"https:\\\/\\\/schema.org\",\"@graph\":[{\"@type\":[\"WebPage\",\"ItemPage\"],\"@id\":\"https:\\\/\\\/www.airpes.com\\\/es\\\/product\\\/celulas-de-carga-compresion-skp\\\/\",\"url\":\"https:\\\/\\\/www.airpes.com\\\/es\\\/product\\\/celulas-de-carga-compresion-skp\\\/\",\"name\":\"C\u00e9lulas de carga compresi\u00f3n SKP en Silos | Crosby Airpes\",\"isPartOf\":{\"@id\":\"https:\\\/\\\/www.airpes.com\\\/es\\\/#website\"},\"primaryImageOfPage\":{\"@id\":\"https:\\\/\\\/www.airpes.com\\\/es\\\/product\\\/celulas-de-carga-compresion-skp\\\/#primaryimage\"},\"image\":{\"@id\":\"https:\\\/\\\/www.airpes.com\\\/es\\\/product\\\/celulas-de-carga-compresion-skp\\\/#primaryimage\"},\"thumbnailUrl\":\"https:\\\/\\\/www.airpes.com\\\/wp-content\\\/uploads\\\/2020\\\/09\\\/airpes-load-cell-skg-portada.jpg\",\"datePublished\":\"2020-09-22T17:57:30+00:00\",\"dateModified\":\"2025-10-21T14:59:41+00:00\",\"description\":\"Las c\u00e9lulas SKP de Crosby Airpes ofrecen lectura de carga remota y precisa en entornos industriales exigentes. \u00a1Mejora tu control hoy mismo!\",\"breadcrumb\":{\"@id\":\"https:\\\/\\\/www.airpes.com\\\/es\\\/product\\\/celulas-de-carga-compresion-skp\\\/#breadcrumb\"},\"inLanguage\":\"es\",\"potentialAction\":[{\"@type\":\"ReadAction\",\"target\":[\"https:\\\/\\\/www.airpes.com\\\/es\\\/product\\\/celulas-de-carga-compresion-skp\\\/\"]}]},{\"@type\":\"ImageObject\",\"inLanguage\":\"es\",\"@id\":\"https:\\\/\\\/www.airpes.com\\\/es\\\/product\\\/celulas-de-carga-compresion-skp\\\/#primaryimage\",\"url\":\"https:\\\/\\\/www.airpes.com\\\/wp-content\\\/uploads\\\/2020\\\/09\\\/airpes-load-cell-skg-portada.jpg\",\"contentUrl\":\"https:\\\/\\\/www.airpes.com\\\/wp-content\\\/uploads\\\/2020\\\/09\\\/airpes-load-cell-skg-portada.jpg\",\"width\":800,\"height\":1200},{\"@type\":\"BreadcrumbList\",\"@id\":\"https:\\\/\\\/www.airpes.com\\\/es\\\/product\\\/celulas-de-carga-compresion-skp\\\/#breadcrumb\",\"itemListElement\":[{\"@type\":\"ListItem\",\"position\":1,\"name\":\"Inicio\",\"item\":\"https:\\\/\\\/www.airpes.com\\\/es\\\/\"},{\"@type\":\"ListItem\",\"position\":2,\"name\":\"Productos\",\"item\":\"https:\\\/\\\/www.airpes.com\\\/es\\\/shop\\\/\"},{\"@type\":\"ListItem\",\"position\":3,\"name\":\"C\u00c9LULAS DE CARGA COMPRESI\u00d3N SKP\"}]},{\"@type\":\"WebSite\",\"@id\":\"https:\\\/\\\/www.airpes.com\\\/es\\\/#website\",\"url\":\"https:\\\/\\\/www.airpes.com\\\/es\\\/\",\"name\":\"Airpes\",\"description\":\"Your lifting equipment supplier\",\"publisher\":{\"@id\":\"https:\\\/\\\/www.airpes.com\\\/es\\\/#organization\"},\"potentialAction\":[{\"@type\":\"SearchAction\",\"target\":{\"@type\":\"EntryPoint\",\"urlTemplate\":\"https:\\\/\\\/www.airpes.com\\\/es\\\/?s={search_term_string}\"},\"query-input\":{\"@type\":\"PropertyValueSpecification\",\"valueRequired\":true,\"valueName\":\"search_term_string\"}}],\"inLanguage\":\"es\"},{\"@type\":\"Organization\",\"@id\":\"https:\\\/\\\/www.airpes.com\\\/es\\\/#organization\",\"name\":\"Airpes\",\"url\":\"https:\\\/\\\/www.airpes.com\\\/es\\\/\",\"logo\":{\"@type\":\"ImageObject\",\"inLanguage\":\"es\",\"@id\":\"https:\\\/\\\/www.airpes.com\\\/es\\\/#\\\/schema\\\/logo\\\/image\\\/\",\"url\":\"https:\\\/\\\/www.airpes.com\\\/wp-content\\\/uploads\\\/2020\\\/09\\\/logo.svg\",\"contentUrl\":\"https:\\\/\\\/www.airpes.com\\\/wp-content\\\/uploads\\\/2020\\\/09\\\/logo.svg\",\"width\":193,\"height\":86,\"caption\":\"Airpes\"},\"image\":{\"@id\":\"https:\\\/\\\/www.airpes.com\\\/es\\\/#\\\/schema\\\/logo\\\/image\\\/\"},\"sameAs\":[\"https:\\\/\\\/www.facebook.com\\\/AIRPES\",\"https:\\\/\\\/x.com\\\/AIRPES\",\"https:\\\/\\\/www.instagram.com\\\/AIRPESlifting\\\/\",\"https:\\\/\\\/www.linkedin.com\\\/company\\\/airpes\"]}]}<\/script>\n<!-- \/ Yoast SEO plugin. -->","yoast_head_json":{"title":"C\u00e9lulas de carga compresi\u00f3n SKP en Silos | Crosby Airpes","description":"Las c\u00e9lulas SKP de Crosby Airpes ofrecen lectura de carga remota y precisa en entornos industriales exigentes. \u00a1Mejora tu control hoy mismo!","robots":{"index":"index","follow":"follow","max-snippet":"max-snippet:-1","max-image-preview":"max-image-preview:large","max-video-preview":"max-video-preview:-1"},"canonical":"https:\/\/www.airpes.com\/es\/product\/celulas-de-carga-compresion-skp\/","og_locale":"es_ES","og_type":"article","og_title":"C\u00e9lulas de carga compresi\u00f3n SKP en Silos | Crosby Airpes","og_description":"Las c\u00e9lulas SKP de Crosby Airpes ofrecen lectura de carga remota y precisa en entornos industriales exigentes. \u00a1Mejora tu control hoy mismo!","og_url":"https:\/\/www.airpes.com\/es\/product\/celulas-de-carga-compresion-skp\/","og_site_name":"Airpes","article_publisher":"https:\/\/www.facebook.com\/AIRPES","article_modified_time":"2025-10-21T14:59:41+00:00","og_image":[{"width":800,"height":1200,"url":"https:\/\/www.airpes.com\/wp-content\/uploads\/2020\/09\/airpes-load-cell-skg-portada.jpg","type":"image\/jpeg"}],"twitter_card":"summary_large_image","twitter_site":"@AIRPES","twitter_misc":{"Tiempo de lectura":"1 minuto"},"schema":{"@context":"https:\/\/schema.org","@graph":[{"@type":["WebPage","ItemPage"],"@id":"https:\/\/www.airpes.com\/es\/product\/celulas-de-carga-compresion-skp\/","url":"https:\/\/www.airpes.com\/es\/product\/celulas-de-carga-compresion-skp\/","name":"C\u00e9lulas de carga compresi\u00f3n SKP en Silos | Crosby Airpes","isPartOf":{"@id":"https:\/\/www.airpes.com\/es\/#website"},"primaryImageOfPage":{"@id":"https:\/\/www.airpes.com\/es\/product\/celulas-de-carga-compresion-skp\/#primaryimage"},"image":{"@id":"https:\/\/www.airpes.com\/es\/product\/celulas-de-carga-compresion-skp\/#primaryimage"},"thumbnailUrl":"https:\/\/www.airpes.com\/wp-content\/uploads\/2020\/09\/airpes-load-cell-skg-portada.jpg","datePublished":"2020-09-22T17:57:30+00:00","dateModified":"2025-10-21T14:59:41+00:00","description":"Las c\u00e9lulas SKP de Crosby Airpes ofrecen lectura de carga remota y precisa en entornos industriales exigentes. \u00a1Mejora tu control hoy mismo!","breadcrumb":{"@id":"https:\/\/www.airpes.com\/es\/product\/celulas-de-carga-compresion-skp\/#breadcrumb"},"inLanguage":"es","potentialAction":[{"@type":"ReadAction","target":["https:\/\/www.airpes.com\/es\/product\/celulas-de-carga-compresion-skp\/"]}]},{"@type":"ImageObject","inLanguage":"es","@id":"https:\/\/www.airpes.com\/es\/product\/celulas-de-carga-compresion-skp\/#primaryimage","url":"https:\/\/www.airpes.com\/wp-content\/uploads\/2020\/09\/airpes-load-cell-skg-portada.jpg","contentUrl":"https:\/\/www.airpes.com\/wp-content\/uploads\/2020\/09\/airpes-load-cell-skg-portada.jpg","width":800,"height":1200},{"@type":"BreadcrumbList","@id":"https:\/\/www.airpes.com\/es\/product\/celulas-de-carga-compresion-skp\/#breadcrumb","itemListElement":[{"@type":"ListItem","position":1,"name":"Inicio","item":"https:\/\/www.airpes.com\/es\/"},{"@type":"ListItem","position":2,"name":"Productos","item":"https:\/\/www.airpes.com\/es\/shop\/"},{"@type":"ListItem","position":3,"name":"C\u00c9LULAS DE CARGA COMPRESI\u00d3N SKP"}]},{"@type":"WebSite","@id":"https:\/\/www.airpes.com\/es\/#website","url":"https:\/\/www.airpes.com\/es\/","name":"Airpes","description":"Your lifting equipment supplier","publisher":{"@id":"https:\/\/www.airpes.com\/es\/#organization"},"potentialAction":[{"@type":"SearchAction","target":{"@type":"EntryPoint","urlTemplate":"https:\/\/www.airpes.com\/es\/?s={search_term_string}"},"query-input":{"@type":"PropertyValueSpecification","valueRequired":true,"valueName":"search_term_string"}}],"inLanguage":"es"},{"@type":"Organization","@id":"https:\/\/www.airpes.com\/es\/#organization","name":"Airpes","url":"https:\/\/www.airpes.com\/es\/","logo":{"@type":"ImageObject","inLanguage":"es","@id":"https:\/\/www.airpes.com\/es\/#\/schema\/logo\/image\/","url":"https:\/\/www.airpes.com\/wp-content\/uploads\/2020\/09\/logo.svg","contentUrl":"https:\/\/www.airpes.com\/wp-content\/uploads\/2020\/09\/logo.svg","width":193,"height":86,"caption":"Airpes"},"image":{"@id":"https:\/\/www.airpes.com\/es\/#\/schema\/logo\/image\/"},"sameAs":["https:\/\/www.facebook.com\/AIRPES","https:\/\/x.com\/AIRPES","https:\/\/www.instagram.com\/AIRPESlifting\/","https:\/\/www.linkedin.com\/company\/airpes"]}]}},"_links":{"self":[{"href":"https:\/\/www.airpes.com\/es\/wp-json\/wp\/v2\/product\/107766","targetHints":{"allow":["GET"]}}],"collection":[{"href":"https:\/\/www.airpes.com\/es\/wp-json\/wp\/v2\/product"}],"about":[{"href":"https:\/\/www.airpes.com\/es\/wp-json\/wp\/v2\/types\/product"}],"wp:featuredmedia":[{"embeddable":true,"href":"https:\/\/www.airpes.com\/es\/wp-json\/wp\/v2\/media\/102728"}],"wp:attachment":[{"href":"https:\/\/www.airpes.com\/es\/wp-json\/wp\/v2\/media?parent=107766"}],"wp:term":[{"taxonomy":"product_cat","embeddable":true,"href":"https:\/\/www.airpes.com\/es\/wp-json\/wp\/v2\/product_cat?post=107766"},{"taxonomy":"product_tag","embeddable":true,"href":"https:\/\/www.airpes.com\/es\/wp-json\/wp\/v2\/product_tag?post=107766"}],"curies":[{"name":"wp","href":"https:\/\/api.w.org\/{rel}","templated":true}]}}