{"id":107764,"date":"2020-11-11T11:59:54","date_gmt":"2020-11-11T11:59:54","guid":{"rendered":"https:\/\/www.airpes.com\/product\/celulas-de-carga-flexion-cf-y-cfa\/"},"modified":"2022-03-25T09:31:40","modified_gmt":"2022-03-25T09:31:40","slug":"celulas-de-carga-flexion-cf-y-cfa","status":"publish","type":"product","link":"https:\/\/www.airpes.com\/es\/product\/celulas-de-carga-flexion-cf-y-cfa\/","title":{"rendered":"C\u00c9LULAS DE CARGA FLEXI\u00d3N CF Y CFA"},"content":{"rendered":"<div class=\"wpb-content-wrapper\"><section class=\"vc_row wpb_row vc_row-fluid\"><div class=\"wpb_column vc_column_container col-xs-mobile-fullwidth vc_col-sm-12\"><div class=\"vc_column-inner\"><div class=\"wpb_wrapper\"><div class=\"text-block-content hongo-text-block-1 last-paragraph-no-margin\"><p>Las c\u00e9lulas de carga modelo CF y CFA est\u00e1n especialmente dise\u00f1adas para trabajar en voladizo con elemento sensor a cortadura.<\/p>\n<p>VENTAJAS<\/p>\n<ul>\n<li>Construcci\u00f3n en acero aleado y tratamiento anticorrosivo de n\u00edquel qu\u00edmico.<\/li>\n<li>Los modelos CF y CFA de c\u00e9lulas de carga han sido especialmente dise\u00f1ados para trabajar en proyecci\u00f3n con elementos de detecci\u00f3n de corte.<\/li>\n<li>Construcci\u00f3n en acero aleado y tratamiento anticorrosivo de n\u00edquel qu\u00edmico.<\/li>\n<li>3.000 divisiones OIML-R60.<\/li>\n<li>Estanqueidad IP-66.<\/li>\n<li>Capacidades desde 15kg hasta 20t.<\/li>\n<li>Disponible en acero inoxidable.<\/li>\n<\/ul>\n<\/div><\/div><\/div><\/div><\/section><section class=\"vc_row wpb_row vc_row-fluid  vc_custom_1550641386235   vc_row-has-fill\"><div class=\"wpb_column vc_column_container col-xs-mobile-fullwidth vc_col-sm-12 vc_col-md-6 wow fadeIn\" data-wow-delay= 200ms data-wow-duration= 1500ms><div class=\"vc_column-inner  hongo_responsive_1566294673742\"><div class=\"wpb_wrapper\"><a href=\"https:\/\/www.airpes.com\/wp-content\/uploads\/2020\/12\/CF_CFA_cas-copia.pdf\" target= \"_blank\" class=\"hongo-button-1 btn btn-white alt-font btn-medium  hongo_button_1611330762464\"><i class=\"far fa-file-pdf left-icon\" aria-hidden=\"true\"><\/i>Descarga documentaci\u00f3n t\u00e9cnica<\/a><\/div><\/div><\/div><div class=\"wpb_column vc_column_container col-xs-mobile-fullwidth vc_col-sm-12 vc_col-md-6 wow fadeIn\" data-wow-delay= 400ms data-wow-duration= 1500ms><div class=\"vc_column-inner\"><div class=\"wpb_wrapper\"><\/div><\/div><\/div><\/section>\n<\/div>","protected":false},"excerpt":{"rendered":"<p>LLas c\u00e9lulas de carga modelo CF y CFA est\u00e1n especialmente dise\u00f1adas para trabajar en voladizo con elemento sensor a cortadura.<\/p>\n","protected":false},"featured_media":110222,"template":"","meta":{"_acf_changed":false,"inline_featured_image":false},"product_cat":[296,282,292],"product_tag":[],"class_list":{"0":"post-107764","1":"product","2":"type-product","3":"status-publish","4":"has-post-thumbnail","6":"product_cat-celulas-de-carga","7":"product_cat-equipos-de-elevacion","8":"product_cat-sistemas-de-vigilancia-y-proteccion-contra-sobrecargas","10":"first","11":"instock","12":"shipping-taxable","13":"product-type-simple"},"acf":[],"yoast_head":"<!-- This site is optimized with the Yoast SEO plugin v27.5 - https:\/\/yoast.com\/product\/yoast-seo-wordpress\/ -->\n<title>C\u00e9lulas de Carga Flexi\u00f3n de los Modelos CF y CFA | Airpes<\/title>\n<meta name=\"description\" content=\"\u2714 Las c\u00e9lulas de carga de Airpes modelo CF y CFA est\u00e1n especialmente dise\u00f1adas para trabajar en voladizo con elemento sensor a cortadura.\" \/>\n<meta name=\"robots\" content=\"index, follow, max-snippet:-1, max-image-preview:large, max-video-preview:-1\" \/>\n<link rel=\"canonical\" href=\"https:\/\/www.airpes.com\/es\/product\/celulas-de-carga-flexion-cf-y-cfa\/\" \/>\n<meta property=\"og:locale\" content=\"es_ES\" \/>\n<meta property=\"og:type\" content=\"article\" \/>\n<meta property=\"og:title\" content=\"C\u00e9lulas de Carga Flexi\u00f3n de los Modelos CF y CFA | Airpes\" \/>\n<meta property=\"og:description\" content=\"\u2714 Las c\u00e9lulas de carga de Airpes modelo CF y CFA est\u00e1n especialmente dise\u00f1adas para trabajar en voladizo con elemento sensor a cortadura.\" \/>\n<meta property=\"og:url\" content=\"https:\/\/www.airpes.com\/es\/product\/celulas-de-carga-flexion-cf-y-cfa\/\" \/>\n<meta property=\"og:site_name\" content=\"Airpes\" \/>\n<meta property=\"article:publisher\" content=\"https:\/\/www.facebook.com\/AIRPES\" \/>\n<meta property=\"article:modified_time\" content=\"2022-03-25T09:31:40+00:00\" \/>\n<meta property=\"og:image\" content=\"https:\/\/www.airpes.com\/wp-content\/uploads\/2020\/11\/airpes-load-cell-cf-cfa-portada.png\" \/>\n\t<meta property=\"og:image:width\" content=\"800\" \/>\n\t<meta property=\"og:image:height\" content=\"1200\" \/>\n\t<meta property=\"og:image:type\" content=\"image\/png\" \/>\n<meta name=\"twitter:card\" content=\"summary_large_image\" \/>\n<meta name=\"twitter:site\" content=\"@AIRPES\" \/>\n<meta name=\"twitter:label1\" content=\"Tiempo de lectura\" \/>\n\t<meta name=\"twitter:data1\" content=\"1 minuto\" \/>\n<script type=\"application\/ld+json\" class=\"yoast-schema-graph\">{\"@context\":\"https:\\\/\\\/schema.org\",\"@graph\":[{\"@type\":[\"WebPage\",\"ItemPage\"],\"@id\":\"https:\\\/\\\/www.airpes.com\\\/es\\\/product\\\/celulas-de-carga-flexion-cf-y-cfa\\\/\",\"url\":\"https:\\\/\\\/www.airpes.com\\\/es\\\/product\\\/celulas-de-carga-flexion-cf-y-cfa\\\/\",\"name\":\"C\u00e9lulas de Carga Flexi\u00f3n de los Modelos CF y CFA | Airpes\",\"isPartOf\":{\"@id\":\"https:\\\/\\\/www.airpes.com\\\/es\\\/#website\"},\"primaryImageOfPage\":{\"@id\":\"https:\\\/\\\/www.airpes.com\\\/es\\\/product\\\/celulas-de-carga-flexion-cf-y-cfa\\\/#primaryimage\"},\"image\":{\"@id\":\"https:\\\/\\\/www.airpes.com\\\/es\\\/product\\\/celulas-de-carga-flexion-cf-y-cfa\\\/#primaryimage\"},\"thumbnailUrl\":\"https:\\\/\\\/www.airpes.com\\\/wp-content\\\/uploads\\\/2020\\\/11\\\/airpes-load-cell-cf-cfa-portada.png\",\"datePublished\":\"2020-11-11T11:59:54+00:00\",\"dateModified\":\"2022-03-25T09:31:40+00:00\",\"description\":\"\u2714 Las c\u00e9lulas de carga de Airpes modelo CF y CFA est\u00e1n especialmente dise\u00f1adas para trabajar en voladizo con elemento sensor a cortadura.\",\"breadcrumb\":{\"@id\":\"https:\\\/\\\/www.airpes.com\\\/es\\\/product\\\/celulas-de-carga-flexion-cf-y-cfa\\\/#breadcrumb\"},\"inLanguage\":\"es\",\"potentialAction\":[{\"@type\":\"ReadAction\",\"target\":[\"https:\\\/\\\/www.airpes.com\\\/es\\\/product\\\/celulas-de-carga-flexion-cf-y-cfa\\\/\"]}]},{\"@type\":\"ImageObject\",\"inLanguage\":\"es\",\"@id\":\"https:\\\/\\\/www.airpes.com\\\/es\\\/product\\\/celulas-de-carga-flexion-cf-y-cfa\\\/#primaryimage\",\"url\":\"https:\\\/\\\/www.airpes.com\\\/wp-content\\\/uploads\\\/2020\\\/11\\\/airpes-load-cell-cf-cfa-portada.png\",\"contentUrl\":\"https:\\\/\\\/www.airpes.com\\\/wp-content\\\/uploads\\\/2020\\\/11\\\/airpes-load-cell-cf-cfa-portada.png\",\"width\":800,\"height\":1200,\"caption\":\"FLEXION LOAD CELLS CF AND CFAFLEXION LOAD CELLS CF AND CFA - Product - Airpes\"},{\"@type\":\"BreadcrumbList\",\"@id\":\"https:\\\/\\\/www.airpes.com\\\/es\\\/product\\\/celulas-de-carga-flexion-cf-y-cfa\\\/#breadcrumb\",\"itemListElement\":[{\"@type\":\"ListItem\",\"position\":1,\"name\":\"Inicio\",\"item\":\"https:\\\/\\\/www.airpes.com\\\/es\\\/\"},{\"@type\":\"ListItem\",\"position\":2,\"name\":\"Productos\",\"item\":\"https:\\\/\\\/www.airpes.com\\\/es\\\/shop\\\/\"},{\"@type\":\"ListItem\",\"position\":3,\"name\":\"C\u00c9LULAS DE CARGA FLEXI\u00d3N CF Y CFA\"}]},{\"@type\":\"WebSite\",\"@id\":\"https:\\\/\\\/www.airpes.com\\\/es\\\/#website\",\"url\":\"https:\\\/\\\/www.airpes.com\\\/es\\\/\",\"name\":\"Airpes\",\"description\":\"Your lifting equipment supplier\",\"publisher\":{\"@id\":\"https:\\\/\\\/www.airpes.com\\\/es\\\/#organization\"},\"potentialAction\":[{\"@type\":\"SearchAction\",\"target\":{\"@type\":\"EntryPoint\",\"urlTemplate\":\"https:\\\/\\\/www.airpes.com\\\/es\\\/?s={search_term_string}\"},\"query-input\":{\"@type\":\"PropertyValueSpecification\",\"valueRequired\":true,\"valueName\":\"search_term_string\"}}],\"inLanguage\":\"es\"},{\"@type\":\"Organization\",\"@id\":\"https:\\\/\\\/www.airpes.com\\\/es\\\/#organization\",\"name\":\"Airpes\",\"url\":\"https:\\\/\\\/www.airpes.com\\\/es\\\/\",\"logo\":{\"@type\":\"ImageObject\",\"inLanguage\":\"es\",\"@id\":\"https:\\\/\\\/www.airpes.com\\\/es\\\/#\\\/schema\\\/logo\\\/image\\\/\",\"url\":\"https:\\\/\\\/www.airpes.com\\\/wp-content\\\/uploads\\\/2020\\\/09\\\/logo.svg\",\"contentUrl\":\"https:\\\/\\\/www.airpes.com\\\/wp-content\\\/uploads\\\/2020\\\/09\\\/logo.svg\",\"width\":193,\"height\":86,\"caption\":\"Airpes\"},\"image\":{\"@id\":\"https:\\\/\\\/www.airpes.com\\\/es\\\/#\\\/schema\\\/logo\\\/image\\\/\"},\"sameAs\":[\"https:\\\/\\\/www.facebook.com\\\/AIRPES\",\"https:\\\/\\\/x.com\\\/AIRPES\",\"https:\\\/\\\/www.instagram.com\\\/AIRPESlifting\\\/\",\"https:\\\/\\\/www.linkedin.com\\\/company\\\/airpes\"]}]}<\/script>\n<!-- \/ Yoast SEO plugin. -->","yoast_head_json":{"title":"C\u00e9lulas de Carga Flexi\u00f3n de los Modelos CF y CFA | Airpes","description":"\u2714 Las c\u00e9lulas de carga de Airpes modelo CF y CFA est\u00e1n especialmente dise\u00f1adas para trabajar en voladizo con elemento sensor a cortadura.","robots":{"index":"index","follow":"follow","max-snippet":"max-snippet:-1","max-image-preview":"max-image-preview:large","max-video-preview":"max-video-preview:-1"},"canonical":"https:\/\/www.airpes.com\/es\/product\/celulas-de-carga-flexion-cf-y-cfa\/","og_locale":"es_ES","og_type":"article","og_title":"C\u00e9lulas de Carga Flexi\u00f3n de los Modelos CF y CFA | Airpes","og_description":"\u2714 Las c\u00e9lulas de carga de Airpes modelo CF y CFA est\u00e1n especialmente dise\u00f1adas para trabajar en voladizo con elemento sensor a cortadura.","og_url":"https:\/\/www.airpes.com\/es\/product\/celulas-de-carga-flexion-cf-y-cfa\/","og_site_name":"Airpes","article_publisher":"https:\/\/www.facebook.com\/AIRPES","article_modified_time":"2022-03-25T09:31:40+00:00","og_image":[{"width":800,"height":1200,"url":"https:\/\/www.airpes.com\/wp-content\/uploads\/2020\/11\/airpes-load-cell-cf-cfa-portada.png","type":"image\/png"}],"twitter_card":"summary_large_image","twitter_site":"@AIRPES","twitter_misc":{"Tiempo de lectura":"1 minuto"},"schema":{"@context":"https:\/\/schema.org","@graph":[{"@type":["WebPage","ItemPage"],"@id":"https:\/\/www.airpes.com\/es\/product\/celulas-de-carga-flexion-cf-y-cfa\/","url":"https:\/\/www.airpes.com\/es\/product\/celulas-de-carga-flexion-cf-y-cfa\/","name":"C\u00e9lulas de Carga Flexi\u00f3n de los Modelos CF y CFA | Airpes","isPartOf":{"@id":"https:\/\/www.airpes.com\/es\/#website"},"primaryImageOfPage":{"@id":"https:\/\/www.airpes.com\/es\/product\/celulas-de-carga-flexion-cf-y-cfa\/#primaryimage"},"image":{"@id":"https:\/\/www.airpes.com\/es\/product\/celulas-de-carga-flexion-cf-y-cfa\/#primaryimage"},"thumbnailUrl":"https:\/\/www.airpes.com\/wp-content\/uploads\/2020\/11\/airpes-load-cell-cf-cfa-portada.png","datePublished":"2020-11-11T11:59:54+00:00","dateModified":"2022-03-25T09:31:40+00:00","description":"\u2714 Las c\u00e9lulas de carga de Airpes modelo CF y CFA est\u00e1n especialmente dise\u00f1adas para trabajar en voladizo con elemento sensor a cortadura.","breadcrumb":{"@id":"https:\/\/www.airpes.com\/es\/product\/celulas-de-carga-flexion-cf-y-cfa\/#breadcrumb"},"inLanguage":"es","potentialAction":[{"@type":"ReadAction","target":["https:\/\/www.airpes.com\/es\/product\/celulas-de-carga-flexion-cf-y-cfa\/"]}]},{"@type":"ImageObject","inLanguage":"es","@id":"https:\/\/www.airpes.com\/es\/product\/celulas-de-carga-flexion-cf-y-cfa\/#primaryimage","url":"https:\/\/www.airpes.com\/wp-content\/uploads\/2020\/11\/airpes-load-cell-cf-cfa-portada.png","contentUrl":"https:\/\/www.airpes.com\/wp-content\/uploads\/2020\/11\/airpes-load-cell-cf-cfa-portada.png","width":800,"height":1200,"caption":"FLEXION LOAD CELLS CF AND CFAFLEXION LOAD CELLS CF AND CFA - Product - Airpes"},{"@type":"BreadcrumbList","@id":"https:\/\/www.airpes.com\/es\/product\/celulas-de-carga-flexion-cf-y-cfa\/#breadcrumb","itemListElement":[{"@type":"ListItem","position":1,"name":"Inicio","item":"https:\/\/www.airpes.com\/es\/"},{"@type":"ListItem","position":2,"name":"Productos","item":"https:\/\/www.airpes.com\/es\/shop\/"},{"@type":"ListItem","position":3,"name":"C\u00c9LULAS DE CARGA FLEXI\u00d3N CF Y CFA"}]},{"@type":"WebSite","@id":"https:\/\/www.airpes.com\/es\/#website","url":"https:\/\/www.airpes.com\/es\/","name":"Airpes","description":"Your lifting equipment supplier","publisher":{"@id":"https:\/\/www.airpes.com\/es\/#organization"},"potentialAction":[{"@type":"SearchAction","target":{"@type":"EntryPoint","urlTemplate":"https:\/\/www.airpes.com\/es\/?s={search_term_string}"},"query-input":{"@type":"PropertyValueSpecification","valueRequired":true,"valueName":"search_term_string"}}],"inLanguage":"es"},{"@type":"Organization","@id":"https:\/\/www.airpes.com\/es\/#organization","name":"Airpes","url":"https:\/\/www.airpes.com\/es\/","logo":{"@type":"ImageObject","inLanguage":"es","@id":"https:\/\/www.airpes.com\/es\/#\/schema\/logo\/image\/","url":"https:\/\/www.airpes.com\/wp-content\/uploads\/2020\/09\/logo.svg","contentUrl":"https:\/\/www.airpes.com\/wp-content\/uploads\/2020\/09\/logo.svg","width":193,"height":86,"caption":"Airpes"},"image":{"@id":"https:\/\/www.airpes.com\/es\/#\/schema\/logo\/image\/"},"sameAs":["https:\/\/www.facebook.com\/AIRPES","https:\/\/x.com\/AIRPES","https:\/\/www.instagram.com\/AIRPESlifting\/","https:\/\/www.linkedin.com\/company\/airpes"]}]}},"_links":{"self":[{"href":"https:\/\/www.airpes.com\/es\/wp-json\/wp\/v2\/product\/107764","targetHints":{"allow":["GET"]}}],"collection":[{"href":"https:\/\/www.airpes.com\/es\/wp-json\/wp\/v2\/product"}],"about":[{"href":"https:\/\/www.airpes.com\/es\/wp-json\/wp\/v2\/types\/product"}],"wp:featuredmedia":[{"embeddable":true,"href":"https:\/\/www.airpes.com\/es\/wp-json\/wp\/v2\/media\/110222"}],"wp:attachment":[{"href":"https:\/\/www.airpes.com\/es\/wp-json\/wp\/v2\/media?parent=107764"}],"wp:term":[{"taxonomy":"product_cat","embeddable":true,"href":"https:\/\/www.airpes.com\/es\/wp-json\/wp\/v2\/product_cat?post=107764"},{"taxonomy":"product_tag","embeddable":true,"href":"https:\/\/www.airpes.com\/es\/wp-json\/wp\/v2\/product_tag?post=107764"}],"curies":[{"name":"wp","href":"https:\/\/api.w.org\/{rel}","templated":true}]}}