{"id":107668,"date":"2020-09-22T17:39:11","date_gmt":"2020-09-22T17:39:11","guid":{"rendered":"https:\/\/www.airpes.com\/product\/limitador-electronico-y-caja-negra-eagle\/"},"modified":"2022-02-06T16:38:55","modified_gmt":"2022-02-06T16:38:55","slug":"limitador-electronico-y-caja-negra-eagle","status":"publish","type":"product","link":"https:\/\/www.airpes.com\/es\/product\/limitador-electronico-y-caja-negra-eagle\/","title":{"rendered":"LIMITADOR ELECTR\u00d3NICO Y CAJA NEGRA EAGLE"},"content":{"rendered":"<div class=\"wpb-content-wrapper\"><section class=\"vc_row wpb_row vc_row-fluid  vc_custom_1550641386235   vc_row-has-fill\"><div class=\"wpb_column vc_column_container col-xs-mobile-fullwidth vc_col-sm-12 vc_col-md-6 wow fadeIn\" data-wow-delay= 200ms data-wow-duration= 1500ms><div class=\"vc_column-inner  hongo_responsive_1566294673742\"><div class=\"wpb_wrapper\"><div class=\"text-block-content hongo-text-block-1 vc_custom_1599723370109 last-paragraph-no-margin\"><p><b>[-5, +5] \u00ba Inclinaci\u00f3n<\/b><\/p>\n<p>La herramienta permite una inclinaci\u00f3n de la cuchilla para ajustar f\u00e1cilmente la instalaci\u00f3n en la g\u00f3ndola y evitar cualquier da\u00f1o durante la colocaci\u00f3n de la cuchilla.<\/p>\n<p><b>Iluminaci\u00f3n nocturna <\/b><\/p>\n<p>El sistema incluye capacidades de luces nocturnas para trabajar en ambientes de poca luz. Todas las luces son alimentadas por LED y pueden ser ajustadas gracias a su cabeza inclinable y sus imanes.<\/p>\n<p><b>Mando a distancia con retroalimentaci\u00f3n de datos<\/b><\/p>\n<p>El mando a distancia muestra informaci\u00f3n m\u00faltiple como la presi\u00f3n de las pinzas y la presi\u00f3n del sistema, adem\u00e1s de mostrar el estado detallado de la herramienta o cualquier alarma que pueda aparecer<\/p>\n<p><b>Multi-Palas<\/b><\/p>\n<p>La herramienta puede levantar hojas de m\u00faltiples tama\u00f1os y pesos de diferentes proveedores instalando la configuraci\u00f3n correcta de la hoja de asiento y hojas a\u00fan m\u00e1s grandes en el futuro.<\/p>\n<p>F\u00e1cil y r\u00e1pido de instalar entre las configuraciones<\/p>\n<p><b>Generador de combustible<\/b><\/p>\n<p>Con el nuevo generador de combustible compatible con TIER IV, el sistema puede ser usado en cualquier parte del mundo sin m\u00e1s complicaciones.<\/p>\n<p><b>Controlado por m\u00f3dem<\/b><\/p>\n<p>Todo el funcionamiento de la herramienta se puede controlar en cualquier parte del mundo gracias a la configuraci\u00f3n Modem, que permite a Airpes actualizar el soware; asistencia remota, etc &#8230;<\/p>\n<\/div><a href=\"https:\/\/www.airpes.com\/wp-content\/uploads\/2020\/12\/Eagle_ES3.pdf\" target= \"_blank\" class=\"hongo-button-1 btn btn-white alt-font btn-medium  hongo_button_1611331528834\"><i class=\"far fa-file-pdf left-icon\" aria-hidden=\"true\"><\/i>Descarga documentaci\u00f3n t\u00e9cnica<\/a><\/div><\/div><\/div><div class=\"wpb_column vc_column_container col-xs-mobile-fullwidth vc_col-sm-12 vc_col-md-6 wow fadeIn\" data-wow-delay= 400ms data-wow-duration= 1500ms><div class=\"vc_column-inner\"><div class=\"wpb_wrapper\"><div class=\"wpb_single_image   vc_custom_1611773953364\">\n\t\t\t<figure class=\"wpb_wrapper vc_figure\">\n\t\t\t\t<div class=\"vc_single_image-wrapper  \"><img loading=\"lazy\" decoding=\"async\" width=\"727\" height=\"350\" src=\"https:\/\/www.airpes.com\/wp-content\/uploads\/2020\/09\/airpes_landing_eagle_electronic-limiter-01.jpg\" class=\"vc_single_image-img attachment-full\" alt=\"Eagle Electronic Limiter and Black Box\" title=\"airpes_landing_eagle_electronic-limiter-01\" srcset=\"https:\/\/www.airpes.com\/wp-content\/uploads\/2020\/09\/airpes_landing_eagle_electronic-limiter-01.jpg 727w, https:\/\/www.airpes.com\/wp-content\/uploads\/2020\/09\/airpes_landing_eagle_electronic-limiter-01-340x164.jpg 340w, https:\/\/www.airpes.com\/wp-content\/uploads\/2020\/09\/airpes_landing_eagle_electronic-limiter-01-300x144.jpg 300w, https:\/\/www.airpes.com\/wp-content\/uploads\/2020\/09\/airpes_landing_eagle_electronic-limiter-01-480x231.jpg 480w, https:\/\/www.airpes.com\/wp-content\/uploads\/2020\/09\/airpes_landing_eagle_electronic-limiter-01-84x40.jpg 84w, https:\/\/www.airpes.com\/wp-content\/uploads\/2020\/09\/airpes_landing_eagle_electronic-limiter-01-200x96.jpg 200w, https:\/\/www.airpes.com\/wp-content\/uploads\/2020\/09\/airpes_landing_eagle_electronic-limiter-01-450x217.jpg 450w\" sizes=\"auto, (max-width: 727px) 100vw, 727px\" \/><\/div>\n\t\t\t<\/figure>\n\t\t\t\n\t\t<\/div>[vc_separator color=\u00bbwhite\u00bb border_width=\u00bb9&#8243;]<div class=\"text-block-content hongo-text-block-2 last-paragraph-no-margin\"><p><iframe loading=\"lazy\" src=\"https:\/\/www.youtube.com\/embed\/YydOPJ0O-FA\" width=\"560\" height=\"315\" frameborder=\"0\" allowfullscreen=\"allowfullscreen\"><\/iframe><\/p>\n<\/div>[vc_separator color=\u00bbwhite\u00bb border_width=\u00bb9&#8243;]<div class=\"text-block-content hongo-text-block-3 last-paragraph-no-margin\"><p><iframe loading=\"lazy\" src=\"https:\/\/www.youtube.com\/embed\/4xevZnJwWKU\" width=\"560\" height=\"315\" frameborder=\"0\" allowfullscreen=\"allowfullscreen\"><\/iframe><\/p>\n<\/div><\/div><\/div><\/div><\/section>\n<\/div>","protected":false},"excerpt":{"rendered":"<p>Eagle es el nuevo cerebro para tu gr\u00faa industrial. Cuenta con un protector de sobrecarga, control de seguridad, sistema anticolisi\u00f3n y total conexi\u00f3n con la app Black Box de Airpes para smartphones.<\/p>\n<p><iframe loading=\"lazy\" src=\"https:\/\/www.youtube.com\/embed\/CIcESJX-0mI\" width=\"560\" height=\"315\" frameborder=\"0\" allowfullscreen=\"allowfullscreen\"><\/iframe><\/p>\n<h3><strong>Caracter\u00edsticas del Limitador electr\u00f3nico y caja negra Eagle:<\/strong><\/h3>\n<p>\u2022 Hasta 10 combinaciones de peso suma.<br \/>\n\u2022 Hasta 30 l\u00edmites configurables con actuaci\u00f3n directa sobre las maniobras<br \/>\nmaniobras<br \/>\n\u2022 Hasta 4 zonas de control de carga independientes.<br \/>\n\u2022 2 rel\u00e9s de seguridad.<br \/>\n\u2022 10 salidas a rel\u00e9 (N.O. \/ N.C.)<br \/>\n\u2022 12 entradas digitales (48 a 220 Vac\/Vdc).<br \/>\n\u2022 4 entradas para sensor de temperatura PTC.<br \/>\n\u2022 Multiconectividad (RS-232\/485, USB, RF, Wifi, GPRS, Profibus,CANopen, Modbus, Ethernet, \u2026).<br \/>\n\u2022 Alta flexibilidad de configuraci\u00f3n de las entradas y salidas.<\/p>\n","protected":false},"featured_media":102721,"template":"","meta":{"_acf_changed":false,"inline_featured_image":false},"product_cat":[282,295,292],"product_tag":[],"class_list":{"0":"post-107668","1":"product","2":"type-product","3":"status-publish","4":"has-post-thumbnail","6":"product_cat-equipos-de-elevacion","7":"product_cat-limitadores-electronicos","8":"product_cat-sistemas-de-vigilancia-y-proteccion-contra-sobrecargas","10":"first","11":"instock","12":"shipping-taxable","13":"product-type-simple"},"acf":[],"yoast_head":"<!-- This site is optimized with the Yoast SEO plugin v27.5 - https:\/\/yoast.com\/product\/yoast-seo-wordpress\/ -->\n<title>Limitador Electr\u00f3nico y Caja Negra Eagle control sobrecarga | Airpes<\/title>\n<meta name=\"description\" content=\"Eagle es el limitador electr\u00f3nico y caja negra de AIRPES. Somos tu proveedor de equipos de elevaci\u00f3n, fabricamos sistemas de manipulaci\u00f3n y pesaje\" \/>\n<meta name=\"robots\" content=\"index, follow, max-snippet:-1, max-image-preview:large, max-video-preview:-1\" \/>\n<link rel=\"canonical\" href=\"https:\/\/www.airpes.com\/es\/product\/limitador-electronico-y-caja-negra-eagle\/\" \/>\n<meta property=\"og:locale\" content=\"es_ES\" \/>\n<meta property=\"og:type\" content=\"article\" \/>\n<meta property=\"og:title\" content=\"Limitador Electr\u00f3nico y Caja Negra Eagle control sobrecarga | Airpes\" \/>\n<meta property=\"og:description\" content=\"Eagle es el limitador electr\u00f3nico y caja negra de AIRPES. Somos tu proveedor de equipos de elevaci\u00f3n, fabricamos sistemas de manipulaci\u00f3n y pesaje\" \/>\n<meta property=\"og:url\" content=\"https:\/\/www.airpes.com\/es\/product\/limitador-electronico-y-caja-negra-eagle\/\" \/>\n<meta property=\"og:site_name\" content=\"Airpes\" \/>\n<meta property=\"article:publisher\" content=\"https:\/\/www.facebook.com\/AIRPES\" \/>\n<meta property=\"article:modified_time\" content=\"2022-02-06T16:38:55+00:00\" \/>\n<meta property=\"og:image\" content=\"https:\/\/www.airpes.com\/wp-content\/uploads\/2020\/09\/AIRPES1-1.jpg\" \/>\n\t<meta property=\"og:image:width\" content=\"800\" \/>\n\t<meta property=\"og:image:height\" content=\"1200\" \/>\n\t<meta property=\"og:image:type\" content=\"image\/jpeg\" \/>\n<meta name=\"twitter:card\" content=\"summary_large_image\" \/>\n<meta name=\"twitter:site\" content=\"@AIRPES\" \/>\n<meta name=\"twitter:label1\" content=\"Tiempo de lectura\" \/>\n\t<meta name=\"twitter:data1\" content=\"2 minutos\" \/>\n<script type=\"application\/ld+json\" class=\"yoast-schema-graph\">{\"@context\":\"https:\\\/\\\/schema.org\",\"@graph\":[{\"@type\":[\"WebPage\",\"ItemPage\"],\"@id\":\"https:\\\/\\\/www.airpes.com\\\/es\\\/product\\\/limitador-electronico-y-caja-negra-eagle\\\/\",\"url\":\"https:\\\/\\\/www.airpes.com\\\/es\\\/product\\\/limitador-electronico-y-caja-negra-eagle\\\/\",\"name\":\"Limitador Electr\u00f3nico y Caja Negra Eagle control sobrecarga | Airpes\",\"isPartOf\":{\"@id\":\"https:\\\/\\\/www.airpes.com\\\/es\\\/#website\"},\"primaryImageOfPage\":{\"@id\":\"https:\\\/\\\/www.airpes.com\\\/es\\\/product\\\/limitador-electronico-y-caja-negra-eagle\\\/#primaryimage\"},\"image\":{\"@id\":\"https:\\\/\\\/www.airpes.com\\\/es\\\/product\\\/limitador-electronico-y-caja-negra-eagle\\\/#primaryimage\"},\"thumbnailUrl\":\"https:\\\/\\\/www.airpes.com\\\/wp-content\\\/uploads\\\/2020\\\/09\\\/AIRPES1-1.jpg\",\"datePublished\":\"2020-09-22T17:39:11+00:00\",\"dateModified\":\"2022-02-06T16:38:55+00:00\",\"description\":\"Eagle es el limitador electr\u00f3nico y caja negra de AIRPES. Somos tu proveedor de equipos de elevaci\u00f3n, fabricamos sistemas de manipulaci\u00f3n y pesaje\",\"breadcrumb\":{\"@id\":\"https:\\\/\\\/www.airpes.com\\\/es\\\/product\\\/limitador-electronico-y-caja-negra-eagle\\\/#breadcrumb\"},\"inLanguage\":\"es\",\"potentialAction\":[{\"@type\":\"ReadAction\",\"target\":[\"https:\\\/\\\/www.airpes.com\\\/es\\\/product\\\/limitador-electronico-y-caja-negra-eagle\\\/\"]}]},{\"@type\":\"ImageObject\",\"inLanguage\":\"es\",\"@id\":\"https:\\\/\\\/www.airpes.com\\\/es\\\/product\\\/limitador-electronico-y-caja-negra-eagle\\\/#primaryimage\",\"url\":\"https:\\\/\\\/www.airpes.com\\\/wp-content\\\/uploads\\\/2020\\\/09\\\/AIRPES1-1.jpg\",\"contentUrl\":\"https:\\\/\\\/www.airpes.com\\\/wp-content\\\/uploads\\\/2020\\\/09\\\/AIRPES1-1.jpg\",\"width\":800,\"height\":1200},{\"@type\":\"BreadcrumbList\",\"@id\":\"https:\\\/\\\/www.airpes.com\\\/es\\\/product\\\/limitador-electronico-y-caja-negra-eagle\\\/#breadcrumb\",\"itemListElement\":[{\"@type\":\"ListItem\",\"position\":1,\"name\":\"Inicio\",\"item\":\"https:\\\/\\\/www.airpes.com\\\/es\\\/\"},{\"@type\":\"ListItem\",\"position\":2,\"name\":\"Productos\",\"item\":\"https:\\\/\\\/www.airpes.com\\\/es\\\/shop\\\/\"},{\"@type\":\"ListItem\",\"position\":3,\"name\":\"LIMITADOR ELECTR\u00d3NICO Y CAJA NEGRA EAGLE\"}]},{\"@type\":\"WebSite\",\"@id\":\"https:\\\/\\\/www.airpes.com\\\/es\\\/#website\",\"url\":\"https:\\\/\\\/www.airpes.com\\\/es\\\/\",\"name\":\"Airpes\",\"description\":\"Your lifting equipment supplier\",\"publisher\":{\"@id\":\"https:\\\/\\\/www.airpes.com\\\/es\\\/#organization\"},\"potentialAction\":[{\"@type\":\"SearchAction\",\"target\":{\"@type\":\"EntryPoint\",\"urlTemplate\":\"https:\\\/\\\/www.airpes.com\\\/es\\\/?s={search_term_string}\"},\"query-input\":{\"@type\":\"PropertyValueSpecification\",\"valueRequired\":true,\"valueName\":\"search_term_string\"}}],\"inLanguage\":\"es\"},{\"@type\":\"Organization\",\"@id\":\"https:\\\/\\\/www.airpes.com\\\/es\\\/#organization\",\"name\":\"Airpes\",\"url\":\"https:\\\/\\\/www.airpes.com\\\/es\\\/\",\"logo\":{\"@type\":\"ImageObject\",\"inLanguage\":\"es\",\"@id\":\"https:\\\/\\\/www.airpes.com\\\/es\\\/#\\\/schema\\\/logo\\\/image\\\/\",\"url\":\"https:\\\/\\\/www.airpes.com\\\/wp-content\\\/uploads\\\/2020\\\/09\\\/logo.svg\",\"contentUrl\":\"https:\\\/\\\/www.airpes.com\\\/wp-content\\\/uploads\\\/2020\\\/09\\\/logo.svg\",\"width\":193,\"height\":86,\"caption\":\"Airpes\"},\"image\":{\"@id\":\"https:\\\/\\\/www.airpes.com\\\/es\\\/#\\\/schema\\\/logo\\\/image\\\/\"},\"sameAs\":[\"https:\\\/\\\/www.facebook.com\\\/AIRPES\",\"https:\\\/\\\/x.com\\\/AIRPES\",\"https:\\\/\\\/www.instagram.com\\\/AIRPESlifting\\\/\",\"https:\\\/\\\/www.linkedin.com\\\/company\\\/airpes\"]}]}<\/script>\n<!-- \/ Yoast SEO plugin. -->","yoast_head_json":{"title":"Limitador Electr\u00f3nico y Caja Negra Eagle control sobrecarga | Airpes","description":"Eagle es el limitador electr\u00f3nico y caja negra de AIRPES. Somos tu proveedor de equipos de elevaci\u00f3n, fabricamos sistemas de manipulaci\u00f3n y pesaje","robots":{"index":"index","follow":"follow","max-snippet":"max-snippet:-1","max-image-preview":"max-image-preview:large","max-video-preview":"max-video-preview:-1"},"canonical":"https:\/\/www.airpes.com\/es\/product\/limitador-electronico-y-caja-negra-eagle\/","og_locale":"es_ES","og_type":"article","og_title":"Limitador Electr\u00f3nico y Caja Negra Eagle control sobrecarga | Airpes","og_description":"Eagle es el limitador electr\u00f3nico y caja negra de AIRPES. Somos tu proveedor de equipos de elevaci\u00f3n, fabricamos sistemas de manipulaci\u00f3n y pesaje","og_url":"https:\/\/www.airpes.com\/es\/product\/limitador-electronico-y-caja-negra-eagle\/","og_site_name":"Airpes","article_publisher":"https:\/\/www.facebook.com\/AIRPES","article_modified_time":"2022-02-06T16:38:55+00:00","og_image":[{"width":800,"height":1200,"url":"https:\/\/www.airpes.com\/wp-content\/uploads\/2020\/09\/AIRPES1-1.jpg","type":"image\/jpeg"}],"twitter_card":"summary_large_image","twitter_site":"@AIRPES","twitter_misc":{"Tiempo de lectura":"2 minutos"},"schema":{"@context":"https:\/\/schema.org","@graph":[{"@type":["WebPage","ItemPage"],"@id":"https:\/\/www.airpes.com\/es\/product\/limitador-electronico-y-caja-negra-eagle\/","url":"https:\/\/www.airpes.com\/es\/product\/limitador-electronico-y-caja-negra-eagle\/","name":"Limitador Electr\u00f3nico y Caja Negra Eagle control sobrecarga | Airpes","isPartOf":{"@id":"https:\/\/www.airpes.com\/es\/#website"},"primaryImageOfPage":{"@id":"https:\/\/www.airpes.com\/es\/product\/limitador-electronico-y-caja-negra-eagle\/#primaryimage"},"image":{"@id":"https:\/\/www.airpes.com\/es\/product\/limitador-electronico-y-caja-negra-eagle\/#primaryimage"},"thumbnailUrl":"https:\/\/www.airpes.com\/wp-content\/uploads\/2020\/09\/AIRPES1-1.jpg","datePublished":"2020-09-22T17:39:11+00:00","dateModified":"2022-02-06T16:38:55+00:00","description":"Eagle es el limitador electr\u00f3nico y caja negra de AIRPES. Somos tu proveedor de equipos de elevaci\u00f3n, fabricamos sistemas de manipulaci\u00f3n y pesaje","breadcrumb":{"@id":"https:\/\/www.airpes.com\/es\/product\/limitador-electronico-y-caja-negra-eagle\/#breadcrumb"},"inLanguage":"es","potentialAction":[{"@type":"ReadAction","target":["https:\/\/www.airpes.com\/es\/product\/limitador-electronico-y-caja-negra-eagle\/"]}]},{"@type":"ImageObject","inLanguage":"es","@id":"https:\/\/www.airpes.com\/es\/product\/limitador-electronico-y-caja-negra-eagle\/#primaryimage","url":"https:\/\/www.airpes.com\/wp-content\/uploads\/2020\/09\/AIRPES1-1.jpg","contentUrl":"https:\/\/www.airpes.com\/wp-content\/uploads\/2020\/09\/AIRPES1-1.jpg","width":800,"height":1200},{"@type":"BreadcrumbList","@id":"https:\/\/www.airpes.com\/es\/product\/limitador-electronico-y-caja-negra-eagle\/#breadcrumb","itemListElement":[{"@type":"ListItem","position":1,"name":"Inicio","item":"https:\/\/www.airpes.com\/es\/"},{"@type":"ListItem","position":2,"name":"Productos","item":"https:\/\/www.airpes.com\/es\/shop\/"},{"@type":"ListItem","position":3,"name":"LIMITADOR ELECTR\u00d3NICO Y CAJA NEGRA EAGLE"}]},{"@type":"WebSite","@id":"https:\/\/www.airpes.com\/es\/#website","url":"https:\/\/www.airpes.com\/es\/","name":"Airpes","description":"Your lifting equipment supplier","publisher":{"@id":"https:\/\/www.airpes.com\/es\/#organization"},"potentialAction":[{"@type":"SearchAction","target":{"@type":"EntryPoint","urlTemplate":"https:\/\/www.airpes.com\/es\/?s={search_term_string}"},"query-input":{"@type":"PropertyValueSpecification","valueRequired":true,"valueName":"search_term_string"}}],"inLanguage":"es"},{"@type":"Organization","@id":"https:\/\/www.airpes.com\/es\/#organization","name":"Airpes","url":"https:\/\/www.airpes.com\/es\/","logo":{"@type":"ImageObject","inLanguage":"es","@id":"https:\/\/www.airpes.com\/es\/#\/schema\/logo\/image\/","url":"https:\/\/www.airpes.com\/wp-content\/uploads\/2020\/09\/logo.svg","contentUrl":"https:\/\/www.airpes.com\/wp-content\/uploads\/2020\/09\/logo.svg","width":193,"height":86,"caption":"Airpes"},"image":{"@id":"https:\/\/www.airpes.com\/es\/#\/schema\/logo\/image\/"},"sameAs":["https:\/\/www.facebook.com\/AIRPES","https:\/\/x.com\/AIRPES","https:\/\/www.instagram.com\/AIRPESlifting\/","https:\/\/www.linkedin.com\/company\/airpes"]}]}},"_links":{"self":[{"href":"https:\/\/www.airpes.com\/es\/wp-json\/wp\/v2\/product\/107668","targetHints":{"allow":["GET"]}}],"collection":[{"href":"https:\/\/www.airpes.com\/es\/wp-json\/wp\/v2\/product"}],"about":[{"href":"https:\/\/www.airpes.com\/es\/wp-json\/wp\/v2\/types\/product"}],"wp:featuredmedia":[{"embeddable":true,"href":"https:\/\/www.airpes.com\/es\/wp-json\/wp\/v2\/media\/102721"}],"wp:attachment":[{"href":"https:\/\/www.airpes.com\/es\/wp-json\/wp\/v2\/media?parent=107668"}],"wp:term":[{"taxonomy":"product_cat","embeddable":true,"href":"https:\/\/www.airpes.com\/es\/wp-json\/wp\/v2\/product_cat?post=107668"},{"taxonomy":"product_tag","embeddable":true,"href":"https:\/\/www.airpes.com\/es\/wp-json\/wp\/v2\/product_tag?post=107668"}],"curies":[{"name":"wp","href":"https:\/\/api.w.org\/{rel}","templated":true}]}}