{"id":107666,"date":"2020-09-22T17:25:44","date_gmt":"2020-09-22T17:25:44","guid":{"rendered":"https:\/\/www.airpes.com\/product\/limitador-electronico-alt-100\/"},"modified":"2025-10-21T15:37:45","modified_gmt":"2025-10-21T15:37:45","slug":"limitador-electronico-alm-100","status":"publish","type":"product","link":"https:\/\/www.airpes.com\/es\/product\/limitador-electronico-alm-100\/","title":{"rendered":"ALM-100: limitador electr\u00f3nico de carga para un control seguro y preciso"},"content":{"rendered":"<div class=\"wpb-content-wrapper\"><section class=\"vc_row wpb_row vc_row-fluid  vc_custom_1550641386235   vc_row-has-fill\"><div class=\"wpb_column vc_column_container col-xs-mobile-fullwidth vc_col-sm-12 vc_col-md-6 wow fadeIn\" data-wow-delay= 200ms data-wow-duration= 1500ms><div class=\"vc_column-inner  hongo_responsive_1566294673742\"><div class=\"wpb_wrapper\"><div class=\"text-block-content hongo-text-block-1 vc_custom_1600795454255 last-paragraph-no-margin\"><p><strong>Informaci\u00f3n general<\/strong><\/p>\n<p>El limitador de carga electr\u00f3nico Modelo ALM-100N fabricado seg\u00fan la Norma EN 62061 y EN 14492-2 2010, dise\u00f1ado para controlar la sobrecarga, el cable flojo y otros puntos deseados, as\u00ed como para registrar el espectro de cargas de los dispositivos de elevaci\u00f3n (Polipasto) seg\u00fan la Norma UNE 58919. Puede controlar hasta dos dispositivos realizando la suma de ambos. Se puede conectar a cualquier tipo de sensor de peso colocado: Espol\u00f3n fijo, polea recuperadora, carro, cuerda, etc&#8230; Adem\u00e1s del control del Per\u00edodo de Trabajo Seguro (SWP) establecido por la Norma, tiene varios registros para el control de: &#8211; N\u00famero de maniobras de elevaci\u00f3n. &#8211; N\u00famero de maniobras a impulsos. &#8211; Tiempo de maniobra de elevaci\u00f3n. &#8211; N\u00famero de sobrecargas. &#8211; N\u00famero de sobrecargas desviadas. &#8211; Registro de las \u00faltimas 500 sobrecargas, con fecha, hora, valor de la sobrecarga y duraci\u00f3n de la misma. &#8211; Activaci\u00f3n de la revisi\u00f3n por n\u00famero de hora o fecha.<\/p>\n<p><strong>Caracter\u00edsticas<\/strong><\/p>\n<p>\u2022 2 entradas de peso<br \/>\n\u2022 Entrada de tara externa<br \/>\n\u2022 8 l\u00edmites programables<br \/>\n\u2022 Retardos congestionables ascendentes y descendentes<br \/>\n\u2022 Visualizaci\u00f3n a trav\u00e9s de display LCD de 5 d\u00edgitos 0,4&#8243; alfanum\u00e9ricos y con retroiluminaci\u00f3n<br \/>\n\u2022 5 teclas para la programaci\u00f3n y congesti\u00f3n del sistema &#8211; Par\u00e1metros congestionables por software<br \/>\n\u2022 Par\u00e1metros configurables por software<br \/>\n\u2022 Actualizaci\u00f3n de software a trav\u00e9s de PC port\u00e1til<br \/>\n\u2022 Conexi\u00f3n bidireccional RS-232-C<br \/>\n\u2022 8 rel\u00e9s de salida (6A 250V) y 6 rel\u00e9s de entrada (48. ..220V AC o DC)<br \/>\n\u2022 Fuente de alimentaci\u00f3n de rango extendido 48V&#8230;220V AC (24V DC opcional)<br \/>\n\u2022 Ajuste multipunto para c\u00e9lulas o aplicaciones no lineales<br \/>\n\u2022 Conexi\u00f3n bidireccional RS-422 o 485 \u2022 Tensi\u00f3n de salida 0&#8230;10V<br \/>\n\u2022 Salida repetidor de peso para la visualizaci\u00f3n del pulsador por cable \u2022 Salida para la pantalla gigante<br \/>\n\u2022 Protecci\u00f3n de datos a trav\u00e9s de c\u00f3digo de seguridad<br \/>\n\u2022 Control de seguridad redundante desde el software y el hardware<br \/>\n\u2022 Control de tiempo de respuesta r\u00e1pida para la elevaci\u00f3n y estable en est\u00e1tica.<br \/>\n\u2022 Corriente de salida 0&#8230;20mA o 4&#8230;20mA (Opcional)<br \/>\n\u2022 Limitador de carga por zona (Opcional)<br \/>\n\u2022 Temperatura -10\u00baC +50\u00baC<br \/>\n\u2022 Humedad 15% &#8211; 85%<\/p>\n<\/div><a href=\"https:\/\/www.airpes.com\/wp-content\/uploads\/2022\/03\/ALM-100N_cas.pdf\" target= \"_blank\" class=\"hongo-button-1 btn btn-white alt-font btn-medium  hongo_button_1647507751167\"><i class=\"far fa-file-pdf left-icon\" aria-hidden=\"true\"><\/i>Descarga documentaci\u00f3n t\u00e9cnica<\/a><\/div><\/div><\/div><div class=\"wpb_column vc_column_container col-xs-mobile-fullwidth vc_col-sm-12 vc_col-md-6 wow fadeIn\" data-wow-delay= 400ms data-wow-duration= 1500ms><div class=\"vc_column-inner\"><div class=\"wpb_wrapper\"><div class=\"wpb_single_image   vc_custom_1600795511113 hongo-full-width-single-image\">\n\t\t\t<figure class=\"wpb_wrapper vc_figure\">\n\t\t\t\t<div class=\"vc_single_image-wrapper  \"><img loading=\"lazy\" decoding=\"async\" width=\"800\" height=\"1200\" src=\"https:\/\/www.airpes.com\/wp-content\/uploads\/2020\/09\/airpes-electronic-limiter-alm100n_hq-00.jpg\" class=\"vc_single_image-img attachment-full\" alt=\"\" title=\"airpes-electronic-limiter-alm100n_hq-00\" srcset=\"https:\/\/www.airpes.com\/wp-content\/uploads\/2020\/09\/airpes-electronic-limiter-alm100n_hq-00.jpg 800w, https:\/\/www.airpes.com\/wp-content\/uploads\/2020\/09\/airpes-electronic-limiter-alm100n_hq-00-340x510.jpg 340w, https:\/\/www.airpes.com\/wp-content\/uploads\/2020\/09\/airpes-electronic-limiter-alm100n_hq-00-200x300.jpg 200w, https:\/\/www.airpes.com\/wp-content\/uploads\/2020\/09\/airpes-electronic-limiter-alm100n_hq-00-683x1024.jpg 683w, https:\/\/www.airpes.com\/wp-content\/uploads\/2020\/09\/airpes-electronic-limiter-alm100n_hq-00-768x1152.jpg 768w, https:\/\/www.airpes.com\/wp-content\/uploads\/2020\/09\/airpes-electronic-limiter-alm100n_hq-00-423x635.jpg 423w, https:\/\/www.airpes.com\/wp-content\/uploads\/2020\/09\/airpes-electronic-limiter-alm100n_hq-00-84x126.jpg 84w, https:\/\/www.airpes.com\/wp-content\/uploads\/2020\/09\/airpes-electronic-limiter-alm100n_hq-00-450x675.jpg 450w, https:\/\/www.airpes.com\/wp-content\/uploads\/2020\/09\/airpes-electronic-limiter-alm100n_hq-00-527x790.jpg 527w\" sizes=\"auto, (max-width: 800px) 100vw, 800px\" \/><\/div>\n\t\t\t<\/figure>\n\t\t\t\n\t\t<\/div><\/div><\/div><\/div><\/section>\n<\/div>","protected":false},"excerpt":{"rendered":"<p>El limitador electr\u00f3nico modelo ALM-100N se adecua a la Norma EN 62061 y la EN 14492-2 2010, para controlar la sobrecarga, cable flojo, y otros puntos deseados.<\/p>\n<p><strong>Funcionalidades delimitador electr\u00f3nico ALM-100N<\/strong><\/p>\n<p>El limitador electr\u00f3nico modelo ALM-100N est\u00e1 adecuado a la Norma EN 62061 y la EN 14492-2 2010, dise\u00f1ado para controlar la sobrecarga, cable flojo, y otros puntos deseados adem\u00e1s de registrar el espectro de cargas de aparatos de elevaci\u00f3n (polipastos), seg\u00fan la norma UNE 58 919. Puede controlar hasta dos dispositivos de elevaci\u00f3n realizando la suma de ambos. Se puede conectar sobre cualquier captador de peso ubicado en: ramal fijo, polea de reenv\u00edo, carro, cable, etc.. Adem\u00e1s del control del Periodo de Funcionamiento Seguro &#8216;PFS&#8217; establecido por la Norma, dispone de varios registros para el control de:<br \/>\n&#8211; N\u00famero de maniobras de elevaci\u00f3n.<br \/>\n&#8211; N\u00famero de maniobras de elevaci\u00f3n a impulsos.<br \/>\n&#8211; Tiempo de maniobra de elevaci\u00f3n.<br \/>\n&#8211; N\u00famero de sobrecargas.<br \/>\n&#8211; N\u00famero de sobrecargas anuladas.<br \/>\n&#8211; Registro de las 250 \u00faltimas sobrecargas con fecha, hora, valor de la sobrecarga y duraci\u00f3n de la sobrecarga.<br \/>\n&#8211; Activaci\u00f3n de revisi\u00f3n por n\u00famero de horas \u00f3 fecha.<br \/>\nEquipo dise\u00f1ado para cumplir la Categor\u00eda 2 y PLC seg\u00fan la Norma ISO 13849-1.<\/p>\n","protected":false},"featured_media":102715,"template":"","meta":{"_acf_changed":false,"inline_featured_image":false},"product_cat":[282,295,292],"product_tag":[],"class_list":{"0":"post-107666","1":"product","2":"type-product","3":"status-publish","4":"has-post-thumbnail","6":"product_cat-equipos-de-elevacion","7":"product_cat-limitadores-electronicos","8":"product_cat-sistemas-de-vigilancia-y-proteccion-contra-sobrecargas","10":"first","11":"instock","12":"shipping-taxable","13":"product-type-simple"},"acf":[],"yoast_head":"<!-- This site is optimized with the Yoast SEO plugin v27.5 - https:\/\/yoast.com\/product\/yoast-seo-wordpress\/ -->\n<title>Limitador electr\u00f3nico de carga ALM-100 | Crosby Airpes<\/title>\n<meta name=\"description\" content=\"El limitador de carga electr\u00f3nico Alm-100N est\u00e1 dise\u00f1ado para controlar la sobrecarga y registrar el espectro de cargas.\" \/>\n<meta name=\"robots\" content=\"index, follow, max-snippet:-1, max-image-preview:large, max-video-preview:-1\" \/>\n<link rel=\"canonical\" href=\"https:\/\/www.airpes.com\/es\/product\/limitador-electronico-alm-100\/\" \/>\n<meta property=\"og:locale\" content=\"es_ES\" \/>\n<meta property=\"og:type\" content=\"article\" \/>\n<meta property=\"og:title\" content=\"Limitador electr\u00f3nico de carga ALM-100 | Crosby Airpes\" \/>\n<meta property=\"og:description\" content=\"El limitador de carga electr\u00f3nico Alm-100N est\u00e1 dise\u00f1ado para controlar la sobrecarga y registrar el espectro de cargas.\" \/>\n<meta property=\"og:url\" content=\"https:\/\/www.airpes.com\/es\/product\/limitador-electronico-alm-100\/\" \/>\n<meta property=\"og:site_name\" content=\"Airpes\" \/>\n<meta property=\"article:publisher\" content=\"https:\/\/www.facebook.com\/AIRPES\" \/>\n<meta property=\"article:modified_time\" content=\"2025-10-21T15:37:45+00:00\" \/>\n<meta property=\"og:image\" content=\"https:\/\/www.airpes.com\/wp-content\/uploads\/2020\/09\/airpes-electronic-limiter-alm100n_hq-portada.jpg\" \/>\n\t<meta property=\"og:image:width\" content=\"800\" \/>\n\t<meta property=\"og:image:height\" content=\"1200\" \/>\n\t<meta property=\"og:image:type\" content=\"image\/jpeg\" \/>\n<meta name=\"twitter:card\" content=\"summary_large_image\" \/>\n<meta name=\"twitter:site\" content=\"@AIRPES\" \/>\n<meta name=\"twitter:label1\" content=\"Tiempo de lectura\" \/>\n\t<meta name=\"twitter:data1\" content=\"2 minutos\" \/>\n<script type=\"application\/ld+json\" class=\"yoast-schema-graph\">{\"@context\":\"https:\\\/\\\/schema.org\",\"@graph\":[{\"@type\":[\"WebPage\",\"ItemPage\"],\"@id\":\"https:\\\/\\\/www.airpes.com\\\/es\\\/product\\\/limitador-electronico-alm-100\\\/\",\"url\":\"https:\\\/\\\/www.airpes.com\\\/es\\\/product\\\/limitador-electronico-alm-100\\\/\",\"name\":\"Limitador electr\u00f3nico de carga ALM-100 | Crosby Airpes\",\"isPartOf\":{\"@id\":\"https:\\\/\\\/www.airpes.com\\\/es\\\/#website\"},\"primaryImageOfPage\":{\"@id\":\"https:\\\/\\\/www.airpes.com\\\/es\\\/product\\\/limitador-electronico-alm-100\\\/#primaryimage\"},\"image\":{\"@id\":\"https:\\\/\\\/www.airpes.com\\\/es\\\/product\\\/limitador-electronico-alm-100\\\/#primaryimage\"},\"thumbnailUrl\":\"https:\\\/\\\/www.airpes.com\\\/wp-content\\\/uploads\\\/2020\\\/09\\\/airpes-electronic-limiter-alm100n_hq-portada.jpg\",\"datePublished\":\"2020-09-22T17:25:44+00:00\",\"dateModified\":\"2025-10-21T15:37:45+00:00\",\"description\":\"El limitador de carga electr\u00f3nico Alm-100N est\u00e1 dise\u00f1ado para controlar la sobrecarga y registrar el espectro de cargas.\",\"breadcrumb\":{\"@id\":\"https:\\\/\\\/www.airpes.com\\\/es\\\/product\\\/limitador-electronico-alm-100\\\/#breadcrumb\"},\"inLanguage\":\"es\",\"potentialAction\":[{\"@type\":\"ReadAction\",\"target\":[\"https:\\\/\\\/www.airpes.com\\\/es\\\/product\\\/limitador-electronico-alm-100\\\/\"]}]},{\"@type\":\"ImageObject\",\"inLanguage\":\"es\",\"@id\":\"https:\\\/\\\/www.airpes.com\\\/es\\\/product\\\/limitador-electronico-alm-100\\\/#primaryimage\",\"url\":\"https:\\\/\\\/www.airpes.com\\\/wp-content\\\/uploads\\\/2020\\\/09\\\/airpes-electronic-limiter-alm100n_hq-portada.jpg\",\"contentUrl\":\"https:\\\/\\\/www.airpes.com\\\/wp-content\\\/uploads\\\/2020\\\/09\\\/airpes-electronic-limiter-alm100n_hq-portada.jpg\",\"width\":800,\"height\":1200},{\"@type\":\"BreadcrumbList\",\"@id\":\"https:\\\/\\\/www.airpes.com\\\/es\\\/product\\\/limitador-electronico-alm-100\\\/#breadcrumb\",\"itemListElement\":[{\"@type\":\"ListItem\",\"position\":1,\"name\":\"Inicio\",\"item\":\"https:\\\/\\\/www.airpes.com\\\/es\\\/\"},{\"@type\":\"ListItem\",\"position\":2,\"name\":\"Productos\",\"item\":\"https:\\\/\\\/www.airpes.com\\\/es\\\/shop\\\/\"},{\"@type\":\"ListItem\",\"position\":3,\"name\":\"ALM-100: limitador electr\u00f3nico de carga para un control seguro y preciso\"}]},{\"@type\":\"WebSite\",\"@id\":\"https:\\\/\\\/www.airpes.com\\\/es\\\/#website\",\"url\":\"https:\\\/\\\/www.airpes.com\\\/es\\\/\",\"name\":\"Airpes\",\"description\":\"Your lifting equipment supplier\",\"publisher\":{\"@id\":\"https:\\\/\\\/www.airpes.com\\\/es\\\/#organization\"},\"potentialAction\":[{\"@type\":\"SearchAction\",\"target\":{\"@type\":\"EntryPoint\",\"urlTemplate\":\"https:\\\/\\\/www.airpes.com\\\/es\\\/?s={search_term_string}\"},\"query-input\":{\"@type\":\"PropertyValueSpecification\",\"valueRequired\":true,\"valueName\":\"search_term_string\"}}],\"inLanguage\":\"es\"},{\"@type\":\"Organization\",\"@id\":\"https:\\\/\\\/www.airpes.com\\\/es\\\/#organization\",\"name\":\"Airpes\",\"url\":\"https:\\\/\\\/www.airpes.com\\\/es\\\/\",\"logo\":{\"@type\":\"ImageObject\",\"inLanguage\":\"es\",\"@id\":\"https:\\\/\\\/www.airpes.com\\\/es\\\/#\\\/schema\\\/logo\\\/image\\\/\",\"url\":\"https:\\\/\\\/www.airpes.com\\\/wp-content\\\/uploads\\\/2020\\\/09\\\/logo.svg\",\"contentUrl\":\"https:\\\/\\\/www.airpes.com\\\/wp-content\\\/uploads\\\/2020\\\/09\\\/logo.svg\",\"width\":193,\"height\":86,\"caption\":\"Airpes\"},\"image\":{\"@id\":\"https:\\\/\\\/www.airpes.com\\\/es\\\/#\\\/schema\\\/logo\\\/image\\\/\"},\"sameAs\":[\"https:\\\/\\\/www.facebook.com\\\/AIRPES\",\"https:\\\/\\\/x.com\\\/AIRPES\",\"https:\\\/\\\/www.instagram.com\\\/AIRPESlifting\\\/\",\"https:\\\/\\\/www.linkedin.com\\\/company\\\/airpes\"]}]}<\/script>\n<!-- \/ Yoast SEO plugin. -->","yoast_head_json":{"title":"Limitador electr\u00f3nico de carga ALM-100 | Crosby Airpes","description":"El limitador de carga electr\u00f3nico Alm-100N est\u00e1 dise\u00f1ado para controlar la sobrecarga y registrar el espectro de cargas.","robots":{"index":"index","follow":"follow","max-snippet":"max-snippet:-1","max-image-preview":"max-image-preview:large","max-video-preview":"max-video-preview:-1"},"canonical":"https:\/\/www.airpes.com\/es\/product\/limitador-electronico-alm-100\/","og_locale":"es_ES","og_type":"article","og_title":"Limitador electr\u00f3nico de carga ALM-100 | Crosby Airpes","og_description":"El limitador de carga electr\u00f3nico Alm-100N est\u00e1 dise\u00f1ado para controlar la sobrecarga y registrar el espectro de cargas.","og_url":"https:\/\/www.airpes.com\/es\/product\/limitador-electronico-alm-100\/","og_site_name":"Airpes","article_publisher":"https:\/\/www.facebook.com\/AIRPES","article_modified_time":"2025-10-21T15:37:45+00:00","og_image":[{"width":800,"height":1200,"url":"https:\/\/www.airpes.com\/wp-content\/uploads\/2020\/09\/airpes-electronic-limiter-alm100n_hq-portada.jpg","type":"image\/jpeg"}],"twitter_card":"summary_large_image","twitter_site":"@AIRPES","twitter_misc":{"Tiempo de lectura":"2 minutos"},"schema":{"@context":"https:\/\/schema.org","@graph":[{"@type":["WebPage","ItemPage"],"@id":"https:\/\/www.airpes.com\/es\/product\/limitador-electronico-alm-100\/","url":"https:\/\/www.airpes.com\/es\/product\/limitador-electronico-alm-100\/","name":"Limitador electr\u00f3nico de carga ALM-100 | Crosby Airpes","isPartOf":{"@id":"https:\/\/www.airpes.com\/es\/#website"},"primaryImageOfPage":{"@id":"https:\/\/www.airpes.com\/es\/product\/limitador-electronico-alm-100\/#primaryimage"},"image":{"@id":"https:\/\/www.airpes.com\/es\/product\/limitador-electronico-alm-100\/#primaryimage"},"thumbnailUrl":"https:\/\/www.airpes.com\/wp-content\/uploads\/2020\/09\/airpes-electronic-limiter-alm100n_hq-portada.jpg","datePublished":"2020-09-22T17:25:44+00:00","dateModified":"2025-10-21T15:37:45+00:00","description":"El limitador de carga electr\u00f3nico Alm-100N est\u00e1 dise\u00f1ado para controlar la sobrecarga y registrar el espectro de cargas.","breadcrumb":{"@id":"https:\/\/www.airpes.com\/es\/product\/limitador-electronico-alm-100\/#breadcrumb"},"inLanguage":"es","potentialAction":[{"@type":"ReadAction","target":["https:\/\/www.airpes.com\/es\/product\/limitador-electronico-alm-100\/"]}]},{"@type":"ImageObject","inLanguage":"es","@id":"https:\/\/www.airpes.com\/es\/product\/limitador-electronico-alm-100\/#primaryimage","url":"https:\/\/www.airpes.com\/wp-content\/uploads\/2020\/09\/airpes-electronic-limiter-alm100n_hq-portada.jpg","contentUrl":"https:\/\/www.airpes.com\/wp-content\/uploads\/2020\/09\/airpes-electronic-limiter-alm100n_hq-portada.jpg","width":800,"height":1200},{"@type":"BreadcrumbList","@id":"https:\/\/www.airpes.com\/es\/product\/limitador-electronico-alm-100\/#breadcrumb","itemListElement":[{"@type":"ListItem","position":1,"name":"Inicio","item":"https:\/\/www.airpes.com\/es\/"},{"@type":"ListItem","position":2,"name":"Productos","item":"https:\/\/www.airpes.com\/es\/shop\/"},{"@type":"ListItem","position":3,"name":"ALM-100: limitador electr\u00f3nico de carga para un control seguro y preciso"}]},{"@type":"WebSite","@id":"https:\/\/www.airpes.com\/es\/#website","url":"https:\/\/www.airpes.com\/es\/","name":"Airpes","description":"Your lifting equipment supplier","publisher":{"@id":"https:\/\/www.airpes.com\/es\/#organization"},"potentialAction":[{"@type":"SearchAction","target":{"@type":"EntryPoint","urlTemplate":"https:\/\/www.airpes.com\/es\/?s={search_term_string}"},"query-input":{"@type":"PropertyValueSpecification","valueRequired":true,"valueName":"search_term_string"}}],"inLanguage":"es"},{"@type":"Organization","@id":"https:\/\/www.airpes.com\/es\/#organization","name":"Airpes","url":"https:\/\/www.airpes.com\/es\/","logo":{"@type":"ImageObject","inLanguage":"es","@id":"https:\/\/www.airpes.com\/es\/#\/schema\/logo\/image\/","url":"https:\/\/www.airpes.com\/wp-content\/uploads\/2020\/09\/logo.svg","contentUrl":"https:\/\/www.airpes.com\/wp-content\/uploads\/2020\/09\/logo.svg","width":193,"height":86,"caption":"Airpes"},"image":{"@id":"https:\/\/www.airpes.com\/es\/#\/schema\/logo\/image\/"},"sameAs":["https:\/\/www.facebook.com\/AIRPES","https:\/\/x.com\/AIRPES","https:\/\/www.instagram.com\/AIRPESlifting\/","https:\/\/www.linkedin.com\/company\/airpes"]}]}},"_links":{"self":[{"href":"https:\/\/www.airpes.com\/es\/wp-json\/wp\/v2\/product\/107666","targetHints":{"allow":["GET"]}}],"collection":[{"href":"https:\/\/www.airpes.com\/es\/wp-json\/wp\/v2\/product"}],"about":[{"href":"https:\/\/www.airpes.com\/es\/wp-json\/wp\/v2\/types\/product"}],"wp:featuredmedia":[{"embeddable":true,"href":"https:\/\/www.airpes.com\/es\/wp-json\/wp\/v2\/media\/102715"}],"wp:attachment":[{"href":"https:\/\/www.airpes.com\/es\/wp-json\/wp\/v2\/media?parent=107666"}],"wp:term":[{"taxonomy":"product_cat","embeddable":true,"href":"https:\/\/www.airpes.com\/es\/wp-json\/wp\/v2\/product_cat?post=107666"},{"taxonomy":"product_tag","embeddable":true,"href":"https:\/\/www.airpes.com\/es\/wp-json\/wp\/v2\/product_tag?post=107666"}],"curies":[{"name":"wp","href":"https:\/\/api.w.org\/{rel}","templated":true}]}}