{"id":107665,"date":"2020-09-22T17:19:42","date_gmt":"2020-09-22T17:19:42","guid":{"rendered":"https:\/\/www.airpes.com\/product\/limitador-electronico-ale-90\/"},"modified":"2022-01-14T09:09:41","modified_gmt":"2022-01-14T09:09:41","slug":"limitador-electronico-ale-90","status":"publish","type":"product","link":"https:\/\/www.airpes.com\/es\/product\/limitador-electronico-ale-90\/","title":{"rendered":"LIMITADOR ELECTR\u00d3NICO ALE-90"},"content":{"rendered":"<div class=\"wpb-content-wrapper\"><section class=\"vc_row wpb_row vc_row-fluid  vc_custom_1550641386235   vc_row-has-fill\"><div class=\"wpb_column vc_column_container col-xs-mobile-fullwidth vc_col-sm-12 vc_col-md-6 wow fadeIn\" data-wow-delay= 200ms data-wow-duration= 1500ms><div class=\"vc_column-inner  hongo_responsive_1566294673742\"><div class=\"wpb_wrapper\"><div class=\"text-block-content hongo-text-block-1 vc_custom_1600795102625 last-paragraph-no-margin\"><p>Caracter\u00edsticas del limitador electr\u00f3nico de carga ALE-90<\/p>\n<ul>\n<li>1 entrada de peso<\/li>\n<li>1\u00aa salida de sobrecarga, contacto de conmutaci\u00f3n seleccionable (N.O. o N.C.) (6A 250V)<\/li>\n<li>2\u00aa salida (opcional) cable flojo, contacto conmutado seleccionable (N.O.o N.C.) (6A 250V)<\/li>\n<li>3\u00aa salida de refuerzo de peso para el panel de pulsadores o pantalla gigante (opcional y no compatible con la 2\u00aa salida<\/li>\n<li>Hist\u00e9resis operativa en el l\u00edmite de la sobrecarga<\/li>\n<li>2 teclas para la calibraci\u00f3n del sistema<\/li>\n<li>Conexi\u00f3n a la terminal port\u00e1til<\/li>\n<li>Por medio del terminal port\u00e1til ser\u00e1 posible calibrar con cargas diferentes a la nominal<\/li>\n<li>Alimentaci\u00f3n 110V o 220V AC (seleccionable) 48V AC a petici\u00f3n<\/li>\n<li>Temperatura -10\u00baC 50\u00baC ; Humedad 15% &#8211; 85%<\/li>\n<\/ul>\n<\/div><\/div><\/div><\/div><div class=\"wpb_column vc_column_container col-xs-mobile-fullwidth vc_col-sm-12 vc_col-md-6 wow fadeIn\" data-wow-delay= 400ms data-wow-duration= 1500ms><div class=\"vc_column-inner\"><div class=\"wpb_wrapper\"><div class=\"wpb_single_image   vc_custom_1600795152935 hongo-full-width-single-image\">\n\t\t\t<figure class=\"wpb_wrapper vc_figure\">\n\t\t\t\t<div class=\"vc_single_image-wrapper  \"><img loading=\"lazy\" decoding=\"async\" width=\"800\" height=\"1200\" src=\"https:\/\/www.airpes.com\/wp-content\/uploads\/2020\/09\/airpes-electronic-limiter-ale90_hq-00.jpg\" class=\"vc_single_image-img attachment-full\" alt=\"\" title=\"airpes-electronic-limiter-ale90_hq-00\" srcset=\"https:\/\/www.airpes.com\/wp-content\/uploads\/2020\/09\/airpes-electronic-limiter-ale90_hq-00.jpg 800w, https:\/\/www.airpes.com\/wp-content\/uploads\/2020\/09\/airpes-electronic-limiter-ale90_hq-00-340x510.jpg 340w, https:\/\/www.airpes.com\/wp-content\/uploads\/2020\/09\/airpes-electronic-limiter-ale90_hq-00-200x300.jpg 200w, https:\/\/www.airpes.com\/wp-content\/uploads\/2020\/09\/airpes-electronic-limiter-ale90_hq-00-683x1024.jpg 683w, https:\/\/www.airpes.com\/wp-content\/uploads\/2020\/09\/airpes-electronic-limiter-ale90_hq-00-768x1152.jpg 768w, https:\/\/www.airpes.com\/wp-content\/uploads\/2020\/09\/airpes-electronic-limiter-ale90_hq-00-423x635.jpg 423w, https:\/\/www.airpes.com\/wp-content\/uploads\/2020\/09\/airpes-electronic-limiter-ale90_hq-00-84x126.jpg 84w, https:\/\/www.airpes.com\/wp-content\/uploads\/2020\/09\/airpes-electronic-limiter-ale90_hq-00-450x675.jpg 450w, https:\/\/www.airpes.com\/wp-content\/uploads\/2020\/09\/airpes-electronic-limiter-ale90_hq-00-527x790.jpg 527w\" sizes=\"auto, (max-width: 800px) 100vw, 800px\" \/><\/div>\n\t\t\t<\/figure>\n\t\t\t\n\t\t<\/div><\/div><\/div><\/div><\/section>\n<\/div>","protected":false},"excerpt":{"rendered":"<p>El econ\u00f3mico limitador electr\u00f3nico ALE-100, est\u00e1 dise\u00f1ado para controlar la sobrecarga y cable flojo de equipos como gr\u00faas, puentes gr\u00faa, montacargas, elevadores, etc.<br \/>\nCaracter\u00edsticas del limitador ALE-90<\/p>\n<p><strong>Controla tu sobrecarga con el limitador electr\u00f3nico ALE-90.<\/strong><\/p>\n<p>El limitador electr\u00f3nico modelo ALE-100, est\u00e1 dise\u00f1ado para controlar la sobrecarga y cable flojo de equipos de elevaci\u00f3n como gr\u00faas, puentes gr\u00faa, montacargas, elevadores, etc.<\/p>\n<p>Este limitador electr\u00f3nico se puede conectar sobre cualquier captador de peso ubicado en: ramal fijo, polea de reenv\u00edo, carro, cable, etc. Dispone opcionalmente de una salida para repetidor de peso (en botonera por cable \u00f3 display gigante).<\/p>\n","protected":false},"featured_media":102713,"template":"","meta":{"_acf_changed":false,"inline_featured_image":false},"product_cat":[282,295,292],"product_tag":[],"class_list":{"0":"post-107665","1":"product","2":"type-product","3":"status-publish","4":"has-post-thumbnail","6":"product_cat-equipos-de-elevacion","7":"product_cat-limitadores-electronicos","8":"product_cat-sistemas-de-vigilancia-y-proteccion-contra-sobrecargas","10":"first","11":"instock","12":"shipping-taxable","13":"product-type-simple"},"acf":[],"yoast_head":"<!-- This site is optimized with the Yoast SEO plugin v27.5 - https:\/\/yoast.com\/product\/yoast-seo-wordpress\/ -->\n<title>Caracter\u00edsticas del Limitador Electr\u00f3nico ALE-90 | Airpes<\/title>\n<meta name=\"description\" content=\"El limitador electr\u00f3nico ALE 90 est\u00e1 dise\u00f1ado para controlar la sobrecarga y cable flojo de equipos como gr\u00faas, puentes gr\u00faa, montacargas o elevadores.\" \/>\n<meta name=\"robots\" content=\"index, follow, max-snippet:-1, max-image-preview:large, max-video-preview:-1\" \/>\n<link rel=\"canonical\" href=\"https:\/\/www.airpes.com\/es\/product\/limitador-electronico-ale-90\/\" \/>\n<meta property=\"og:locale\" content=\"es_ES\" \/>\n<meta property=\"og:type\" content=\"article\" \/>\n<meta property=\"og:title\" content=\"Caracter\u00edsticas del Limitador Electr\u00f3nico ALE-90 | Airpes\" \/>\n<meta property=\"og:description\" content=\"El limitador electr\u00f3nico ALE 90 est\u00e1 dise\u00f1ado para controlar la sobrecarga y cable flojo de equipos como gr\u00faas, puentes gr\u00faa, montacargas o elevadores.\" \/>\n<meta property=\"og:url\" content=\"https:\/\/www.airpes.com\/es\/product\/limitador-electronico-ale-90\/\" \/>\n<meta property=\"og:site_name\" content=\"Airpes\" \/>\n<meta property=\"article:publisher\" content=\"https:\/\/www.facebook.com\/AIRPES\" \/>\n<meta property=\"article:modified_time\" content=\"2022-01-14T09:09:41+00:00\" \/>\n<meta property=\"og:image\" content=\"https:\/\/www.airpes.com\/wp-content\/uploads\/2020\/09\/airpes-electronic-limiter-ale90_hq-portada.jpg\" \/>\n\t<meta property=\"og:image:width\" content=\"800\" \/>\n\t<meta property=\"og:image:height\" content=\"1200\" \/>\n\t<meta property=\"og:image:type\" content=\"image\/jpeg\" \/>\n<meta name=\"twitter:card\" content=\"summary_large_image\" \/>\n<meta name=\"twitter:site\" content=\"@AIRPES\" \/>\n<meta name=\"twitter:label1\" content=\"Tiempo de lectura\" \/>\n\t<meta name=\"twitter:data1\" content=\"1 minuto\" \/>\n<script type=\"application\/ld+json\" class=\"yoast-schema-graph\">{\"@context\":\"https:\\\/\\\/schema.org\",\"@graph\":[{\"@type\":[\"WebPage\",\"ItemPage\"],\"@id\":\"https:\\\/\\\/www.airpes.com\\\/es\\\/product\\\/limitador-electronico-ale-90\\\/\",\"url\":\"https:\\\/\\\/www.airpes.com\\\/es\\\/product\\\/limitador-electronico-ale-90\\\/\",\"name\":\"Caracter\u00edsticas del Limitador Electr\u00f3nico ALE-90 | Airpes\",\"isPartOf\":{\"@id\":\"https:\\\/\\\/www.airpes.com\\\/es\\\/#website\"},\"primaryImageOfPage\":{\"@id\":\"https:\\\/\\\/www.airpes.com\\\/es\\\/product\\\/limitador-electronico-ale-90\\\/#primaryimage\"},\"image\":{\"@id\":\"https:\\\/\\\/www.airpes.com\\\/es\\\/product\\\/limitador-electronico-ale-90\\\/#primaryimage\"},\"thumbnailUrl\":\"https:\\\/\\\/www.airpes.com\\\/wp-content\\\/uploads\\\/2020\\\/09\\\/airpes-electronic-limiter-ale90_hq-portada.jpg\",\"datePublished\":\"2020-09-22T17:19:42+00:00\",\"dateModified\":\"2022-01-14T09:09:41+00:00\",\"description\":\"El limitador electr\u00f3nico ALE 90 est\u00e1 dise\u00f1ado para controlar la sobrecarga y cable flojo de equipos como gr\u00faas, puentes gr\u00faa, montacargas o elevadores.\",\"breadcrumb\":{\"@id\":\"https:\\\/\\\/www.airpes.com\\\/es\\\/product\\\/limitador-electronico-ale-90\\\/#breadcrumb\"},\"inLanguage\":\"es\",\"potentialAction\":[{\"@type\":\"ReadAction\",\"target\":[\"https:\\\/\\\/www.airpes.com\\\/es\\\/product\\\/limitador-electronico-ale-90\\\/\"]}]},{\"@type\":\"ImageObject\",\"inLanguage\":\"es\",\"@id\":\"https:\\\/\\\/www.airpes.com\\\/es\\\/product\\\/limitador-electronico-ale-90\\\/#primaryimage\",\"url\":\"https:\\\/\\\/www.airpes.com\\\/wp-content\\\/uploads\\\/2020\\\/09\\\/airpes-electronic-limiter-ale90_hq-portada.jpg\",\"contentUrl\":\"https:\\\/\\\/www.airpes.com\\\/wp-content\\\/uploads\\\/2020\\\/09\\\/airpes-electronic-limiter-ale90_hq-portada.jpg\",\"width\":800,\"height\":1200},{\"@type\":\"BreadcrumbList\",\"@id\":\"https:\\\/\\\/www.airpes.com\\\/es\\\/product\\\/limitador-electronico-ale-90\\\/#breadcrumb\",\"itemListElement\":[{\"@type\":\"ListItem\",\"position\":1,\"name\":\"Inicio\",\"item\":\"https:\\\/\\\/www.airpes.com\\\/es\\\/\"},{\"@type\":\"ListItem\",\"position\":2,\"name\":\"Productos\",\"item\":\"https:\\\/\\\/www.airpes.com\\\/es\\\/shop\\\/\"},{\"@type\":\"ListItem\",\"position\":3,\"name\":\"LIMITADOR ELECTR\u00d3NICO ALE-90\"}]},{\"@type\":\"WebSite\",\"@id\":\"https:\\\/\\\/www.airpes.com\\\/es\\\/#website\",\"url\":\"https:\\\/\\\/www.airpes.com\\\/es\\\/\",\"name\":\"Airpes\",\"description\":\"Your lifting equipment supplier\",\"publisher\":{\"@id\":\"https:\\\/\\\/www.airpes.com\\\/es\\\/#organization\"},\"potentialAction\":[{\"@type\":\"SearchAction\",\"target\":{\"@type\":\"EntryPoint\",\"urlTemplate\":\"https:\\\/\\\/www.airpes.com\\\/es\\\/?s={search_term_string}\"},\"query-input\":{\"@type\":\"PropertyValueSpecification\",\"valueRequired\":true,\"valueName\":\"search_term_string\"}}],\"inLanguage\":\"es\"},{\"@type\":\"Organization\",\"@id\":\"https:\\\/\\\/www.airpes.com\\\/es\\\/#organization\",\"name\":\"Airpes\",\"url\":\"https:\\\/\\\/www.airpes.com\\\/es\\\/\",\"logo\":{\"@type\":\"ImageObject\",\"inLanguage\":\"es\",\"@id\":\"https:\\\/\\\/www.airpes.com\\\/es\\\/#\\\/schema\\\/logo\\\/image\\\/\",\"url\":\"https:\\\/\\\/www.airpes.com\\\/wp-content\\\/uploads\\\/2020\\\/09\\\/logo.svg\",\"contentUrl\":\"https:\\\/\\\/www.airpes.com\\\/wp-content\\\/uploads\\\/2020\\\/09\\\/logo.svg\",\"width\":193,\"height\":86,\"caption\":\"Airpes\"},\"image\":{\"@id\":\"https:\\\/\\\/www.airpes.com\\\/es\\\/#\\\/schema\\\/logo\\\/image\\\/\"},\"sameAs\":[\"https:\\\/\\\/www.facebook.com\\\/AIRPES\",\"https:\\\/\\\/x.com\\\/AIRPES\",\"https:\\\/\\\/www.instagram.com\\\/AIRPESlifting\\\/\",\"https:\\\/\\\/www.linkedin.com\\\/company\\\/airpes\"]}]}<\/script>\n<!-- \/ Yoast SEO plugin. -->","yoast_head_json":{"title":"Caracter\u00edsticas del Limitador Electr\u00f3nico ALE-90 | Airpes","description":"El limitador electr\u00f3nico ALE 90 est\u00e1 dise\u00f1ado para controlar la sobrecarga y cable flojo de equipos como gr\u00faas, puentes gr\u00faa, montacargas o elevadores.","robots":{"index":"index","follow":"follow","max-snippet":"max-snippet:-1","max-image-preview":"max-image-preview:large","max-video-preview":"max-video-preview:-1"},"canonical":"https:\/\/www.airpes.com\/es\/product\/limitador-electronico-ale-90\/","og_locale":"es_ES","og_type":"article","og_title":"Caracter\u00edsticas del Limitador Electr\u00f3nico ALE-90 | Airpes","og_description":"El limitador electr\u00f3nico ALE 90 est\u00e1 dise\u00f1ado para controlar la sobrecarga y cable flojo de equipos como gr\u00faas, puentes gr\u00faa, montacargas o elevadores.","og_url":"https:\/\/www.airpes.com\/es\/product\/limitador-electronico-ale-90\/","og_site_name":"Airpes","article_publisher":"https:\/\/www.facebook.com\/AIRPES","article_modified_time":"2022-01-14T09:09:41+00:00","og_image":[{"width":800,"height":1200,"url":"https:\/\/www.airpes.com\/wp-content\/uploads\/2020\/09\/airpes-electronic-limiter-ale90_hq-portada.jpg","type":"image\/jpeg"}],"twitter_card":"summary_large_image","twitter_site":"@AIRPES","twitter_misc":{"Tiempo de lectura":"1 minuto"},"schema":{"@context":"https:\/\/schema.org","@graph":[{"@type":["WebPage","ItemPage"],"@id":"https:\/\/www.airpes.com\/es\/product\/limitador-electronico-ale-90\/","url":"https:\/\/www.airpes.com\/es\/product\/limitador-electronico-ale-90\/","name":"Caracter\u00edsticas del Limitador Electr\u00f3nico ALE-90 | Airpes","isPartOf":{"@id":"https:\/\/www.airpes.com\/es\/#website"},"primaryImageOfPage":{"@id":"https:\/\/www.airpes.com\/es\/product\/limitador-electronico-ale-90\/#primaryimage"},"image":{"@id":"https:\/\/www.airpes.com\/es\/product\/limitador-electronico-ale-90\/#primaryimage"},"thumbnailUrl":"https:\/\/www.airpes.com\/wp-content\/uploads\/2020\/09\/airpes-electronic-limiter-ale90_hq-portada.jpg","datePublished":"2020-09-22T17:19:42+00:00","dateModified":"2022-01-14T09:09:41+00:00","description":"El limitador electr\u00f3nico ALE 90 est\u00e1 dise\u00f1ado para controlar la sobrecarga y cable flojo de equipos como gr\u00faas, puentes gr\u00faa, montacargas o elevadores.","breadcrumb":{"@id":"https:\/\/www.airpes.com\/es\/product\/limitador-electronico-ale-90\/#breadcrumb"},"inLanguage":"es","potentialAction":[{"@type":"ReadAction","target":["https:\/\/www.airpes.com\/es\/product\/limitador-electronico-ale-90\/"]}]},{"@type":"ImageObject","inLanguage":"es","@id":"https:\/\/www.airpes.com\/es\/product\/limitador-electronico-ale-90\/#primaryimage","url":"https:\/\/www.airpes.com\/wp-content\/uploads\/2020\/09\/airpes-electronic-limiter-ale90_hq-portada.jpg","contentUrl":"https:\/\/www.airpes.com\/wp-content\/uploads\/2020\/09\/airpes-electronic-limiter-ale90_hq-portada.jpg","width":800,"height":1200},{"@type":"BreadcrumbList","@id":"https:\/\/www.airpes.com\/es\/product\/limitador-electronico-ale-90\/#breadcrumb","itemListElement":[{"@type":"ListItem","position":1,"name":"Inicio","item":"https:\/\/www.airpes.com\/es\/"},{"@type":"ListItem","position":2,"name":"Productos","item":"https:\/\/www.airpes.com\/es\/shop\/"},{"@type":"ListItem","position":3,"name":"LIMITADOR ELECTR\u00d3NICO ALE-90"}]},{"@type":"WebSite","@id":"https:\/\/www.airpes.com\/es\/#website","url":"https:\/\/www.airpes.com\/es\/","name":"Airpes","description":"Your lifting equipment supplier","publisher":{"@id":"https:\/\/www.airpes.com\/es\/#organization"},"potentialAction":[{"@type":"SearchAction","target":{"@type":"EntryPoint","urlTemplate":"https:\/\/www.airpes.com\/es\/?s={search_term_string}"},"query-input":{"@type":"PropertyValueSpecification","valueRequired":true,"valueName":"search_term_string"}}],"inLanguage":"es"},{"@type":"Organization","@id":"https:\/\/www.airpes.com\/es\/#organization","name":"Airpes","url":"https:\/\/www.airpes.com\/es\/","logo":{"@type":"ImageObject","inLanguage":"es","@id":"https:\/\/www.airpes.com\/es\/#\/schema\/logo\/image\/","url":"https:\/\/www.airpes.com\/wp-content\/uploads\/2020\/09\/logo.svg","contentUrl":"https:\/\/www.airpes.com\/wp-content\/uploads\/2020\/09\/logo.svg","width":193,"height":86,"caption":"Airpes"},"image":{"@id":"https:\/\/www.airpes.com\/es\/#\/schema\/logo\/image\/"},"sameAs":["https:\/\/www.facebook.com\/AIRPES","https:\/\/x.com\/AIRPES","https:\/\/www.instagram.com\/AIRPESlifting\/","https:\/\/www.linkedin.com\/company\/airpes"]}]}},"_links":{"self":[{"href":"https:\/\/www.airpes.com\/es\/wp-json\/wp\/v2\/product\/107665","targetHints":{"allow":["GET"]}}],"collection":[{"href":"https:\/\/www.airpes.com\/es\/wp-json\/wp\/v2\/product"}],"about":[{"href":"https:\/\/www.airpes.com\/es\/wp-json\/wp\/v2\/types\/product"}],"wp:featuredmedia":[{"embeddable":true,"href":"https:\/\/www.airpes.com\/es\/wp-json\/wp\/v2\/media\/102713"}],"wp:attachment":[{"href":"https:\/\/www.airpes.com\/es\/wp-json\/wp\/v2\/media?parent=107665"}],"wp:term":[{"taxonomy":"product_cat","embeddable":true,"href":"https:\/\/www.airpes.com\/es\/wp-json\/wp\/v2\/product_cat?post=107665"},{"taxonomy":"product_tag","embeddable":true,"href":"https:\/\/www.airpes.com\/es\/wp-json\/wp\/v2\/product_tag?post=107665"}],"curies":[{"name":"wp","href":"https:\/\/api.w.org\/{rel}","templated":true}]}}