{"id":107664,"date":"2020-09-22T17:15:25","date_gmt":"2020-09-22T17:15:25","guid":{"rendered":"https:\/\/www.airpes.com\/product\/caja-negra-electronica-acn-100\/"},"modified":"2022-04-14T08:41:54","modified_gmt":"2022-04-14T08:41:54","slug":"caja-negra-electronica-acn-100","status":"publish","type":"product","link":"https:\/\/www.airpes.com\/es\/product\/caja-negra-electronica-acn-100\/","title":{"rendered":"CAJA NEGRA ELECTR\u00d3NICA ACN-100"},"content":{"rendered":"<div class=\"wpb-content-wrapper\"><section class=\"vc_row wpb_row vc_row-fluid  vc_custom_1550641386235   vc_row-has-fill\"><div class=\"wpb_column vc_column_container col-xs-mobile-fullwidth vc_col-sm-12 vc_col-md-6 wow fadeIn\" data-wow-delay= 200ms data-wow-duration= 1500ms><div class=\"vc_column-inner  hongo_responsive_1566294673742\"><div class=\"wpb_wrapper\"><div class=\"text-block-content hongo-text-block-1 vc_custom_1600794848314 last-paragraph-no-margin\"><p><strong>Generalidades<\/strong><\/p>\n<p>La caja negra econ\u00f3mica modelo ACN-100 est\u00e1 dise\u00f1ada para registrar el espectro de cargas de aparatos de elevaci\u00f3n (polipastos), seg\u00fan la norma UNE 58 919. Adem\u00e1s del control del Periodo de Funcionamiento Seguro \u201cPFS\u201d establecido por la norma, dispone de varios registros para el control de: &#8211; n\u00famero de maniobras de elevaci\u00f3n. &#8211; n\u00famero de maniobras de elevaci\u00f3n a impulsos. &#8211; tiempo de maniobra de elevaci\u00f3n. &#8211; n\u00famero de sobrecargas. &#8211; n\u00famero de sobrecargas puenteadas. &#8211; activaci\u00f3n de revisi\u00f3n por n\u00famero de horas o fecha. Todos los datos se visualizar\u00e1n en el terminal de configuraci\u00f3n AMM-40 (ver cat\u00e1logo) protegidos mediante clave de seguridad. Incluye limitador para control de sobrecargas. Se puede conectar sobre cualquier captador de peso ubicado en: ramal fijo, polea de reenv\u00edo, carro, cable, etc. Dispone opcionalmente de una salida para repetidor de peso (en botonera por cable o Macrodisplay). Preparada para sistemas que no incorporen c\u00e9lula de carga.<\/p>\n<p><strong>Caracter\u00edsticas<\/strong><\/p>\n<p>Entrada de peso<br \/>\n\u2022 Entrada de elevaci\u00f3n<br \/>\n\u2022 Salida de recargo, contacto conmutado selectivo (N.A. o N.C.) (6A 250V).<br \/>\n\u2022 Salida de alarma, contacto conmutado selectivo (N.A. o N.C.) (6A 250V).<br \/>\n\u2022 Salida de repetidor de peso para tablero de perilla de cable o pantalla gigante (opcional).<br \/>\n\u2022 Hist\u00e9resis operativa en l\u00edmite de recargo<br \/>\n\u2022 2 teclas para calibraci\u00f3n del sistema con carga nominal \u2022 A trav\u00e9s del terminal port\u00e1til AMM-40 se pueden calibrar cargas diferentes a las nominales, y son posibles diferentes configuraciones de la caja negra.<br \/>\n\u2022 Alimentaci\u00f3n 48V o 110V-220V AC (seleccionable)<br \/>\n\u2022 Temperatura -10\u00ba -50\u00baC; Humedad 15% &#8211; 85%<\/p>\n<\/div><a href=\"https:\/\/www.airpes.com\/wp-content\/uploads\/2020\/12\/ACN-100_cas_2018.pdf\" target= \"_blank\" class=\"hongo-button-1 btn btn-white alt-font btn-medium  hongo_button_1649925706548\"><i class=\"far fa-file-pdf left-icon\" aria-hidden=\"true\"><\/i>Descarga documentaci\u00f3n t\u00e9cnica<\/a><\/div><\/div><\/div><div class=\"wpb_column vc_column_container col-xs-mobile-fullwidth vc_col-sm-12 vc_col-md-6 wow fadeIn\" data-wow-delay= 400ms data-wow-duration= 1500ms><div class=\"vc_column-inner\"><div class=\"wpb_wrapper\"><div class=\"wpb_single_image   vc_custom_1600794901980 hongo-full-width-single-image\">\n\t\t\t<figure class=\"wpb_wrapper vc_figure\">\n\t\t\t\t<div class=\"vc_single_image-wrapper  \"><img loading=\"lazy\" decoding=\"async\" width=\"800\" height=\"1200\" src=\"https:\/\/www.airpes.com\/wp-content\/uploads\/2020\/09\/airpes-electronic-limiter-acn100_hq-00.jpg\" class=\"vc_single_image-img attachment-full\" alt=\"\" title=\"airpes-electronic-limiter-acn100_hq-00\" srcset=\"https:\/\/www.airpes.com\/wp-content\/uploads\/2020\/09\/airpes-electronic-limiter-acn100_hq-00.jpg 800w, https:\/\/www.airpes.com\/wp-content\/uploads\/2020\/09\/airpes-electronic-limiter-acn100_hq-00-340x510.jpg 340w, https:\/\/www.airpes.com\/wp-content\/uploads\/2020\/09\/airpes-electronic-limiter-acn100_hq-00-200x300.jpg 200w, https:\/\/www.airpes.com\/wp-content\/uploads\/2020\/09\/airpes-electronic-limiter-acn100_hq-00-683x1024.jpg 683w, https:\/\/www.airpes.com\/wp-content\/uploads\/2020\/09\/airpes-electronic-limiter-acn100_hq-00-768x1152.jpg 768w, https:\/\/www.airpes.com\/wp-content\/uploads\/2020\/09\/airpes-electronic-limiter-acn100_hq-00-423x635.jpg 423w, https:\/\/www.airpes.com\/wp-content\/uploads\/2020\/09\/airpes-electronic-limiter-acn100_hq-00-84x126.jpg 84w, https:\/\/www.airpes.com\/wp-content\/uploads\/2020\/09\/airpes-electronic-limiter-acn100_hq-00-450x675.jpg 450w, https:\/\/www.airpes.com\/wp-content\/uploads\/2020\/09\/airpes-electronic-limiter-acn100_hq-00-527x790.jpg 527w\" sizes=\"auto, (max-width: 800px) 100vw, 800px\" \/><\/div>\n\t\t\t<\/figure>\n\t\t\t\n\t\t<\/div><\/div><\/div><\/div><\/section><section class=\"vc_row wpb_row vc_row-fluid  vc_custom_1550641386235   vc_row-has-fill\"><div class=\"wpb_column vc_column_container col-xs-mobile-fullwidth vc_col-sm-12 vc_col-md-6 wow fadeIn\" data-wow-delay= 200ms data-wow-duration= 1500ms><div class=\"vc_column-inner  hongo_responsive_1566294673742\"><div class=\"wpb_wrapper\"><\/div><\/div><\/div><div class=\"wpb_column vc_column_container col-xs-mobile-fullwidth vc_col-sm-12 vc_col-md-6 wow fadeIn\" data-wow-delay= 400ms data-wow-duration= 1500ms><div class=\"vc_column-inner\"><div class=\"wpb_wrapper\"><\/div><\/div><\/div><\/section>\n<\/div>","protected":false},"excerpt":{"rendered":"<p>La caja negra econ\u00f3mica modelo ACN-100 est\u00e1 dise\u00f1ada para registrar el espectro de cargas de aparatos de elevaci\u00f3n (polipastos), seg\u00fan la norma UNE 58 919.<br \/>\nLa caja negra econ\u00f3mica modelo ACN-100 est\u00e1 dise\u00f1ada para registrar el espectro de cargas de aparatos de elevaci\u00f3n (polipastos), seg\u00fan la norma UNE 58 919.<\/p>\n<p><strong>Caracter\u00edsticas de la caja negra electr\u00f3nica ACN-100 <\/strong><br \/>\nAdem\u00e1s del control del Periodo de Funcionamiento Seguro \u201cPFS\u201d establecido por la norma, dispone de varios registros para el control de:<\/p>\n<ul>\n<li>n\u00famero de maniobras de elevaci\u00f3n.<\/li>\n<li>n\u00famero de maniobras de elevaci\u00f3n a impulsos.<\/li>\n<li>tiempo de maniobra de elevaci\u00f3n.<\/li>\n<li>n\u00famero de sobrecargas.<\/li>\n<li>n\u00famero de sobrecargas puenteadas.<\/li>\n<li>activaci\u00f3n de revisi\u00f3n por n\u00famero de horas o fecha<\/li>\n<\/ul>\n<p>Todos los datos se visualizar\u00e1n en el terminal de configuraci\u00f3n AMM-40 (ver cat\u00e1logo) protegidos mediante clave de seguridad.<br \/>\nIncluye limitador para control de sobrecargas. Se puede conectar sobre cualquier captador de peso ubicado en: ramal fijo, polea de reenv\u00edo, carro, cable, etc. Dispone opcionalmente de una salida para repetidor de peso (en botonera por cable o Macrodisplay).<br \/>\n*Preparada para sistemas que no incorporen c\u00e9lula de carga.<\/p>\n","protected":false},"featured_media":102711,"template":"","meta":{"_acf_changed":false,"inline_featured_image":false},"product_cat":[282,295,292],"product_tag":[],"class_list":{"0":"post-107664","1":"product","2":"type-product","3":"status-publish","4":"has-post-thumbnail","6":"product_cat-equipos-de-elevacion","7":"product_cat-limitadores-electronicos","8":"product_cat-sistemas-de-vigilancia-y-proteccion-contra-sobrecargas","10":"first","11":"instock","12":"shipping-taxable","13":"product-type-simple"},"acf":[],"yoast_head":"<!-- This site is optimized with the Yoast SEO plugin v26.6 - https:\/\/yoast.com\/wordpress\/plugins\/seo\/ -->\n<title>Caja Negra Electr\u00f3nica para Aparatos Elevaci\u00f3n | Airpes<\/title>\n<meta name=\"description\" content=\"Conoce la caja negra electr\u00f3nica ACN 100 de Airpes Todos los datos se visualizar\u00e1n en el terminal de configuraci\u00f3n AMM 40 mediante clave de seguridad\" \/>\n<meta name=\"robots\" content=\"index, follow, max-snippet:-1, max-image-preview:large, max-video-preview:-1\" \/>\n<link rel=\"canonical\" href=\"https:\/\/www.airpes.com\/es\/product\/caja-negra-electronica-acn-100\/\" \/>\n<meta property=\"og:locale\" content=\"es_ES\" \/>\n<meta property=\"og:type\" content=\"article\" \/>\n<meta property=\"og:title\" content=\"Caja Negra Electr\u00f3nica para Aparatos Elevaci\u00f3n | Airpes\" \/>\n<meta property=\"og:description\" content=\"Conoce la caja negra electr\u00f3nica ACN 100 de Airpes Todos los datos se visualizar\u00e1n en el terminal de configuraci\u00f3n AMM 40 mediante clave de seguridad\" \/>\n<meta property=\"og:url\" content=\"https:\/\/www.airpes.com\/es\/product\/caja-negra-electronica-acn-100\/\" \/>\n<meta property=\"og:site_name\" content=\"Airpes\" \/>\n<meta property=\"article:publisher\" content=\"https:\/\/www.facebook.com\/AIRPES\" \/>\n<meta property=\"article:modified_time\" content=\"2022-04-14T08:41:54+00:00\" \/>\n<meta property=\"og:image\" content=\"https:\/\/www.airpes.com\/wp-content\/uploads\/2020\/09\/airpes-electronic-limiter-acn100_hq-portada.jpg\" \/>\n\t<meta property=\"og:image:width\" content=\"800\" \/>\n\t<meta property=\"og:image:height\" content=\"1200\" \/>\n\t<meta property=\"og:image:type\" content=\"image\/jpeg\" \/>\n<meta name=\"twitter:card\" content=\"summary_large_image\" \/>\n<meta name=\"twitter:site\" content=\"@AIRPES\" \/>\n<meta name=\"twitter:label1\" content=\"Tiempo de lectura\" \/>\n\t<meta name=\"twitter:data1\" content=\"2 minutos\" \/>\n<script type=\"application\/ld+json\" class=\"yoast-schema-graph\">{\"@context\":\"https:\/\/schema.org\",\"@graph\":[{\"@type\":[\"WebPage\",\"ItemPage\"],\"@id\":\"https:\/\/www.airpes.com\/es\/product\/caja-negra-electronica-acn-100\/\",\"url\":\"https:\/\/www.airpes.com\/es\/product\/caja-negra-electronica-acn-100\/\",\"name\":\"Caja Negra Electr\u00f3nica para Aparatos Elevaci\u00f3n | Airpes\",\"isPartOf\":{\"@id\":\"https:\/\/www.airpes.com\/es\/#website\"},\"primaryImageOfPage\":{\"@id\":\"https:\/\/www.airpes.com\/es\/product\/caja-negra-electronica-acn-100\/#primaryimage\"},\"image\":{\"@id\":\"https:\/\/www.airpes.com\/es\/product\/caja-negra-electronica-acn-100\/#primaryimage\"},\"thumbnailUrl\":\"https:\/\/www.airpes.com\/wp-content\/uploads\/2020\/09\/airpes-electronic-limiter-acn100_hq-portada.jpg\",\"datePublished\":\"2020-09-22T17:15:25+00:00\",\"dateModified\":\"2022-04-14T08:41:54+00:00\",\"description\":\"Conoce la caja negra electr\u00f3nica ACN 100 de Airpes Todos los datos se visualizar\u00e1n en el terminal de configuraci\u00f3n AMM 40 mediante clave de seguridad\",\"breadcrumb\":{\"@id\":\"https:\/\/www.airpes.com\/es\/product\/caja-negra-electronica-acn-100\/#breadcrumb\"},\"inLanguage\":\"es\",\"potentialAction\":[{\"@type\":\"ReadAction\",\"target\":[\"https:\/\/www.airpes.com\/es\/product\/caja-negra-electronica-acn-100\/\"]}]},{\"@type\":\"ImageObject\",\"inLanguage\":\"es\",\"@id\":\"https:\/\/www.airpes.com\/es\/product\/caja-negra-electronica-acn-100\/#primaryimage\",\"url\":\"https:\/\/www.airpes.com\/wp-content\/uploads\/2020\/09\/airpes-electronic-limiter-acn100_hq-portada.jpg\",\"contentUrl\":\"https:\/\/www.airpes.com\/wp-content\/uploads\/2020\/09\/airpes-electronic-limiter-acn100_hq-portada.jpg\",\"width\":800,\"height\":1200},{\"@type\":\"BreadcrumbList\",\"@id\":\"https:\/\/www.airpes.com\/es\/product\/caja-negra-electronica-acn-100\/#breadcrumb\",\"itemListElement\":[{\"@type\":\"ListItem\",\"position\":1,\"name\":\"Inicio\",\"item\":\"https:\/\/www.airpes.com\/es\/\"},{\"@type\":\"ListItem\",\"position\":2,\"name\":\"Productos\",\"item\":\"https:\/\/www.airpes.com\/es\/shop\/\"},{\"@type\":\"ListItem\",\"position\":3,\"name\":\"CAJA NEGRA ELECTR\u00d3NICA ACN-100\"}]},{\"@type\":\"WebSite\",\"@id\":\"https:\/\/www.airpes.com\/es\/#website\",\"url\":\"https:\/\/www.airpes.com\/es\/\",\"name\":\"Airpes\",\"description\":\"Your lifting equipment supplier\",\"publisher\":{\"@id\":\"https:\/\/www.airpes.com\/es\/#organization\"},\"potentialAction\":[{\"@type\":\"SearchAction\",\"target\":{\"@type\":\"EntryPoint\",\"urlTemplate\":\"https:\/\/www.airpes.com\/es\/?s={search_term_string}\"},\"query-input\":{\"@type\":\"PropertyValueSpecification\",\"valueRequired\":true,\"valueName\":\"search_term_string\"}}],\"inLanguage\":\"es\"},{\"@type\":\"Organization\",\"@id\":\"https:\/\/www.airpes.com\/es\/#organization\",\"name\":\"Airpes\",\"url\":\"https:\/\/www.airpes.com\/es\/\",\"logo\":{\"@type\":\"ImageObject\",\"inLanguage\":\"es\",\"@id\":\"https:\/\/www.airpes.com\/es\/#\/schema\/logo\/image\/\",\"url\":\"https:\/\/www.airpes.com\/wp-content\/uploads\/2020\/09\/logo.svg\",\"contentUrl\":\"https:\/\/www.airpes.com\/wp-content\/uploads\/2020\/09\/logo.svg\",\"width\":193,\"height\":86,\"caption\":\"Airpes\"},\"image\":{\"@id\":\"https:\/\/www.airpes.com\/es\/#\/schema\/logo\/image\/\"},\"sameAs\":[\"https:\/\/www.facebook.com\/AIRPES\",\"https:\/\/x.com\/AIRPES\",\"https:\/\/www.instagram.com\/AIRPESlifting\/\",\"https:\/\/www.linkedin.com\/company\/airpes\"]}]}<\/script>\n<!-- \/ Yoast SEO plugin. -->","yoast_head_json":{"title":"Caja Negra Electr\u00f3nica para Aparatos Elevaci\u00f3n | Airpes","description":"Conoce la caja negra electr\u00f3nica ACN 100 de Airpes Todos los datos se visualizar\u00e1n en el terminal de configuraci\u00f3n AMM 40 mediante clave de seguridad","robots":{"index":"index","follow":"follow","max-snippet":"max-snippet:-1","max-image-preview":"max-image-preview:large","max-video-preview":"max-video-preview:-1"},"canonical":"https:\/\/www.airpes.com\/es\/product\/caja-negra-electronica-acn-100\/","og_locale":"es_ES","og_type":"article","og_title":"Caja Negra Electr\u00f3nica para Aparatos Elevaci\u00f3n | Airpes","og_description":"Conoce la caja negra electr\u00f3nica ACN 100 de Airpes Todos los datos se visualizar\u00e1n en el terminal de configuraci\u00f3n AMM 40 mediante clave de seguridad","og_url":"https:\/\/www.airpes.com\/es\/product\/caja-negra-electronica-acn-100\/","og_site_name":"Airpes","article_publisher":"https:\/\/www.facebook.com\/AIRPES","article_modified_time":"2022-04-14T08:41:54+00:00","og_image":[{"width":800,"height":1200,"url":"https:\/\/www.airpes.com\/wp-content\/uploads\/2020\/09\/airpes-electronic-limiter-acn100_hq-portada.jpg","type":"image\/jpeg"}],"twitter_card":"summary_large_image","twitter_site":"@AIRPES","twitter_misc":{"Tiempo de lectura":"2 minutos"},"schema":{"@context":"https:\/\/schema.org","@graph":[{"@type":["WebPage","ItemPage"],"@id":"https:\/\/www.airpes.com\/es\/product\/caja-negra-electronica-acn-100\/","url":"https:\/\/www.airpes.com\/es\/product\/caja-negra-electronica-acn-100\/","name":"Caja Negra Electr\u00f3nica para Aparatos Elevaci\u00f3n | Airpes","isPartOf":{"@id":"https:\/\/www.airpes.com\/es\/#website"},"primaryImageOfPage":{"@id":"https:\/\/www.airpes.com\/es\/product\/caja-negra-electronica-acn-100\/#primaryimage"},"image":{"@id":"https:\/\/www.airpes.com\/es\/product\/caja-negra-electronica-acn-100\/#primaryimage"},"thumbnailUrl":"https:\/\/www.airpes.com\/wp-content\/uploads\/2020\/09\/airpes-electronic-limiter-acn100_hq-portada.jpg","datePublished":"2020-09-22T17:15:25+00:00","dateModified":"2022-04-14T08:41:54+00:00","description":"Conoce la caja negra electr\u00f3nica ACN 100 de Airpes Todos los datos se visualizar\u00e1n en el terminal de configuraci\u00f3n AMM 40 mediante clave de seguridad","breadcrumb":{"@id":"https:\/\/www.airpes.com\/es\/product\/caja-negra-electronica-acn-100\/#breadcrumb"},"inLanguage":"es","potentialAction":[{"@type":"ReadAction","target":["https:\/\/www.airpes.com\/es\/product\/caja-negra-electronica-acn-100\/"]}]},{"@type":"ImageObject","inLanguage":"es","@id":"https:\/\/www.airpes.com\/es\/product\/caja-negra-electronica-acn-100\/#primaryimage","url":"https:\/\/www.airpes.com\/wp-content\/uploads\/2020\/09\/airpes-electronic-limiter-acn100_hq-portada.jpg","contentUrl":"https:\/\/www.airpes.com\/wp-content\/uploads\/2020\/09\/airpes-electronic-limiter-acn100_hq-portada.jpg","width":800,"height":1200},{"@type":"BreadcrumbList","@id":"https:\/\/www.airpes.com\/es\/product\/caja-negra-electronica-acn-100\/#breadcrumb","itemListElement":[{"@type":"ListItem","position":1,"name":"Inicio","item":"https:\/\/www.airpes.com\/es\/"},{"@type":"ListItem","position":2,"name":"Productos","item":"https:\/\/www.airpes.com\/es\/shop\/"},{"@type":"ListItem","position":3,"name":"CAJA NEGRA ELECTR\u00d3NICA ACN-100"}]},{"@type":"WebSite","@id":"https:\/\/www.airpes.com\/es\/#website","url":"https:\/\/www.airpes.com\/es\/","name":"Airpes","description":"Your lifting equipment supplier","publisher":{"@id":"https:\/\/www.airpes.com\/es\/#organization"},"potentialAction":[{"@type":"SearchAction","target":{"@type":"EntryPoint","urlTemplate":"https:\/\/www.airpes.com\/es\/?s={search_term_string}"},"query-input":{"@type":"PropertyValueSpecification","valueRequired":true,"valueName":"search_term_string"}}],"inLanguage":"es"},{"@type":"Organization","@id":"https:\/\/www.airpes.com\/es\/#organization","name":"Airpes","url":"https:\/\/www.airpes.com\/es\/","logo":{"@type":"ImageObject","inLanguage":"es","@id":"https:\/\/www.airpes.com\/es\/#\/schema\/logo\/image\/","url":"https:\/\/www.airpes.com\/wp-content\/uploads\/2020\/09\/logo.svg","contentUrl":"https:\/\/www.airpes.com\/wp-content\/uploads\/2020\/09\/logo.svg","width":193,"height":86,"caption":"Airpes"},"image":{"@id":"https:\/\/www.airpes.com\/es\/#\/schema\/logo\/image\/"},"sameAs":["https:\/\/www.facebook.com\/AIRPES","https:\/\/x.com\/AIRPES","https:\/\/www.instagram.com\/AIRPESlifting\/","https:\/\/www.linkedin.com\/company\/airpes"]}]}},"_links":{"self":[{"href":"https:\/\/www.airpes.com\/es\/wp-json\/wp\/v2\/product\/107664","targetHints":{"allow":["GET"]}}],"collection":[{"href":"https:\/\/www.airpes.com\/es\/wp-json\/wp\/v2\/product"}],"about":[{"href":"https:\/\/www.airpes.com\/es\/wp-json\/wp\/v2\/types\/product"}],"wp:featuredmedia":[{"embeddable":true,"href":"https:\/\/www.airpes.com\/es\/wp-json\/wp\/v2\/media\/102711"}],"wp:attachment":[{"href":"https:\/\/www.airpes.com\/es\/wp-json\/wp\/v2\/media?parent=107664"}],"wp:term":[{"taxonomy":"product_cat","embeddable":true,"href":"https:\/\/www.airpes.com\/es\/wp-json\/wp\/v2\/product_cat?post=107664"},{"taxonomy":"product_tag","embeddable":true,"href":"https:\/\/www.airpes.com\/es\/wp-json\/wp\/v2\/product_tag?post=107664"}],"curies":[{"name":"wp","href":"https:\/\/api.w.org\/{rel}","templated":true}]}}