{"id":107662,"date":"2020-09-22T17:01:53","date_gmt":"2020-09-22T17:01:53","guid":{"rendered":"https:\/\/www.airpes.com\/product\/visor-macro-display-amr-60\/"},"modified":"2022-03-18T09:13:05","modified_gmt":"2022-03-18T09:13:05","slug":"visor-macro-display-amr-60","status":"publish","type":"product","link":"https:\/\/www.airpes.com\/es\/product\/visor-macro-display-amr-60\/","title":{"rendered":"VISOR MACRO-DISPLAY AMR-60"},"content":{"rendered":"<div class=\"wpb-content-wrapper\"><section class=\"vc_row wpb_row vc_row-fluid  vc_custom_1550641386235   vc_row-has-fill\"><div class=\"wpb_column vc_column_container col-xs-mobile-fullwidth vc_col-sm-12 vc_col-md-6 wow fadeIn\" data-wow-delay= 200ms data-wow-duration= 1500ms><div class=\"vc_column-inner  hongo_responsive_1566294673742\"><div class=\"wpb_wrapper\"><div class=\"text-block-content hongo-text-block-1 vc_custom_1600794051864 last-paragraph-no-margin\"><p><strong>D\u00edgitos<\/strong><\/p>\n<p>5 LED rojos de 60 mm de altura<\/p>\n<p><strong>Temperatura de trabajo<\/strong><\/p>\n<p>-20\u00baC +60\u00baC<\/p>\n<p><strong>Funciones<\/strong><\/p>\n<p>On, Off, Tara, Suma, Total y Borrar (por mando a distancia)<\/p>\n<p><strong>Protecci\u00f3n<\/strong><\/p>\n<p>IP 55 (opcional IP 65)<\/p>\n<p><strong>Alimentaci\u00f3n<\/strong><\/p>\n<p>48\/110\/220<\/p>\n<\/div><a href=\"https:\/\/www.airpes.com\/wp-content\/uploads\/2020\/12\/AMR-60_cas-copia.pdf\" target= \"_blank\" class=\"hongo-button-1 btn btn-white alt-font btn-medium  hongo_button_1611331776201\"><i class=\"far fa-file-pdf left-icon\" aria-hidden=\"true\"><\/i>Descarga documentaci\u00f3n t\u00e9cnica<\/a><\/div><\/div><\/div><div class=\"wpb_column vc_column_container col-xs-mobile-fullwidth vc_col-sm-12 vc_col-md-6 wow fadeIn\" data-wow-delay= 400ms data-wow-duration= 1500ms><div class=\"vc_column-inner\"><div class=\"wpb_wrapper\"><\/div><\/div><\/div><\/section>\n<\/div>","protected":false},"excerpt":{"rendered":"<p>El visor Macro-display AMR-60 est\u00e1 dise\u00f1ado para trabajar sobre estructuras m\u00f3viles y con alto grado de vibraci\u00f3n. La dimensi\u00f3n y luminosidad de sus d\u00edgitos permite la visualizaci\u00f3n desde largas distancias.<\/p>\n<p><strong>Caracter\u00edsticas y beneficios del Visor Macro-display AMR-60<\/strong><\/p>\n<p>El Macro-display AMR-60 es un visor dise\u00f1ado para trabajar sobre estructuras m\u00f3viles y con alto grado de vibraci\u00f3n, como puentes gr\u00faa, gr\u00faas pluma, autogr\u00faas, gr\u00faas torre, elevadores, etc.<\/p>\n<p>Por la dimensi\u00f3n y luminosidad que posee en los d\u00edgitos, el visor permite que se visualice tanto en interior como en exterior desde largas distancias.<\/p>\n<p>Este Macro-display puede incorporar diversos opcionales como:<\/p>\n<p>Limitador de carga<br \/>\nEmisi\u00f3n y captura de la pesada v\u00eda radio<br \/>\nSalida de ordenador<br \/>\nFunciones de operaci\u00f3n por radio control<br \/>\nY m\u00e1s opcionales<br \/>\nSu estructura de aluminio y su dise\u00f1o totalmente plano le convierte en un Macro-display ligero y accesible, con el fin de facilitar los trabajos de mantenimiento.<\/p>\n","protected":false},"featured_media":102705,"template":"","meta":{"_acf_changed":false,"inline_featured_image":false},"product_cat":[282,292,294],"product_tag":[],"class_list":{"0":"post-107662","1":"product","2":"type-product","3":"status-publish","4":"has-post-thumbnail","6":"product_cat-equipos-de-elevacion","7":"product_cat-sistemas-de-vigilancia-y-proteccion-contra-sobrecargas","8":"product_cat-visores","10":"first","11":"instock","12":"shipping-taxable","13":"product-type-simple"},"acf":[],"yoast_head":"<!-- This site is optimized with the Yoast SEO plugin v27.5 - https:\/\/yoast.com\/product\/yoast-seo-wordpress\/ -->\n<title>Visor Macro Display AMR-60 | Equipos de Pesaje | Airpes<\/title>\n<meta name=\"description\" content=\"\u2714 Conoce los beneficios del visor Macro-display AMR-60 est\u00e1 dise\u00f1ado para trabajar sobre estructuras m\u00f3viles y con alto grado de vibraci\u00f3n.\" \/>\n<meta name=\"robots\" content=\"index, follow, max-snippet:-1, max-image-preview:large, max-video-preview:-1\" \/>\n<link rel=\"canonical\" href=\"https:\/\/www.airpes.com\/es\/product\/visor-macro-display-amr-60\/\" \/>\n<meta property=\"og:locale\" content=\"es_ES\" \/>\n<meta property=\"og:type\" content=\"article\" \/>\n<meta property=\"og:title\" content=\"Visor Macro Display AMR-60 | Equipos de Pesaje | Airpes\" \/>\n<meta property=\"og:description\" content=\"\u2714 Conoce los beneficios del visor Macro-display AMR-60 est\u00e1 dise\u00f1ado para trabajar sobre estructuras m\u00f3viles y con alto grado de vibraci\u00f3n.\" \/>\n<meta property=\"og:url\" content=\"https:\/\/www.airpes.com\/es\/product\/visor-macro-display-amr-60\/\" \/>\n<meta property=\"og:site_name\" content=\"Airpes\" \/>\n<meta property=\"article:publisher\" content=\"https:\/\/www.facebook.com\/AIRPES\" \/>\n<meta property=\"article:modified_time\" content=\"2022-03-18T09:13:05+00:00\" \/>\n<meta property=\"og:image\" content=\"https:\/\/www.airpes.com\/wp-content\/uploads\/2020\/09\/airpes-display-amr60_hq-portada.jpg\" \/>\n\t<meta property=\"og:image:width\" content=\"800\" \/>\n\t<meta property=\"og:image:height\" content=\"1200\" \/>\n\t<meta property=\"og:image:type\" content=\"image\/jpeg\" \/>\n<meta name=\"twitter:card\" content=\"summary_large_image\" \/>\n<meta name=\"twitter:site\" content=\"@AIRPES\" \/>\n<meta name=\"twitter:label1\" content=\"Tiempo de lectura\" \/>\n\t<meta name=\"twitter:data1\" content=\"1 minuto\" \/>\n<script type=\"application\/ld+json\" class=\"yoast-schema-graph\">{\"@context\":\"https:\\\/\\\/schema.org\",\"@graph\":[{\"@type\":[\"WebPage\",\"ItemPage\"],\"@id\":\"https:\\\/\\\/www.airpes.com\\\/es\\\/product\\\/visor-macro-display-amr-60\\\/\",\"url\":\"https:\\\/\\\/www.airpes.com\\\/es\\\/product\\\/visor-macro-display-amr-60\\\/\",\"name\":\"Visor Macro Display AMR-60 | Equipos de Pesaje | Airpes\",\"isPartOf\":{\"@id\":\"https:\\\/\\\/www.airpes.com\\\/es\\\/#website\"},\"primaryImageOfPage\":{\"@id\":\"https:\\\/\\\/www.airpes.com\\\/es\\\/product\\\/visor-macro-display-amr-60\\\/#primaryimage\"},\"image\":{\"@id\":\"https:\\\/\\\/www.airpes.com\\\/es\\\/product\\\/visor-macro-display-amr-60\\\/#primaryimage\"},\"thumbnailUrl\":\"https:\\\/\\\/www.airpes.com\\\/wp-content\\\/uploads\\\/2020\\\/09\\\/airpes-display-amr60_hq-portada.jpg\",\"datePublished\":\"2020-09-22T17:01:53+00:00\",\"dateModified\":\"2022-03-18T09:13:05+00:00\",\"description\":\"\u2714 Conoce los beneficios del visor Macro-display AMR-60 est\u00e1 dise\u00f1ado para trabajar sobre estructuras m\u00f3viles y con alto grado de vibraci\u00f3n.\",\"breadcrumb\":{\"@id\":\"https:\\\/\\\/www.airpes.com\\\/es\\\/product\\\/visor-macro-display-amr-60\\\/#breadcrumb\"},\"inLanguage\":\"es\",\"potentialAction\":[{\"@type\":\"ReadAction\",\"target\":[\"https:\\\/\\\/www.airpes.com\\\/es\\\/product\\\/visor-macro-display-amr-60\\\/\"]}]},{\"@type\":\"ImageObject\",\"inLanguage\":\"es\",\"@id\":\"https:\\\/\\\/www.airpes.com\\\/es\\\/product\\\/visor-macro-display-amr-60\\\/#primaryimage\",\"url\":\"https:\\\/\\\/www.airpes.com\\\/wp-content\\\/uploads\\\/2020\\\/09\\\/airpes-display-amr60_hq-portada.jpg\",\"contentUrl\":\"https:\\\/\\\/www.airpes.com\\\/wp-content\\\/uploads\\\/2020\\\/09\\\/airpes-display-amr60_hq-portada.jpg\",\"width\":800,\"height\":1200},{\"@type\":\"BreadcrumbList\",\"@id\":\"https:\\\/\\\/www.airpes.com\\\/es\\\/product\\\/visor-macro-display-amr-60\\\/#breadcrumb\",\"itemListElement\":[{\"@type\":\"ListItem\",\"position\":1,\"name\":\"Inicio\",\"item\":\"https:\\\/\\\/www.airpes.com\\\/es\\\/\"},{\"@type\":\"ListItem\",\"position\":2,\"name\":\"Productos\",\"item\":\"https:\\\/\\\/www.airpes.com\\\/es\\\/shop\\\/\"},{\"@type\":\"ListItem\",\"position\":3,\"name\":\"VISOR MACRO-DISPLAY AMR-60\"}]},{\"@type\":\"WebSite\",\"@id\":\"https:\\\/\\\/www.airpes.com\\\/es\\\/#website\",\"url\":\"https:\\\/\\\/www.airpes.com\\\/es\\\/\",\"name\":\"Airpes\",\"description\":\"Your lifting equipment supplier\",\"publisher\":{\"@id\":\"https:\\\/\\\/www.airpes.com\\\/es\\\/#organization\"},\"potentialAction\":[{\"@type\":\"SearchAction\",\"target\":{\"@type\":\"EntryPoint\",\"urlTemplate\":\"https:\\\/\\\/www.airpes.com\\\/es\\\/?s={search_term_string}\"},\"query-input\":{\"@type\":\"PropertyValueSpecification\",\"valueRequired\":true,\"valueName\":\"search_term_string\"}}],\"inLanguage\":\"es\"},{\"@type\":\"Organization\",\"@id\":\"https:\\\/\\\/www.airpes.com\\\/es\\\/#organization\",\"name\":\"Airpes\",\"url\":\"https:\\\/\\\/www.airpes.com\\\/es\\\/\",\"logo\":{\"@type\":\"ImageObject\",\"inLanguage\":\"es\",\"@id\":\"https:\\\/\\\/www.airpes.com\\\/es\\\/#\\\/schema\\\/logo\\\/image\\\/\",\"url\":\"https:\\\/\\\/www.airpes.com\\\/wp-content\\\/uploads\\\/2020\\\/09\\\/logo.svg\",\"contentUrl\":\"https:\\\/\\\/www.airpes.com\\\/wp-content\\\/uploads\\\/2020\\\/09\\\/logo.svg\",\"width\":193,\"height\":86,\"caption\":\"Airpes\"},\"image\":{\"@id\":\"https:\\\/\\\/www.airpes.com\\\/es\\\/#\\\/schema\\\/logo\\\/image\\\/\"},\"sameAs\":[\"https:\\\/\\\/www.facebook.com\\\/AIRPES\",\"https:\\\/\\\/x.com\\\/AIRPES\",\"https:\\\/\\\/www.instagram.com\\\/AIRPESlifting\\\/\",\"https:\\\/\\\/www.linkedin.com\\\/company\\\/airpes\"]}]}<\/script>\n<!-- \/ Yoast SEO plugin. -->","yoast_head_json":{"title":"Visor Macro Display AMR-60 | Equipos de Pesaje | Airpes","description":"\u2714 Conoce los beneficios del visor Macro-display AMR-60 est\u00e1 dise\u00f1ado para trabajar sobre estructuras m\u00f3viles y con alto grado de vibraci\u00f3n.","robots":{"index":"index","follow":"follow","max-snippet":"max-snippet:-1","max-image-preview":"max-image-preview:large","max-video-preview":"max-video-preview:-1"},"canonical":"https:\/\/www.airpes.com\/es\/product\/visor-macro-display-amr-60\/","og_locale":"es_ES","og_type":"article","og_title":"Visor Macro Display AMR-60 | Equipos de Pesaje | Airpes","og_description":"\u2714 Conoce los beneficios del visor Macro-display AMR-60 est\u00e1 dise\u00f1ado para trabajar sobre estructuras m\u00f3viles y con alto grado de vibraci\u00f3n.","og_url":"https:\/\/www.airpes.com\/es\/product\/visor-macro-display-amr-60\/","og_site_name":"Airpes","article_publisher":"https:\/\/www.facebook.com\/AIRPES","article_modified_time":"2022-03-18T09:13:05+00:00","og_image":[{"width":800,"height":1200,"url":"https:\/\/www.airpes.com\/wp-content\/uploads\/2020\/09\/airpes-display-amr60_hq-portada.jpg","type":"image\/jpeg"}],"twitter_card":"summary_large_image","twitter_site":"@AIRPES","twitter_misc":{"Tiempo de lectura":"1 minuto"},"schema":{"@context":"https:\/\/schema.org","@graph":[{"@type":["WebPage","ItemPage"],"@id":"https:\/\/www.airpes.com\/es\/product\/visor-macro-display-amr-60\/","url":"https:\/\/www.airpes.com\/es\/product\/visor-macro-display-amr-60\/","name":"Visor Macro Display AMR-60 | Equipos de Pesaje | Airpes","isPartOf":{"@id":"https:\/\/www.airpes.com\/es\/#website"},"primaryImageOfPage":{"@id":"https:\/\/www.airpes.com\/es\/product\/visor-macro-display-amr-60\/#primaryimage"},"image":{"@id":"https:\/\/www.airpes.com\/es\/product\/visor-macro-display-amr-60\/#primaryimage"},"thumbnailUrl":"https:\/\/www.airpes.com\/wp-content\/uploads\/2020\/09\/airpes-display-amr60_hq-portada.jpg","datePublished":"2020-09-22T17:01:53+00:00","dateModified":"2022-03-18T09:13:05+00:00","description":"\u2714 Conoce los beneficios del visor Macro-display AMR-60 est\u00e1 dise\u00f1ado para trabajar sobre estructuras m\u00f3viles y con alto grado de vibraci\u00f3n.","breadcrumb":{"@id":"https:\/\/www.airpes.com\/es\/product\/visor-macro-display-amr-60\/#breadcrumb"},"inLanguage":"es","potentialAction":[{"@type":"ReadAction","target":["https:\/\/www.airpes.com\/es\/product\/visor-macro-display-amr-60\/"]}]},{"@type":"ImageObject","inLanguage":"es","@id":"https:\/\/www.airpes.com\/es\/product\/visor-macro-display-amr-60\/#primaryimage","url":"https:\/\/www.airpes.com\/wp-content\/uploads\/2020\/09\/airpes-display-amr60_hq-portada.jpg","contentUrl":"https:\/\/www.airpes.com\/wp-content\/uploads\/2020\/09\/airpes-display-amr60_hq-portada.jpg","width":800,"height":1200},{"@type":"BreadcrumbList","@id":"https:\/\/www.airpes.com\/es\/product\/visor-macro-display-amr-60\/#breadcrumb","itemListElement":[{"@type":"ListItem","position":1,"name":"Inicio","item":"https:\/\/www.airpes.com\/es\/"},{"@type":"ListItem","position":2,"name":"Productos","item":"https:\/\/www.airpes.com\/es\/shop\/"},{"@type":"ListItem","position":3,"name":"VISOR MACRO-DISPLAY AMR-60"}]},{"@type":"WebSite","@id":"https:\/\/www.airpes.com\/es\/#website","url":"https:\/\/www.airpes.com\/es\/","name":"Airpes","description":"Your lifting equipment supplier","publisher":{"@id":"https:\/\/www.airpes.com\/es\/#organization"},"potentialAction":[{"@type":"SearchAction","target":{"@type":"EntryPoint","urlTemplate":"https:\/\/www.airpes.com\/es\/?s={search_term_string}"},"query-input":{"@type":"PropertyValueSpecification","valueRequired":true,"valueName":"search_term_string"}}],"inLanguage":"es"},{"@type":"Organization","@id":"https:\/\/www.airpes.com\/es\/#organization","name":"Airpes","url":"https:\/\/www.airpes.com\/es\/","logo":{"@type":"ImageObject","inLanguage":"es","@id":"https:\/\/www.airpes.com\/es\/#\/schema\/logo\/image\/","url":"https:\/\/www.airpes.com\/wp-content\/uploads\/2020\/09\/logo.svg","contentUrl":"https:\/\/www.airpes.com\/wp-content\/uploads\/2020\/09\/logo.svg","width":193,"height":86,"caption":"Airpes"},"image":{"@id":"https:\/\/www.airpes.com\/es\/#\/schema\/logo\/image\/"},"sameAs":["https:\/\/www.facebook.com\/AIRPES","https:\/\/x.com\/AIRPES","https:\/\/www.instagram.com\/AIRPESlifting\/","https:\/\/www.linkedin.com\/company\/airpes"]}]}},"_links":{"self":[{"href":"https:\/\/www.airpes.com\/es\/wp-json\/wp\/v2\/product\/107662","targetHints":{"allow":["GET"]}}],"collection":[{"href":"https:\/\/www.airpes.com\/es\/wp-json\/wp\/v2\/product"}],"about":[{"href":"https:\/\/www.airpes.com\/es\/wp-json\/wp\/v2\/types\/product"}],"wp:featuredmedia":[{"embeddable":true,"href":"https:\/\/www.airpes.com\/es\/wp-json\/wp\/v2\/media\/102705"}],"wp:attachment":[{"href":"https:\/\/www.airpes.com\/es\/wp-json\/wp\/v2\/media?parent=107662"}],"wp:term":[{"taxonomy":"product_cat","embeddable":true,"href":"https:\/\/www.airpes.com\/es\/wp-json\/wp\/v2\/product_cat?post=107662"},{"taxonomy":"product_tag","embeddable":true,"href":"https:\/\/www.airpes.com\/es\/wp-json\/wp\/v2\/product_tag?post=107662"}],"curies":[{"name":"wp","href":"https:\/\/api.w.org\/{rel}","templated":true}]}}