{"id":107659,"date":"2020-09-22T16:43:32","date_gmt":"2020-09-22T16:43:32","guid":{"rendered":"https:\/\/www.airpes.com\/product\/visor-electronico-arr-100\/"},"modified":"2021-11-26T10:24:25","modified_gmt":"2021-11-26T10:24:25","slug":"visor-electronico-arr-100","status":"publish","type":"product","link":"https:\/\/www.airpes.com\/es\/product\/visor-electronico-arr-100\/","title":{"rendered":"VISOR ELECTR\u00d3NICO ARR-100"},"content":{"rendered":"<div class=\"wpb-content-wrapper\"><section class=\"vc_row wpb_row vc_row-fluid  vc_custom_1550641386235   vc_row-has-fill\"><div class=\"wpb_column vc_column_container col-xs-mobile-fullwidth vc_col-sm-12 vc_col-md-6 wow fadeIn\" data-wow-delay= 200ms data-wow-duration= 1500ms><div class=\"vc_column-inner  hongo_responsive_1566294673742\"><div class=\"wpb_wrapper\"><div class=\"text-block-content hongo-text-block-1 vc_custom_1600792897337 last-paragraph-no-margin\"><p><strong>Ventajas del Visor Electr\u00f3nico ARR-100<\/strong><\/p>\n<p>El ARR-100 posee diferentes opciones, como la incorparaci\u00f3n de un mando infrarrojos, salida RS-232-C, salida RS-485, indicador de pico m\u00e1ximo, etc.<\/p>\n<p><strong>D\u00edgitos<\/strong><\/p>\n<p>5 LCD 1\u201d (opci\u00f3n LED 1\u201d)<\/p>\n<p><strong>Temperatura de trabajo<\/strong><\/p>\n<p>-20\u00baC +60\u00baC<\/p>\n<p><strong>Funciones<\/strong><\/p>\n<p>On\/Off, Cero, Tara, Suma, Total y Borrar (por mando a distancia)<\/p>\n<p><strong>Protecci\u00f3n<\/strong><\/p>\n<p>IP 55 (opcional IP 65)<\/p>\n<p><strong>Alimentaci\u00f3n<\/strong><br \/>\n8,4V DC \u00f3 110\u2026220V AC<\/p>\n<\/div><a href=\"https:\/\/www.airpes.com\/wp-content\/uploads\/2020\/12\/ARR-100_cas-copia-1.pdf\" target= \"_blank\" class=\"hongo-button-1 btn btn-white alt-font btn-medium  hongo_button_1611331726512\"><i class=\"far fa-file-pdf left-icon\" aria-hidden=\"true\"><\/i>Descarga documentaci\u00f3n t\u00e9cnica<\/a><\/div><\/div><\/div><div class=\"wpb_column vc_column_container col-xs-mobile-fullwidth vc_col-sm-12 vc_col-md-6 wow fadeIn\" data-wow-delay= 400ms data-wow-duration= 1500ms><div class=\"vc_column-inner\"><div class=\"wpb_wrapper\"><\/div><\/div><\/div><\/section>\n<\/div>","protected":false},"excerpt":{"rendered":"<p>El Visor Electr\u00f3nico ARR-100 controla la entrada y salida de producto, el almacenaje, la verificaci\u00f3n de stock, etc.<br \/>\nCaracter\u00edsticas del Visor Electr\u00f3nico ARR-100 Airpes<\/p>\n<p>El Visor Electr\u00f3nico ARR-100 est\u00e1 dise\u00f1ado para ser instalado como visor de sobremesa, pared, techo, repetidor, etc.<\/p>\n<p>Es un equipo apropiado para el control de entrada y salida de producto, control de almacenaje, verificaci\u00f3n de stock, etc. recibiendo la se\u00f1al de una b\u00e1scula o de un equipo Airpes v\u00eda radio.<\/p>\n","protected":false},"featured_media":102701,"template":"","meta":{"_acf_changed":false,"inline_featured_image":false},"product_cat":[282,292,294],"product_tag":[],"class_list":{"0":"post-107659","1":"product","2":"type-product","3":"status-publish","4":"has-post-thumbnail","6":"product_cat-equipos-de-elevacion","7":"product_cat-sistemas-de-vigilancia-y-proteccion-contra-sobrecargas","8":"product_cat-visores","10":"first","11":"instock","12":"shipping-taxable","13":"product-type-simple"},"acf":[],"yoast_head":"<!-- This site is optimized with the Yoast SEO plugin v26.6 - https:\/\/yoast.com\/wordpress\/plugins\/seo\/ -->\n<title>Visor para Monitorizaci\u00f3n y Protecci\u00f3n Sobrecarga | Airpes<\/title>\n<meta name=\"description\" content=\"El Visor Electr\u00f3nico ARR 100 est\u00e1 dise\u00f1ado para ser instalado como visor de sobremesa, pared, techo, repetidor, etc\" \/>\n<meta name=\"robots\" content=\"index, follow, max-snippet:-1, max-image-preview:large, max-video-preview:-1\" \/>\n<link rel=\"canonical\" href=\"https:\/\/www.airpes.com\/es\/product\/visor-electronico-arr-100\/\" \/>\n<meta property=\"og:locale\" content=\"es_ES\" \/>\n<meta property=\"og:type\" content=\"article\" \/>\n<meta property=\"og:title\" content=\"Visor para Monitorizaci\u00f3n y Protecci\u00f3n Sobrecarga | Airpes\" \/>\n<meta property=\"og:description\" content=\"El Visor Electr\u00f3nico ARR 100 est\u00e1 dise\u00f1ado para ser instalado como visor de sobremesa, pared, techo, repetidor, etc\" \/>\n<meta property=\"og:url\" content=\"https:\/\/www.airpes.com\/es\/product\/visor-electronico-arr-100\/\" \/>\n<meta property=\"og:site_name\" content=\"Airpes\" \/>\n<meta property=\"article:publisher\" content=\"https:\/\/www.facebook.com\/AIRPES\" \/>\n<meta property=\"article:modified_time\" content=\"2021-11-26T10:24:25+00:00\" \/>\n<meta property=\"og:image\" content=\"https:\/\/www.airpes.com\/wp-content\/uploads\/2020\/09\/airpes-display-ARR100_HQ-portada.jpg\" \/>\n\t<meta property=\"og:image:width\" content=\"800\" \/>\n\t<meta property=\"og:image:height\" content=\"1200\" \/>\n\t<meta property=\"og:image:type\" content=\"image\/jpeg\" \/>\n<meta name=\"twitter:card\" content=\"summary_large_image\" \/>\n<meta name=\"twitter:site\" content=\"@AIRPES\" \/>\n<meta name=\"twitter:label1\" content=\"Tiempo de lectura\" \/>\n\t<meta name=\"twitter:data1\" content=\"1 minuto\" \/>\n<script type=\"application\/ld+json\" class=\"yoast-schema-graph\">{\"@context\":\"https:\/\/schema.org\",\"@graph\":[{\"@type\":[\"WebPage\",\"ItemPage\"],\"@id\":\"https:\/\/www.airpes.com\/es\/product\/visor-electronico-arr-100\/\",\"url\":\"https:\/\/www.airpes.com\/es\/product\/visor-electronico-arr-100\/\",\"name\":\"Visor para Monitorizaci\u00f3n y Protecci\u00f3n Sobrecarga | Airpes\",\"isPartOf\":{\"@id\":\"https:\/\/www.airpes.com\/es\/#website\"},\"primaryImageOfPage\":{\"@id\":\"https:\/\/www.airpes.com\/es\/product\/visor-electronico-arr-100\/#primaryimage\"},\"image\":{\"@id\":\"https:\/\/www.airpes.com\/es\/product\/visor-electronico-arr-100\/#primaryimage\"},\"thumbnailUrl\":\"https:\/\/www.airpes.com\/wp-content\/uploads\/2020\/09\/airpes-display-ARR100_HQ-portada.jpg\",\"datePublished\":\"2020-09-22T16:43:32+00:00\",\"dateModified\":\"2021-11-26T10:24:25+00:00\",\"description\":\"El Visor Electr\u00f3nico ARR 100 est\u00e1 dise\u00f1ado para ser instalado como visor de sobremesa, pared, techo, repetidor, etc\",\"breadcrumb\":{\"@id\":\"https:\/\/www.airpes.com\/es\/product\/visor-electronico-arr-100\/#breadcrumb\"},\"inLanguage\":\"es\",\"potentialAction\":[{\"@type\":\"ReadAction\",\"target\":[\"https:\/\/www.airpes.com\/es\/product\/visor-electronico-arr-100\/\"]}]},{\"@type\":\"ImageObject\",\"inLanguage\":\"es\",\"@id\":\"https:\/\/www.airpes.com\/es\/product\/visor-electronico-arr-100\/#primaryimage\",\"url\":\"https:\/\/www.airpes.com\/wp-content\/uploads\/2020\/09\/airpes-display-ARR100_HQ-portada.jpg\",\"contentUrl\":\"https:\/\/www.airpes.com\/wp-content\/uploads\/2020\/09\/airpes-display-ARR100_HQ-portada.jpg\",\"width\":800,\"height\":1200},{\"@type\":\"BreadcrumbList\",\"@id\":\"https:\/\/www.airpes.com\/es\/product\/visor-electronico-arr-100\/#breadcrumb\",\"itemListElement\":[{\"@type\":\"ListItem\",\"position\":1,\"name\":\"Inicio\",\"item\":\"https:\/\/www.airpes.com\/es\/\"},{\"@type\":\"ListItem\",\"position\":2,\"name\":\"Productos\",\"item\":\"https:\/\/www.airpes.com\/es\/shop\/\"},{\"@type\":\"ListItem\",\"position\":3,\"name\":\"VISOR ELECTR\u00d3NICO ARR-100\"}]},{\"@type\":\"WebSite\",\"@id\":\"https:\/\/www.airpes.com\/es\/#website\",\"url\":\"https:\/\/www.airpes.com\/es\/\",\"name\":\"Airpes\",\"description\":\"Your lifting equipment supplier\",\"publisher\":{\"@id\":\"https:\/\/www.airpes.com\/es\/#organization\"},\"potentialAction\":[{\"@type\":\"SearchAction\",\"target\":{\"@type\":\"EntryPoint\",\"urlTemplate\":\"https:\/\/www.airpes.com\/es\/?s={search_term_string}\"},\"query-input\":{\"@type\":\"PropertyValueSpecification\",\"valueRequired\":true,\"valueName\":\"search_term_string\"}}],\"inLanguage\":\"es\"},{\"@type\":\"Organization\",\"@id\":\"https:\/\/www.airpes.com\/es\/#organization\",\"name\":\"Airpes\",\"url\":\"https:\/\/www.airpes.com\/es\/\",\"logo\":{\"@type\":\"ImageObject\",\"inLanguage\":\"es\",\"@id\":\"https:\/\/www.airpes.com\/es\/#\/schema\/logo\/image\/\",\"url\":\"https:\/\/www.airpes.com\/wp-content\/uploads\/2020\/09\/logo.svg\",\"contentUrl\":\"https:\/\/www.airpes.com\/wp-content\/uploads\/2020\/09\/logo.svg\",\"width\":193,\"height\":86,\"caption\":\"Airpes\"},\"image\":{\"@id\":\"https:\/\/www.airpes.com\/es\/#\/schema\/logo\/image\/\"},\"sameAs\":[\"https:\/\/www.facebook.com\/AIRPES\",\"https:\/\/x.com\/AIRPES\",\"https:\/\/www.instagram.com\/AIRPESlifting\/\",\"https:\/\/www.linkedin.com\/company\/airpes\"]}]}<\/script>\n<!-- \/ Yoast SEO plugin. -->","yoast_head_json":{"title":"Visor para Monitorizaci\u00f3n y Protecci\u00f3n Sobrecarga | Airpes","description":"El Visor Electr\u00f3nico ARR 100 est\u00e1 dise\u00f1ado para ser instalado como visor de sobremesa, pared, techo, repetidor, etc","robots":{"index":"index","follow":"follow","max-snippet":"max-snippet:-1","max-image-preview":"max-image-preview:large","max-video-preview":"max-video-preview:-1"},"canonical":"https:\/\/www.airpes.com\/es\/product\/visor-electronico-arr-100\/","og_locale":"es_ES","og_type":"article","og_title":"Visor para Monitorizaci\u00f3n y Protecci\u00f3n Sobrecarga | Airpes","og_description":"El Visor Electr\u00f3nico ARR 100 est\u00e1 dise\u00f1ado para ser instalado como visor de sobremesa, pared, techo, repetidor, etc","og_url":"https:\/\/www.airpes.com\/es\/product\/visor-electronico-arr-100\/","og_site_name":"Airpes","article_publisher":"https:\/\/www.facebook.com\/AIRPES","article_modified_time":"2021-11-26T10:24:25+00:00","og_image":[{"width":800,"height":1200,"url":"https:\/\/www.airpes.com\/wp-content\/uploads\/2020\/09\/airpes-display-ARR100_HQ-portada.jpg","type":"image\/jpeg"}],"twitter_card":"summary_large_image","twitter_site":"@AIRPES","twitter_misc":{"Tiempo de lectura":"1 minuto"},"schema":{"@context":"https:\/\/schema.org","@graph":[{"@type":["WebPage","ItemPage"],"@id":"https:\/\/www.airpes.com\/es\/product\/visor-electronico-arr-100\/","url":"https:\/\/www.airpes.com\/es\/product\/visor-electronico-arr-100\/","name":"Visor para Monitorizaci\u00f3n y Protecci\u00f3n Sobrecarga | Airpes","isPartOf":{"@id":"https:\/\/www.airpes.com\/es\/#website"},"primaryImageOfPage":{"@id":"https:\/\/www.airpes.com\/es\/product\/visor-electronico-arr-100\/#primaryimage"},"image":{"@id":"https:\/\/www.airpes.com\/es\/product\/visor-electronico-arr-100\/#primaryimage"},"thumbnailUrl":"https:\/\/www.airpes.com\/wp-content\/uploads\/2020\/09\/airpes-display-ARR100_HQ-portada.jpg","datePublished":"2020-09-22T16:43:32+00:00","dateModified":"2021-11-26T10:24:25+00:00","description":"El Visor Electr\u00f3nico ARR 100 est\u00e1 dise\u00f1ado para ser instalado como visor de sobremesa, pared, techo, repetidor, etc","breadcrumb":{"@id":"https:\/\/www.airpes.com\/es\/product\/visor-electronico-arr-100\/#breadcrumb"},"inLanguage":"es","potentialAction":[{"@type":"ReadAction","target":["https:\/\/www.airpes.com\/es\/product\/visor-electronico-arr-100\/"]}]},{"@type":"ImageObject","inLanguage":"es","@id":"https:\/\/www.airpes.com\/es\/product\/visor-electronico-arr-100\/#primaryimage","url":"https:\/\/www.airpes.com\/wp-content\/uploads\/2020\/09\/airpes-display-ARR100_HQ-portada.jpg","contentUrl":"https:\/\/www.airpes.com\/wp-content\/uploads\/2020\/09\/airpes-display-ARR100_HQ-portada.jpg","width":800,"height":1200},{"@type":"BreadcrumbList","@id":"https:\/\/www.airpes.com\/es\/product\/visor-electronico-arr-100\/#breadcrumb","itemListElement":[{"@type":"ListItem","position":1,"name":"Inicio","item":"https:\/\/www.airpes.com\/es\/"},{"@type":"ListItem","position":2,"name":"Productos","item":"https:\/\/www.airpes.com\/es\/shop\/"},{"@type":"ListItem","position":3,"name":"VISOR ELECTR\u00d3NICO ARR-100"}]},{"@type":"WebSite","@id":"https:\/\/www.airpes.com\/es\/#website","url":"https:\/\/www.airpes.com\/es\/","name":"Airpes","description":"Your lifting equipment supplier","publisher":{"@id":"https:\/\/www.airpes.com\/es\/#organization"},"potentialAction":[{"@type":"SearchAction","target":{"@type":"EntryPoint","urlTemplate":"https:\/\/www.airpes.com\/es\/?s={search_term_string}"},"query-input":{"@type":"PropertyValueSpecification","valueRequired":true,"valueName":"search_term_string"}}],"inLanguage":"es"},{"@type":"Organization","@id":"https:\/\/www.airpes.com\/es\/#organization","name":"Airpes","url":"https:\/\/www.airpes.com\/es\/","logo":{"@type":"ImageObject","inLanguage":"es","@id":"https:\/\/www.airpes.com\/es\/#\/schema\/logo\/image\/","url":"https:\/\/www.airpes.com\/wp-content\/uploads\/2020\/09\/logo.svg","contentUrl":"https:\/\/www.airpes.com\/wp-content\/uploads\/2020\/09\/logo.svg","width":193,"height":86,"caption":"Airpes"},"image":{"@id":"https:\/\/www.airpes.com\/es\/#\/schema\/logo\/image\/"},"sameAs":["https:\/\/www.facebook.com\/AIRPES","https:\/\/x.com\/AIRPES","https:\/\/www.instagram.com\/AIRPESlifting\/","https:\/\/www.linkedin.com\/company\/airpes"]}]}},"_links":{"self":[{"href":"https:\/\/www.airpes.com\/es\/wp-json\/wp\/v2\/product\/107659","targetHints":{"allow":["GET"]}}],"collection":[{"href":"https:\/\/www.airpes.com\/es\/wp-json\/wp\/v2\/product"}],"about":[{"href":"https:\/\/www.airpes.com\/es\/wp-json\/wp\/v2\/types\/product"}],"wp:featuredmedia":[{"embeddable":true,"href":"https:\/\/www.airpes.com\/es\/wp-json\/wp\/v2\/media\/102701"}],"wp:attachment":[{"href":"https:\/\/www.airpes.com\/es\/wp-json\/wp\/v2\/media?parent=107659"}],"wp:term":[{"taxonomy":"product_cat","embeddable":true,"href":"https:\/\/www.airpes.com\/es\/wp-json\/wp\/v2\/product_cat?post=107659"},{"taxonomy":"product_tag","embeddable":true,"href":"https:\/\/www.airpes.com\/es\/wp-json\/wp\/v2\/product_tag?post=107659"}],"curies":[{"name":"wp","href":"https:\/\/api.w.org\/{rel}","templated":true}]}}