{"id":107658,"date":"2020-09-22T16:39:15","date_gmt":"2020-09-22T16:39:15","guid":{"rendered":"https:\/\/www.airpes.com\/product\/repetidor-empotrable-art-40\/"},"modified":"2021-11-26T10:22:47","modified_gmt":"2021-11-26T10:22:47","slug":"repetidor-empotrable-art-40","status":"publish","type":"product","link":"https:\/\/www.airpes.com\/es\/product\/repetidor-empotrable-art-40\/","title":{"rendered":"REPETIDOR EMPOTRABLE ART-40"},"content":{"rendered":"<div class=\"wpb-content-wrapper\"><section class=\"vc_row wpb_row vc_row-fluid  vc_custom_1550641386235   vc_row-has-fill\"><div class=\"wpb_column vc_column_container col-xs-mobile-fullwidth vc_col-sm-12 vc_col-md-6 wow fadeIn\" data-wow-delay= 200ms data-wow-duration= 1500ms><div class=\"vc_column-inner  hongo_responsive_1566294673742\"><div class=\"wpb_wrapper\"><div class=\"text-block-content hongo-text-block-1 vc_custom_1600792677925 last-paragraph-no-margin\"><p><strong>Ventajas del Repetidor Empotrable ART-40<\/strong><\/p>\n<p>El ART-40 posee diferentes opciones, como la incorporaci\u00f3n de tara, memoria sumadora, total, etc<\/p>\n<p><strong>D\u00edgitos<\/strong><\/p>\n<p>6 LCD 0.4\u201d<\/p>\n<p><strong>Temperatura de trabajo<\/strong><\/p>\n<p>-20\u00baC +60\u00baC<\/p>\n<p><strong>Funciones<\/strong><\/p>\n<p>On\/Off, Cero, Tara Suma, Total y Borrar<\/p>\n<p><strong>Protecci\u00f3n<\/strong><\/p>\n<p>IP 55 (opcional IP 65)<\/p>\n<p><strong>Conexi\u00f3n<\/strong><\/p>\n<p>Mediante 2 hilos sin polaridad<\/p>\n<\/div><a href=\"https:\/\/www.airpes.com\/wp-content\/uploads\/2020\/12\/ART-400_cas-copia.pdf\" target= \"_blank\" class=\"hongo-button-1 btn btn-white alt-font btn-medium  hongo_button_1611331681338\"><i class=\"far fa-file-pdf left-icon\" aria-hidden=\"true\"><\/i>Descarga documentaci\u00f3n t\u00e9cnica<\/a><\/div><\/div><\/div><div class=\"wpb_column vc_column_container col-xs-mobile-fullwidth vc_col-sm-12 vc_col-md-6 wow fadeIn\" data-wow-delay= 400ms data-wow-duration= 1500ms><div class=\"vc_column-inner\"><div class=\"wpb_wrapper\"><\/div><\/div><\/div><\/section>\n<\/div>","protected":false},"excerpt":{"rendered":"<p>El repetidor empotrable ART-40 est\u00e1 dise\u00f1ado para ser empotrado en paneles de control, pupitres, etc. con una f\u00e1cil instalaci\u00f3n. Recibe la informaci\u00f3n del visor que necesites.<\/p>\n<p><strong>Caracter\u00edsticas del Repetidor Empotrable ART-40 Airpes<\/strong><\/p>\n<p>El Repetidor empotrable ART-40 est\u00e1 dise\u00f1ado para ser empotrado en paneles de control, pupitres, etc.<\/p>\n<p>El ART-40 es un repetidor de muy f\u00e1cil instalaci\u00f3n (mediante 2 hilos sin polaridad y sin necesidad de alimentaci\u00f3n), puede recibir la informaci\u00f3n de cualquiera de nuestros visores.<\/p>\n<p>Pueden colocarse varios repetidores en paralelo en la misma l\u00ednea, para recibir cada uno de ellos el peso de cada equipos bib\u00e1scula \u00f3 multib\u00e1scula.<\/p>\n","protected":false},"featured_media":102699,"template":"","meta":{"_acf_changed":false,"inline_featured_image":false},"product_cat":[282,292,294],"product_tag":[],"class_list":{"0":"post-107658","1":"product","2":"type-product","3":"status-publish","4":"has-post-thumbnail","6":"product_cat-equipos-de-elevacion","7":"product_cat-sistemas-de-vigilancia-y-proteccion-contra-sobrecargas","8":"product_cat-visores","10":"first","11":"instock","12":"shipping-taxable","13":"product-type-simple"},"acf":[],"yoast_head":"<!-- This site is optimized with the Yoast SEO plugin v26.6 - https:\/\/yoast.com\/wordpress\/plugins\/seo\/ -->\n<title>Repetidor empotrable ART-400 para Informaci\u00f3n Visor | Airpes<\/title>\n<meta name=\"description\" content=\"El Repetidor empotrable ART 400 est\u00e1 dise\u00f1ado para ser empotrado en paneles de control, pupitres, etc con una f\u00e1cil instalaci\u00f3n\" \/>\n<meta name=\"robots\" content=\"index, follow, max-snippet:-1, max-image-preview:large, max-video-preview:-1\" \/>\n<link rel=\"canonical\" href=\"https:\/\/www.airpes.com\/es\/product\/repetidor-empotrable-art-40\/\" \/>\n<meta property=\"og:locale\" content=\"es_ES\" \/>\n<meta property=\"og:type\" content=\"article\" \/>\n<meta property=\"og:title\" content=\"Repetidor empotrable ART-400 para Informaci\u00f3n Visor | Airpes\" \/>\n<meta property=\"og:description\" content=\"El Repetidor empotrable ART 400 est\u00e1 dise\u00f1ado para ser empotrado en paneles de control, pupitres, etc con una f\u00e1cil instalaci\u00f3n\" \/>\n<meta property=\"og:url\" content=\"https:\/\/www.airpes.com\/es\/product\/repetidor-empotrable-art-40\/\" \/>\n<meta property=\"og:site_name\" content=\"Airpes\" \/>\n<meta property=\"article:publisher\" content=\"https:\/\/www.facebook.com\/AIRPES\" \/>\n<meta property=\"article:modified_time\" content=\"2021-11-26T10:22:47+00:00\" \/>\n<meta property=\"og:image\" content=\"https:\/\/www.airpes.com\/wp-content\/uploads\/2020\/09\/AIRPES2.jpg\" \/>\n\t<meta property=\"og:image:width\" content=\"800\" \/>\n\t<meta property=\"og:image:height\" content=\"1200\" \/>\n\t<meta property=\"og:image:type\" content=\"image\/jpeg\" \/>\n<meta name=\"twitter:card\" content=\"summary_large_image\" \/>\n<meta name=\"twitter:site\" content=\"@AIRPES\" \/>\n<meta name=\"twitter:label1\" content=\"Tiempo de lectura\" \/>\n\t<meta name=\"twitter:data1\" content=\"1 minuto\" \/>\n<script type=\"application\/ld+json\" class=\"yoast-schema-graph\">{\"@context\":\"https:\/\/schema.org\",\"@graph\":[{\"@type\":[\"WebPage\",\"ItemPage\"],\"@id\":\"https:\/\/www.airpes.com\/es\/product\/repetidor-empotrable-art-40\/\",\"url\":\"https:\/\/www.airpes.com\/es\/product\/repetidor-empotrable-art-40\/\",\"name\":\"Repetidor empotrable ART-400 para Informaci\u00f3n Visor | Airpes\",\"isPartOf\":{\"@id\":\"https:\/\/www.airpes.com\/es\/#website\"},\"primaryImageOfPage\":{\"@id\":\"https:\/\/www.airpes.com\/es\/product\/repetidor-empotrable-art-40\/#primaryimage\"},\"image\":{\"@id\":\"https:\/\/www.airpes.com\/es\/product\/repetidor-empotrable-art-40\/#primaryimage\"},\"thumbnailUrl\":\"https:\/\/www.airpes.com\/wp-content\/uploads\/2020\/09\/AIRPES2.jpg\",\"datePublished\":\"2020-09-22T16:39:15+00:00\",\"dateModified\":\"2021-11-26T10:22:47+00:00\",\"description\":\"El Repetidor empotrable ART 400 est\u00e1 dise\u00f1ado para ser empotrado en paneles de control, pupitres, etc con una f\u00e1cil instalaci\u00f3n\",\"breadcrumb\":{\"@id\":\"https:\/\/www.airpes.com\/es\/product\/repetidor-empotrable-art-40\/#breadcrumb\"},\"inLanguage\":\"es\",\"potentialAction\":[{\"@type\":\"ReadAction\",\"target\":[\"https:\/\/www.airpes.com\/es\/product\/repetidor-empotrable-art-40\/\"]}]},{\"@type\":\"ImageObject\",\"inLanguage\":\"es\",\"@id\":\"https:\/\/www.airpes.com\/es\/product\/repetidor-empotrable-art-40\/#primaryimage\",\"url\":\"https:\/\/www.airpes.com\/wp-content\/uploads\/2020\/09\/AIRPES2.jpg\",\"contentUrl\":\"https:\/\/www.airpes.com\/wp-content\/uploads\/2020\/09\/AIRPES2.jpg\",\"width\":800,\"height\":1200},{\"@type\":\"BreadcrumbList\",\"@id\":\"https:\/\/www.airpes.com\/es\/product\/repetidor-empotrable-art-40\/#breadcrumb\",\"itemListElement\":[{\"@type\":\"ListItem\",\"position\":1,\"name\":\"Inicio\",\"item\":\"https:\/\/www.airpes.com\/es\/\"},{\"@type\":\"ListItem\",\"position\":2,\"name\":\"Productos\",\"item\":\"https:\/\/www.airpes.com\/es\/shop\/\"},{\"@type\":\"ListItem\",\"position\":3,\"name\":\"REPETIDOR EMPOTRABLE ART-40\"}]},{\"@type\":\"WebSite\",\"@id\":\"https:\/\/www.airpes.com\/es\/#website\",\"url\":\"https:\/\/www.airpes.com\/es\/\",\"name\":\"Airpes\",\"description\":\"Your lifting equipment supplier\",\"publisher\":{\"@id\":\"https:\/\/www.airpes.com\/es\/#organization\"},\"potentialAction\":[{\"@type\":\"SearchAction\",\"target\":{\"@type\":\"EntryPoint\",\"urlTemplate\":\"https:\/\/www.airpes.com\/es\/?s={search_term_string}\"},\"query-input\":{\"@type\":\"PropertyValueSpecification\",\"valueRequired\":true,\"valueName\":\"search_term_string\"}}],\"inLanguage\":\"es\"},{\"@type\":\"Organization\",\"@id\":\"https:\/\/www.airpes.com\/es\/#organization\",\"name\":\"Airpes\",\"url\":\"https:\/\/www.airpes.com\/es\/\",\"logo\":{\"@type\":\"ImageObject\",\"inLanguage\":\"es\",\"@id\":\"https:\/\/www.airpes.com\/es\/#\/schema\/logo\/image\/\",\"url\":\"https:\/\/www.airpes.com\/wp-content\/uploads\/2020\/09\/logo.svg\",\"contentUrl\":\"https:\/\/www.airpes.com\/wp-content\/uploads\/2020\/09\/logo.svg\",\"width\":193,\"height\":86,\"caption\":\"Airpes\"},\"image\":{\"@id\":\"https:\/\/www.airpes.com\/es\/#\/schema\/logo\/image\/\"},\"sameAs\":[\"https:\/\/www.facebook.com\/AIRPES\",\"https:\/\/x.com\/AIRPES\",\"https:\/\/www.instagram.com\/AIRPESlifting\/\",\"https:\/\/www.linkedin.com\/company\/airpes\"]}]}<\/script>\n<!-- \/ Yoast SEO plugin. -->","yoast_head_json":{"title":"Repetidor empotrable ART-400 para Informaci\u00f3n Visor | Airpes","description":"El Repetidor empotrable ART 400 est\u00e1 dise\u00f1ado para ser empotrado en paneles de control, pupitres, etc con una f\u00e1cil instalaci\u00f3n","robots":{"index":"index","follow":"follow","max-snippet":"max-snippet:-1","max-image-preview":"max-image-preview:large","max-video-preview":"max-video-preview:-1"},"canonical":"https:\/\/www.airpes.com\/es\/product\/repetidor-empotrable-art-40\/","og_locale":"es_ES","og_type":"article","og_title":"Repetidor empotrable ART-400 para Informaci\u00f3n Visor | Airpes","og_description":"El Repetidor empotrable ART 400 est\u00e1 dise\u00f1ado para ser empotrado en paneles de control, pupitres, etc con una f\u00e1cil instalaci\u00f3n","og_url":"https:\/\/www.airpes.com\/es\/product\/repetidor-empotrable-art-40\/","og_site_name":"Airpes","article_publisher":"https:\/\/www.facebook.com\/AIRPES","article_modified_time":"2021-11-26T10:22:47+00:00","og_image":[{"width":800,"height":1200,"url":"https:\/\/www.airpes.com\/wp-content\/uploads\/2020\/09\/AIRPES2.jpg","type":"image\/jpeg"}],"twitter_card":"summary_large_image","twitter_site":"@AIRPES","twitter_misc":{"Tiempo de lectura":"1 minuto"},"schema":{"@context":"https:\/\/schema.org","@graph":[{"@type":["WebPage","ItemPage"],"@id":"https:\/\/www.airpes.com\/es\/product\/repetidor-empotrable-art-40\/","url":"https:\/\/www.airpes.com\/es\/product\/repetidor-empotrable-art-40\/","name":"Repetidor empotrable ART-400 para Informaci\u00f3n Visor | Airpes","isPartOf":{"@id":"https:\/\/www.airpes.com\/es\/#website"},"primaryImageOfPage":{"@id":"https:\/\/www.airpes.com\/es\/product\/repetidor-empotrable-art-40\/#primaryimage"},"image":{"@id":"https:\/\/www.airpes.com\/es\/product\/repetidor-empotrable-art-40\/#primaryimage"},"thumbnailUrl":"https:\/\/www.airpes.com\/wp-content\/uploads\/2020\/09\/AIRPES2.jpg","datePublished":"2020-09-22T16:39:15+00:00","dateModified":"2021-11-26T10:22:47+00:00","description":"El Repetidor empotrable ART 400 est\u00e1 dise\u00f1ado para ser empotrado en paneles de control, pupitres, etc con una f\u00e1cil instalaci\u00f3n","breadcrumb":{"@id":"https:\/\/www.airpes.com\/es\/product\/repetidor-empotrable-art-40\/#breadcrumb"},"inLanguage":"es","potentialAction":[{"@type":"ReadAction","target":["https:\/\/www.airpes.com\/es\/product\/repetidor-empotrable-art-40\/"]}]},{"@type":"ImageObject","inLanguage":"es","@id":"https:\/\/www.airpes.com\/es\/product\/repetidor-empotrable-art-40\/#primaryimage","url":"https:\/\/www.airpes.com\/wp-content\/uploads\/2020\/09\/AIRPES2.jpg","contentUrl":"https:\/\/www.airpes.com\/wp-content\/uploads\/2020\/09\/AIRPES2.jpg","width":800,"height":1200},{"@type":"BreadcrumbList","@id":"https:\/\/www.airpes.com\/es\/product\/repetidor-empotrable-art-40\/#breadcrumb","itemListElement":[{"@type":"ListItem","position":1,"name":"Inicio","item":"https:\/\/www.airpes.com\/es\/"},{"@type":"ListItem","position":2,"name":"Productos","item":"https:\/\/www.airpes.com\/es\/shop\/"},{"@type":"ListItem","position":3,"name":"REPETIDOR EMPOTRABLE ART-40"}]},{"@type":"WebSite","@id":"https:\/\/www.airpes.com\/es\/#website","url":"https:\/\/www.airpes.com\/es\/","name":"Airpes","description":"Your lifting equipment supplier","publisher":{"@id":"https:\/\/www.airpes.com\/es\/#organization"},"potentialAction":[{"@type":"SearchAction","target":{"@type":"EntryPoint","urlTemplate":"https:\/\/www.airpes.com\/es\/?s={search_term_string}"},"query-input":{"@type":"PropertyValueSpecification","valueRequired":true,"valueName":"search_term_string"}}],"inLanguage":"es"},{"@type":"Organization","@id":"https:\/\/www.airpes.com\/es\/#organization","name":"Airpes","url":"https:\/\/www.airpes.com\/es\/","logo":{"@type":"ImageObject","inLanguage":"es","@id":"https:\/\/www.airpes.com\/es\/#\/schema\/logo\/image\/","url":"https:\/\/www.airpes.com\/wp-content\/uploads\/2020\/09\/logo.svg","contentUrl":"https:\/\/www.airpes.com\/wp-content\/uploads\/2020\/09\/logo.svg","width":193,"height":86,"caption":"Airpes"},"image":{"@id":"https:\/\/www.airpes.com\/es\/#\/schema\/logo\/image\/"},"sameAs":["https:\/\/www.facebook.com\/AIRPES","https:\/\/x.com\/AIRPES","https:\/\/www.instagram.com\/AIRPESlifting\/","https:\/\/www.linkedin.com\/company\/airpes"]}]}},"_links":{"self":[{"href":"https:\/\/www.airpes.com\/es\/wp-json\/wp\/v2\/product\/107658","targetHints":{"allow":["GET"]}}],"collection":[{"href":"https:\/\/www.airpes.com\/es\/wp-json\/wp\/v2\/product"}],"about":[{"href":"https:\/\/www.airpes.com\/es\/wp-json\/wp\/v2\/types\/product"}],"wp:featuredmedia":[{"embeddable":true,"href":"https:\/\/www.airpes.com\/es\/wp-json\/wp\/v2\/media\/102699"}],"wp:attachment":[{"href":"https:\/\/www.airpes.com\/es\/wp-json\/wp\/v2\/media?parent=107658"}],"wp:term":[{"taxonomy":"product_cat","embeddable":true,"href":"https:\/\/www.airpes.com\/es\/wp-json\/wp\/v2\/product_cat?post=107658"},{"taxonomy":"product_tag","embeddable":true,"href":"https:\/\/www.airpes.com\/es\/wp-json\/wp\/v2\/product_tag?post=107658"}],"curies":[{"name":"wp","href":"https:\/\/api.w.org\/{rel}","templated":true}]}}