{"id":107656,"date":"2020-09-22T19:05:12","date_gmt":"2020-09-22T19:05:12","guid":{"rendered":"https:\/\/www.airpes.com\/product\/pinzas-de-tunel-de-hormigon\/"},"modified":"2022-01-14T09:10:36","modified_gmt":"2022-01-14T09:10:36","slug":"pinzas-de-tunel-de-hormigon","status":"publish","type":"product","link":"https:\/\/www.airpes.com\/es\/product\/pinzas-de-tunel-de-hormigon\/","title":{"rendered":"PINZAS DE T\u00daNEL DE HORMIG\u00d3N"},"content":{"rendered":"<div class=\"wpb-content-wrapper\"><section class=\"vc_row wpb_row vc_row-fluid  vc_custom_1550641386235   vc_row-has-fill\"><div class=\"wpb_column vc_column_container col-xs-mobile-fullwidth vc_col-sm-12 vc_col-md-6 wow fadeIn\" data-wow-delay= 200ms data-wow-duration= 1500ms><div class=\"vc_column-inner  hongo_responsive_1566294673742\"><div class=\"wpb_wrapper\"><div class=\"text-block-content hongo-text-block-1 vc_custom_1611798367682 last-paragraph-no-margin\"><h3><strong>Caracter\u00edsticas pinzas de t\u00fanel de hormig\u00f3n<\/strong><\/h3>\n<p>Airpes dise\u00f1a y fabrica las Pinzas de t\u00fanel de hormig\u00f3n con un sistema de detecci\u00f3n de segmentos con sensores en las piernas y en los laterales. F\u00e1ciles de acoplar a la gr\u00faa y de mantener, estas pinzas mejoran el sistema de trabajo y protegen los segmentos hasta su entrega en el lugar correspondiente. Una vez que se activan todos los sensores, el operador puede levantar la carga de forma segura. F\u00e1cil de colocar en la gr\u00faa y f\u00e1cil de mantener, estas tenazas mejoran el sistema de trabajo y protegen el producto hasta que se entrega en su lugar.<\/p>\n<\/div><\/div><\/div><\/div><div class=\"wpb_column vc_column_container col-xs-mobile-fullwidth vc_col-sm-12 vc_col-md-6 wow fadeIn\" data-wow-delay= 400ms data-wow-duration= 1500ms><div class=\"vc_column-inner\"><div class=\"wpb_wrapper\"><div class=\"wpb_single_image   vc_custom_1600801445553 hongo-full-width-single-image\">\n\t\t\t<figure class=\"wpb_wrapper vc_figure\">\n\t\t\t\t<div class=\"vc_single_image-wrapper  \"><img loading=\"lazy\" decoding=\"async\" width=\"800\" height=\"450\" src=\"https:\/\/www.airpes.com\/wp-content\/uploads\/2020\/09\/Tunnel-tong-01-1.jpg\" class=\"vc_single_image-img attachment-full\" alt=\"\" title=\"Tunnel-tong-01\" srcset=\"https:\/\/www.airpes.com\/wp-content\/uploads\/2020\/09\/Tunnel-tong-01-1.jpg 800w, https:\/\/www.airpes.com\/wp-content\/uploads\/2020\/09\/Tunnel-tong-01-1-340x191.jpg 340w, https:\/\/www.airpes.com\/wp-content\/uploads\/2020\/09\/Tunnel-tong-01-1-300x169.jpg 300w, https:\/\/www.airpes.com\/wp-content\/uploads\/2020\/09\/Tunnel-tong-01-1-768x432.jpg 768w, https:\/\/www.airpes.com\/wp-content\/uploads\/2020\/09\/Tunnel-tong-01-1-480x270.jpg 480w, https:\/\/www.airpes.com\/wp-content\/uploads\/2020\/09\/Tunnel-tong-01-1-84x47.jpg 84w, https:\/\/www.airpes.com\/wp-content\/uploads\/2020\/09\/Tunnel-tong-01-1-200x113.jpg 200w, https:\/\/www.airpes.com\/wp-content\/uploads\/2020\/09\/Tunnel-tong-01-1-450x253.jpg 450w\" sizes=\"auto, (max-width: 800px) 100vw, 800px\" \/><\/div>\n\t\t\t<\/figure>\n\t\t\t\n\t\t<\/div><\/div><\/div><\/div><\/section>\n<\/div>","protected":false},"excerpt":{"rendered":"<p>Airpes sigue trabajando para ofrecer la forma m\u00e1s segura de trabajar con proyectos delicados y precisos de manutenci\u00f3n y pesaje. Cumpliendo con el compromiso de Airpes con la innovaci\u00f3n y la seguridad, entregamos una pinza especial para levantar y mover segmentos de hormig\u00f3n en cualquier parte del mundo.<br \/>\nDurante los \u00faltimos a\u00f1os, Airpes ha visto un aumento en la demanda de este tipo de equipos de manipulaci\u00f3n: la calidad de nuestros productos y nuestro servicio postventa satisface a nuestros clientes.<\/p>\n<h3><strong>Caracter\u00edsticas pinzas de t\u00fanel de hormig\u00f3n <\/strong><\/h3>\n<p>Fabricamos pinzas para segmentos de hormig\u00f3n para t\u00faneles en todos los tama\u00f1os y capacidades.<br \/>\nUna vez que todos los sensores est\u00e1n activados, el operador puede levantar la carga con las pinzas para segmentos de hormig\u00f3n del t\u00fanel de forma segura.<\/p>\n","protected":false},"featured_media":110262,"template":"","meta":{"_acf_changed":false,"inline_featured_image":false},"product_cat":[282,283,290],"product_tag":[],"class_list":{"0":"post-107656","1":"product","2":"type-product","3":"status-publish","4":"has-post-thumbnail","6":"product_cat-equipos-de-elevacion","7":"product_cat-equipos-de-manutencion-y-elevacion","8":"product_cat-pinzas","10":"first","11":"instock","12":"shipping-taxable","13":"product-type-simple"},"acf":[],"yoast_head":"<!-- This site is optimized with the Yoast SEO plugin v27.5 - https:\/\/yoast.com\/product\/yoast-seo-wordpress\/ -->\n<title>Caracter\u00edsticas de las Pinzas de T\u00fanel de Hormig\u00f3n | Airpes<\/title>\n<meta name=\"description\" content=\"Airpes se ha especializado en facilitar el sistema de transporte de los segmentos de una manera segura y r\u00e1pida\" \/>\n<meta name=\"robots\" content=\"index, follow, max-snippet:-1, max-image-preview:large, max-video-preview:-1\" \/>\n<link rel=\"canonical\" href=\"https:\/\/www.airpes.com\/es\/product\/pinzas-de-tunel-de-hormigon\/\" \/>\n<meta property=\"og:locale\" content=\"es_ES\" \/>\n<meta property=\"og:type\" content=\"article\" \/>\n<meta property=\"og:title\" content=\"Caracter\u00edsticas de las Pinzas de T\u00fanel de Hormig\u00f3n | Airpes\" \/>\n<meta property=\"og:description\" content=\"Airpes se ha especializado en facilitar el sistema de transporte de los segmentos de una manera segura y r\u00e1pida\" \/>\n<meta property=\"og:url\" content=\"https:\/\/www.airpes.com\/es\/product\/pinzas-de-tunel-de-hormigon\/\" \/>\n<meta property=\"og:site_name\" content=\"Airpes\" \/>\n<meta property=\"article:publisher\" content=\"https:\/\/www.facebook.com\/AIRPES\" \/>\n<meta property=\"article:modified_time\" content=\"2022-01-14T09:10:36+00:00\" \/>\n<meta property=\"og:image\" content=\"https:\/\/www.airpes.com\/wp-content\/uploads\/2020\/09\/airpes-tunnel-concrete-segmet-tongs-portada.jpg\" \/>\n\t<meta property=\"og:image:width\" content=\"800\" \/>\n\t<meta property=\"og:image:height\" content=\"900\" \/>\n\t<meta property=\"og:image:type\" content=\"image\/jpeg\" \/>\n<meta name=\"twitter:card\" content=\"summary_large_image\" \/>\n<meta name=\"twitter:site\" content=\"@AIRPES\" \/>\n<meta name=\"twitter:label1\" content=\"Tiempo de lectura\" \/>\n\t<meta name=\"twitter:data1\" content=\"1 minuto\" \/>\n<script type=\"application\/ld+json\" class=\"yoast-schema-graph\">{\"@context\":\"https:\\\/\\\/schema.org\",\"@graph\":[{\"@type\":[\"WebPage\",\"ItemPage\"],\"@id\":\"https:\\\/\\\/www.airpes.com\\\/es\\\/product\\\/pinzas-de-tunel-de-hormigon\\\/\",\"url\":\"https:\\\/\\\/www.airpes.com\\\/es\\\/product\\\/pinzas-de-tunel-de-hormigon\\\/\",\"name\":\"Caracter\u00edsticas de las Pinzas de T\u00fanel de Hormig\u00f3n | Airpes\",\"isPartOf\":{\"@id\":\"https:\\\/\\\/www.airpes.com\\\/es\\\/#website\"},\"primaryImageOfPage\":{\"@id\":\"https:\\\/\\\/www.airpes.com\\\/es\\\/product\\\/pinzas-de-tunel-de-hormigon\\\/#primaryimage\"},\"image\":{\"@id\":\"https:\\\/\\\/www.airpes.com\\\/es\\\/product\\\/pinzas-de-tunel-de-hormigon\\\/#primaryimage\"},\"thumbnailUrl\":\"https:\\\/\\\/www.airpes.com\\\/wp-content\\\/uploads\\\/2020\\\/09\\\/airpes-tunnel-concrete-segmet-tongs-portada.jpg\",\"datePublished\":\"2020-09-22T19:05:12+00:00\",\"dateModified\":\"2022-01-14T09:10:36+00:00\",\"description\":\"Airpes se ha especializado en facilitar el sistema de transporte de los segmentos de una manera segura y r\u00e1pida\",\"breadcrumb\":{\"@id\":\"https:\\\/\\\/www.airpes.com\\\/es\\\/product\\\/pinzas-de-tunel-de-hormigon\\\/#breadcrumb\"},\"inLanguage\":\"es\",\"potentialAction\":[{\"@type\":\"ReadAction\",\"target\":[\"https:\\\/\\\/www.airpes.com\\\/es\\\/product\\\/pinzas-de-tunel-de-hormigon\\\/\"]}]},{\"@type\":\"ImageObject\",\"inLanguage\":\"es\",\"@id\":\"https:\\\/\\\/www.airpes.com\\\/es\\\/product\\\/pinzas-de-tunel-de-hormigon\\\/#primaryimage\",\"url\":\"https:\\\/\\\/www.airpes.com\\\/wp-content\\\/uploads\\\/2020\\\/09\\\/airpes-tunnel-concrete-segmet-tongs-portada.jpg\",\"contentUrl\":\"https:\\\/\\\/www.airpes.com\\\/wp-content\\\/uploads\\\/2020\\\/09\\\/airpes-tunnel-concrete-segmet-tongs-portada.jpg\",\"width\":800,\"height\":900,\"caption\":\"scissor-lifting-tong\"},{\"@type\":\"BreadcrumbList\",\"@id\":\"https:\\\/\\\/www.airpes.com\\\/es\\\/product\\\/pinzas-de-tunel-de-hormigon\\\/#breadcrumb\",\"itemListElement\":[{\"@type\":\"ListItem\",\"position\":1,\"name\":\"Inicio\",\"item\":\"https:\\\/\\\/www.airpes.com\\\/es\\\/\"},{\"@type\":\"ListItem\",\"position\":2,\"name\":\"Productos\",\"item\":\"https:\\\/\\\/www.airpes.com\\\/es\\\/shop\\\/\"},{\"@type\":\"ListItem\",\"position\":3,\"name\":\"PINZAS DE T\u00daNEL DE HORMIG\u00d3N\"}]},{\"@type\":\"WebSite\",\"@id\":\"https:\\\/\\\/www.airpes.com\\\/es\\\/#website\",\"url\":\"https:\\\/\\\/www.airpes.com\\\/es\\\/\",\"name\":\"Airpes\",\"description\":\"Your lifting equipment supplier\",\"publisher\":{\"@id\":\"https:\\\/\\\/www.airpes.com\\\/es\\\/#organization\"},\"potentialAction\":[{\"@type\":\"SearchAction\",\"target\":{\"@type\":\"EntryPoint\",\"urlTemplate\":\"https:\\\/\\\/www.airpes.com\\\/es\\\/?s={search_term_string}\"},\"query-input\":{\"@type\":\"PropertyValueSpecification\",\"valueRequired\":true,\"valueName\":\"search_term_string\"}}],\"inLanguage\":\"es\"},{\"@type\":\"Organization\",\"@id\":\"https:\\\/\\\/www.airpes.com\\\/es\\\/#organization\",\"name\":\"Airpes\",\"url\":\"https:\\\/\\\/www.airpes.com\\\/es\\\/\",\"logo\":{\"@type\":\"ImageObject\",\"inLanguage\":\"es\",\"@id\":\"https:\\\/\\\/www.airpes.com\\\/es\\\/#\\\/schema\\\/logo\\\/image\\\/\",\"url\":\"https:\\\/\\\/www.airpes.com\\\/wp-content\\\/uploads\\\/2020\\\/09\\\/logo.svg\",\"contentUrl\":\"https:\\\/\\\/www.airpes.com\\\/wp-content\\\/uploads\\\/2020\\\/09\\\/logo.svg\",\"width\":193,\"height\":86,\"caption\":\"Airpes\"},\"image\":{\"@id\":\"https:\\\/\\\/www.airpes.com\\\/es\\\/#\\\/schema\\\/logo\\\/image\\\/\"},\"sameAs\":[\"https:\\\/\\\/www.facebook.com\\\/AIRPES\",\"https:\\\/\\\/x.com\\\/AIRPES\",\"https:\\\/\\\/www.instagram.com\\\/AIRPESlifting\\\/\",\"https:\\\/\\\/www.linkedin.com\\\/company\\\/airpes\"]}]}<\/script>\n<!-- \/ Yoast SEO plugin. -->","yoast_head_json":{"title":"Caracter\u00edsticas de las Pinzas de T\u00fanel de Hormig\u00f3n | Airpes","description":"Airpes se ha especializado en facilitar el sistema de transporte de los segmentos de una manera segura y r\u00e1pida","robots":{"index":"index","follow":"follow","max-snippet":"max-snippet:-1","max-image-preview":"max-image-preview:large","max-video-preview":"max-video-preview:-1"},"canonical":"https:\/\/www.airpes.com\/es\/product\/pinzas-de-tunel-de-hormigon\/","og_locale":"es_ES","og_type":"article","og_title":"Caracter\u00edsticas de las Pinzas de T\u00fanel de Hormig\u00f3n | Airpes","og_description":"Airpes se ha especializado en facilitar el sistema de transporte de los segmentos de una manera segura y r\u00e1pida","og_url":"https:\/\/www.airpes.com\/es\/product\/pinzas-de-tunel-de-hormigon\/","og_site_name":"Airpes","article_publisher":"https:\/\/www.facebook.com\/AIRPES","article_modified_time":"2022-01-14T09:10:36+00:00","og_image":[{"width":800,"height":900,"url":"https:\/\/www.airpes.com\/wp-content\/uploads\/2020\/09\/airpes-tunnel-concrete-segmet-tongs-portada.jpg","type":"image\/jpeg"}],"twitter_card":"summary_large_image","twitter_site":"@AIRPES","twitter_misc":{"Tiempo de lectura":"1 minuto"},"schema":{"@context":"https:\/\/schema.org","@graph":[{"@type":["WebPage","ItemPage"],"@id":"https:\/\/www.airpes.com\/es\/product\/pinzas-de-tunel-de-hormigon\/","url":"https:\/\/www.airpes.com\/es\/product\/pinzas-de-tunel-de-hormigon\/","name":"Caracter\u00edsticas de las Pinzas de T\u00fanel de Hormig\u00f3n | Airpes","isPartOf":{"@id":"https:\/\/www.airpes.com\/es\/#website"},"primaryImageOfPage":{"@id":"https:\/\/www.airpes.com\/es\/product\/pinzas-de-tunel-de-hormigon\/#primaryimage"},"image":{"@id":"https:\/\/www.airpes.com\/es\/product\/pinzas-de-tunel-de-hormigon\/#primaryimage"},"thumbnailUrl":"https:\/\/www.airpes.com\/wp-content\/uploads\/2020\/09\/airpes-tunnel-concrete-segmet-tongs-portada.jpg","datePublished":"2020-09-22T19:05:12+00:00","dateModified":"2022-01-14T09:10:36+00:00","description":"Airpes se ha especializado en facilitar el sistema de transporte de los segmentos de una manera segura y r\u00e1pida","breadcrumb":{"@id":"https:\/\/www.airpes.com\/es\/product\/pinzas-de-tunel-de-hormigon\/#breadcrumb"},"inLanguage":"es","potentialAction":[{"@type":"ReadAction","target":["https:\/\/www.airpes.com\/es\/product\/pinzas-de-tunel-de-hormigon\/"]}]},{"@type":"ImageObject","inLanguage":"es","@id":"https:\/\/www.airpes.com\/es\/product\/pinzas-de-tunel-de-hormigon\/#primaryimage","url":"https:\/\/www.airpes.com\/wp-content\/uploads\/2020\/09\/airpes-tunnel-concrete-segmet-tongs-portada.jpg","contentUrl":"https:\/\/www.airpes.com\/wp-content\/uploads\/2020\/09\/airpes-tunnel-concrete-segmet-tongs-portada.jpg","width":800,"height":900,"caption":"scissor-lifting-tong"},{"@type":"BreadcrumbList","@id":"https:\/\/www.airpes.com\/es\/product\/pinzas-de-tunel-de-hormigon\/#breadcrumb","itemListElement":[{"@type":"ListItem","position":1,"name":"Inicio","item":"https:\/\/www.airpes.com\/es\/"},{"@type":"ListItem","position":2,"name":"Productos","item":"https:\/\/www.airpes.com\/es\/shop\/"},{"@type":"ListItem","position":3,"name":"PINZAS DE T\u00daNEL DE HORMIG\u00d3N"}]},{"@type":"WebSite","@id":"https:\/\/www.airpes.com\/es\/#website","url":"https:\/\/www.airpes.com\/es\/","name":"Airpes","description":"Your lifting equipment supplier","publisher":{"@id":"https:\/\/www.airpes.com\/es\/#organization"},"potentialAction":[{"@type":"SearchAction","target":{"@type":"EntryPoint","urlTemplate":"https:\/\/www.airpes.com\/es\/?s={search_term_string}"},"query-input":{"@type":"PropertyValueSpecification","valueRequired":true,"valueName":"search_term_string"}}],"inLanguage":"es"},{"@type":"Organization","@id":"https:\/\/www.airpes.com\/es\/#organization","name":"Airpes","url":"https:\/\/www.airpes.com\/es\/","logo":{"@type":"ImageObject","inLanguage":"es","@id":"https:\/\/www.airpes.com\/es\/#\/schema\/logo\/image\/","url":"https:\/\/www.airpes.com\/wp-content\/uploads\/2020\/09\/logo.svg","contentUrl":"https:\/\/www.airpes.com\/wp-content\/uploads\/2020\/09\/logo.svg","width":193,"height":86,"caption":"Airpes"},"image":{"@id":"https:\/\/www.airpes.com\/es\/#\/schema\/logo\/image\/"},"sameAs":["https:\/\/www.facebook.com\/AIRPES","https:\/\/x.com\/AIRPES","https:\/\/www.instagram.com\/AIRPESlifting\/","https:\/\/www.linkedin.com\/company\/airpes"]}]}},"_links":{"self":[{"href":"https:\/\/www.airpes.com\/es\/wp-json\/wp\/v2\/product\/107656","targetHints":{"allow":["GET"]}}],"collection":[{"href":"https:\/\/www.airpes.com\/es\/wp-json\/wp\/v2\/product"}],"about":[{"href":"https:\/\/www.airpes.com\/es\/wp-json\/wp\/v2\/types\/product"}],"wp:featuredmedia":[{"embeddable":true,"href":"https:\/\/www.airpes.com\/es\/wp-json\/wp\/v2\/media\/110262"}],"wp:attachment":[{"href":"https:\/\/www.airpes.com\/es\/wp-json\/wp\/v2\/media?parent=107656"}],"wp:term":[{"taxonomy":"product_cat","embeddable":true,"href":"https:\/\/www.airpes.com\/es\/wp-json\/wp\/v2\/product_cat?post=107656"},{"taxonomy":"product_tag","embeddable":true,"href":"https:\/\/www.airpes.com\/es\/wp-json\/wp\/v2\/product_tag?post=107656"}],"curies":[{"name":"wp","href":"https:\/\/api.w.org\/{rel}","templated":true}]}}