{"id":107653,"date":"2020-09-22T18:51:51","date_gmt":"2020-09-22T18:51:51","guid":{"rendered":"https:\/\/www.airpes.com\/product\/pinzas-portabobinas\/"},"modified":"2021-08-07T12:01:06","modified_gmt":"2021-08-07T12:01:06","slug":"pinzas-portabobinas","status":"publish","type":"product","link":"https:\/\/www.airpes.com\/es\/product\/pinzas-portabobinas\/","title":{"rendered":"PINZAS PORTABOBINAS"},"content":{"rendered":"<div class=\"wpb-content-wrapper\"><section class=\"vc_row wpb_row vc_row-fluid\"><div class=\"wpb_column vc_column_container col-xs-mobile-fullwidth vc_col-sm-12\"><div class=\"vc_column-inner\"><div class=\"wpb_wrapper\">[vc_empty_space]<div class=\"text-block-content hongo-text-block-1 vc_custom_1611797899866 last-paragraph-no-margin\"><p>Nuestro elevador de manipulaci\u00f3n de bobinas de doble brazo puede dise\u00f1arse a medida de acuerdo con sus necesidades, tipo de uso, material del rollo, tipo de vigas de elevaci\u00f3n o polipasto, requisitos de elevaci\u00f3n u otros dispositivos de elevaci\u00f3n instalados. Tambi\u00e9n se puede redise\u00f1ar para ser un elevador de paletas o tener la capacidad de rotaci\u00f3n motorizada. Con estos dise\u00f1os opcionales, puede estar seguro de que tendr\u00e1 exactamente el elevador de bobina que est\u00e1 buscando.<br \/>\nSe cree que cada agarre de bobina de Airpes es la forma m\u00e1s eficiente y segura de manipular sus bobinas grandes. Podemos dise\u00f1ar una soluci\u00f3n de manipulaci\u00f3n de materiales que se adapte a sus necesidades, adaptando el elevador de bobina a su situaci\u00f3n.<\/p>\n<h3><strong>Caracter\u00edsticas pinzas portabobinas de Airpes<\/strong><\/h3>\n<h3>Pinzas para levantar bobinas a petici\u00f3n suya<\/h3>\n<p>Airpes dise\u00f1a y fabrica pinzas elevadoras de bobinas de alta resistencia para los clientes m\u00e1s exigentes de todo el mundo. Nuestros ingenieros de Airpes pueden hacer un dise\u00f1o personalizado y adaptar cada elevador de bobina vertical para satisfacer las solicitudes de nuestros clientes. Usaremos la informaci\u00f3n que nos brinden con respecto a las caracter\u00edsticas mec\u00e1nicas, los componentes electr\u00f3nicos, el gancho de la gr\u00faa y las capacidades de izado, el tipo de material a levantar, el espacio libre disponible, el ancho y la posici\u00f3n y, como siempre, el cumplimiento de los m\u00e1s altos est\u00e1ndares de seguridad.<\/p>\n<h3>Caracter\u00edsticas de las pinzas elevadoras de bobina de Airpes<\/h3>\n<ul>\n<li>Cada elevador de bobinas incorporado Airpes tiene un <strong>dise\u00f1o certificado<\/strong> seg\u00fan la Directiva de seguridad 2006\/42 \/ CE (que reemplaz\u00f3 a la Directiva 98\/37 \/ CE).<\/li>\n<li>Construimos cada pinza de bobina utilizando <strong>placas cortadas con l\u00e1ser<\/strong>, en acero S355 J2 + N, tubos de acero calidad S355J2H laminados en caliente seg\u00fan EN-10210.<\/li>\n<li>Podemos incorporar <strong>componentes electr\u00f3nicos y aplicaciones adicionales<\/strong>, como configuraci\u00f3n de gancho especial, variador de frecuencia, PLC&#8217;s, Wi-Fi, m\u00f3dem GSM para comunicaci\u00f3n entre otros componentes, aplicaciones y con t\u00e9cnicos de Airpes, desde marcas l\u00edderes f\u00e1ciles de encontrar hasta repuestos todos. sobre el mundo.<\/li>\n<li><strong>Integraci\u00f3n del sistema de rotaci\u00f3n opcional<\/strong> de la bobina en el eje vertical para la rotaci\u00f3n de la bobina motorizada del rollo mientras lo agarras.<\/li>\n<li><strong>Sistemas de pesaje<\/strong> para recuperar informaci\u00f3n de peso en cada levantamiento.<\/li>\n<li><strong>Equipamiento est\u00e1ndar<\/strong>: Variador de frecuencia para cada motor y un PLC programable con software que permite el control completo del gancho.<\/li>\n<li><strong>Sistema de iluminaci\u00f3n especial a bordo<\/strong>, para indicar el progreso y el estado de la pinza de la bobina<\/li>\n<\/ul>\n<\/div>[vc_empty_space]<\/div><\/div><\/div><\/section><section class=\"vc_row wpb_row vc_row-fluid  vc_custom_1550641386235   vc_row-has-fill\"><div class=\"wpb_column vc_column_container col-xs-mobile-fullwidth vc_col-sm-12 vc_col-md-6 wow fadeIn\" data-wow-delay= 200ms data-wow-duration= 1500ms><div class=\"vc_column-inner  hongo_responsive_1566294673742\"><div class=\"wpb_wrapper\"><div class=\"text-block-content hongo-text-block-2 vc_custom_1611797951337 last-paragraph-no-margin\"><h3><strong>Ventajas pinzas portabobinas<\/strong><\/h3>\n<h4>Nuestros elevadores de bobina de \u00abojo horizontal\u00bb tambi\u00e9n incluyen las siguientes opciones.<\/h4>\n<ul>\n<li>Sistema de giro<\/li>\n<li>Sistema de pesaje<\/li>\n<li>Sistema de Transmisi\u00f3n de la Carga a display gr\u00faa o PC<\/li>\n<li>Sistema de trabajo: modo autom\u00e1tico<\/li>\n<li>El levantador se puede operar de forma remota<\/li>\n<li>Wi-Fi \/ Radio \/ Provirus<\/li>\n<li>Pies plegables<\/li>\n<li>Dise\u00f1o personalizado<\/li>\n<li>Materiales de construcci\u00f3n adicionales para protecci\u00f3n o capacidades de alta temperatura.<\/li>\n<li>Rotaci\u00f3n \u00abojo-horizontal\u00bb de las bobinas mientras se mueven<\/li>\n<\/ul>\n<\/div><\/div><\/div><\/div><div class=\"wpb_column vc_column_container col-xs-mobile-fullwidth vc_col-sm-12 vc_col-md-6 wow fadeIn\" data-wow-delay= 400ms data-wow-duration= 1500ms><div class=\"vc_column-inner\"><div class=\"wpb_wrapper\"><div class=\"wpb_single_image   vc_custom_1600800594387 hongo-full-width-single-image\">\n\t\t\t<figure class=\"wpb_wrapper vc_figure\">\n\t\t\t\t<div class=\"vc_single_image-wrapper  \"><img loading=\"lazy\" decoding=\"async\" width=\"778\" height=\"581\" src=\"https:\/\/www.airpes.com\/wp-content\/uploads\/2020\/09\/1710_airpes_news_metal-madrid03_coiltong-1.jpg\" class=\"vc_single_image-img attachment-full\" alt=\"\" title=\"1710_airpes_news_metal-madrid03_coiltong\" srcset=\"https:\/\/www.airpes.com\/wp-content\/uploads\/2020\/09\/1710_airpes_news_metal-madrid03_coiltong-1.jpg 778w, https:\/\/www.airpes.com\/wp-content\/uploads\/2020\/09\/1710_airpes_news_metal-madrid03_coiltong-1-340x254.jpg 340w, https:\/\/www.airpes.com\/wp-content\/uploads\/2020\/09\/1710_airpes_news_metal-madrid03_coiltong-1-300x224.jpg 300w, https:\/\/www.airpes.com\/wp-content\/uploads\/2020\/09\/1710_airpes_news_metal-madrid03_coiltong-1-768x574.jpg 768w, https:\/\/www.airpes.com\/wp-content\/uploads\/2020\/09\/1710_airpes_news_metal-madrid03_coiltong-1-480x358.jpg 480w, https:\/\/www.airpes.com\/wp-content\/uploads\/2020\/09\/1710_airpes_news_metal-madrid03_coiltong-1-84x63.jpg 84w, https:\/\/www.airpes.com\/wp-content\/uploads\/2020\/09\/1710_airpes_news_metal-madrid03_coiltong-1-200x149.jpg 200w, https:\/\/www.airpes.com\/wp-content\/uploads\/2020\/09\/1710_airpes_news_metal-madrid03_coiltong-1-450x336.jpg 450w\" sizes=\"auto, (max-width: 778px) 100vw, 778px\" \/><\/div>\n\t\t\t<\/figure>\n\t\t\t\n\t\t<\/div>[vc_separator color=\u00bbwhite\u00bb border_width=\u00bb9&#8243;]<div class=\"text-block-content hongo-text-block-3 last-paragraph-no-margin\"><p><iframe loading=\"lazy\" src=\"https:\/\/www.youtube.com\/embed\/DfwmbWq01Xg\" width=\"560\" height=\"315\" frameborder=\"0\" allowfullscreen=\"allowfullscreen\"><\/iframe><\/p>\n<\/div><\/div><\/div><\/div><\/section>\n<\/div>","protected":false},"excerpt":{"rendered":"<p>Airpes dise\u00f1a y fabrica pinzas portabobinas acorde a las necesidades del cliente, con dise\u00f1os orientados a cumplir con todos los est\u00e1ndares de seguridad. Las pinzas elevadoras son una de las aplicaciones de elevaci\u00f3n m\u00e1s demandadas de nuestra cartera.<\/p>\n","protected":false},"featured_media":110258,"template":"","meta":{"_acf_changed":false,"inline_featured_image":false},"product_cat":[282,283,290],"product_tag":[],"class_list":{"0":"post-107653","1":"product","2":"type-product","3":"status-publish","4":"has-post-thumbnail","6":"product_cat-equipos-de-elevacion","7":"product_cat-equipos-de-manutencion-y-elevacion","8":"product_cat-pinzas","10":"first","11":"instock","12":"shipping-taxable","13":"product-type-simple"},"acf":[],"yoast_head":"<!-- This site is optimized with the Yoast SEO plugin v26.6 - https:\/\/yoast.com\/wordpress\/plugins\/seo\/ -->\n<title>Pinzas portabobinas | Elevaci\u00f3n y manipulaci\u00f3n | Airpes<\/title>\n<meta name=\"description\" content=\"Las pinzas portabobinas de Airpes se dise\u00f1an y fabrican acorde a las necesidades del cliente, cumpliendo con todos los est\u00e1ndares de seguridad.\" \/>\n<meta name=\"robots\" content=\"index, follow, max-snippet:-1, max-image-preview:large, max-video-preview:-1\" \/>\n<link rel=\"canonical\" href=\"https:\/\/www.airpes.com\/es\/product\/pinzas-portabobinas\/\" \/>\n<meta property=\"og:locale\" content=\"es_ES\" \/>\n<meta property=\"og:type\" content=\"article\" \/>\n<meta property=\"og:title\" content=\"Pinzas portabobinas | Elevaci\u00f3n y manipulaci\u00f3n | Airpes\" \/>\n<meta property=\"og:description\" content=\"Las pinzas portabobinas de Airpes se dise\u00f1an y fabrican acorde a las necesidades del cliente, cumpliendo con todos los est\u00e1ndares de seguridad.\" \/>\n<meta property=\"og:url\" content=\"https:\/\/www.airpes.com\/es\/product\/pinzas-portabobinas\/\" \/>\n<meta property=\"og:site_name\" content=\"Airpes\" \/>\n<meta property=\"article:publisher\" content=\"https:\/\/www.facebook.com\/AIRPES\" \/>\n<meta property=\"article:modified_time\" content=\"2021-08-07T12:01:06+00:00\" \/>\n<meta property=\"og:image\" content=\"https:\/\/www.airpes.com\/wp-content\/uploads\/2020\/09\/airpes-coil-lifting-tongs-portada-00.jpg\" \/>\n\t<meta property=\"og:image:width\" content=\"800\" \/>\n\t<meta property=\"og:image:height\" content=\"900\" \/>\n\t<meta property=\"og:image:type\" content=\"image\/jpeg\" \/>\n<meta name=\"twitter:card\" content=\"summary_large_image\" \/>\n<meta name=\"twitter:site\" content=\"@AIRPES\" \/>\n<meta name=\"twitter:label1\" content=\"Tiempo de lectura\" \/>\n\t<meta name=\"twitter:data1\" content=\"3 minutos\" \/>\n<script type=\"application\/ld+json\" class=\"yoast-schema-graph\">{\"@context\":\"https:\/\/schema.org\",\"@graph\":[{\"@type\":[\"WebPage\",\"ItemPage\"],\"@id\":\"https:\/\/www.airpes.com\/es\/product\/pinzas-portabobinas\/\",\"url\":\"https:\/\/www.airpes.com\/es\/product\/pinzas-portabobinas\/\",\"name\":\"Pinzas portabobinas | Elevaci\u00f3n y manipulaci\u00f3n | Airpes\",\"isPartOf\":{\"@id\":\"https:\/\/www.airpes.com\/es\/#website\"},\"primaryImageOfPage\":{\"@id\":\"https:\/\/www.airpes.com\/es\/product\/pinzas-portabobinas\/#primaryimage\"},\"image\":{\"@id\":\"https:\/\/www.airpes.com\/es\/product\/pinzas-portabobinas\/#primaryimage\"},\"thumbnailUrl\":\"https:\/\/www.airpes.com\/wp-content\/uploads\/2020\/09\/airpes-coil-lifting-tongs-portada-00.jpg\",\"datePublished\":\"2020-09-22T18:51:51+00:00\",\"dateModified\":\"2021-08-07T12:01:06+00:00\",\"description\":\"Las pinzas portabobinas de Airpes se dise\u00f1an y fabrican acorde a las necesidades del cliente, cumpliendo con todos los est\u00e1ndares de seguridad.\",\"breadcrumb\":{\"@id\":\"https:\/\/www.airpes.com\/es\/product\/pinzas-portabobinas\/#breadcrumb\"},\"inLanguage\":\"es\",\"potentialAction\":[{\"@type\":\"ReadAction\",\"target\":[\"https:\/\/www.airpes.com\/es\/product\/pinzas-portabobinas\/\"]}]},{\"@type\":\"ImageObject\",\"inLanguage\":\"es\",\"@id\":\"https:\/\/www.airpes.com\/es\/product\/pinzas-portabobinas\/#primaryimage\",\"url\":\"https:\/\/www.airpes.com\/wp-content\/uploads\/2020\/09\/airpes-coil-lifting-tongs-portada-00.jpg\",\"contentUrl\":\"https:\/\/www.airpes.com\/wp-content\/uploads\/2020\/09\/airpes-coil-lifting-tongs-portada-00.jpg\",\"width\":800,\"height\":900,\"caption\":\"Coil Lifting Tongs - Handling Lifting Equipment - Airpes\"},{\"@type\":\"BreadcrumbList\",\"@id\":\"https:\/\/www.airpes.com\/es\/product\/pinzas-portabobinas\/#breadcrumb\",\"itemListElement\":[{\"@type\":\"ListItem\",\"position\":1,\"name\":\"Inicio\",\"item\":\"https:\/\/www.airpes.com\/es\/\"},{\"@type\":\"ListItem\",\"position\":2,\"name\":\"Productos\",\"item\":\"https:\/\/www.airpes.com\/es\/shop\/\"},{\"@type\":\"ListItem\",\"position\":3,\"name\":\"PINZAS PORTABOBINAS\"}]},{\"@type\":\"WebSite\",\"@id\":\"https:\/\/www.airpes.com\/es\/#website\",\"url\":\"https:\/\/www.airpes.com\/es\/\",\"name\":\"Airpes\",\"description\":\"Your lifting equipment supplier\",\"publisher\":{\"@id\":\"https:\/\/www.airpes.com\/es\/#organization\"},\"potentialAction\":[{\"@type\":\"SearchAction\",\"target\":{\"@type\":\"EntryPoint\",\"urlTemplate\":\"https:\/\/www.airpes.com\/es\/?s={search_term_string}\"},\"query-input\":{\"@type\":\"PropertyValueSpecification\",\"valueRequired\":true,\"valueName\":\"search_term_string\"}}],\"inLanguage\":\"es\"},{\"@type\":\"Organization\",\"@id\":\"https:\/\/www.airpes.com\/es\/#organization\",\"name\":\"Airpes\",\"url\":\"https:\/\/www.airpes.com\/es\/\",\"logo\":{\"@type\":\"ImageObject\",\"inLanguage\":\"es\",\"@id\":\"https:\/\/www.airpes.com\/es\/#\/schema\/logo\/image\/\",\"url\":\"https:\/\/www.airpes.com\/wp-content\/uploads\/2020\/09\/logo.svg\",\"contentUrl\":\"https:\/\/www.airpes.com\/wp-content\/uploads\/2020\/09\/logo.svg\",\"width\":193,\"height\":86,\"caption\":\"Airpes\"},\"image\":{\"@id\":\"https:\/\/www.airpes.com\/es\/#\/schema\/logo\/image\/\"},\"sameAs\":[\"https:\/\/www.facebook.com\/AIRPES\",\"https:\/\/x.com\/AIRPES\",\"https:\/\/www.instagram.com\/AIRPESlifting\/\",\"https:\/\/www.linkedin.com\/company\/airpes\"]}]}<\/script>\n<!-- \/ Yoast SEO plugin. -->","yoast_head_json":{"title":"Pinzas portabobinas | Elevaci\u00f3n y manipulaci\u00f3n | Airpes","description":"Las pinzas portabobinas de Airpes se dise\u00f1an y fabrican acorde a las necesidades del cliente, cumpliendo con todos los est\u00e1ndares de seguridad.","robots":{"index":"index","follow":"follow","max-snippet":"max-snippet:-1","max-image-preview":"max-image-preview:large","max-video-preview":"max-video-preview:-1"},"canonical":"https:\/\/www.airpes.com\/es\/product\/pinzas-portabobinas\/","og_locale":"es_ES","og_type":"article","og_title":"Pinzas portabobinas | Elevaci\u00f3n y manipulaci\u00f3n | Airpes","og_description":"Las pinzas portabobinas de Airpes se dise\u00f1an y fabrican acorde a las necesidades del cliente, cumpliendo con todos los est\u00e1ndares de seguridad.","og_url":"https:\/\/www.airpes.com\/es\/product\/pinzas-portabobinas\/","og_site_name":"Airpes","article_publisher":"https:\/\/www.facebook.com\/AIRPES","article_modified_time":"2021-08-07T12:01:06+00:00","og_image":[{"width":800,"height":900,"url":"https:\/\/www.airpes.com\/wp-content\/uploads\/2020\/09\/airpes-coil-lifting-tongs-portada-00.jpg","type":"image\/jpeg"}],"twitter_card":"summary_large_image","twitter_site":"@AIRPES","twitter_misc":{"Tiempo de lectura":"3 minutos"},"schema":{"@context":"https:\/\/schema.org","@graph":[{"@type":["WebPage","ItemPage"],"@id":"https:\/\/www.airpes.com\/es\/product\/pinzas-portabobinas\/","url":"https:\/\/www.airpes.com\/es\/product\/pinzas-portabobinas\/","name":"Pinzas portabobinas | Elevaci\u00f3n y manipulaci\u00f3n | Airpes","isPartOf":{"@id":"https:\/\/www.airpes.com\/es\/#website"},"primaryImageOfPage":{"@id":"https:\/\/www.airpes.com\/es\/product\/pinzas-portabobinas\/#primaryimage"},"image":{"@id":"https:\/\/www.airpes.com\/es\/product\/pinzas-portabobinas\/#primaryimage"},"thumbnailUrl":"https:\/\/www.airpes.com\/wp-content\/uploads\/2020\/09\/airpes-coil-lifting-tongs-portada-00.jpg","datePublished":"2020-09-22T18:51:51+00:00","dateModified":"2021-08-07T12:01:06+00:00","description":"Las pinzas portabobinas de Airpes se dise\u00f1an y fabrican acorde a las necesidades del cliente, cumpliendo con todos los est\u00e1ndares de seguridad.","breadcrumb":{"@id":"https:\/\/www.airpes.com\/es\/product\/pinzas-portabobinas\/#breadcrumb"},"inLanguage":"es","potentialAction":[{"@type":"ReadAction","target":["https:\/\/www.airpes.com\/es\/product\/pinzas-portabobinas\/"]}]},{"@type":"ImageObject","inLanguage":"es","@id":"https:\/\/www.airpes.com\/es\/product\/pinzas-portabobinas\/#primaryimage","url":"https:\/\/www.airpes.com\/wp-content\/uploads\/2020\/09\/airpes-coil-lifting-tongs-portada-00.jpg","contentUrl":"https:\/\/www.airpes.com\/wp-content\/uploads\/2020\/09\/airpes-coil-lifting-tongs-portada-00.jpg","width":800,"height":900,"caption":"Coil Lifting Tongs - Handling Lifting Equipment - Airpes"},{"@type":"BreadcrumbList","@id":"https:\/\/www.airpes.com\/es\/product\/pinzas-portabobinas\/#breadcrumb","itemListElement":[{"@type":"ListItem","position":1,"name":"Inicio","item":"https:\/\/www.airpes.com\/es\/"},{"@type":"ListItem","position":2,"name":"Productos","item":"https:\/\/www.airpes.com\/es\/shop\/"},{"@type":"ListItem","position":3,"name":"PINZAS PORTABOBINAS"}]},{"@type":"WebSite","@id":"https:\/\/www.airpes.com\/es\/#website","url":"https:\/\/www.airpes.com\/es\/","name":"Airpes","description":"Your lifting equipment supplier","publisher":{"@id":"https:\/\/www.airpes.com\/es\/#organization"},"potentialAction":[{"@type":"SearchAction","target":{"@type":"EntryPoint","urlTemplate":"https:\/\/www.airpes.com\/es\/?s={search_term_string}"},"query-input":{"@type":"PropertyValueSpecification","valueRequired":true,"valueName":"search_term_string"}}],"inLanguage":"es"},{"@type":"Organization","@id":"https:\/\/www.airpes.com\/es\/#organization","name":"Airpes","url":"https:\/\/www.airpes.com\/es\/","logo":{"@type":"ImageObject","inLanguage":"es","@id":"https:\/\/www.airpes.com\/es\/#\/schema\/logo\/image\/","url":"https:\/\/www.airpes.com\/wp-content\/uploads\/2020\/09\/logo.svg","contentUrl":"https:\/\/www.airpes.com\/wp-content\/uploads\/2020\/09\/logo.svg","width":193,"height":86,"caption":"Airpes"},"image":{"@id":"https:\/\/www.airpes.com\/es\/#\/schema\/logo\/image\/"},"sameAs":["https:\/\/www.facebook.com\/AIRPES","https:\/\/x.com\/AIRPES","https:\/\/www.instagram.com\/AIRPESlifting\/","https:\/\/www.linkedin.com\/company\/airpes"]}]}},"_links":{"self":[{"href":"https:\/\/www.airpes.com\/es\/wp-json\/wp\/v2\/product\/107653","targetHints":{"allow":["GET"]}}],"collection":[{"href":"https:\/\/www.airpes.com\/es\/wp-json\/wp\/v2\/product"}],"about":[{"href":"https:\/\/www.airpes.com\/es\/wp-json\/wp\/v2\/types\/product"}],"wp:featuredmedia":[{"embeddable":true,"href":"https:\/\/www.airpes.com\/es\/wp-json\/wp\/v2\/media\/110258"}],"wp:attachment":[{"href":"https:\/\/www.airpes.com\/es\/wp-json\/wp\/v2\/media?parent=107653"}],"wp:term":[{"taxonomy":"product_cat","embeddable":true,"href":"https:\/\/www.airpes.com\/es\/wp-json\/wp\/v2\/product_cat?post=107653"},{"taxonomy":"product_tag","embeddable":true,"href":"https:\/\/www.airpes.com\/es\/wp-json\/wp\/v2\/product_tag?post=107653"}],"curies":[{"name":"wp","href":"https:\/\/api.w.org\/{rel}","templated":true}]}}