{"id":107652,"date":"2020-09-22T18:44:23","date_gmt":"2020-09-22T18:44:23","guid":{"rendered":"https:\/\/www.airpes.com\/product\/elevadores-de-placas\/"},"modified":"2025-05-14T15:38:16","modified_gmt":"2025-05-14T15:38:16","slug":"elevadores-de-placas","status":"publish","type":"product","link":"https:\/\/www.airpes.com\/es\/product\/elevadores-de-placas\/","title":{"rendered":"Elevadores de placas industriales"},"content":{"rendered":"<div class=\"wpb-content-wrapper\"><section class=\"vc_row wpb_row vc_row-fluid  vc_custom_1550641386235   vc_row-has-fill\"><div class=\"wpb_column vc_column_container col-xs-mobile-fullwidth vc_col-sm-12 vc_col-md-6 wow fadeIn\" data-wow-delay= 200ms data-wow-duration= 1500ms><div class=\"vc_column-inner  hongo_responsive_1566294673742\"><div class=\"wpb_wrapper\"><div class=\"text-block-content hongo-text-block-1 vc_custom_1747235734085 last-paragraph-no-margin\"><h2><strong>Tipos de Elevadores de Placas<\/strong><\/h2>\n<ul>\n<li><strong>Elevadores de placas por vac\u00edo<\/strong>: ideales para superficies lisas y no porosas, utilizando succi\u00f3n para levantar materiales sin da\u00f1arlos.<\/li>\n<li><strong>Elevadores de placas mec\u00e1nicos<\/strong>: perfectos para aplicaciones de alta carga, con un agarre robusto y vers\u00e1til para superficies irregulares.<\/li>\n<\/ul>\n<h3>\u00bfC\u00f3mo elegir el elevador adecuado?<\/h3>\n<ul>\n<li>Tipo y condici\u00f3n del material.<\/li>\n<li>Peso y dimensiones de las placas.<\/li>\n<li>Frecuencia y entorno de operaci\u00f3n.<\/li>\n<\/ul>\n<\/div>[vc_empty_space height=\u00bb50px\u00bb]<div class=\"text-block-content hongo-text-block-2 last-paragraph-no-margin\"><h2><strong>Ventajas de utilizar los elevadores de placas Crosby Airpes<\/strong><\/h2>\n<p>Al elegir <strong>Crosby Airpes<\/strong>, te beneficias de:<\/p>\n<p>\u2705 <strong>Mayor seguridad laboral<\/strong> al minimizar la manipulaci\u00f3n manual.<\/p>\n<p>\u2705 <strong>Productividad mejorada<\/strong> con soluciones a medida.<\/p>\n<p>\u2705 <strong>Ingenier\u00eda personalizada<\/strong> para adaptarse a tu flujo de trabajo.<\/p>\n<p>\u2705 <strong>Cumplimiento total con las normativas internacionales<\/strong> (<a href=\"https:\/\/www.osha.gov\/laws-regs\/regulations\/standardnumber\/1910\/1910.176\">Directrices OSHA de manipulaci\u00f3n de materiales<\/a> y <a href=\"https:\/\/www.iso.org\/home.html\">directrices ISO<\/a>).<\/p>\n<p>&nbsp;<\/p>\n<\/div>[vc_empty_space height=\u00bb50px\u00bb]<div class=\"text-block-content hongo-text-block-3 last-paragraph-no-margin\"><h2><strong>Ingenier\u00eda a medida: soluciones personalizadas de elevadores de placas<\/strong><\/h2>\n<p>Cada elevador se dise\u00f1a en estrecha colaboraci\u00f3n contigo. Ya sea <strong>electromec\u00e1nico o hidr\u00e1ulico<\/strong>, desarrollamos <a href=\"https:\/\/www.airpes.com\/es\/soluciones\/equipos-de-elevacion\/equipos-de-manutencion-y-elevacion\/soluciones-a-medida\/\">soluciones personalizadas<\/a> para tus procesos.<\/p>\n<p>Gracias a los <strong>PLCs integrados<\/strong>, garantizamos un funcionamiento fluido, reduciendo da\u00f1os y tiempos de inactividad.<\/p>\n<h3><strong>Sectores<\/strong><\/h3>\n<p>Nuestros equipos est\u00e1n preparados para trabajar en cualquier sector que maneje chapas, especialmente:<\/p>\n<ul>\n<li><strong>Industria del metal<\/strong>.<\/li>\n<li><strong>Fabricaci\u00f3n de estructuras de acero<\/strong>.<\/li>\n<li><strong>Procesos de transformaci\u00f3n de chapa met\u00e1lica<\/strong>.<\/li>\n<\/ul>\n<p>&nbsp;<\/p>\n<\/div><\/div><\/div><\/div><div class=\"wpb_column vc_column_container col-xs-mobile-fullwidth vc_col-sm-12 vc_col-md-6 wow fadeIn\" data-wow-delay= 400ms data-wow-duration= 1500ms><div class=\"vc_column-inner\"><div class=\"wpb_wrapper\"><div class=\"wpb_single_image   vc_custom_1600800238279 hongo-full-width-single-image\">\n\t\t\t<figure class=\"wpb_wrapper vc_figure\">\n\t\t\t\t<div class=\"vc_single_image-wrapper  \"><img loading=\"lazy\" decoding=\"async\" width=\"800\" height=\"1200\" src=\"https:\/\/www.airpes.com\/wp-content\/uploads\/2020\/09\/airpes-sheet-lifter-00.jpg\" class=\"vc_single_image-img attachment-full\" alt=\"\" title=\"airpes-sheet-lifter-00\" srcset=\"https:\/\/www.airpes.com\/wp-content\/uploads\/2020\/09\/airpes-sheet-lifter-00.jpg 800w, https:\/\/www.airpes.com\/wp-content\/uploads\/2020\/09\/airpes-sheet-lifter-00-340x510.jpg 340w, https:\/\/www.airpes.com\/wp-content\/uploads\/2020\/09\/airpes-sheet-lifter-00-200x300.jpg 200w, https:\/\/www.airpes.com\/wp-content\/uploads\/2020\/09\/airpes-sheet-lifter-00-683x1024.jpg 683w, https:\/\/www.airpes.com\/wp-content\/uploads\/2020\/09\/airpes-sheet-lifter-00-768x1152.jpg 768w, https:\/\/www.airpes.com\/wp-content\/uploads\/2020\/09\/airpes-sheet-lifter-00-423x635.jpg 423w, https:\/\/www.airpes.com\/wp-content\/uploads\/2020\/09\/airpes-sheet-lifter-00-84x126.jpg 84w, https:\/\/www.airpes.com\/wp-content\/uploads\/2020\/09\/airpes-sheet-lifter-00-450x675.jpg 450w, https:\/\/www.airpes.com\/wp-content\/uploads\/2020\/09\/airpes-sheet-lifter-00-527x790.jpg 527w\" sizes=\"auto, (max-width: 800px) 100vw, 800px\" \/><\/div>\n\t\t\t<\/figure>\n\t\t\t\n\t\t<\/div><\/div><\/div><\/div><\/section><section class=\"vc_row wpb_row vc_row-fluid\"><div class=\"wpb_column vc_column_container col-xs-mobile-fullwidth vc_col-sm-12\"><div class=\"vc_column-inner\"><div class=\"wpb_wrapper\">[vc_empty_space height=\u00bb100px\u00bb]<\/div><\/div><\/div><\/section><section class=\"vc_row wpb_row vc_row-fluid\"><div class=\"wpb_column vc_column_container col-xs-mobile-fullwidth vc_col-sm-6\"><div class=\"vc_column-inner\"><div class=\"wpb_wrapper\"><div class=\"wpb_single_image    hongo-full-width-single-image\">\n\t\t\t<figure class=\"wpb_wrapper vc_figure\">\n\t\t\t\t<div class=\"vc_single_image-wrapper  \"><img loading=\"lazy\" decoding=\"async\" width=\"610\" height=\"463\" src=\"https:\/\/www.airpes.com\/wp-content\/uploads\/2020\/09\/Case-study-sheet-lifters-UK-Crosby-Airpes.png\" class=\"vc_single_image-img attachment-full\" alt=\"Caso de \u00e9xito elevadores de placas Reino Unido Crosby Airpes\" title=\"Case study sheet lifters UK Crosby Airpes\" srcset=\"https:\/\/www.airpes.com\/wp-content\/uploads\/2020\/09\/Case-study-sheet-lifters-UK-Crosby-Airpes.png 610w, https:\/\/www.airpes.com\/wp-content\/uploads\/2020\/09\/Case-study-sheet-lifters-UK-Crosby-Airpes-340x258.png 340w, https:\/\/www.airpes.com\/wp-content\/uploads\/2020\/09\/Case-study-sheet-lifters-UK-Crosby-Airpes-600x455.png 600w, https:\/\/www.airpes.com\/wp-content\/uploads\/2020\/09\/Case-study-sheet-lifters-UK-Crosby-Airpes-300x228.png 300w, https:\/\/www.airpes.com\/wp-content\/uploads\/2020\/09\/Case-study-sheet-lifters-UK-Crosby-Airpes-480x364.png 480w, https:\/\/www.airpes.com\/wp-content\/uploads\/2020\/09\/Case-study-sheet-lifters-UK-Crosby-Airpes-84x64.png 84w, https:\/\/www.airpes.com\/wp-content\/uploads\/2020\/09\/Case-study-sheet-lifters-UK-Crosby-Airpes-200x152.png 200w, https:\/\/www.airpes.com\/wp-content\/uploads\/2020\/09\/Case-study-sheet-lifters-UK-Crosby-Airpes-450x342.png 450w\" sizes=\"auto, (max-width: 610px) 100vw, 610px\" \/><\/div>\n\t\t\t<\/figure>\n\t\t\t\n\t\t<\/div><\/div><\/div><\/div><div class=\"wpb_column vc_column_container col-xs-mobile-fullwidth vc_col-sm-6\"><div class=\"vc_column-inner\"><div class=\"wpb_wrapper\"><div class=\"text-block-content hongo-text-block-4 last-paragraph-no-margin\"><h2><strong>Caso de \u00e9xito: proyecto de elevaci\u00f3n de placas para un transformador en Reino Unido<\/strong><\/h2>\n<p>Crosby Airpes desarroll\u00f3 una soluci\u00f3n a medida para manipular <strong>placas de acero de gran tama\u00f1o<\/strong> en un proyecto para un transformador en Reino Unido.<\/p>\n<h3><strong>La soluci\u00f3n:<\/strong><\/h3>\n<ul>\n<li>Dise\u00f1o de un <strong>elevador de placas personalizado<\/strong> integrando tecnolog\u00edas de vac\u00edo y mec\u00e1nicas.<\/li>\n<li>Cumplimiento con los m\u00e1s altos est\u00e1ndares de seguridad y eficiencia.<\/li>\n<\/ul>\n<h3><strong>El resultado:<\/strong><\/h3>\n<ul>\n<li>Tiempos de manipulaci\u00f3n reducidos.<\/li>\n<li>Seguridad mejorada para los operarios.<\/li>\n<li>Operaciones optimizadas y un cliente satisfecho.<\/li>\n<\/ul>\n<\/div>[vc_btn title=\u00bbConsulta el caso de \u00e9xito aqu\u00ed\u00bb link=\u00bburl:https%3A%2F%2Fwww.airpes.com%2Fes%2Fsoluciones-a-medida%2Fmanutencion-ingenieria-empresa-britanica-placas-acero%2F|title:Leer%20m%C3%A1s|target:_blank|rel:nofollow\u00bb css=\u00bb.vc_custom_1747236044759{padding-top: 10px !important;}\u00bb]<\/div><\/div><\/div><\/section><section class=\"vc_row wpb_row vc_row-fluid\"><div class=\"wpb_column vc_column_container col-xs-mobile-fullwidth vc_col-sm-12\"><div class=\"vc_column-inner\"><div class=\"wpb_wrapper\">[vc_empty_space height=\u00bb100px\u00bb]<\/div><\/div><\/div><\/section><section class=\"vc_row wpb_row vc_row-fluid\"><div class=\"wpb_column vc_column_container col-xs-mobile-fullwidth vc_col-sm-12\"><div class=\"vc_column-inner\"><div class=\"wpb_wrapper\"><div class=\"text-block-content hongo-text-block-5 last-paragraph-no-margin\"><h2><strong>Crosby Airpes: expertos globales en sistemas de elevaci\u00f3n y manipulaci\u00f3n de materiales<\/strong><\/h2>\n<p>Con presencia en <strong>Europa, EE.UU. y China<\/strong>, en Crosby Airpes ofrecemos productos personalizados para aplicaciones de alta exigencia en todo el mundo.<\/p>\n<p>Desde el <strong>dise\u00f1o y la ingenier\u00eda<\/strong> hasta la <strong>instalaci\u00f3n, mantenimiento y soporte<\/strong>, garantizamos la m\u00e1xima seguridad, eficiencia y fiabilidad, tanto en proyectos <strong>onshore como offshore<\/strong>.<\/p>\n<h3>\u00bfNecesitas una soluci\u00f3n a medida?<\/h3>\n<p>Dise\u00f1amos el <strong>elevador de placas<\/strong> ideal para tu negocio.<\/p>\n<\/div>[vc_btn title=\u00bbSolicita tu presupuesto aqu\u00ed\u00bb link=\u00bburl:https%3A%2F%2Fwww.airpes.com%2Fes%2Fcontacto%2F|title:Cont%C3%A1ctanos|target:_blank|rel:nofollow\u00bb css=\u00bb.vc_custom_1747236144626{padding-top: 20px !important;}\u00bb][vc_empty_space height=\u00bb80px\u00bb]<div class=\"text-block-content hongo-text-block-6 last-paragraph-no-margin\"><h2><strong>Preguntas Frecuentes sobre Elevadores de Placas<\/strong><\/h2>\n<\/div><\/div><\/div><\/div><\/section><section class=\"vc_row wpb_row vc_row-fluid\"><div class=\"wpb_column vc_column_container col-xs-mobile-fullwidth vc_col-sm-12\"><div class=\"vc_column-inner\"><div class=\"wpb_wrapper\">[vc_toggle title=\u00bb\u00bfQu\u00e9 ventajas ofrecen los elevadores de placas por vac\u00edo?\u00bb style=\u00bbsquare_outline\u00bb]Permiten una manipulaci\u00f3n segura y sin da\u00f1os, ideales para materiales sensibles como acero inoxidable o vidrio.[\/vc_toggle][vc_toggle title=\u00bb\u00bfC\u00f3mo elegir el elevador de placas adecuado?\u00bb style=\u00bbsquare_outline\u00bb]Debes considerar el tipo de material, su superficie, peso, dimensiones y el entorno de trabajo. Nuestro equipo te asesorar\u00e1 en la mejor elecci\u00f3n.[\/vc_toggle][vc_toggle title=\u00bb\u00bfRequieren mantenimiento especial los elevadores de placas?\u00bb style=\u00bbsquare_outline\u00bb]S\u00ed, se recomienda realizar inspecciones peri\u00f3dicas y un mantenimiento preventivo para garantizar su rendimiento y seguridad.[\/vc_toggle]<\/div><\/div><\/div><\/section>\n<\/div>","protected":false},"excerpt":{"rendered":"<p>En <strong>Crosby Airpes<\/strong> dise\u00f1amos y fabricamos <strong>elevadores de placas<\/strong> que garantizan una <strong>manipulaci\u00f3n segura, eficiente y precisa<\/strong> de chapas de acero y metal. Nuestras soluciones permiten un ajuste r\u00e1pido de las patas y aplican fuerza adicional en los laterales para asegurar cualquier carga.<\/p>\n<p>Cada elevador de placas puede adaptarse f\u00e1cilmente a <strong>gr\u00faas o ganchos existentes<\/strong>, facilitando la manipulaci\u00f3n de materiales de cualquier tama\u00f1o, longitud o peso.<\/p>\n<p><strong>Mejora la gesti\u00f3n de tus cargas con las soluciones personalizadas de <\/strong><a href=\"https:\/\/www.airpes.com\/es\/\">Crosby Airpes.<\/a><\/p>\n<h2>Caracter\u00edsticas de nuestros elevadores de placas<\/h2>\n<p>Nuestros elevadores de placas est\u00e1n dise\u00f1ados para trabajos de alta exigencia, combinando <strong>robustez y flexibilidad<\/strong>. Cada unidad se fabrica <a href=\"https:\/\/www.airpes.com\/es\/soluciones\/equipos-de-elevacion\/equipos-de-manutencion-y-elevacion\/soluciones-a-medida\/\">bajo demanda<\/a>, adapt\u00e1ndose a las necesidades de tu empresa, mejorando la productividad y asegurando una manipulaci\u00f3n segura y precisa.<\/p>\n<h3><strong>Principales caracter\u00edsticas:<\/strong><\/h3>\n<ul>\n<li><strong>Sistema hidr\u00e1ulico de alta capacidad<\/strong> para un rendimiento fiable.<\/li>\n<li><strong>Componentes electromec\u00e1nicos con PLC integrado<\/strong>, garantizando un uso seguro y evitando da\u00f1os.<\/li>\n<li><strong>Sistema de iluminaci\u00f3n integrado<\/strong> para una mayor visibilidad.<\/li>\n<li><strong>Protecci\u00f3n adicional con almohadillas de pl\u00e1stico<\/strong> para reducir da\u00f1os en las placas.<\/li>\n<li><strong>Dimensiones, capacidad y control totalmente personalizables<\/strong> seg\u00fan las especificaciones de tu gr\u00faa y tus operaciones.<\/li>\n<\/ul>\n<h3>Mejoras opcionales<\/h3>\n<p>Optimiza tu elevador de placas con opciones adicionales:<\/p>\n<ul>\n<li><strong>B\u00e1scula integrada de alta capacidad<\/strong> para monitorizaci\u00f3n en tiempo real.<\/li>\n<li><strong>Sistema de radiocontrol<\/strong> para operar a distancia y obtener datos en tiempo real.<\/li>\n<li><strong>Impresora de datos in situ<\/strong> para registros operativos y cumplimiento normativo.<\/li>\n<\/ul>\n","protected":false},"featured_media":110264,"template":"","meta":{"_acf_changed":false,"inline_featured_image":false},"product_cat":[282,283,289],"product_tag":[],"class_list":{"0":"post-107652","1":"product","2":"type-product","3":"status-publish","4":"has-post-thumbnail","6":"product_cat-equipos-de-elevacion","7":"product_cat-equipos-de-manutencion-y-elevacion","8":"product_cat-soluciones-a-medida","10":"first","11":"instock","12":"shipping-taxable","13":"product-type-simple"},"acf":[],"yoast_head":"<!-- This site is optimized with the Yoast SEO plugin v26.6 - https:\/\/yoast.com\/wordpress\/plugins\/seo\/ -->\n<title>Elevadores de placas | Crosby Airpes<\/title>\n<meta name=\"description\" content=\"Descubre nuestros elevadores de placas para levantar chapas met\u00e1licas de forma segura y eficiente. Solicita tu soluci\u00f3n a medida en Crosby Airpes.\" \/>\n<meta name=\"robots\" content=\"index, follow, max-snippet:-1, max-image-preview:large, max-video-preview:-1\" \/>\n<link rel=\"canonical\" href=\"https:\/\/www.airpes.com\/es\/product\/elevadores-de-placas\/\" \/>\n<meta property=\"og:locale\" content=\"es_ES\" \/>\n<meta property=\"og:type\" content=\"article\" \/>\n<meta property=\"og:title\" content=\"Elevadores de placas | Crosby Airpes\" \/>\n<meta property=\"og:description\" content=\"Descubre nuestros elevadores de placas para levantar chapas met\u00e1licas de forma segura y eficiente. Solicita tu soluci\u00f3n a medida en Crosby Airpes.\" \/>\n<meta property=\"og:url\" content=\"https:\/\/www.airpes.com\/es\/product\/elevadores-de-placas\/\" \/>\n<meta property=\"og:site_name\" content=\"Airpes\" \/>\n<meta property=\"article:publisher\" content=\"https:\/\/www.facebook.com\/AIRPES\" \/>\n<meta property=\"article:modified_time\" content=\"2025-05-14T15:38:16+00:00\" \/>\n<meta property=\"og:image\" content=\"https:\/\/www.airpes.com\/wp-content\/uploads\/2020\/09\/airpes-sheet-lifter-portada.jpg\" \/>\n\t<meta property=\"og:image:width\" content=\"800\" \/>\n\t<meta property=\"og:image:height\" content=\"900\" \/>\n\t<meta property=\"og:image:type\" content=\"image\/jpeg\" \/>\n<meta name=\"twitter:card\" content=\"summary_large_image\" \/>\n<meta name=\"twitter:site\" content=\"@AIRPES\" \/>\n<meta name=\"twitter:label1\" content=\"Tiempo de lectura\" \/>\n\t<meta name=\"twitter:data1\" content=\"2 minutos\" \/>\n<script type=\"application\/ld+json\" class=\"yoast-schema-graph\">{\"@context\":\"https:\/\/schema.org\",\"@graph\":[{\"@type\":[\"WebPage\",\"ItemPage\"],\"@id\":\"https:\/\/www.airpes.com\/es\/product\/elevadores-de-placas\/\",\"url\":\"https:\/\/www.airpes.com\/es\/product\/elevadores-de-placas\/\",\"name\":\"Elevadores de placas | Crosby Airpes\",\"isPartOf\":{\"@id\":\"https:\/\/www.airpes.com\/es\/#website\"},\"primaryImageOfPage\":{\"@id\":\"https:\/\/www.airpes.com\/es\/product\/elevadores-de-placas\/#primaryimage\"},\"image\":{\"@id\":\"https:\/\/www.airpes.com\/es\/product\/elevadores-de-placas\/#primaryimage\"},\"thumbnailUrl\":\"https:\/\/www.airpes.com\/wp-content\/uploads\/2020\/09\/airpes-sheet-lifter-portada.jpg\",\"datePublished\":\"2020-09-22T18:44:23+00:00\",\"dateModified\":\"2025-05-14T15:38:16+00:00\",\"description\":\"Descubre nuestros elevadores de placas para levantar chapas met\u00e1licas de forma segura y eficiente. Solicita tu soluci\u00f3n a medida en Crosby Airpes.\",\"breadcrumb\":{\"@id\":\"https:\/\/www.airpes.com\/es\/product\/elevadores-de-placas\/#breadcrumb\"},\"inLanguage\":\"es\",\"potentialAction\":[{\"@type\":\"ReadAction\",\"target\":[\"https:\/\/www.airpes.com\/es\/product\/elevadores-de-placas\/\"]}]},{\"@type\":\"ImageObject\",\"inLanguage\":\"es\",\"@id\":\"https:\/\/www.airpes.com\/es\/product\/elevadores-de-placas\/#primaryimage\",\"url\":\"https:\/\/www.airpes.com\/wp-content\/uploads\/2020\/09\/airpes-sheet-lifter-portada.jpg\",\"contentUrl\":\"https:\/\/www.airpes.com\/wp-content\/uploads\/2020\/09\/airpes-sheet-lifter-portada.jpg\",\"width\":800,\"height\":900,\"caption\":\"Sheet Lifter - Handling Lifting Equipment - Airpes\"},{\"@type\":\"BreadcrumbList\",\"@id\":\"https:\/\/www.airpes.com\/es\/product\/elevadores-de-placas\/#breadcrumb\",\"itemListElement\":[{\"@type\":\"ListItem\",\"position\":1,\"name\":\"Inicio\",\"item\":\"https:\/\/www.airpes.com\/es\/\"},{\"@type\":\"ListItem\",\"position\":2,\"name\":\"Productos\",\"item\":\"https:\/\/www.airpes.com\/es\/shop\/\"},{\"@type\":\"ListItem\",\"position\":3,\"name\":\"Elevadores de placas industriales\"}]},{\"@type\":\"WebSite\",\"@id\":\"https:\/\/www.airpes.com\/es\/#website\",\"url\":\"https:\/\/www.airpes.com\/es\/\",\"name\":\"Airpes\",\"description\":\"Your lifting equipment supplier\",\"publisher\":{\"@id\":\"https:\/\/www.airpes.com\/es\/#organization\"},\"potentialAction\":[{\"@type\":\"SearchAction\",\"target\":{\"@type\":\"EntryPoint\",\"urlTemplate\":\"https:\/\/www.airpes.com\/es\/?s={search_term_string}\"},\"query-input\":{\"@type\":\"PropertyValueSpecification\",\"valueRequired\":true,\"valueName\":\"search_term_string\"}}],\"inLanguage\":\"es\"},{\"@type\":\"Organization\",\"@id\":\"https:\/\/www.airpes.com\/es\/#organization\",\"name\":\"Airpes\",\"url\":\"https:\/\/www.airpes.com\/es\/\",\"logo\":{\"@type\":\"ImageObject\",\"inLanguage\":\"es\",\"@id\":\"https:\/\/www.airpes.com\/es\/#\/schema\/logo\/image\/\",\"url\":\"https:\/\/www.airpes.com\/wp-content\/uploads\/2020\/09\/logo.svg\",\"contentUrl\":\"https:\/\/www.airpes.com\/wp-content\/uploads\/2020\/09\/logo.svg\",\"width\":193,\"height\":86,\"caption\":\"Airpes\"},\"image\":{\"@id\":\"https:\/\/www.airpes.com\/es\/#\/schema\/logo\/image\/\"},\"sameAs\":[\"https:\/\/www.facebook.com\/AIRPES\",\"https:\/\/x.com\/AIRPES\",\"https:\/\/www.instagram.com\/AIRPESlifting\/\",\"https:\/\/www.linkedin.com\/company\/airpes\"]}]}<\/script>\n<!-- \/ Yoast SEO plugin. -->","yoast_head_json":{"title":"Elevadores de placas | Crosby Airpes","description":"Descubre nuestros elevadores de placas para levantar chapas met\u00e1licas de forma segura y eficiente. Solicita tu soluci\u00f3n a medida en Crosby Airpes.","robots":{"index":"index","follow":"follow","max-snippet":"max-snippet:-1","max-image-preview":"max-image-preview:large","max-video-preview":"max-video-preview:-1"},"canonical":"https:\/\/www.airpes.com\/es\/product\/elevadores-de-placas\/","og_locale":"es_ES","og_type":"article","og_title":"Elevadores de placas | Crosby Airpes","og_description":"Descubre nuestros elevadores de placas para levantar chapas met\u00e1licas de forma segura y eficiente. Solicita tu soluci\u00f3n a medida en Crosby Airpes.","og_url":"https:\/\/www.airpes.com\/es\/product\/elevadores-de-placas\/","og_site_name":"Airpes","article_publisher":"https:\/\/www.facebook.com\/AIRPES","article_modified_time":"2025-05-14T15:38:16+00:00","og_image":[{"width":800,"height":900,"url":"https:\/\/www.airpes.com\/wp-content\/uploads\/2020\/09\/airpes-sheet-lifter-portada.jpg","type":"image\/jpeg"}],"twitter_card":"summary_large_image","twitter_site":"@AIRPES","twitter_misc":{"Tiempo de lectura":"2 minutos"},"schema":{"@context":"https:\/\/schema.org","@graph":[{"@type":["WebPage","ItemPage"],"@id":"https:\/\/www.airpes.com\/es\/product\/elevadores-de-placas\/","url":"https:\/\/www.airpes.com\/es\/product\/elevadores-de-placas\/","name":"Elevadores de placas | Crosby Airpes","isPartOf":{"@id":"https:\/\/www.airpes.com\/es\/#website"},"primaryImageOfPage":{"@id":"https:\/\/www.airpes.com\/es\/product\/elevadores-de-placas\/#primaryimage"},"image":{"@id":"https:\/\/www.airpes.com\/es\/product\/elevadores-de-placas\/#primaryimage"},"thumbnailUrl":"https:\/\/www.airpes.com\/wp-content\/uploads\/2020\/09\/airpes-sheet-lifter-portada.jpg","datePublished":"2020-09-22T18:44:23+00:00","dateModified":"2025-05-14T15:38:16+00:00","description":"Descubre nuestros elevadores de placas para levantar chapas met\u00e1licas de forma segura y eficiente. Solicita tu soluci\u00f3n a medida en Crosby Airpes.","breadcrumb":{"@id":"https:\/\/www.airpes.com\/es\/product\/elevadores-de-placas\/#breadcrumb"},"inLanguage":"es","potentialAction":[{"@type":"ReadAction","target":["https:\/\/www.airpes.com\/es\/product\/elevadores-de-placas\/"]}]},{"@type":"ImageObject","inLanguage":"es","@id":"https:\/\/www.airpes.com\/es\/product\/elevadores-de-placas\/#primaryimage","url":"https:\/\/www.airpes.com\/wp-content\/uploads\/2020\/09\/airpes-sheet-lifter-portada.jpg","contentUrl":"https:\/\/www.airpes.com\/wp-content\/uploads\/2020\/09\/airpes-sheet-lifter-portada.jpg","width":800,"height":900,"caption":"Sheet Lifter - Handling Lifting Equipment - Airpes"},{"@type":"BreadcrumbList","@id":"https:\/\/www.airpes.com\/es\/product\/elevadores-de-placas\/#breadcrumb","itemListElement":[{"@type":"ListItem","position":1,"name":"Inicio","item":"https:\/\/www.airpes.com\/es\/"},{"@type":"ListItem","position":2,"name":"Productos","item":"https:\/\/www.airpes.com\/es\/shop\/"},{"@type":"ListItem","position":3,"name":"Elevadores de placas industriales"}]},{"@type":"WebSite","@id":"https:\/\/www.airpes.com\/es\/#website","url":"https:\/\/www.airpes.com\/es\/","name":"Airpes","description":"Your lifting equipment supplier","publisher":{"@id":"https:\/\/www.airpes.com\/es\/#organization"},"potentialAction":[{"@type":"SearchAction","target":{"@type":"EntryPoint","urlTemplate":"https:\/\/www.airpes.com\/es\/?s={search_term_string}"},"query-input":{"@type":"PropertyValueSpecification","valueRequired":true,"valueName":"search_term_string"}}],"inLanguage":"es"},{"@type":"Organization","@id":"https:\/\/www.airpes.com\/es\/#organization","name":"Airpes","url":"https:\/\/www.airpes.com\/es\/","logo":{"@type":"ImageObject","inLanguage":"es","@id":"https:\/\/www.airpes.com\/es\/#\/schema\/logo\/image\/","url":"https:\/\/www.airpes.com\/wp-content\/uploads\/2020\/09\/logo.svg","contentUrl":"https:\/\/www.airpes.com\/wp-content\/uploads\/2020\/09\/logo.svg","width":193,"height":86,"caption":"Airpes"},"image":{"@id":"https:\/\/www.airpes.com\/es\/#\/schema\/logo\/image\/"},"sameAs":["https:\/\/www.facebook.com\/AIRPES","https:\/\/x.com\/AIRPES","https:\/\/www.instagram.com\/AIRPESlifting\/","https:\/\/www.linkedin.com\/company\/airpes"]}]}},"_links":{"self":[{"href":"https:\/\/www.airpes.com\/es\/wp-json\/wp\/v2\/product\/107652","targetHints":{"allow":["GET"]}}],"collection":[{"href":"https:\/\/www.airpes.com\/es\/wp-json\/wp\/v2\/product"}],"about":[{"href":"https:\/\/www.airpes.com\/es\/wp-json\/wp\/v2\/types\/product"}],"wp:featuredmedia":[{"embeddable":true,"href":"https:\/\/www.airpes.com\/es\/wp-json\/wp\/v2\/media\/110264"}],"wp:attachment":[{"href":"https:\/\/www.airpes.com\/es\/wp-json\/wp\/v2\/media?parent=107652"}],"wp:term":[{"taxonomy":"product_cat","embeddable":true,"href":"https:\/\/www.airpes.com\/es\/wp-json\/wp\/v2\/product_cat?post=107652"},{"taxonomy":"product_tag","embeddable":true,"href":"https:\/\/www.airpes.com\/es\/wp-json\/wp\/v2\/product_tag?post=107652"}],"curies":[{"name":"wp","href":"https:\/\/api.w.org\/{rel}","templated":true}]}}