{"id":107651,"date":"2020-09-22T18:34:37","date_gmt":"2020-09-22T18:34:37","guid":{"rendered":"https:\/\/www.airpes.com\/product\/pinzas-para-mallazo\/"},"modified":"2021-11-26T10:22:04","modified_gmt":"2021-11-26T10:22:04","slug":"pinzas-para-mallazo","status":"publish","type":"product","link":"https:\/\/www.airpes.com\/es\/product\/pinzas-para-mallazo\/","title":{"rendered":"PINZAS PARA MALLAZO"},"content":{"rendered":"<div class=\"wpb-content-wrapper\"><section class=\"vc_row wpb_row vc_row-fluid  vc_custom_1550641386235   vc_row-has-fill\"><div class=\"wpb_column vc_column_container col-xs-mobile-fullwidth vc_col-sm-12 vc_col-md-6 wow fadeIn\" data-wow-delay= 200ms data-wow-duration= 1500ms><div class=\"vc_column-inner  hongo_responsive_1566294673742\"><div class=\"wpb_wrapper\"><div class=\"text-block-content hongo-text-block-1 vc_custom_1611803173997 last-paragraph-no-margin\"><h3><strong>Beneficios de las pinzas de malla de Airpes<\/strong><\/h3>\n<ul>\n<li>Carga totalmente segura<\/li>\n<li>S\u00f3lo se necesita un operador<\/li>\n<li>Ahorro de tiempo<\/li>\n<li>Aumenta la productividad<\/li>\n<li>Dise\u00f1o personalizado seg\u00fan las necesidades del cliente<\/li>\n<\/ul>\n<\/div><\/div><\/div><\/div><div class=\"wpb_column vc_column_container col-xs-mobile-fullwidth vc_col-sm-12 vc_col-md-6 wow fadeIn\" data-wow-delay= 400ms data-wow-duration= 1500ms><div class=\"vc_column-inner\"><div class=\"wpb_wrapper\"><div class=\"wpb_single_image   vc_custom_1600799626942 hongo-full-width-single-image\">\n\t\t\t<figure class=\"wpb_wrapper vc_figure\">\n\t\t\t\t<div class=\"vc_single_image-wrapper  \"><img loading=\"lazy\" decoding=\"async\" width=\"800\" height=\"1200\" src=\"https:\/\/www.airpes.com\/wp-content\/uploads\/2020\/09\/airpes-Mesh-Nippers-00.jpg\" class=\"vc_single_image-img attachment-full\" alt=\"\" title=\"airpes-Mesh-Nippers-00\" srcset=\"https:\/\/www.airpes.com\/wp-content\/uploads\/2020\/09\/airpes-Mesh-Nippers-00.jpg 800w, https:\/\/www.airpes.com\/wp-content\/uploads\/2020\/09\/airpes-Mesh-Nippers-00-340x510.jpg 340w, https:\/\/www.airpes.com\/wp-content\/uploads\/2020\/09\/airpes-Mesh-Nippers-00-200x300.jpg 200w, https:\/\/www.airpes.com\/wp-content\/uploads\/2020\/09\/airpes-Mesh-Nippers-00-683x1024.jpg 683w, https:\/\/www.airpes.com\/wp-content\/uploads\/2020\/09\/airpes-Mesh-Nippers-00-768x1152.jpg 768w, https:\/\/www.airpes.com\/wp-content\/uploads\/2020\/09\/airpes-Mesh-Nippers-00-423x635.jpg 423w, https:\/\/www.airpes.com\/wp-content\/uploads\/2020\/09\/airpes-Mesh-Nippers-00-84x126.jpg 84w, https:\/\/www.airpes.com\/wp-content\/uploads\/2020\/09\/airpes-Mesh-Nippers-00-450x675.jpg 450w, https:\/\/www.airpes.com\/wp-content\/uploads\/2020\/09\/airpes-Mesh-Nippers-00-527x790.jpg 527w\" sizes=\"auto, (max-width: 800px) 100vw, 800px\" \/><\/div>\n\t\t\t<\/figure>\n\t\t\t\n\t\t<\/div><\/div><\/div><\/div><\/section>\n<\/div>","protected":false},"excerpt":{"rendered":"<p>Descubre m\u00e1s sobre las <strong>pinzas para mallazo de Airpes<\/strong>, nuestra mejor herramienta para asegurar una carga\/descarga segura, perfecta y r\u00e1pida de los camiones. Tu empresa ahorrar\u00e1 tiempo y aumentar\u00e1 la productividad del almac\u00e9n.<\/p>\n<p>Esta eficiente herramienta proporciona al usuario una manera segura de manipular las cargas, con un solo operario y aumenta la productividad del trabajo en almac\u00e9n<\/p>\n<h3><strong>Caracter\u00edsticas principales de las pinzas para mallazo<\/strong><\/h3>\n<p>Las pinzas para mallazo Airpes se fabrican para garantizar una carga perfecta y segura y para ahorrar tiempo en la operaci\u00f3n de carga y descarga de los camiones. Podemos adaptar el equipo para levantar cargas de malla met\u00e1lica de diferentes pesos y caracter\u00edsticas aumentando su capacidad o cambiando el n\u00famero de pinzas para levantar la carga.<\/p>\n<p>Las pinzas para mallazo tambi\u00e9n pueden fabricarse con cabezal de rotaci\u00f3n para colocar el producto en el almac\u00e9n y ahorrar espacio.<\/p>\n<p>Los dise\u00f1adores de Airpes ofrecen las mejores soluciones seg\u00fan las capacidades y dimensiones solicitadas por el cliente.<\/p>\n","protected":false},"featured_media":110266,"template":"","meta":{"_acf_changed":false,"inline_featured_image":false},"product_cat":[282,283,289],"product_tag":[],"class_list":{"0":"post-107651","1":"product","2":"type-product","3":"status-publish","4":"has-post-thumbnail","6":"product_cat-equipos-de-elevacion","7":"product_cat-equipos-de-manutencion-y-elevacion","8":"product_cat-soluciones-a-medida","10":"first","11":"instock","12":"shipping-taxable","13":"product-type-simple"},"acf":[],"yoast_head":"<!-- This site is optimized with the Yoast SEO plugin v27.5 - https:\/\/yoast.com\/product\/yoast-seo-wordpress\/ -->\n<title>Pinzas para Mallazo para Carga y Descarga | Airpes<\/title>\n<meta name=\"description\" content=\"Asegura una carga y descarga r\u00e1pida y segura con las pinzas para mallazo de Airpes Cont\u00e1ctanos y pide presupuesto.\" \/>\n<meta name=\"robots\" content=\"index, follow, max-snippet:-1, max-image-preview:large, max-video-preview:-1\" \/>\n<link rel=\"canonical\" href=\"https:\/\/www.airpes.com\/es\/product\/pinzas-para-mallazo\/\" \/>\n<meta property=\"og:locale\" content=\"es_ES\" \/>\n<meta property=\"og:type\" content=\"article\" \/>\n<meta property=\"og:title\" content=\"Pinzas para Mallazo para Carga y Descarga | Airpes\" \/>\n<meta property=\"og:description\" content=\"Asegura una carga y descarga r\u00e1pida y segura con las pinzas para mallazo de Airpes Cont\u00e1ctanos y pide presupuesto.\" \/>\n<meta property=\"og:url\" content=\"https:\/\/www.airpes.com\/es\/product\/pinzas-para-mallazo\/\" \/>\n<meta property=\"og:site_name\" content=\"Airpes\" \/>\n<meta property=\"article:publisher\" content=\"https:\/\/www.facebook.com\/AIRPES\" \/>\n<meta property=\"article:modified_time\" content=\"2021-11-26T10:22:04+00:00\" \/>\n<meta property=\"og:image\" content=\"https:\/\/www.airpes.com\/wp-content\/uploads\/2020\/09\/airpes-Mesh-Nippers-portada-00.jpg\" \/>\n\t<meta property=\"og:image:width\" content=\"800\" \/>\n\t<meta property=\"og:image:height\" content=\"900\" \/>\n\t<meta property=\"og:image:type\" content=\"image\/jpeg\" \/>\n<meta name=\"twitter:card\" content=\"summary_large_image\" \/>\n<meta name=\"twitter:site\" content=\"@AIRPES\" \/>\n<meta name=\"twitter:label1\" content=\"Tiempo de lectura\" \/>\n\t<meta name=\"twitter:data1\" content=\"1 minuto\" \/>\n<script type=\"application\/ld+json\" class=\"yoast-schema-graph\">{\"@context\":\"https:\\\/\\\/schema.org\",\"@graph\":[{\"@type\":[\"WebPage\",\"ItemPage\"],\"@id\":\"https:\\\/\\\/www.airpes.com\\\/es\\\/product\\\/pinzas-para-mallazo\\\/\",\"url\":\"https:\\\/\\\/www.airpes.com\\\/es\\\/product\\\/pinzas-para-mallazo\\\/\",\"name\":\"Pinzas para Mallazo para Carga y Descarga | Airpes\",\"isPartOf\":{\"@id\":\"https:\\\/\\\/www.airpes.com\\\/es\\\/#website\"},\"primaryImageOfPage\":{\"@id\":\"https:\\\/\\\/www.airpes.com\\\/es\\\/product\\\/pinzas-para-mallazo\\\/#primaryimage\"},\"image\":{\"@id\":\"https:\\\/\\\/www.airpes.com\\\/es\\\/product\\\/pinzas-para-mallazo\\\/#primaryimage\"},\"thumbnailUrl\":\"https:\\\/\\\/www.airpes.com\\\/wp-content\\\/uploads\\\/2020\\\/09\\\/airpes-Mesh-Nippers-portada-00.jpg\",\"datePublished\":\"2020-09-22T18:34:37+00:00\",\"dateModified\":\"2021-11-26T10:22:04+00:00\",\"description\":\"Asegura una carga y descarga r\u00e1pida y segura con las pinzas para mallazo de Airpes Cont\u00e1ctanos y pide presupuesto.\",\"breadcrumb\":{\"@id\":\"https:\\\/\\\/www.airpes.com\\\/es\\\/product\\\/pinzas-para-mallazo\\\/#breadcrumb\"},\"inLanguage\":\"es\",\"potentialAction\":[{\"@type\":\"ReadAction\",\"target\":[\"https:\\\/\\\/www.airpes.com\\\/es\\\/product\\\/pinzas-para-mallazo\\\/\"]}]},{\"@type\":\"ImageObject\",\"inLanguage\":\"es\",\"@id\":\"https:\\\/\\\/www.airpes.com\\\/es\\\/product\\\/pinzas-para-mallazo\\\/#primaryimage\",\"url\":\"https:\\\/\\\/www.airpes.com\\\/wp-content\\\/uploads\\\/2020\\\/09\\\/airpes-Mesh-Nippers-portada-00.jpg\",\"contentUrl\":\"https:\\\/\\\/www.airpes.com\\\/wp-content\\\/uploads\\\/2020\\\/09\\\/airpes-Mesh-Nippers-portada-00.jpg\",\"width\":800,\"height\":900,\"caption\":\"Mesh Nippers - Handling Lifting Equipment - Airpes\"},{\"@type\":\"BreadcrumbList\",\"@id\":\"https:\\\/\\\/www.airpes.com\\\/es\\\/product\\\/pinzas-para-mallazo\\\/#breadcrumb\",\"itemListElement\":[{\"@type\":\"ListItem\",\"position\":1,\"name\":\"Inicio\",\"item\":\"https:\\\/\\\/www.airpes.com\\\/es\\\/\"},{\"@type\":\"ListItem\",\"position\":2,\"name\":\"Productos\",\"item\":\"https:\\\/\\\/www.airpes.com\\\/es\\\/shop\\\/\"},{\"@type\":\"ListItem\",\"position\":3,\"name\":\"PINZAS PARA MALLAZO\"}]},{\"@type\":\"WebSite\",\"@id\":\"https:\\\/\\\/www.airpes.com\\\/es\\\/#website\",\"url\":\"https:\\\/\\\/www.airpes.com\\\/es\\\/\",\"name\":\"Airpes\",\"description\":\"Your lifting equipment supplier\",\"publisher\":{\"@id\":\"https:\\\/\\\/www.airpes.com\\\/es\\\/#organization\"},\"potentialAction\":[{\"@type\":\"SearchAction\",\"target\":{\"@type\":\"EntryPoint\",\"urlTemplate\":\"https:\\\/\\\/www.airpes.com\\\/es\\\/?s={search_term_string}\"},\"query-input\":{\"@type\":\"PropertyValueSpecification\",\"valueRequired\":true,\"valueName\":\"search_term_string\"}}],\"inLanguage\":\"es\"},{\"@type\":\"Organization\",\"@id\":\"https:\\\/\\\/www.airpes.com\\\/es\\\/#organization\",\"name\":\"Airpes\",\"url\":\"https:\\\/\\\/www.airpes.com\\\/es\\\/\",\"logo\":{\"@type\":\"ImageObject\",\"inLanguage\":\"es\",\"@id\":\"https:\\\/\\\/www.airpes.com\\\/es\\\/#\\\/schema\\\/logo\\\/image\\\/\",\"url\":\"https:\\\/\\\/www.airpes.com\\\/wp-content\\\/uploads\\\/2020\\\/09\\\/logo.svg\",\"contentUrl\":\"https:\\\/\\\/www.airpes.com\\\/wp-content\\\/uploads\\\/2020\\\/09\\\/logo.svg\",\"width\":193,\"height\":86,\"caption\":\"Airpes\"},\"image\":{\"@id\":\"https:\\\/\\\/www.airpes.com\\\/es\\\/#\\\/schema\\\/logo\\\/image\\\/\"},\"sameAs\":[\"https:\\\/\\\/www.facebook.com\\\/AIRPES\",\"https:\\\/\\\/x.com\\\/AIRPES\",\"https:\\\/\\\/www.instagram.com\\\/AIRPESlifting\\\/\",\"https:\\\/\\\/www.linkedin.com\\\/company\\\/airpes\"]}]}<\/script>\n<!-- \/ Yoast SEO plugin. -->","yoast_head_json":{"title":"Pinzas para Mallazo para Carga y Descarga | Airpes","description":"Asegura una carga y descarga r\u00e1pida y segura con las pinzas para mallazo de Airpes Cont\u00e1ctanos y pide presupuesto.","robots":{"index":"index","follow":"follow","max-snippet":"max-snippet:-1","max-image-preview":"max-image-preview:large","max-video-preview":"max-video-preview:-1"},"canonical":"https:\/\/www.airpes.com\/es\/product\/pinzas-para-mallazo\/","og_locale":"es_ES","og_type":"article","og_title":"Pinzas para Mallazo para Carga y Descarga | Airpes","og_description":"Asegura una carga y descarga r\u00e1pida y segura con las pinzas para mallazo de Airpes Cont\u00e1ctanos y pide presupuesto.","og_url":"https:\/\/www.airpes.com\/es\/product\/pinzas-para-mallazo\/","og_site_name":"Airpes","article_publisher":"https:\/\/www.facebook.com\/AIRPES","article_modified_time":"2021-11-26T10:22:04+00:00","og_image":[{"width":800,"height":900,"url":"https:\/\/www.airpes.com\/wp-content\/uploads\/2020\/09\/airpes-Mesh-Nippers-portada-00.jpg","type":"image\/jpeg"}],"twitter_card":"summary_large_image","twitter_site":"@AIRPES","twitter_misc":{"Tiempo de lectura":"1 minuto"},"schema":{"@context":"https:\/\/schema.org","@graph":[{"@type":["WebPage","ItemPage"],"@id":"https:\/\/www.airpes.com\/es\/product\/pinzas-para-mallazo\/","url":"https:\/\/www.airpes.com\/es\/product\/pinzas-para-mallazo\/","name":"Pinzas para Mallazo para Carga y Descarga | Airpes","isPartOf":{"@id":"https:\/\/www.airpes.com\/es\/#website"},"primaryImageOfPage":{"@id":"https:\/\/www.airpes.com\/es\/product\/pinzas-para-mallazo\/#primaryimage"},"image":{"@id":"https:\/\/www.airpes.com\/es\/product\/pinzas-para-mallazo\/#primaryimage"},"thumbnailUrl":"https:\/\/www.airpes.com\/wp-content\/uploads\/2020\/09\/airpes-Mesh-Nippers-portada-00.jpg","datePublished":"2020-09-22T18:34:37+00:00","dateModified":"2021-11-26T10:22:04+00:00","description":"Asegura una carga y descarga r\u00e1pida y segura con las pinzas para mallazo de Airpes Cont\u00e1ctanos y pide presupuesto.","breadcrumb":{"@id":"https:\/\/www.airpes.com\/es\/product\/pinzas-para-mallazo\/#breadcrumb"},"inLanguage":"es","potentialAction":[{"@type":"ReadAction","target":["https:\/\/www.airpes.com\/es\/product\/pinzas-para-mallazo\/"]}]},{"@type":"ImageObject","inLanguage":"es","@id":"https:\/\/www.airpes.com\/es\/product\/pinzas-para-mallazo\/#primaryimage","url":"https:\/\/www.airpes.com\/wp-content\/uploads\/2020\/09\/airpes-Mesh-Nippers-portada-00.jpg","contentUrl":"https:\/\/www.airpes.com\/wp-content\/uploads\/2020\/09\/airpes-Mesh-Nippers-portada-00.jpg","width":800,"height":900,"caption":"Mesh Nippers - Handling Lifting Equipment - Airpes"},{"@type":"BreadcrumbList","@id":"https:\/\/www.airpes.com\/es\/product\/pinzas-para-mallazo\/#breadcrumb","itemListElement":[{"@type":"ListItem","position":1,"name":"Inicio","item":"https:\/\/www.airpes.com\/es\/"},{"@type":"ListItem","position":2,"name":"Productos","item":"https:\/\/www.airpes.com\/es\/shop\/"},{"@type":"ListItem","position":3,"name":"PINZAS PARA MALLAZO"}]},{"@type":"WebSite","@id":"https:\/\/www.airpes.com\/es\/#website","url":"https:\/\/www.airpes.com\/es\/","name":"Airpes","description":"Your lifting equipment supplier","publisher":{"@id":"https:\/\/www.airpes.com\/es\/#organization"},"potentialAction":[{"@type":"SearchAction","target":{"@type":"EntryPoint","urlTemplate":"https:\/\/www.airpes.com\/es\/?s={search_term_string}"},"query-input":{"@type":"PropertyValueSpecification","valueRequired":true,"valueName":"search_term_string"}}],"inLanguage":"es"},{"@type":"Organization","@id":"https:\/\/www.airpes.com\/es\/#organization","name":"Airpes","url":"https:\/\/www.airpes.com\/es\/","logo":{"@type":"ImageObject","inLanguage":"es","@id":"https:\/\/www.airpes.com\/es\/#\/schema\/logo\/image\/","url":"https:\/\/www.airpes.com\/wp-content\/uploads\/2020\/09\/logo.svg","contentUrl":"https:\/\/www.airpes.com\/wp-content\/uploads\/2020\/09\/logo.svg","width":193,"height":86,"caption":"Airpes"},"image":{"@id":"https:\/\/www.airpes.com\/es\/#\/schema\/logo\/image\/"},"sameAs":["https:\/\/www.facebook.com\/AIRPES","https:\/\/x.com\/AIRPES","https:\/\/www.instagram.com\/AIRPESlifting\/","https:\/\/www.linkedin.com\/company\/airpes"]}]}},"_links":{"self":[{"href":"https:\/\/www.airpes.com\/es\/wp-json\/wp\/v2\/product\/107651","targetHints":{"allow":["GET"]}}],"collection":[{"href":"https:\/\/www.airpes.com\/es\/wp-json\/wp\/v2\/product"}],"about":[{"href":"https:\/\/www.airpes.com\/es\/wp-json\/wp\/v2\/types\/product"}],"wp:featuredmedia":[{"embeddable":true,"href":"https:\/\/www.airpes.com\/es\/wp-json\/wp\/v2\/media\/110266"}],"wp:attachment":[{"href":"https:\/\/www.airpes.com\/es\/wp-json\/wp\/v2\/media?parent=107651"}],"wp:term":[{"taxonomy":"product_cat","embeddable":true,"href":"https:\/\/www.airpes.com\/es\/wp-json\/wp\/v2\/product_cat?post=107651"},{"taxonomy":"product_tag","embeddable":true,"href":"https:\/\/www.airpes.com\/es\/wp-json\/wp\/v2\/product_tag?post=107651"}],"curies":[{"name":"wp","href":"https:\/\/api.w.org\/{rel}","templated":true}]}}