{"id":107650,"date":"2020-09-22T19:43:12","date_gmt":"2020-09-22T19:43:12","guid":{"rendered":"https:\/\/www.airpes.com\/product\/motor-de-giro-del-gancho-grua\/"},"modified":"2025-12-22T17:58:41","modified_gmt":"2025-12-22T17:58:41","slug":"motor-de-giro-del-gancho-grua","status":"publish","type":"product","link":"https:\/\/www.airpes.com\/es\/product\/motor-de-giro-del-gancho-grua\/","title":{"rendered":"Sistema motorizado para el giro del gancho de gr\u00faa"},"content":{"rendered":"<div class=\"wpb-content-wrapper\"><section class=\"vc_row wpb_row vc_row-fluid  vc_custom_1550641386235   vc_row-has-fill\"><div class=\"wpb_column vc_column_container col-xs-mobile-fullwidth vc_col-sm-12 vc_col-md-6 wow fadeIn\" data-wow-delay= 200ms data-wow-duration= 1500ms><div class=\"vc_column-inner  hongo_responsive_1566294673742\"><div class=\"wpb_wrapper\"><div class=\"text-block-content hongo-text-block-1 vc_custom_1611795276254 last-paragraph-no-margin\"><h3><strong>Ventajas<\/strong><\/h3>\n<p>Monitoriza tu gancho gr\u00faa y consigue que su operador coloque cargas pesadas o inc\u00f3modas en las \u00e1reas de trabajo menos accesibles. Nuestros sistemas funcionan con controladores de frecuencia para garantizar una rotaci\u00f3n suave.<\/p>\n<\/div><\/div><\/div><\/div><div class=\"wpb_column vc_column_container col-xs-mobile-fullwidth vc_col-sm-12 vc_col-md-6 wow fadeIn\" data-wow-delay= 400ms data-wow-duration= 1500ms><div class=\"vc_column-inner\"><div class=\"wpb_wrapper\"><div class=\"wpb_single_image   vc_custom_1600803770909 hongo-full-width-single-image\">\n\t\t\t<figure class=\"wpb_wrapper vc_figure\">\n\t\t\t\t<div class=\"vc_single_image-wrapper  \"><img loading=\"lazy\" decoding=\"async\" width=\"726\" height=\"250\" src=\"https:\/\/www.airpes.com\/wp-content\/uploads\/2020\/09\/Motorized-Rotating-Crane-Block3.jpg\" class=\"vc_single_image-img attachment-full\" alt=\"\" title=\"Motorized-Rotating-Crane-Block3\" srcset=\"https:\/\/www.airpes.com\/wp-content\/uploads\/2020\/09\/Motorized-Rotating-Crane-Block3.jpg 726w, https:\/\/www.airpes.com\/wp-content\/uploads\/2020\/09\/Motorized-Rotating-Crane-Block3-340x117.jpg 340w, https:\/\/www.airpes.com\/wp-content\/uploads\/2020\/09\/Motorized-Rotating-Crane-Block3-300x103.jpg 300w, https:\/\/www.airpes.com\/wp-content\/uploads\/2020\/09\/Motorized-Rotating-Crane-Block3-480x165.jpg 480w, https:\/\/www.airpes.com\/wp-content\/uploads\/2020\/09\/Motorized-Rotating-Crane-Block3-84x29.jpg 84w, https:\/\/www.airpes.com\/wp-content\/uploads\/2020\/09\/Motorized-Rotating-Crane-Block3-200x69.jpg 200w, https:\/\/www.airpes.com\/wp-content\/uploads\/2020\/09\/Motorized-Rotating-Crane-Block3-450x155.jpg 450w\" sizes=\"auto, (max-width: 726px) 100vw, 726px\" \/><\/div>\n\t\t\t<\/figure>\n\t\t\t\n\t\t<\/div><\/div><\/div><\/div><\/section>\n<\/div>","protected":false},"excerpt":{"rendered":"<p>Una aplicaci\u00f3n muy demandada es la motorizaci\u00f3n del sistema de giro del gancho gr\u00faa. La configuraci\u00f3n de la polea se puede incorporar para mejorar la elevaci\u00f3n.<\/p>\n<h3><strong>Caracter\u00edsticas del motor de giro de gancho gr\u00faa<\/strong><\/h3>\n<p>Mejora el funcionamiento de los equipos industriales de elevaci\u00f3n. Airpes siempre funciona intentando que el gancho motorizado sea lo m\u00e1s similar posible al original. Tambi\u00e9n se puede adaptar la motorizaci\u00f3n al gancho original, a petici\u00f3n del cliente.<\/p>\n","protected":false},"featured_media":110066,"template":"","meta":{"_acf_changed":false,"inline_featured_image":false},"product_cat":[282,283,288],"product_tag":[],"class_list":{"0":"post-107650","1":"product","2":"type-product","3":"status-publish","4":"has-post-thumbnail","6":"product_cat-equipos-de-elevacion","7":"product_cat-equipos-de-manutencion-y-elevacion","8":"product_cat-motor-de-giro-del-gancho-grua","10":"first","11":"instock","12":"shipping-taxable","13":"product-type-simple"},"acf":[],"yoast_head":"<!-- This site is optimized with the Yoast SEO plugin v27.5 - https:\/\/yoast.com\/product\/yoast-seo-wordpress\/ -->\n<title>Motor de giro del gancho de gr\u00faa: control preciso y adaptable<\/title>\n<meta name=\"description\" content=\"Nuestros sistemas funcionan con reguladores de frecuencia para garantizar una rotaci\u00f3n suave. Ponte en contacto con nosotros.\" \/>\n<meta name=\"robots\" content=\"index, follow, max-snippet:-1, max-image-preview:large, max-video-preview:-1\" \/>\n<link rel=\"canonical\" href=\"https:\/\/www.airpes.com\/es\/product\/motor-de-giro-del-gancho-grua\/\" \/>\n<meta property=\"og:locale\" content=\"es_ES\" \/>\n<meta property=\"og:type\" content=\"article\" \/>\n<meta property=\"og:title\" content=\"Motor de giro del gancho de gr\u00faa: control preciso y adaptable\" \/>\n<meta property=\"og:description\" content=\"Nuestros sistemas funcionan con reguladores de frecuencia para garantizar una rotaci\u00f3n suave. Ponte en contacto con nosotros.\" \/>\n<meta property=\"og:url\" content=\"https:\/\/www.airpes.com\/es\/product\/motor-de-giro-del-gancho-grua\/\" \/>\n<meta property=\"og:site_name\" content=\"Airpes\" \/>\n<meta property=\"article:publisher\" content=\"https:\/\/www.facebook.com\/AIRPES\" \/>\n<meta property=\"article:modified_time\" content=\"2025-12-22T17:58:41+00:00\" \/>\n<meta property=\"og:image\" content=\"https:\/\/www.airpes.com\/wp-content\/uploads\/2020\/09\/motorized-crane-block-airpes-intro-00.jpg\" \/>\n\t<meta property=\"og:image:width\" content=\"800\" \/>\n\t<meta property=\"og:image:height\" content=\"900\" \/>\n\t<meta property=\"og:image:type\" content=\"image\/jpeg\" \/>\n<meta name=\"twitter:card\" content=\"summary_large_image\" \/>\n<meta name=\"twitter:site\" content=\"@AIRPES\" \/>\n<meta name=\"twitter:label1\" content=\"Tiempo de lectura\" \/>\n\t<meta name=\"twitter:data1\" content=\"1 minuto\" \/>\n<script type=\"application\/ld+json\" class=\"yoast-schema-graph\">{\"@context\":\"https:\\\/\\\/schema.org\",\"@graph\":[{\"@type\":[\"WebPage\",\"ItemPage\"],\"@id\":\"https:\\\/\\\/www.airpes.com\\\/es\\\/product\\\/motor-de-giro-del-gancho-grua\\\/\",\"url\":\"https:\\\/\\\/www.airpes.com\\\/es\\\/product\\\/motor-de-giro-del-gancho-grua\\\/\",\"name\":\"Motor de giro del gancho de gr\u00faa: control preciso y adaptable\",\"isPartOf\":{\"@id\":\"https:\\\/\\\/www.airpes.com\\\/es\\\/#website\"},\"primaryImageOfPage\":{\"@id\":\"https:\\\/\\\/www.airpes.com\\\/es\\\/product\\\/motor-de-giro-del-gancho-grua\\\/#primaryimage\"},\"image\":{\"@id\":\"https:\\\/\\\/www.airpes.com\\\/es\\\/product\\\/motor-de-giro-del-gancho-grua\\\/#primaryimage\"},\"thumbnailUrl\":\"https:\\\/\\\/www.airpes.com\\\/wp-content\\\/uploads\\\/2020\\\/09\\\/motorized-crane-block-airpes-intro-00.jpg\",\"datePublished\":\"2020-09-22T19:43:12+00:00\",\"dateModified\":\"2025-12-22T17:58:41+00:00\",\"description\":\"Nuestros sistemas funcionan con reguladores de frecuencia para garantizar una rotaci\u00f3n suave. Ponte en contacto con nosotros.\",\"breadcrumb\":{\"@id\":\"https:\\\/\\\/www.airpes.com\\\/es\\\/product\\\/motor-de-giro-del-gancho-grua\\\/#breadcrumb\"},\"inLanguage\":\"es\",\"potentialAction\":[{\"@type\":\"ReadAction\",\"target\":[\"https:\\\/\\\/www.airpes.com\\\/es\\\/product\\\/motor-de-giro-del-gancho-grua\\\/\"]}]},{\"@type\":\"ImageObject\",\"inLanguage\":\"es\",\"@id\":\"https:\\\/\\\/www.airpes.com\\\/es\\\/product\\\/motor-de-giro-del-gancho-grua\\\/#primaryimage\",\"url\":\"https:\\\/\\\/www.airpes.com\\\/wp-content\\\/uploads\\\/2020\\\/09\\\/motorized-crane-block-airpes-intro-00.jpg\",\"contentUrl\":\"https:\\\/\\\/www.airpes.com\\\/wp-content\\\/uploads\\\/2020\\\/09\\\/motorized-crane-block-airpes-intro-00.jpg\",\"width\":800,\"height\":900,\"caption\":\"Solutions | Heavy Lifting Equipment | Airpes\"},{\"@type\":\"BreadcrumbList\",\"@id\":\"https:\\\/\\\/www.airpes.com\\\/es\\\/product\\\/motor-de-giro-del-gancho-grua\\\/#breadcrumb\",\"itemListElement\":[{\"@type\":\"ListItem\",\"position\":1,\"name\":\"Inicio\",\"item\":\"https:\\\/\\\/www.airpes.com\\\/es\\\/\"},{\"@type\":\"ListItem\",\"position\":2,\"name\":\"Productos\",\"item\":\"https:\\\/\\\/www.airpes.com\\\/es\\\/shop\\\/\"},{\"@type\":\"ListItem\",\"position\":3,\"name\":\"Sistema motorizado para el giro del gancho de gr\u00faa\"}]},{\"@type\":\"WebSite\",\"@id\":\"https:\\\/\\\/www.airpes.com\\\/es\\\/#website\",\"url\":\"https:\\\/\\\/www.airpes.com\\\/es\\\/\",\"name\":\"Airpes\",\"description\":\"Your lifting equipment supplier\",\"publisher\":{\"@id\":\"https:\\\/\\\/www.airpes.com\\\/es\\\/#organization\"},\"potentialAction\":[{\"@type\":\"SearchAction\",\"target\":{\"@type\":\"EntryPoint\",\"urlTemplate\":\"https:\\\/\\\/www.airpes.com\\\/es\\\/?s={search_term_string}\"},\"query-input\":{\"@type\":\"PropertyValueSpecification\",\"valueRequired\":true,\"valueName\":\"search_term_string\"}}],\"inLanguage\":\"es\"},{\"@type\":\"Organization\",\"@id\":\"https:\\\/\\\/www.airpes.com\\\/es\\\/#organization\",\"name\":\"Airpes\",\"url\":\"https:\\\/\\\/www.airpes.com\\\/es\\\/\",\"logo\":{\"@type\":\"ImageObject\",\"inLanguage\":\"es\",\"@id\":\"https:\\\/\\\/www.airpes.com\\\/es\\\/#\\\/schema\\\/logo\\\/image\\\/\",\"url\":\"https:\\\/\\\/www.airpes.com\\\/wp-content\\\/uploads\\\/2020\\\/09\\\/logo.svg\",\"contentUrl\":\"https:\\\/\\\/www.airpes.com\\\/wp-content\\\/uploads\\\/2020\\\/09\\\/logo.svg\",\"width\":193,\"height\":86,\"caption\":\"Airpes\"},\"image\":{\"@id\":\"https:\\\/\\\/www.airpes.com\\\/es\\\/#\\\/schema\\\/logo\\\/image\\\/\"},\"sameAs\":[\"https:\\\/\\\/www.facebook.com\\\/AIRPES\",\"https:\\\/\\\/x.com\\\/AIRPES\",\"https:\\\/\\\/www.instagram.com\\\/AIRPESlifting\\\/\",\"https:\\\/\\\/www.linkedin.com\\\/company\\\/airpes\"]}]}<\/script>\n<!-- \/ Yoast SEO plugin. -->","yoast_head_json":{"title":"Motor de giro del gancho de gr\u00faa: control preciso y adaptable","description":"Nuestros sistemas funcionan con reguladores de frecuencia para garantizar una rotaci\u00f3n suave. Ponte en contacto con nosotros.","robots":{"index":"index","follow":"follow","max-snippet":"max-snippet:-1","max-image-preview":"max-image-preview:large","max-video-preview":"max-video-preview:-1"},"canonical":"https:\/\/www.airpes.com\/es\/product\/motor-de-giro-del-gancho-grua\/","og_locale":"es_ES","og_type":"article","og_title":"Motor de giro del gancho de gr\u00faa: control preciso y adaptable","og_description":"Nuestros sistemas funcionan con reguladores de frecuencia para garantizar una rotaci\u00f3n suave. Ponte en contacto con nosotros.","og_url":"https:\/\/www.airpes.com\/es\/product\/motor-de-giro-del-gancho-grua\/","og_site_name":"Airpes","article_publisher":"https:\/\/www.facebook.com\/AIRPES","article_modified_time":"2025-12-22T17:58:41+00:00","og_image":[{"width":800,"height":900,"url":"https:\/\/www.airpes.com\/wp-content\/uploads\/2020\/09\/motorized-crane-block-airpes-intro-00.jpg","type":"image\/jpeg"}],"twitter_card":"summary_large_image","twitter_site":"@AIRPES","twitter_misc":{"Tiempo de lectura":"1 minuto"},"schema":{"@context":"https:\/\/schema.org","@graph":[{"@type":["WebPage","ItemPage"],"@id":"https:\/\/www.airpes.com\/es\/product\/motor-de-giro-del-gancho-grua\/","url":"https:\/\/www.airpes.com\/es\/product\/motor-de-giro-del-gancho-grua\/","name":"Motor de giro del gancho de gr\u00faa: control preciso y adaptable","isPartOf":{"@id":"https:\/\/www.airpes.com\/es\/#website"},"primaryImageOfPage":{"@id":"https:\/\/www.airpes.com\/es\/product\/motor-de-giro-del-gancho-grua\/#primaryimage"},"image":{"@id":"https:\/\/www.airpes.com\/es\/product\/motor-de-giro-del-gancho-grua\/#primaryimage"},"thumbnailUrl":"https:\/\/www.airpes.com\/wp-content\/uploads\/2020\/09\/motorized-crane-block-airpes-intro-00.jpg","datePublished":"2020-09-22T19:43:12+00:00","dateModified":"2025-12-22T17:58:41+00:00","description":"Nuestros sistemas funcionan con reguladores de frecuencia para garantizar una rotaci\u00f3n suave. Ponte en contacto con nosotros.","breadcrumb":{"@id":"https:\/\/www.airpes.com\/es\/product\/motor-de-giro-del-gancho-grua\/#breadcrumb"},"inLanguage":"es","potentialAction":[{"@type":"ReadAction","target":["https:\/\/www.airpes.com\/es\/product\/motor-de-giro-del-gancho-grua\/"]}]},{"@type":"ImageObject","inLanguage":"es","@id":"https:\/\/www.airpes.com\/es\/product\/motor-de-giro-del-gancho-grua\/#primaryimage","url":"https:\/\/www.airpes.com\/wp-content\/uploads\/2020\/09\/motorized-crane-block-airpes-intro-00.jpg","contentUrl":"https:\/\/www.airpes.com\/wp-content\/uploads\/2020\/09\/motorized-crane-block-airpes-intro-00.jpg","width":800,"height":900,"caption":"Solutions | Heavy Lifting Equipment | Airpes"},{"@type":"BreadcrumbList","@id":"https:\/\/www.airpes.com\/es\/product\/motor-de-giro-del-gancho-grua\/#breadcrumb","itemListElement":[{"@type":"ListItem","position":1,"name":"Inicio","item":"https:\/\/www.airpes.com\/es\/"},{"@type":"ListItem","position":2,"name":"Productos","item":"https:\/\/www.airpes.com\/es\/shop\/"},{"@type":"ListItem","position":3,"name":"Sistema motorizado para el giro del gancho de gr\u00faa"}]},{"@type":"WebSite","@id":"https:\/\/www.airpes.com\/es\/#website","url":"https:\/\/www.airpes.com\/es\/","name":"Airpes","description":"Your lifting equipment supplier","publisher":{"@id":"https:\/\/www.airpes.com\/es\/#organization"},"potentialAction":[{"@type":"SearchAction","target":{"@type":"EntryPoint","urlTemplate":"https:\/\/www.airpes.com\/es\/?s={search_term_string}"},"query-input":{"@type":"PropertyValueSpecification","valueRequired":true,"valueName":"search_term_string"}}],"inLanguage":"es"},{"@type":"Organization","@id":"https:\/\/www.airpes.com\/es\/#organization","name":"Airpes","url":"https:\/\/www.airpes.com\/es\/","logo":{"@type":"ImageObject","inLanguage":"es","@id":"https:\/\/www.airpes.com\/es\/#\/schema\/logo\/image\/","url":"https:\/\/www.airpes.com\/wp-content\/uploads\/2020\/09\/logo.svg","contentUrl":"https:\/\/www.airpes.com\/wp-content\/uploads\/2020\/09\/logo.svg","width":193,"height":86,"caption":"Airpes"},"image":{"@id":"https:\/\/www.airpes.com\/es\/#\/schema\/logo\/image\/"},"sameAs":["https:\/\/www.facebook.com\/AIRPES","https:\/\/x.com\/AIRPES","https:\/\/www.instagram.com\/AIRPESlifting\/","https:\/\/www.linkedin.com\/company\/airpes"]}]}},"_links":{"self":[{"href":"https:\/\/www.airpes.com\/es\/wp-json\/wp\/v2\/product\/107650","targetHints":{"allow":["GET"]}}],"collection":[{"href":"https:\/\/www.airpes.com\/es\/wp-json\/wp\/v2\/product"}],"about":[{"href":"https:\/\/www.airpes.com\/es\/wp-json\/wp\/v2\/types\/product"}],"wp:featuredmedia":[{"embeddable":true,"href":"https:\/\/www.airpes.com\/es\/wp-json\/wp\/v2\/media\/110066"}],"wp:attachment":[{"href":"https:\/\/www.airpes.com\/es\/wp-json\/wp\/v2\/media?parent=107650"}],"wp:term":[{"taxonomy":"product_cat","embeddable":true,"href":"https:\/\/www.airpes.com\/es\/wp-json\/wp\/v2\/product_cat?post=107650"},{"taxonomy":"product_tag","embeddable":true,"href":"https:\/\/www.airpes.com\/es\/wp-json\/wp\/v2\/product_tag?post=107650"}],"curies":[{"name":"wp","href":"https:\/\/api.w.org\/{rel}","templated":true}]}}