{"id":107647,"date":"2020-09-22T19:25:29","date_gmt":"2020-09-22T19:25:29","guid":{"rendered":"https:\/\/www.airpes.com\/product\/rotores\/"},"modified":"2021-08-07T12:01:06","modified_gmt":"2021-08-07T12:01:06","slug":"rotores","status":"publish","type":"product","link":"https:\/\/www.airpes.com\/es\/product\/rotores\/","title":{"rendered":"ROTORES"},"content":{"rendered":"<div class=\"wpb-content-wrapper\"><section class=\"vc_row wpb_row vc_row-fluid  vc_custom_1550641386235   vc_row-has-fill\"><div class=\"wpb_column vc_column_container col-xs-mobile-fullwidth vc_col-sm-12 vc_col-md-6 wow fadeIn\" data-wow-delay= 200ms data-wow-duration= 1500ms><div class=\"vc_column-inner  hongo_responsive_1566294673742\"><div class=\"wpb_wrapper\"><div class=\"text-block-content hongo-text-block-1 vc_custom_1611790324291 last-paragraph-no-margin\"><h3><strong>Ventajas<\/strong><\/h3>\n<ul>\n<li>Capacidad de gr\u00faa y polipasto<\/li>\n<li>Viga de elevaci\u00f3n existente instalada<\/li>\n<li>Podemos dise\u00f1ar vigas de elevaci\u00f3n si el cliente lo necesita<\/li>\n<li>Alcance y altura de los elevadores y gr\u00faas<\/li>\n<li>Factor de uso y servicio<\/li>\n<\/ul>\n<p>Podemos fabricar rotores con alta capacidad para rotar todo tipo de materiales como segmentos de torre para aerogeneradores, g\u00f3ndolas con soporte rotatorio, y cualquier tipo de producto utilizando nuestros rotores neum\u00e1ticos con poleas fijas o m\u00f3viles. Las poleas pueden funcionar con cuerda o con cadenas. cuidando especialmente el producto a rotar y protegido con protecciones pl\u00e1sticas o eslingas, c\u00e1maras de video para controlar el giro, etc\u2026<\/p>\n<h3><strong>Accesorios extra a medida<\/strong><\/h3>\n<ul>\n<li>Protecci\u00f3n pl\u00e1stica para evitar da\u00f1os.<\/li>\n<li>Eslingas de cadena o cuerda<\/li>\n<li>Funci\u00f3n de v\u00eddeo con c\u00e1maras adjuntas<\/li>\n<li>Radio control t\u00e9cnico de las cargas<\/li>\n<li>Secuencia de giro personalizada o secuencias de giro preestablecidas<\/li>\n<li>Sensores de alineaci\u00f3n autom\u00e1tica<\/li>\n<li>Capacidad de salas de alta temperatura<\/li>\n<\/ul>\n<\/div><\/div><\/div><\/div><div class=\"wpb_column vc_column_container col-xs-mobile-fullwidth vc_col-sm-12 vc_col-md-6 wow fadeIn\" data-wow-delay= 400ms data-wow-duration= 1500ms><div class=\"vc_column-inner\"><div class=\"wpb_wrapper\"><div class=\"wpb_single_image   vc_custom_1600802706036 hongo-full-width-single-image\">\n\t\t\t<figure class=\"wpb_wrapper vc_figure\">\n\t\t\t\t<div class=\"vc_single_image-wrapper  \"><img loading=\"lazy\" decoding=\"async\" width=\"726\" height=\"250\" src=\"https:\/\/www.airpes.com\/wp-content\/uploads\/2020\/09\/Rotator2.jpg\" class=\"vc_single_image-img attachment-full\" alt=\"Load Rotator Equipment 02 | Heavy Lifting solutions | Airpes\" title=\"Rotator2\" srcset=\"https:\/\/www.airpes.com\/wp-content\/uploads\/2020\/09\/Rotator2.jpg 726w, https:\/\/www.airpes.com\/wp-content\/uploads\/2020\/09\/Rotator2-340x117.jpg 340w, https:\/\/www.airpes.com\/wp-content\/uploads\/2020\/09\/Rotator2-300x103.jpg 300w, https:\/\/www.airpes.com\/wp-content\/uploads\/2020\/09\/Rotator2-480x165.jpg 480w, https:\/\/www.airpes.com\/wp-content\/uploads\/2020\/09\/Rotator2-84x29.jpg 84w, https:\/\/www.airpes.com\/wp-content\/uploads\/2020\/09\/Rotator2-200x69.jpg 200w, https:\/\/www.airpes.com\/wp-content\/uploads\/2020\/09\/Rotator2-450x155.jpg 450w\" sizes=\"auto, (max-width: 726px) 100vw, 726px\" \/><\/div>\n\t\t\t<\/figure>\n\t\t\t\n\t\t<\/div><\/div><\/div><\/div><\/section>\n<\/div>","protected":false},"excerpt":{"rendered":"<p>Conoce nuestros <strong>rotores de alta capacidad<\/strong>, para hacer girar todo tipo de materiales, usando rotores de aire con el uso de poleas, y con protecci\u00f3n de pl\u00e1stico o eslingas.<\/p>\n<h3><strong>Caracter\u00edsticas de los volteadores de Airpes<\/strong><\/h3>\n<ul>\n<li>Adaptables a cualquier necesidad de los clientes.<\/li>\n<li>Pueden adaptarse para la rotaci\u00f3n de diferentes elementos y piezas.<\/li>\n<li>Su dise\u00f1o se puede escalar para m\u00faltiples usos y pesos, hasta objetos de m\u00e1s de cien toneladas.<\/li>\n<\/ul>\n<p>Opta siempre por dispositivos de giro que garanticen la m\u00e1xima seguridad en el lugar de trabajo.<\/p>\n","protected":false},"featured_media":110047,"template":"","meta":{"_acf_changed":false,"inline_featured_image":false},"product_cat":[282,283,286],"product_tag":[],"class_list":{"0":"post-107647","1":"product","2":"type-product","3":"status-publish","4":"has-post-thumbnail","6":"product_cat-equipos-de-elevacion","7":"product_cat-equipos-de-manutencion-y-elevacion","8":"product_cat-rotores","10":"first","11":"instock","12":"shipping-taxable","13":"product-type-simple"},"acf":[],"yoast_head":"<!-- This site is optimized with the Yoast SEO plugin v27.5 - https:\/\/yoast.com\/product\/yoast-seo-wordpress\/ -->\n<title>Rotores - Sistemas de manipulaci\u00f3n y pesaje | Airpes<\/title>\n<meta name=\"description\" content=\"Dise\u00f1amos rotores de carga para cualquier tipo de material y peso: de carga suspendida o de suelo, alta capacidad, radiocontrolado, \u00a1y m\u00e1s!\" \/>\n<meta name=\"robots\" content=\"index, follow, max-snippet:-1, max-image-preview:large, max-video-preview:-1\" \/>\n<link rel=\"canonical\" href=\"https:\/\/www.airpes.com\/es\/product\/rotores\/\" \/>\n<meta property=\"og:locale\" content=\"es_ES\" \/>\n<meta property=\"og:type\" content=\"article\" \/>\n<meta property=\"og:title\" content=\"Rotores - Sistemas de manipulaci\u00f3n y pesaje | Airpes\" \/>\n<meta property=\"og:description\" content=\"Dise\u00f1amos rotores de carga para cualquier tipo de material y peso: de carga suspendida o de suelo, alta capacidad, radiocontrolado, \u00a1y m\u00e1s!\" \/>\n<meta property=\"og:url\" content=\"https:\/\/www.airpes.com\/es\/product\/rotores\/\" \/>\n<meta property=\"og:site_name\" content=\"Airpes\" \/>\n<meta property=\"article:publisher\" content=\"https:\/\/www.facebook.com\/AIRPES\" \/>\n<meta property=\"article:modified_time\" content=\"2021-08-07T12:01:06+00:00\" \/>\n<meta property=\"og:image\" content=\"https:\/\/www.airpes.com\/wp-content\/uploads\/2020\/09\/Load-rotator-airpes-intro.jpg\" \/>\n\t<meta property=\"og:image:width\" content=\"800\" \/>\n\t<meta property=\"og:image:height\" content=\"900\" \/>\n\t<meta property=\"og:image:type\" content=\"image\/jpeg\" \/>\n<meta name=\"twitter:card\" content=\"summary_large_image\" \/>\n<meta name=\"twitter:site\" content=\"@AIRPES\" \/>\n<meta name=\"twitter:label1\" content=\"Tiempo de lectura\" \/>\n\t<meta name=\"twitter:data1\" content=\"1 minuto\" \/>\n<script type=\"application\/ld+json\" class=\"yoast-schema-graph\">{\"@context\":\"https:\\\/\\\/schema.org\",\"@graph\":[{\"@type\":[\"WebPage\",\"ItemPage\"],\"@id\":\"https:\\\/\\\/www.airpes.com\\\/es\\\/product\\\/rotores\\\/\",\"url\":\"https:\\\/\\\/www.airpes.com\\\/es\\\/product\\\/rotores\\\/\",\"name\":\"Rotores - Sistemas de manipulaci\u00f3n y pesaje | Airpes\",\"isPartOf\":{\"@id\":\"https:\\\/\\\/www.airpes.com\\\/es\\\/#website\"},\"primaryImageOfPage\":{\"@id\":\"https:\\\/\\\/www.airpes.com\\\/es\\\/product\\\/rotores\\\/#primaryimage\"},\"image\":{\"@id\":\"https:\\\/\\\/www.airpes.com\\\/es\\\/product\\\/rotores\\\/#primaryimage\"},\"thumbnailUrl\":\"https:\\\/\\\/www.airpes.com\\\/wp-content\\\/uploads\\\/2020\\\/09\\\/Load-rotator-airpes-intro.jpg\",\"datePublished\":\"2020-09-22T19:25:29+00:00\",\"dateModified\":\"2021-08-07T12:01:06+00:00\",\"description\":\"Dise\u00f1amos rotores de carga para cualquier tipo de material y peso: de carga suspendida o de suelo, alta capacidad, radiocontrolado, \u00a1y m\u00e1s!\",\"breadcrumb\":{\"@id\":\"https:\\\/\\\/www.airpes.com\\\/es\\\/product\\\/rotores\\\/#breadcrumb\"},\"inLanguage\":\"es\",\"potentialAction\":[{\"@type\":\"ReadAction\",\"target\":[\"https:\\\/\\\/www.airpes.com\\\/es\\\/product\\\/rotores\\\/\"]}]},{\"@type\":\"ImageObject\",\"inLanguage\":\"es\",\"@id\":\"https:\\\/\\\/www.airpes.com\\\/es\\\/product\\\/rotores\\\/#primaryimage\",\"url\":\"https:\\\/\\\/www.airpes.com\\\/wp-content\\\/uploads\\\/2020\\\/09\\\/Load-rotator-airpes-intro.jpg\",\"contentUrl\":\"https:\\\/\\\/www.airpes.com\\\/wp-content\\\/uploads\\\/2020\\\/09\\\/Load-rotator-airpes-intro.jpg\",\"width\":800,\"height\":900,\"caption\":\"Load Rotator Solutions | Heavy Lifting Equipment | Airpes\"},{\"@type\":\"BreadcrumbList\",\"@id\":\"https:\\\/\\\/www.airpes.com\\\/es\\\/product\\\/rotores\\\/#breadcrumb\",\"itemListElement\":[{\"@type\":\"ListItem\",\"position\":1,\"name\":\"Inicio\",\"item\":\"https:\\\/\\\/www.airpes.com\\\/es\\\/\"},{\"@type\":\"ListItem\",\"position\":2,\"name\":\"Productos\",\"item\":\"https:\\\/\\\/www.airpes.com\\\/es\\\/shop\\\/\"},{\"@type\":\"ListItem\",\"position\":3,\"name\":\"ROTORES\"}]},{\"@type\":\"WebSite\",\"@id\":\"https:\\\/\\\/www.airpes.com\\\/es\\\/#website\",\"url\":\"https:\\\/\\\/www.airpes.com\\\/es\\\/\",\"name\":\"Airpes\",\"description\":\"Your lifting equipment supplier\",\"publisher\":{\"@id\":\"https:\\\/\\\/www.airpes.com\\\/es\\\/#organization\"},\"potentialAction\":[{\"@type\":\"SearchAction\",\"target\":{\"@type\":\"EntryPoint\",\"urlTemplate\":\"https:\\\/\\\/www.airpes.com\\\/es\\\/?s={search_term_string}\"},\"query-input\":{\"@type\":\"PropertyValueSpecification\",\"valueRequired\":true,\"valueName\":\"search_term_string\"}}],\"inLanguage\":\"es\"},{\"@type\":\"Organization\",\"@id\":\"https:\\\/\\\/www.airpes.com\\\/es\\\/#organization\",\"name\":\"Airpes\",\"url\":\"https:\\\/\\\/www.airpes.com\\\/es\\\/\",\"logo\":{\"@type\":\"ImageObject\",\"inLanguage\":\"es\",\"@id\":\"https:\\\/\\\/www.airpes.com\\\/es\\\/#\\\/schema\\\/logo\\\/image\\\/\",\"url\":\"https:\\\/\\\/www.airpes.com\\\/wp-content\\\/uploads\\\/2020\\\/09\\\/logo.svg\",\"contentUrl\":\"https:\\\/\\\/www.airpes.com\\\/wp-content\\\/uploads\\\/2020\\\/09\\\/logo.svg\",\"width\":193,\"height\":86,\"caption\":\"Airpes\"},\"image\":{\"@id\":\"https:\\\/\\\/www.airpes.com\\\/es\\\/#\\\/schema\\\/logo\\\/image\\\/\"},\"sameAs\":[\"https:\\\/\\\/www.facebook.com\\\/AIRPES\",\"https:\\\/\\\/x.com\\\/AIRPES\",\"https:\\\/\\\/www.instagram.com\\\/AIRPESlifting\\\/\",\"https:\\\/\\\/www.linkedin.com\\\/company\\\/airpes\"]}]}<\/script>\n<!-- \/ Yoast SEO plugin. -->","yoast_head_json":{"title":"Rotores - Sistemas de manipulaci\u00f3n y pesaje | Airpes","description":"Dise\u00f1amos rotores de carga para cualquier tipo de material y peso: de carga suspendida o de suelo, alta capacidad, radiocontrolado, \u00a1y m\u00e1s!","robots":{"index":"index","follow":"follow","max-snippet":"max-snippet:-1","max-image-preview":"max-image-preview:large","max-video-preview":"max-video-preview:-1"},"canonical":"https:\/\/www.airpes.com\/es\/product\/rotores\/","og_locale":"es_ES","og_type":"article","og_title":"Rotores - Sistemas de manipulaci\u00f3n y pesaje | Airpes","og_description":"Dise\u00f1amos rotores de carga para cualquier tipo de material y peso: de carga suspendida o de suelo, alta capacidad, radiocontrolado, \u00a1y m\u00e1s!","og_url":"https:\/\/www.airpes.com\/es\/product\/rotores\/","og_site_name":"Airpes","article_publisher":"https:\/\/www.facebook.com\/AIRPES","article_modified_time":"2021-08-07T12:01:06+00:00","og_image":[{"width":800,"height":900,"url":"https:\/\/www.airpes.com\/wp-content\/uploads\/2020\/09\/Load-rotator-airpes-intro.jpg","type":"image\/jpeg"}],"twitter_card":"summary_large_image","twitter_site":"@AIRPES","twitter_misc":{"Tiempo de lectura":"1 minuto"},"schema":{"@context":"https:\/\/schema.org","@graph":[{"@type":["WebPage","ItemPage"],"@id":"https:\/\/www.airpes.com\/es\/product\/rotores\/","url":"https:\/\/www.airpes.com\/es\/product\/rotores\/","name":"Rotores - Sistemas de manipulaci\u00f3n y pesaje | Airpes","isPartOf":{"@id":"https:\/\/www.airpes.com\/es\/#website"},"primaryImageOfPage":{"@id":"https:\/\/www.airpes.com\/es\/product\/rotores\/#primaryimage"},"image":{"@id":"https:\/\/www.airpes.com\/es\/product\/rotores\/#primaryimage"},"thumbnailUrl":"https:\/\/www.airpes.com\/wp-content\/uploads\/2020\/09\/Load-rotator-airpes-intro.jpg","datePublished":"2020-09-22T19:25:29+00:00","dateModified":"2021-08-07T12:01:06+00:00","description":"Dise\u00f1amos rotores de carga para cualquier tipo de material y peso: de carga suspendida o de suelo, alta capacidad, radiocontrolado, \u00a1y m\u00e1s!","breadcrumb":{"@id":"https:\/\/www.airpes.com\/es\/product\/rotores\/#breadcrumb"},"inLanguage":"es","potentialAction":[{"@type":"ReadAction","target":["https:\/\/www.airpes.com\/es\/product\/rotores\/"]}]},{"@type":"ImageObject","inLanguage":"es","@id":"https:\/\/www.airpes.com\/es\/product\/rotores\/#primaryimage","url":"https:\/\/www.airpes.com\/wp-content\/uploads\/2020\/09\/Load-rotator-airpes-intro.jpg","contentUrl":"https:\/\/www.airpes.com\/wp-content\/uploads\/2020\/09\/Load-rotator-airpes-intro.jpg","width":800,"height":900,"caption":"Load Rotator Solutions | Heavy Lifting Equipment | Airpes"},{"@type":"BreadcrumbList","@id":"https:\/\/www.airpes.com\/es\/product\/rotores\/#breadcrumb","itemListElement":[{"@type":"ListItem","position":1,"name":"Inicio","item":"https:\/\/www.airpes.com\/es\/"},{"@type":"ListItem","position":2,"name":"Productos","item":"https:\/\/www.airpes.com\/es\/shop\/"},{"@type":"ListItem","position":3,"name":"ROTORES"}]},{"@type":"WebSite","@id":"https:\/\/www.airpes.com\/es\/#website","url":"https:\/\/www.airpes.com\/es\/","name":"Airpes","description":"Your lifting equipment supplier","publisher":{"@id":"https:\/\/www.airpes.com\/es\/#organization"},"potentialAction":[{"@type":"SearchAction","target":{"@type":"EntryPoint","urlTemplate":"https:\/\/www.airpes.com\/es\/?s={search_term_string}"},"query-input":{"@type":"PropertyValueSpecification","valueRequired":true,"valueName":"search_term_string"}}],"inLanguage":"es"},{"@type":"Organization","@id":"https:\/\/www.airpes.com\/es\/#organization","name":"Airpes","url":"https:\/\/www.airpes.com\/es\/","logo":{"@type":"ImageObject","inLanguage":"es","@id":"https:\/\/www.airpes.com\/es\/#\/schema\/logo\/image\/","url":"https:\/\/www.airpes.com\/wp-content\/uploads\/2020\/09\/logo.svg","contentUrl":"https:\/\/www.airpes.com\/wp-content\/uploads\/2020\/09\/logo.svg","width":193,"height":86,"caption":"Airpes"},"image":{"@id":"https:\/\/www.airpes.com\/es\/#\/schema\/logo\/image\/"},"sameAs":["https:\/\/www.facebook.com\/AIRPES","https:\/\/x.com\/AIRPES","https:\/\/www.instagram.com\/AIRPESlifting\/","https:\/\/www.linkedin.com\/company\/airpes"]}]}},"_links":{"self":[{"href":"https:\/\/www.airpes.com\/es\/wp-json\/wp\/v2\/product\/107647","targetHints":{"allow":["GET"]}}],"collection":[{"href":"https:\/\/www.airpes.com\/es\/wp-json\/wp\/v2\/product"}],"about":[{"href":"https:\/\/www.airpes.com\/es\/wp-json\/wp\/v2\/types\/product"}],"wp:featuredmedia":[{"embeddable":true,"href":"https:\/\/www.airpes.com\/es\/wp-json\/wp\/v2\/media\/110047"}],"wp:attachment":[{"href":"https:\/\/www.airpes.com\/es\/wp-json\/wp\/v2\/media?parent=107647"}],"wp:term":[{"taxonomy":"product_cat","embeddable":true,"href":"https:\/\/www.airpes.com\/es\/wp-json\/wp\/v2\/product_cat?post=107647"},{"taxonomy":"product_tag","embeddable":true,"href":"https:\/\/www.airpes.com\/es\/wp-json\/wp\/v2\/product_tag?post=107647"}],"curies":[{"name":"wp","href":"https:\/\/api.w.org\/{rel}","templated":true}]}}