{"id":107645,"date":"2020-09-22T19:22:51","date_gmt":"2020-09-22T19:22:51","guid":{"rendered":"https:\/\/www.airpes.com\/product\/balancin-volteador\/"},"modified":"2021-11-26T10:20:26","modified_gmt":"2021-11-26T10:20:26","slug":"balancin-volteador","status":"publish","type":"product","link":"https:\/\/www.airpes.com\/es\/product\/balancin-volteador\/","title":{"rendered":"BALANC\u00cdN VOLTEADOR"},"content":{"rendered":"<div class=\"wpb-content-wrapper\"><section class=\"vc_row wpb_row vc_row-fluid  vc_custom_1550641386235   vc_row-has-fill\"><div class=\"wpb_column vc_column_container col-xs-mobile-fullwidth vc_col-sm-12 vc_col-md-6 wow fadeIn\" data-wow-delay= 200ms data-wow-duration= 1500ms><div class=\"vc_column-inner  hongo_responsive_1566294673742\"><div class=\"wpb_wrapper\"><div class=\"text-block-content hongo-text-block-1 vc_custom_1600802540113 last-paragraph-no-margin\"><p><strong>Ventajas<\/strong><br \/>\nEste balanc\u00edn volteador est\u00e1 dise\u00f1ado para hacer tu trabajo m\u00e1s f\u00e1cil y seguro. En Airpes, trabajamos duro para dise\u00f1ar, fabricas y testear todos nuestros productos de manutenci\u00f3n y pesaje, para asegurarnos de que son lo mejor posible.<\/p>\n<p>Los beneficios del balanc\u00edn volteador<br \/>\nPermite regular de forma independiente la posici\u00f3n de las poleas<\/p>\n<p>Trabaja mediante cadena, e incorpora la maniobra dentro del mismo equipo de control remoto de la gr\u00faa.<\/p>\n<p><strong>Sectores<\/strong><br \/>\nEste balanc\u00edn volteador est\u00e1 dise\u00f1ado para el transporte por aire de moldes de pieza de hormig\u00f3n.<\/p>\n<p>Todos los productos airpes\u00ae cumplen con las m\u00e1s exigentes normativas de seguridad y calidad de la Uni\u00f3n Europea, contando adem\u00e1s con los procesos de dise\u00f1o, fabricaci\u00f3n y comercializaci\u00f3n certificados en UNEEN ISO 9001: 2000 por la prestigiosa organizaci\u00f3n alemana T\u00dcV.<\/p>\n<\/div><\/div><\/div><\/div><div class=\"wpb_column vc_column_container col-xs-mobile-fullwidth vc_col-sm-12 vc_col-md-6 wow fadeIn\" data-wow-delay= 400ms data-wow-duration= 1500ms><div class=\"vc_column-inner\"><div class=\"wpb_wrapper\"><div class=\"wpb_single_image   vc_custom_1600802555974 hongo-full-width-single-image\">\n\t\t\t<figure class=\"wpb_wrapper vc_figure\">\n\t\t\t\t<div class=\"vc_single_image-wrapper  \"><img loading=\"lazy\" decoding=\"async\" width=\"726\" height=\"250\" src=\"https:\/\/www.airpes.com\/wp-content\/uploads\/2020\/09\/AIR-1607-turn-lifting-beam-01-1.jpg\" class=\"vc_single_image-img attachment-full\" alt=\"\" title=\"AIR-1607-turn-lifting-beam-01\" srcset=\"https:\/\/www.airpes.com\/wp-content\/uploads\/2020\/09\/AIR-1607-turn-lifting-beam-01-1.jpg 726w, https:\/\/www.airpes.com\/wp-content\/uploads\/2020\/09\/AIR-1607-turn-lifting-beam-01-1-340x117.jpg 340w, https:\/\/www.airpes.com\/wp-content\/uploads\/2020\/09\/AIR-1607-turn-lifting-beam-01-1-300x103.jpg 300w, https:\/\/www.airpes.com\/wp-content\/uploads\/2020\/09\/AIR-1607-turn-lifting-beam-01-1-480x165.jpg 480w, https:\/\/www.airpes.com\/wp-content\/uploads\/2020\/09\/AIR-1607-turn-lifting-beam-01-1-84x29.jpg 84w, https:\/\/www.airpes.com\/wp-content\/uploads\/2020\/09\/AIR-1607-turn-lifting-beam-01-1-200x69.jpg 200w, https:\/\/www.airpes.com\/wp-content\/uploads\/2020\/09\/AIR-1607-turn-lifting-beam-01-1-450x155.jpg 450w\" sizes=\"auto, (max-width: 726px) 100vw, 726px\" \/><\/div>\n\t\t\t<\/figure>\n\t\t\t\n\t\t<\/div><\/div><\/div><\/div><\/section>\n<\/div>","protected":false},"excerpt":{"rendered":"<p>Airpes dise\u00f1\u00f3 una 20t. viga de elevaci\u00f3n giratoria con capacidad electrohidr\u00e1ulica, especialmente dise\u00f1ada para el transporte a\u00e9reo.<br \/>\nUn balanc\u00edn es un elemento de elevaci\u00f3n que se suspende de una gr\u00faa o de las horquillas y su objetivo principal es crear m\u00faltiples puntos de elevaci\u00f3n, haciendo el trabajo f\u00e1cil y seguro. Hay que unir la carga a los m\u00faltiples puntos para asegurarla, as\u00ed como su transporte y movimiento.<\/p>\n<p><strong>Caracter\u00edsticas balanc\u00edn volteador<\/strong><\/p>\n<p>Qu\u00e9 tiene nuestro balanc\u00edn volteador<br \/>\nUn bastidor de carga es un elemento importante cuando conoces cu\u00e1l es tu carga y qu\u00e9 es exactamente lo que quieres manipular. Los balancines y bastidores de carga de Airpes se adaptan a las necesidades de cada cliente y ofrecen resultados excelentes, mejorando la manipulaci\u00f3n de cada carga.<\/p>\n<p>En este caso en particular, hemos dise\u00f1ado un balanc\u00edn volteador de 20t. con capacidad electrohidr\u00e1ulica. Dise\u00f1ado para el transporte a\u00e9reo de moldes de pieza de hormig\u00f3n.<\/p>\n","protected":false},"featured_media":110043,"template":"","meta":{"_acf_changed":false,"inline_featured_image":false},"product_cat":[284,282,283],"product_tag":[],"class_list":{"0":"post-107645","1":"product","2":"type-product","3":"status-publish","4":"has-post-thumbnail","6":"product_cat-bastidores-de-carga","7":"product_cat-equipos-de-elevacion","8":"product_cat-equipos-de-manutencion-y-elevacion","10":"first","11":"instock","12":"shipping-taxable","13":"product-type-simple"},"acf":[],"yoast_head":"<!-- This site is optimized with the Yoast SEO plugin v26.6 - https:\/\/yoast.com\/wordpress\/plugins\/seo\/ -->\n<title>Balanc\u00edn volteador de Suspensi\u00f3n de Gr\u00faas | Airpes<\/title>\n<meta name=\"description\" content=\"Airpes dise\u00f1\u00f3 una 20t. viga de elevaci\u00f3n giratoria con capacidad electrohidr\u00e1ulica, especialmente dise\u00f1ada para transporte a\u00e9reo.\" \/>\n<meta name=\"robots\" content=\"index, follow, max-snippet:-1, max-image-preview:large, max-video-preview:-1\" \/>\n<link rel=\"canonical\" href=\"https:\/\/www.airpes.com\/es\/product\/balancin-volteador\/\" \/>\n<meta property=\"og:locale\" content=\"es_ES\" \/>\n<meta property=\"og:type\" content=\"article\" \/>\n<meta property=\"og:title\" content=\"Balanc\u00edn volteador de Suspensi\u00f3n de Gr\u00faas | Airpes\" \/>\n<meta property=\"og:description\" content=\"Airpes dise\u00f1\u00f3 una 20t. viga de elevaci\u00f3n giratoria con capacidad electrohidr\u00e1ulica, especialmente dise\u00f1ada para transporte a\u00e9reo.\" \/>\n<meta property=\"og:url\" content=\"https:\/\/www.airpes.com\/es\/product\/balancin-volteador\/\" \/>\n<meta property=\"og:site_name\" content=\"Airpes\" \/>\n<meta property=\"article:publisher\" content=\"https:\/\/www.facebook.com\/AIRPES\" \/>\n<meta property=\"article:modified_time\" content=\"2021-11-26T10:20:26+00:00\" \/>\n<meta property=\"og:image\" content=\"https:\/\/www.airpes.com\/wp-content\/uploads\/2020\/09\/Turn-lifting-beam-airpes-intro.jpg\" \/>\n\t<meta property=\"og:image:width\" content=\"800\" \/>\n\t<meta property=\"og:image:height\" content=\"900\" \/>\n\t<meta property=\"og:image:type\" content=\"image\/jpeg\" \/>\n<meta name=\"twitter:card\" content=\"summary_large_image\" \/>\n<meta name=\"twitter:site\" content=\"@AIRPES\" \/>\n<meta name=\"twitter:label1\" content=\"Tiempo de lectura\" \/>\n\t<meta name=\"twitter:data1\" content=\"1 minuto\" \/>\n<script type=\"application\/ld+json\" class=\"yoast-schema-graph\">{\"@context\":\"https:\/\/schema.org\",\"@graph\":[{\"@type\":[\"WebPage\",\"ItemPage\"],\"@id\":\"https:\/\/www.airpes.com\/es\/product\/balancin-volteador\/\",\"url\":\"https:\/\/www.airpes.com\/es\/product\/balancin-volteador\/\",\"name\":\"Balanc\u00edn volteador de Suspensi\u00f3n de Gr\u00faas | Airpes\",\"isPartOf\":{\"@id\":\"https:\/\/www.airpes.com\/es\/#website\"},\"primaryImageOfPage\":{\"@id\":\"https:\/\/www.airpes.com\/es\/product\/balancin-volteador\/#primaryimage\"},\"image\":{\"@id\":\"https:\/\/www.airpes.com\/es\/product\/balancin-volteador\/#primaryimage\"},\"thumbnailUrl\":\"https:\/\/www.airpes.com\/wp-content\/uploads\/2020\/09\/Turn-lifting-beam-airpes-intro.jpg\",\"datePublished\":\"2020-09-22T19:22:51+00:00\",\"dateModified\":\"2021-11-26T10:20:26+00:00\",\"description\":\"Airpes dise\u00f1\u00f3 una 20t. viga de elevaci\u00f3n giratoria con capacidad electrohidr\u00e1ulica, especialmente dise\u00f1ada para transporte a\u00e9reo.\",\"breadcrumb\":{\"@id\":\"https:\/\/www.airpes.com\/es\/product\/balancin-volteador\/#breadcrumb\"},\"inLanguage\":\"es\",\"potentialAction\":[{\"@type\":\"ReadAction\",\"target\":[\"https:\/\/www.airpes.com\/es\/product\/balancin-volteador\/\"]}]},{\"@type\":\"ImageObject\",\"inLanguage\":\"es\",\"@id\":\"https:\/\/www.airpes.com\/es\/product\/balancin-volteador\/#primaryimage\",\"url\":\"https:\/\/www.airpes.com\/wp-content\/uploads\/2020\/09\/Turn-lifting-beam-airpes-intro.jpg\",\"contentUrl\":\"https:\/\/www.airpes.com\/wp-content\/uploads\/2020\/09\/Turn-lifting-beam-airpes-intro.jpg\",\"width\":800,\"height\":900,\"caption\":\"Turn Lifting Beam Solutions | Heavy Lifting Equipment | Airpes\"},{\"@type\":\"BreadcrumbList\",\"@id\":\"https:\/\/www.airpes.com\/es\/product\/balancin-volteador\/#breadcrumb\",\"itemListElement\":[{\"@type\":\"ListItem\",\"position\":1,\"name\":\"Inicio\",\"item\":\"https:\/\/www.airpes.com\/es\/\"},{\"@type\":\"ListItem\",\"position\":2,\"name\":\"Productos\",\"item\":\"https:\/\/www.airpes.com\/es\/shop\/\"},{\"@type\":\"ListItem\",\"position\":3,\"name\":\"BALANC\u00cdN VOLTEADOR\"}]},{\"@type\":\"WebSite\",\"@id\":\"https:\/\/www.airpes.com\/es\/#website\",\"url\":\"https:\/\/www.airpes.com\/es\/\",\"name\":\"Airpes\",\"description\":\"Your lifting equipment supplier\",\"publisher\":{\"@id\":\"https:\/\/www.airpes.com\/es\/#organization\"},\"potentialAction\":[{\"@type\":\"SearchAction\",\"target\":{\"@type\":\"EntryPoint\",\"urlTemplate\":\"https:\/\/www.airpes.com\/es\/?s={search_term_string}\"},\"query-input\":{\"@type\":\"PropertyValueSpecification\",\"valueRequired\":true,\"valueName\":\"search_term_string\"}}],\"inLanguage\":\"es\"},{\"@type\":\"Organization\",\"@id\":\"https:\/\/www.airpes.com\/es\/#organization\",\"name\":\"Airpes\",\"url\":\"https:\/\/www.airpes.com\/es\/\",\"logo\":{\"@type\":\"ImageObject\",\"inLanguage\":\"es\",\"@id\":\"https:\/\/www.airpes.com\/es\/#\/schema\/logo\/image\/\",\"url\":\"https:\/\/www.airpes.com\/wp-content\/uploads\/2020\/09\/logo.svg\",\"contentUrl\":\"https:\/\/www.airpes.com\/wp-content\/uploads\/2020\/09\/logo.svg\",\"width\":193,\"height\":86,\"caption\":\"Airpes\"},\"image\":{\"@id\":\"https:\/\/www.airpes.com\/es\/#\/schema\/logo\/image\/\"},\"sameAs\":[\"https:\/\/www.facebook.com\/AIRPES\",\"https:\/\/x.com\/AIRPES\",\"https:\/\/www.instagram.com\/AIRPESlifting\/\",\"https:\/\/www.linkedin.com\/company\/airpes\"]}]}<\/script>\n<!-- \/ Yoast SEO plugin. -->","yoast_head_json":{"title":"Balanc\u00edn volteador de Suspensi\u00f3n de Gr\u00faas | Airpes","description":"Airpes dise\u00f1\u00f3 una 20t. viga de elevaci\u00f3n giratoria con capacidad electrohidr\u00e1ulica, especialmente dise\u00f1ada para transporte a\u00e9reo.","robots":{"index":"index","follow":"follow","max-snippet":"max-snippet:-1","max-image-preview":"max-image-preview:large","max-video-preview":"max-video-preview:-1"},"canonical":"https:\/\/www.airpes.com\/es\/product\/balancin-volteador\/","og_locale":"es_ES","og_type":"article","og_title":"Balanc\u00edn volteador de Suspensi\u00f3n de Gr\u00faas | Airpes","og_description":"Airpes dise\u00f1\u00f3 una 20t. viga de elevaci\u00f3n giratoria con capacidad electrohidr\u00e1ulica, especialmente dise\u00f1ada para transporte a\u00e9reo.","og_url":"https:\/\/www.airpes.com\/es\/product\/balancin-volteador\/","og_site_name":"Airpes","article_publisher":"https:\/\/www.facebook.com\/AIRPES","article_modified_time":"2021-11-26T10:20:26+00:00","og_image":[{"width":800,"height":900,"url":"https:\/\/www.airpes.com\/wp-content\/uploads\/2020\/09\/Turn-lifting-beam-airpes-intro.jpg","type":"image\/jpeg"}],"twitter_card":"summary_large_image","twitter_site":"@AIRPES","twitter_misc":{"Tiempo de lectura":"1 minuto"},"schema":{"@context":"https:\/\/schema.org","@graph":[{"@type":["WebPage","ItemPage"],"@id":"https:\/\/www.airpes.com\/es\/product\/balancin-volteador\/","url":"https:\/\/www.airpes.com\/es\/product\/balancin-volteador\/","name":"Balanc\u00edn volteador de Suspensi\u00f3n de Gr\u00faas | Airpes","isPartOf":{"@id":"https:\/\/www.airpes.com\/es\/#website"},"primaryImageOfPage":{"@id":"https:\/\/www.airpes.com\/es\/product\/balancin-volteador\/#primaryimage"},"image":{"@id":"https:\/\/www.airpes.com\/es\/product\/balancin-volteador\/#primaryimage"},"thumbnailUrl":"https:\/\/www.airpes.com\/wp-content\/uploads\/2020\/09\/Turn-lifting-beam-airpes-intro.jpg","datePublished":"2020-09-22T19:22:51+00:00","dateModified":"2021-11-26T10:20:26+00:00","description":"Airpes dise\u00f1\u00f3 una 20t. viga de elevaci\u00f3n giratoria con capacidad electrohidr\u00e1ulica, especialmente dise\u00f1ada para transporte a\u00e9reo.","breadcrumb":{"@id":"https:\/\/www.airpes.com\/es\/product\/balancin-volteador\/#breadcrumb"},"inLanguage":"es","potentialAction":[{"@type":"ReadAction","target":["https:\/\/www.airpes.com\/es\/product\/balancin-volteador\/"]}]},{"@type":"ImageObject","inLanguage":"es","@id":"https:\/\/www.airpes.com\/es\/product\/balancin-volteador\/#primaryimage","url":"https:\/\/www.airpes.com\/wp-content\/uploads\/2020\/09\/Turn-lifting-beam-airpes-intro.jpg","contentUrl":"https:\/\/www.airpes.com\/wp-content\/uploads\/2020\/09\/Turn-lifting-beam-airpes-intro.jpg","width":800,"height":900,"caption":"Turn Lifting Beam Solutions | Heavy Lifting Equipment | Airpes"},{"@type":"BreadcrumbList","@id":"https:\/\/www.airpes.com\/es\/product\/balancin-volteador\/#breadcrumb","itemListElement":[{"@type":"ListItem","position":1,"name":"Inicio","item":"https:\/\/www.airpes.com\/es\/"},{"@type":"ListItem","position":2,"name":"Productos","item":"https:\/\/www.airpes.com\/es\/shop\/"},{"@type":"ListItem","position":3,"name":"BALANC\u00cdN VOLTEADOR"}]},{"@type":"WebSite","@id":"https:\/\/www.airpes.com\/es\/#website","url":"https:\/\/www.airpes.com\/es\/","name":"Airpes","description":"Your lifting equipment supplier","publisher":{"@id":"https:\/\/www.airpes.com\/es\/#organization"},"potentialAction":[{"@type":"SearchAction","target":{"@type":"EntryPoint","urlTemplate":"https:\/\/www.airpes.com\/es\/?s={search_term_string}"},"query-input":{"@type":"PropertyValueSpecification","valueRequired":true,"valueName":"search_term_string"}}],"inLanguage":"es"},{"@type":"Organization","@id":"https:\/\/www.airpes.com\/es\/#organization","name":"Airpes","url":"https:\/\/www.airpes.com\/es\/","logo":{"@type":"ImageObject","inLanguage":"es","@id":"https:\/\/www.airpes.com\/es\/#\/schema\/logo\/image\/","url":"https:\/\/www.airpes.com\/wp-content\/uploads\/2020\/09\/logo.svg","contentUrl":"https:\/\/www.airpes.com\/wp-content\/uploads\/2020\/09\/logo.svg","width":193,"height":86,"caption":"Airpes"},"image":{"@id":"https:\/\/www.airpes.com\/es\/#\/schema\/logo\/image\/"},"sameAs":["https:\/\/www.facebook.com\/AIRPES","https:\/\/x.com\/AIRPES","https:\/\/www.instagram.com\/AIRPESlifting\/","https:\/\/www.linkedin.com\/company\/airpes"]}]}},"_links":{"self":[{"href":"https:\/\/www.airpes.com\/es\/wp-json\/wp\/v2\/product\/107645","targetHints":{"allow":["GET"]}}],"collection":[{"href":"https:\/\/www.airpes.com\/es\/wp-json\/wp\/v2\/product"}],"about":[{"href":"https:\/\/www.airpes.com\/es\/wp-json\/wp\/v2\/types\/product"}],"wp:featuredmedia":[{"embeddable":true,"href":"https:\/\/www.airpes.com\/es\/wp-json\/wp\/v2\/media\/110043"}],"wp:attachment":[{"href":"https:\/\/www.airpes.com\/es\/wp-json\/wp\/v2\/media?parent=107645"}],"wp:term":[{"taxonomy":"product_cat","embeddable":true,"href":"https:\/\/www.airpes.com\/es\/wp-json\/wp\/v2\/product_cat?post=107645"},{"taxonomy":"product_tag","embeddable":true,"href":"https:\/\/www.airpes.com\/es\/wp-json\/wp\/v2\/product_tag?post=107645"}],"curies":[{"name":"wp","href":"https:\/\/api.w.org\/{rel}","templated":true}]}}