{"id":107644,"date":"2020-09-22T19:20:24","date_gmt":"2020-09-22T19:20:24","guid":{"rendered":"https:\/\/www.airpes.com\/product\/viga-separadora\/"},"modified":"2021-09-06T14:22:51","modified_gmt":"2021-09-06T14:22:51","slug":"viga-separadora","status":"publish","type":"product","link":"https:\/\/www.airpes.com\/es\/product\/viga-separadora\/","title":{"rendered":"VIGA SEPARADORA"},"content":{"rendered":"<div class=\"wpb-content-wrapper\"><section class=\"vc_row wpb_row vc_row-fluid  vc_custom_1550641386235   vc_row-has-fill\"><div class=\"wpb_column vc_column_container col-xs-mobile-fullwidth vc_col-sm-12 vc_col-md-6 wow fadeIn\" data-wow-delay= 200ms data-wow-duration= 1500ms><div class=\"vc_column-inner  hongo_responsive_1566294673742\"><div class=\"wpb_wrapper\"><div class=\"text-block-content hongo-text-block-1 vc_custom_1606210543955 last-paragraph-no-margin\"><p><strong>Caracter\u00edsticas de las vigas esparcidoras<\/strong><\/p>\n<p>Las vigas de separaci\u00f3n de Airpes est\u00e1n dise\u00f1adas y fabricadas con las normas m\u00e1s avanzadas y exigentes para la manipulaci\u00f3n de materiales y las gr\u00faas de elevaci\u00f3n de cargas pesadas. Cada una de nuestras vigas de suspensi\u00f3n no es est\u00e1ndar, sino que siempre se dise\u00f1a a medida para cada cliente, porque realizar\u00e1 un trabajo espec\u00edfico que exige necesidades concretas.<\/p>\n<p>Las vigas separadoras y las vigas de elevaci\u00f3n son una soluci\u00f3n dise\u00f1ada por Airpes para levantar y manipular cualquier tipo de objeto en cualquier tipo de situaci\u00f3n. Adem\u00e1s de las vigas separadoras fijas, podemos dise\u00f1ar vigas separadoras ajustables que se adaptan autom\u00e1ticamente a cualquier tipo de objeto, incluso si el centro de gravedad de este objeto est\u00e1 inclinado hacia un lado. La versi\u00f3n ajustable puede ser autom\u00e1tica o hidr\u00e1ulica. Tenemos experiencia en el dise\u00f1o y la fabricaci\u00f3n de muchos tipos de vigas separadoras para muchas empresas y sectores: aeron\u00e1utica, automoci\u00f3n, industria e\u00f3lica&#8230; No importa lo pesada o grande que sea la carga, dise\u00f1aremos la viga separadora de alta resistencia que har\u00e1 el trabajo. Podemos adaptar nuestras vigas de suspensi\u00f3n para trabajar en cualquier condici\u00f3n, en interiores o exteriores y con diferentes tipos de gr\u00faas, eslingas, aparejos, cadenas, polipastos y cargas. El medio ambiente no es un l\u00edmite.<\/p>\n<\/div><div class=\"text-block-content hongo-text-block-2 vc_custom_1600802349193 last-paragraph-no-margin\"><p><strong>Ventajas <\/strong><br \/>\nLos vigas de separaci\u00f3n son las caracter\u00edsticas principales<br \/>\nAirpes tiene una amplia experiencia en el dise\u00f1o e instalaci\u00f3n de cualquier tipo de dispositivo de elevaci\u00f3n en cualquier gr\u00faa. El \u00fanico l\u00edmite para nosotros es la capacidad de elevaci\u00f3n de la gr\u00faa. Si esto no es un l\u00edmite, entonces podemos escalar el dispositivo y los elevadores para levantar casi cualquier objeto y carga.<\/p>\n<p>Las adaptaciones y caracter\u00edsticas adicionales a su viga de separaci\u00f3n<br \/>\nEn Airpes tenemos una amplia experiencia en la adaptaci\u00f3n de cada rayo de dispersi\u00f3n a un trabajo y cliente espec\u00edficos. Cada una de nuestras vigas de ensanchamiento puede ser mejorada con caracter\u00edsticas como las siguientes:<\/p>\n<ul>\n<li>Siendo ajustable en longitud &#8211; podemos dise\u00f1ar una viga de extensi\u00f3n que es ajustable mec\u00e1nica o hidr\u00e1ulicamente<\/li>\n<li>Siendo ajustable en el centro de gravedad &#8211; de esa manera el mismo rayo separador podr\u00e1 levantar diferentes objetos que est\u00e1n inclinados con respecto a su centro de gravedad. Instalamos contrapesos ajustables para realizar esta funci\u00f3n<\/li>\n<li>Control de radio &#8211; puedes recibir informaci\u00f3n en vivo sobre el estado del rayo de dispersi\u00f3n<\/li>\n<li>Caracter\u00edsticas de seguridad &#8211; para entregar un rayo esparcidor que seguir\u00e1 todas las normas de seguridad obligatorias<\/li>\n<\/ul>\n<p><strong>Sectores<\/strong><br \/>\nNuestras vigas separadorassuelen estar dise\u00f1adas e instaladas para empresas que trabajan al aire libre o que deben manejar cargas muy pesadas. Puede levantar su viga de suspensi\u00f3n con una cadena o cualquier otro tipo de aparejo: dise\u00f1amos a medida su viga de suspensi\u00f3n especial con la eslinga deseada y mejor para el trabajo y adaptamos el producto para cualquier gr\u00faa.<\/p>\n<\/div><\/div><\/div><\/div><div class=\"wpb_column vc_column_container col-xs-mobile-fullwidth vc_col-sm-12 vc_col-md-6 wow fadeIn\" data-wow-delay= 400ms data-wow-duration= 1500ms><div class=\"vc_column-inner\"><div class=\"wpb_wrapper\"><div class=\"wpb_single_image   vc_custom_1600802389339 hongo-full-width-single-image\">\n\t\t\t<figure class=\"wpb_wrapper vc_figure\">\n\t\t\t\t<div class=\"vc_single_image-wrapper  \"><img loading=\"lazy\" decoding=\"async\" width=\"726\" height=\"250\" src=\"https:\/\/www.airpes.com\/wp-content\/uploads\/2020\/09\/airpes-spreader-beam.jpg\" class=\"vc_single_image-img attachment-full\" alt=\"spreader beam for wind energy sector | Airpes\" title=\"airpes-spreader-beam\" srcset=\"https:\/\/www.airpes.com\/wp-content\/uploads\/2020\/09\/airpes-spreader-beam.jpg 726w, https:\/\/www.airpes.com\/wp-content\/uploads\/2020\/09\/airpes-spreader-beam-340x117.jpg 340w, https:\/\/www.airpes.com\/wp-content\/uploads\/2020\/09\/airpes-spreader-beam-300x103.jpg 300w, https:\/\/www.airpes.com\/wp-content\/uploads\/2020\/09\/airpes-spreader-beam-480x165.jpg 480w, https:\/\/www.airpes.com\/wp-content\/uploads\/2020\/09\/airpes-spreader-beam-84x29.jpg 84w, https:\/\/www.airpes.com\/wp-content\/uploads\/2020\/09\/airpes-spreader-beam-200x69.jpg 200w, https:\/\/www.airpes.com\/wp-content\/uploads\/2020\/09\/airpes-spreader-beam-450x155.jpg 450w\" sizes=\"auto, (max-width: 726px) 100vw, 726px\" \/><\/div>\n\t\t\t<\/figure>\n\t\t\t\n\t\t<\/div><\/div><\/div><\/div><\/section>\n<\/div>","protected":false},"excerpt":{"rendered":"<p>Las vigas separadoras de Airpes son la soluci\u00f3n perfecta si necesitas una viga de elevaci\u00f3n y no tienes una altura baja que limite el movimiento vertical de la gr\u00faa. Una viga de suspensi\u00f3n se coloca en la misma categor\u00eda de las vigas de elevaci\u00f3n cl\u00e1sicas &#8211; de hecho es muy similar a una viga de elevaci\u00f3n cl\u00e1sica &#8211; pero el aparejo y las eslingas est\u00e1n situados en los extremos de la viga. Esto hace que algunas de las fuerzas de flexi\u00f3n verticales que se producen en una viga de elevaci\u00f3n se transformen en fuerzas de compresi\u00f3n horizontales a trav\u00e9s de la viga.<\/p>\n<p>Este dise\u00f1o permite \u00abpropagar\u00bb las fuerzas a lo largo de la viga. Esto significa que una viga de extensi\u00f3n puede levantar m\u00e1s peso y una carga m\u00e1s pesada que una viga de levantamiento cl\u00e1sica, incluso si ambas tienen el mismo tama\u00f1o, la misma eslinga y est\u00e1n construidas con la misma cantidad de material. Por otra parte, dado que una viga de suspensi\u00f3n tiene sus eslingas en el extremo de la viga, no puede funcionar en instalaciones de gr\u00faas de poca altura.<\/p>\n","protected":false},"featured_media":110041,"template":"","meta":{"_acf_changed":false,"inline_featured_image":false},"product_cat":[284,282,283],"product_tag":[],"class_list":{"0":"post-107644","1":"product","2":"type-product","3":"status-publish","4":"has-post-thumbnail","6":"product_cat-bastidores-de-carga","7":"product_cat-equipos-de-elevacion","8":"product_cat-equipos-de-manutencion-y-elevacion","10":"first","11":"instock","12":"shipping-taxable","13":"product-type-simple"},"acf":[],"yoast_head":"<!-- This site is optimized with the Yoast SEO plugin v27.5 - https:\/\/yoast.com\/product\/yoast-seo-wordpress\/ -->\n<title>Viga separadora- Dispositivos de manejo y elevaci\u00f3n : Airpes<\/title>\n<meta name=\"description\" content=\"Nuestra viga de separaci\u00f3n permite levantar y manejar cualquier tipo de carga. Dise\u00f1amos vigas de extensi\u00f3n a medida para cualquier sector.\" \/>\n<meta name=\"robots\" content=\"index, follow, max-snippet:-1, max-image-preview:large, max-video-preview:-1\" \/>\n<link rel=\"canonical\" href=\"https:\/\/www.airpes.com\/es\/product\/viga-separadora\/\" \/>\n<meta property=\"og:locale\" content=\"es_ES\" \/>\n<meta property=\"og:type\" content=\"article\" \/>\n<meta property=\"og:title\" content=\"Viga separadora- Dispositivos de manejo y elevaci\u00f3n : Airpes\" \/>\n<meta property=\"og:description\" content=\"Nuestra viga de separaci\u00f3n permite levantar y manejar cualquier tipo de carga. Dise\u00f1amos vigas de extensi\u00f3n a medida para cualquier sector.\" \/>\n<meta property=\"og:url\" content=\"https:\/\/www.airpes.com\/es\/product\/viga-separadora\/\" \/>\n<meta property=\"og:site_name\" content=\"Airpes\" \/>\n<meta property=\"article:publisher\" content=\"https:\/\/www.facebook.com\/AIRPES\" \/>\n<meta property=\"article:modified_time\" content=\"2021-09-06T14:22:51+00:00\" \/>\n<meta property=\"og:image\" content=\"https:\/\/www.airpes.com\/wp-content\/uploads\/2020\/09\/Spreader-beam-airpes-intro.jpg\" \/>\n\t<meta property=\"og:image:width\" content=\"800\" \/>\n\t<meta property=\"og:image:height\" content=\"900\" \/>\n\t<meta property=\"og:image:type\" content=\"image\/jpeg\" \/>\n<meta name=\"twitter:card\" content=\"summary_large_image\" \/>\n<meta name=\"twitter:site\" content=\"@AIRPES\" \/>\n<meta name=\"twitter:label1\" content=\"Tiempo de lectura\" \/>\n\t<meta name=\"twitter:data1\" content=\"3 minutos\" \/>\n<script type=\"application\/ld+json\" class=\"yoast-schema-graph\">{\"@context\":\"https:\\\/\\\/schema.org\",\"@graph\":[{\"@type\":[\"WebPage\",\"ItemPage\"],\"@id\":\"https:\\\/\\\/www.airpes.com\\\/es\\\/product\\\/viga-separadora\\\/\",\"url\":\"https:\\\/\\\/www.airpes.com\\\/es\\\/product\\\/viga-separadora\\\/\",\"name\":\"Viga separadora- Dispositivos de manejo y elevaci\u00f3n : Airpes\",\"isPartOf\":{\"@id\":\"https:\\\/\\\/www.airpes.com\\\/es\\\/#website\"},\"primaryImageOfPage\":{\"@id\":\"https:\\\/\\\/www.airpes.com\\\/es\\\/product\\\/viga-separadora\\\/#primaryimage\"},\"image\":{\"@id\":\"https:\\\/\\\/www.airpes.com\\\/es\\\/product\\\/viga-separadora\\\/#primaryimage\"},\"thumbnailUrl\":\"https:\\\/\\\/www.airpes.com\\\/wp-content\\\/uploads\\\/2020\\\/09\\\/Spreader-beam-airpes-intro.jpg\",\"datePublished\":\"2020-09-22T19:20:24+00:00\",\"dateModified\":\"2021-09-06T14:22:51+00:00\",\"description\":\"Nuestra viga de separaci\u00f3n permite levantar y manejar cualquier tipo de carga. Dise\u00f1amos vigas de extensi\u00f3n a medida para cualquier sector.\",\"breadcrumb\":{\"@id\":\"https:\\\/\\\/www.airpes.com\\\/es\\\/product\\\/viga-separadora\\\/#breadcrumb\"},\"inLanguage\":\"es\",\"potentialAction\":[{\"@type\":\"ReadAction\",\"target\":[\"https:\\\/\\\/www.airpes.com\\\/es\\\/product\\\/viga-separadora\\\/\"]}]},{\"@type\":\"ImageObject\",\"inLanguage\":\"es\",\"@id\":\"https:\\\/\\\/www.airpes.com\\\/es\\\/product\\\/viga-separadora\\\/#primaryimage\",\"url\":\"https:\\\/\\\/www.airpes.com\\\/wp-content\\\/uploads\\\/2020\\\/09\\\/Spreader-beam-airpes-intro.jpg\",\"contentUrl\":\"https:\\\/\\\/www.airpes.com\\\/wp-content\\\/uploads\\\/2020\\\/09\\\/Spreader-beam-airpes-intro.jpg\",\"width\":800,\"height\":900,\"caption\":\"Spreader Beam Solutions | Heavy Lifting Equipment | Airpes\"},{\"@type\":\"BreadcrumbList\",\"@id\":\"https:\\\/\\\/www.airpes.com\\\/es\\\/product\\\/viga-separadora\\\/#breadcrumb\",\"itemListElement\":[{\"@type\":\"ListItem\",\"position\":1,\"name\":\"Inicio\",\"item\":\"https:\\\/\\\/www.airpes.com\\\/es\\\/\"},{\"@type\":\"ListItem\",\"position\":2,\"name\":\"Productos\",\"item\":\"https:\\\/\\\/www.airpes.com\\\/es\\\/shop\\\/\"},{\"@type\":\"ListItem\",\"position\":3,\"name\":\"VIGA SEPARADORA\"}]},{\"@type\":\"WebSite\",\"@id\":\"https:\\\/\\\/www.airpes.com\\\/es\\\/#website\",\"url\":\"https:\\\/\\\/www.airpes.com\\\/es\\\/\",\"name\":\"Airpes\",\"description\":\"Your lifting equipment supplier\",\"publisher\":{\"@id\":\"https:\\\/\\\/www.airpes.com\\\/es\\\/#organization\"},\"potentialAction\":[{\"@type\":\"SearchAction\",\"target\":{\"@type\":\"EntryPoint\",\"urlTemplate\":\"https:\\\/\\\/www.airpes.com\\\/es\\\/?s={search_term_string}\"},\"query-input\":{\"@type\":\"PropertyValueSpecification\",\"valueRequired\":true,\"valueName\":\"search_term_string\"}}],\"inLanguage\":\"es\"},{\"@type\":\"Organization\",\"@id\":\"https:\\\/\\\/www.airpes.com\\\/es\\\/#organization\",\"name\":\"Airpes\",\"url\":\"https:\\\/\\\/www.airpes.com\\\/es\\\/\",\"logo\":{\"@type\":\"ImageObject\",\"inLanguage\":\"es\",\"@id\":\"https:\\\/\\\/www.airpes.com\\\/es\\\/#\\\/schema\\\/logo\\\/image\\\/\",\"url\":\"https:\\\/\\\/www.airpes.com\\\/wp-content\\\/uploads\\\/2020\\\/09\\\/logo.svg\",\"contentUrl\":\"https:\\\/\\\/www.airpes.com\\\/wp-content\\\/uploads\\\/2020\\\/09\\\/logo.svg\",\"width\":193,\"height\":86,\"caption\":\"Airpes\"},\"image\":{\"@id\":\"https:\\\/\\\/www.airpes.com\\\/es\\\/#\\\/schema\\\/logo\\\/image\\\/\"},\"sameAs\":[\"https:\\\/\\\/www.facebook.com\\\/AIRPES\",\"https:\\\/\\\/x.com\\\/AIRPES\",\"https:\\\/\\\/www.instagram.com\\\/AIRPESlifting\\\/\",\"https:\\\/\\\/www.linkedin.com\\\/company\\\/airpes\"]}]}<\/script>\n<!-- \/ Yoast SEO plugin. -->","yoast_head_json":{"title":"Viga separadora- Dispositivos de manejo y elevaci\u00f3n : Airpes","description":"Nuestra viga de separaci\u00f3n permite levantar y manejar cualquier tipo de carga. Dise\u00f1amos vigas de extensi\u00f3n a medida para cualquier sector.","robots":{"index":"index","follow":"follow","max-snippet":"max-snippet:-1","max-image-preview":"max-image-preview:large","max-video-preview":"max-video-preview:-1"},"canonical":"https:\/\/www.airpes.com\/es\/product\/viga-separadora\/","og_locale":"es_ES","og_type":"article","og_title":"Viga separadora- Dispositivos de manejo y elevaci\u00f3n : Airpes","og_description":"Nuestra viga de separaci\u00f3n permite levantar y manejar cualquier tipo de carga. Dise\u00f1amos vigas de extensi\u00f3n a medida para cualquier sector.","og_url":"https:\/\/www.airpes.com\/es\/product\/viga-separadora\/","og_site_name":"Airpes","article_publisher":"https:\/\/www.facebook.com\/AIRPES","article_modified_time":"2021-09-06T14:22:51+00:00","og_image":[{"width":800,"height":900,"url":"https:\/\/www.airpes.com\/wp-content\/uploads\/2020\/09\/Spreader-beam-airpes-intro.jpg","type":"image\/jpeg"}],"twitter_card":"summary_large_image","twitter_site":"@AIRPES","twitter_misc":{"Tiempo de lectura":"3 minutos"},"schema":{"@context":"https:\/\/schema.org","@graph":[{"@type":["WebPage","ItemPage"],"@id":"https:\/\/www.airpes.com\/es\/product\/viga-separadora\/","url":"https:\/\/www.airpes.com\/es\/product\/viga-separadora\/","name":"Viga separadora- Dispositivos de manejo y elevaci\u00f3n : Airpes","isPartOf":{"@id":"https:\/\/www.airpes.com\/es\/#website"},"primaryImageOfPage":{"@id":"https:\/\/www.airpes.com\/es\/product\/viga-separadora\/#primaryimage"},"image":{"@id":"https:\/\/www.airpes.com\/es\/product\/viga-separadora\/#primaryimage"},"thumbnailUrl":"https:\/\/www.airpes.com\/wp-content\/uploads\/2020\/09\/Spreader-beam-airpes-intro.jpg","datePublished":"2020-09-22T19:20:24+00:00","dateModified":"2021-09-06T14:22:51+00:00","description":"Nuestra viga de separaci\u00f3n permite levantar y manejar cualquier tipo de carga. Dise\u00f1amos vigas de extensi\u00f3n a medida para cualquier sector.","breadcrumb":{"@id":"https:\/\/www.airpes.com\/es\/product\/viga-separadora\/#breadcrumb"},"inLanguage":"es","potentialAction":[{"@type":"ReadAction","target":["https:\/\/www.airpes.com\/es\/product\/viga-separadora\/"]}]},{"@type":"ImageObject","inLanguage":"es","@id":"https:\/\/www.airpes.com\/es\/product\/viga-separadora\/#primaryimage","url":"https:\/\/www.airpes.com\/wp-content\/uploads\/2020\/09\/Spreader-beam-airpes-intro.jpg","contentUrl":"https:\/\/www.airpes.com\/wp-content\/uploads\/2020\/09\/Spreader-beam-airpes-intro.jpg","width":800,"height":900,"caption":"Spreader Beam Solutions | Heavy Lifting Equipment | Airpes"},{"@type":"BreadcrumbList","@id":"https:\/\/www.airpes.com\/es\/product\/viga-separadora\/#breadcrumb","itemListElement":[{"@type":"ListItem","position":1,"name":"Inicio","item":"https:\/\/www.airpes.com\/es\/"},{"@type":"ListItem","position":2,"name":"Productos","item":"https:\/\/www.airpes.com\/es\/shop\/"},{"@type":"ListItem","position":3,"name":"VIGA SEPARADORA"}]},{"@type":"WebSite","@id":"https:\/\/www.airpes.com\/es\/#website","url":"https:\/\/www.airpes.com\/es\/","name":"Airpes","description":"Your lifting equipment supplier","publisher":{"@id":"https:\/\/www.airpes.com\/es\/#organization"},"potentialAction":[{"@type":"SearchAction","target":{"@type":"EntryPoint","urlTemplate":"https:\/\/www.airpes.com\/es\/?s={search_term_string}"},"query-input":{"@type":"PropertyValueSpecification","valueRequired":true,"valueName":"search_term_string"}}],"inLanguage":"es"},{"@type":"Organization","@id":"https:\/\/www.airpes.com\/es\/#organization","name":"Airpes","url":"https:\/\/www.airpes.com\/es\/","logo":{"@type":"ImageObject","inLanguage":"es","@id":"https:\/\/www.airpes.com\/es\/#\/schema\/logo\/image\/","url":"https:\/\/www.airpes.com\/wp-content\/uploads\/2020\/09\/logo.svg","contentUrl":"https:\/\/www.airpes.com\/wp-content\/uploads\/2020\/09\/logo.svg","width":193,"height":86,"caption":"Airpes"},"image":{"@id":"https:\/\/www.airpes.com\/es\/#\/schema\/logo\/image\/"},"sameAs":["https:\/\/www.facebook.com\/AIRPES","https:\/\/x.com\/AIRPES","https:\/\/www.instagram.com\/AIRPESlifting\/","https:\/\/www.linkedin.com\/company\/airpes"]}]}},"_links":{"self":[{"href":"https:\/\/www.airpes.com\/es\/wp-json\/wp\/v2\/product\/107644","targetHints":{"allow":["GET"]}}],"collection":[{"href":"https:\/\/www.airpes.com\/es\/wp-json\/wp\/v2\/product"}],"about":[{"href":"https:\/\/www.airpes.com\/es\/wp-json\/wp\/v2\/types\/product"}],"wp:featuredmedia":[{"embeddable":true,"href":"https:\/\/www.airpes.com\/es\/wp-json\/wp\/v2\/media\/110041"}],"wp:attachment":[{"href":"https:\/\/www.airpes.com\/es\/wp-json\/wp\/v2\/media?parent=107644"}],"wp:term":[{"taxonomy":"product_cat","embeddable":true,"href":"https:\/\/www.airpes.com\/es\/wp-json\/wp\/v2\/product_cat?post=107644"},{"taxonomy":"product_tag","embeddable":true,"href":"https:\/\/www.airpes.com\/es\/wp-json\/wp\/v2\/product_tag?post=107644"}],"curies":[{"name":"wp","href":"https:\/\/api.w.org\/{rel}","templated":true}]}}