{"id":107643,"date":"2020-09-22T19:16:43","date_gmt":"2020-09-22T19:16:43","guid":{"rendered":"https:\/\/www.airpes.com\/product\/bastidor-elevador-de-railes\/"},"modified":"2021-01-27T19:50:09","modified_gmt":"2021-01-27T19:50:09","slug":"bastidor-elevador-de-railes","status":"publish","type":"product","link":"https:\/\/www.airpes.com\/es\/product\/bastidor-elevador-de-railes\/","title":{"rendered":"BASTIDOR ELEVADOR DE RA\u00cdLES"},"content":{"rendered":"<div class=\"wpb-content-wrapper\"><section class=\"vc_row wpb_row vc_row-fluid  vc_custom_1550641386235   vc_row-has-fill\"><div class=\"wpb_column vc_column_container col-xs-mobile-fullwidth vc_col-sm-12 vc_col-md-6 wow fadeIn\" data-wow-delay= 200ms data-wow-duration= 1500ms><div class=\"vc_column-inner  hongo_responsive_1566294673742\"><div class=\"wpb_wrapper\"><div class=\"text-block-content hongo-text-block-1 vc_custom_1611776284441 last-paragraph-no-margin\"><h3><strong>Caracter\u00edsticas del bastidor elevador de ra\u00edles<\/strong><\/h3>\n<p>Airpes tiene amplia experiencia en el dise\u00f1o e instalaci\u00f3n de gran variedad de dispositivos elevadores. El \u00fanico l\u00edmite es la capacidad de la gr\u00faa para soportar la maquinaria y su carga. Nuestro bastidor de carga para ra\u00edles est\u00e1 dise\u00f1ado pensando en la durabilidad y un bajo factor de mantenimiento.<\/p>\n<h3><strong>Adaptaciones y funciones extra disponibles<\/strong><\/h3>\n<p>Airpes puede adaptar cada producto a las necesidades de cada cliente. Cada bastidor de carga para ra\u00edles puede incluir funciones extra como:<\/p>\n<ul>\n<li>Pesaje integrado \u2013 podemos equiparlo con capacidad de pesaje, de modo que el bastidor puede pesar la carga a la vez que la eleva<\/li>\n<li>Limitador de carga \u2013 para proteger la maquinaria, polipasto y gr\u00faa de sobrecargas<\/li>\n<li>Radio control \u2013 para controlar el bastidor para ra\u00edles de forma remota o recibir informaci\u00f3n de su estado por radio<\/li>\n<li>Funciones extra de seguridad \u2013 como pintura especial, parches anticolisi\u00f3n, sistema antiliberaci\u00f3n de carga\u2026<\/li>\n<\/ul>\n<h3><strong>Sectores<\/strong><\/h3>\n<p>Nuestro bastidor de carga para ra\u00edles lo instalan mayoritariamente compa\u00f1\u00edas ferroviarias y menos frecuentemente compa\u00f1\u00edas sider\u00fargicas que fabrican ra\u00edles.<\/p>\n<\/div><\/div><\/div><\/div><div class=\"wpb_column vc_column_container col-xs-mobile-fullwidth vc_col-sm-12 vc_col-md-6 wow fadeIn\" data-wow-delay= 400ms data-wow-duration= 1500ms><div class=\"vc_column-inner\"><div class=\"wpb_wrapper\"><div class=\"wpb_single_image   vc_custom_1600802144543 hongo-full-width-single-image\">\n\t\t\t<figure class=\"wpb_wrapper vc_figure\">\n\t\t\t\t<div class=\"vc_single_image-wrapper  \"><img loading=\"lazy\" decoding=\"async\" width=\"850\" height=\"477\" src=\"https:\/\/www.airpes.com\/wp-content\/uploads\/2020\/09\/rail-lifting-beam.jpg\" class=\"vc_single_image-img attachment-full\" alt=\"\" title=\"rail-lifting-beam\" srcset=\"https:\/\/www.airpes.com\/wp-content\/uploads\/2020\/09\/rail-lifting-beam.jpg 850w, https:\/\/www.airpes.com\/wp-content\/uploads\/2020\/09\/rail-lifting-beam-340x191.jpg 340w, https:\/\/www.airpes.com\/wp-content\/uploads\/2020\/09\/rail-lifting-beam-800x449.jpg 800w, https:\/\/www.airpes.com\/wp-content\/uploads\/2020\/09\/rail-lifting-beam-300x168.jpg 300w, https:\/\/www.airpes.com\/wp-content\/uploads\/2020\/09\/rail-lifting-beam-768x431.jpg 768w, https:\/\/www.airpes.com\/wp-content\/uploads\/2020\/09\/rail-lifting-beam-480x269.jpg 480w, https:\/\/www.airpes.com\/wp-content\/uploads\/2020\/09\/rail-lifting-beam-84x47.jpg 84w, https:\/\/www.airpes.com\/wp-content\/uploads\/2020\/09\/rail-lifting-beam-200x112.jpg 200w, https:\/\/www.airpes.com\/wp-content\/uploads\/2020\/09\/rail-lifting-beam-450x253.jpg 450w\" sizes=\"auto, (max-width: 850px) 100vw, 850px\" \/><\/div>\n\t\t\t<\/figure>\n\t\t\t\n\t\t<\/div>[vc_separator color=\u00bbwhite\u00bb border_width=\u00bb9&#8243;]<div class=\"text-block-content hongo-text-block-2 last-paragraph-no-margin\"><p><iframe loading=\"lazy\" src=\"https:\/\/www.youtube.com\/embed\/9uICDpHNXAs\" width=\"560\" height=\"315\" frameborder=\"0\" allowfullscreen=\"allowfullscreen\"><\/iframe><\/p>\n<\/div><\/div><\/div><\/div><\/section>\n<\/div>","protected":false},"excerpt":{"rendered":"<p>Nuestro bastidor elevador de ra\u00edles es una soluci\u00f3n dise\u00f1ada por Airpes para elevar y mover ra\u00edles de tren de forma f\u00e1cil y r\u00e1pida. Nuestro bastidor para ra\u00edles va a ayudar a su empresa a mover los ra\u00edles en cualquier situaci\u00f3n. El sistema permite elevar dos ra\u00edles a la vez, haciendo el trabajo m\u00e1s f\u00e1cil, r\u00e1pido, y de forma m\u00e1s eficiente que con otros elevadores de ra\u00edles que solo permiten elevar un ra\u00edl por operaci\u00f3n.<\/p>\n<p>Podemos adaptar el bastidor de ra\u00edles a cualquier entorno de trabajo. Normalmente los bastidor de carga para ra\u00edles trabajan en exteriores, en zonas de reparaci\u00f3n de v\u00edas, sin embargo podemos adaptar el dise\u00f1o a cualquier otro tipo de situaci\u00f3n o necesidad.<\/p>\n<h3><strong>Ventajas del bastidor elevador de railes Airpes<\/strong><\/h3>\n<p>Los bastidores de carga para ra\u00edles de Airpes est\u00e1n dise\u00f1ados y fabricados en base a los m\u00e1s avanzados est\u00e1ndares para la elevaci\u00f3n de grandes cargas. Este dispositivo le permitir\u00e1 elevar dos ra\u00edles a la vez, por lo que le facilitar\u00e1 el trabajo y la tarea se podr\u00e1 hacer el doble de r\u00e1pido que con otros bastidores de carga de ra\u00edles de otras compa\u00f1\u00edas.<\/p>\n<p><em>Dise\u00f1ado para trabajar en exteriores<\/em><br \/>\nNuestro bastidor de carga para ra\u00edles est\u00e1 dise\u00f1ado para un uso intensivo en el exterior, donde generalmente las los ra\u00edles de tren se almacenan. El dispositivo est\u00e1 adaptado para soportar cualquier adversidad clim\u00e1tica y continuar trabajando bajo la lluvia o bajas temperaturas.<\/p>\n","protected":false},"featured_media":110039,"template":"","meta":{"_acf_changed":false,"inline_featured_image":false},"product_cat":[284,282,283],"product_tag":[],"class_list":{"0":"post-107643","1":"product","2":"type-product","3":"status-publish","4":"has-post-thumbnail","6":"product_cat-bastidores-de-carga","7":"product_cat-equipos-de-elevacion","8":"product_cat-equipos-de-manutencion-y-elevacion","10":"first","11":"instock","12":"shipping-taxable","13":"product-type-simple"},"acf":[],"yoast_head":"<!-- This site is optimized with the Yoast SEO plugin v27.5 - https:\/\/yoast.com\/product\/yoast-seo-wordpress\/ -->\n<title>Bastidor Elevador de Ra\u00edles | Airpes : Airpes<\/title>\n<meta name=\"description\" content=\"Nuestro bastidor elevador de ra\u00edles es perfecto para las industrias sider\u00fargicas o las compa\u00f1\u00edas ferroviarias. Contacta con Airpes y vemos tu caso.\" \/>\n<meta name=\"robots\" content=\"index, follow, max-snippet:-1, max-image-preview:large, max-video-preview:-1\" \/>\n<link rel=\"canonical\" href=\"https:\/\/www.airpes.com\/es\/product\/bastidor-elevador-de-railes\/\" \/>\n<meta property=\"og:locale\" content=\"es_ES\" \/>\n<meta property=\"og:type\" content=\"article\" \/>\n<meta property=\"og:title\" content=\"Bastidor Elevador de Ra\u00edles | Airpes : Airpes\" \/>\n<meta property=\"og:description\" content=\"Nuestro bastidor elevador de ra\u00edles es perfecto para las industrias sider\u00fargicas o las compa\u00f1\u00edas ferroviarias. Contacta con Airpes y vemos tu caso.\" \/>\n<meta property=\"og:url\" content=\"https:\/\/www.airpes.com\/es\/product\/bastidor-elevador-de-railes\/\" \/>\n<meta property=\"og:site_name\" content=\"Airpes\" \/>\n<meta property=\"article:publisher\" content=\"https:\/\/www.facebook.com\/AIRPES\" \/>\n<meta property=\"article:modified_time\" content=\"2021-01-27T19:50:09+00:00\" \/>\n<meta property=\"og:image\" content=\"https:\/\/www.airpes.com\/wp-content\/uploads\/2020\/09\/Rail-lifting-beam-airpes-intro.jpg\" \/>\n\t<meta property=\"og:image:width\" content=\"800\" \/>\n\t<meta property=\"og:image:height\" content=\"900\" \/>\n\t<meta property=\"og:image:type\" content=\"image\/jpeg\" \/>\n<meta name=\"twitter:card\" content=\"summary_large_image\" \/>\n<meta name=\"twitter:site\" content=\"@AIRPES\" \/>\n<meta name=\"twitter:label1\" content=\"Tiempo de lectura\" \/>\n\t<meta name=\"twitter:data1\" content=\"1 minuto\" \/>\n<script type=\"application\/ld+json\" class=\"yoast-schema-graph\">{\"@context\":\"https:\\\/\\\/schema.org\",\"@graph\":[{\"@type\":[\"WebPage\",\"ItemPage\"],\"@id\":\"https:\\\/\\\/www.airpes.com\\\/es\\\/product\\\/bastidor-elevador-de-railes\\\/\",\"url\":\"https:\\\/\\\/www.airpes.com\\\/es\\\/product\\\/bastidor-elevador-de-railes\\\/\",\"name\":\"Bastidor Elevador de Ra\u00edles | Airpes : Airpes\",\"isPartOf\":{\"@id\":\"https:\\\/\\\/www.airpes.com\\\/es\\\/#website\"},\"primaryImageOfPage\":{\"@id\":\"https:\\\/\\\/www.airpes.com\\\/es\\\/product\\\/bastidor-elevador-de-railes\\\/#primaryimage\"},\"image\":{\"@id\":\"https:\\\/\\\/www.airpes.com\\\/es\\\/product\\\/bastidor-elevador-de-railes\\\/#primaryimage\"},\"thumbnailUrl\":\"https:\\\/\\\/www.airpes.com\\\/wp-content\\\/uploads\\\/2020\\\/09\\\/Rail-lifting-beam-airpes-intro.jpg\",\"datePublished\":\"2020-09-22T19:16:43+00:00\",\"dateModified\":\"2021-01-27T19:50:09+00:00\",\"description\":\"Nuestro bastidor elevador de ra\u00edles es perfecto para las industrias sider\u00fargicas o las compa\u00f1\u00edas ferroviarias. Contacta con Airpes y vemos tu caso.\",\"breadcrumb\":{\"@id\":\"https:\\\/\\\/www.airpes.com\\\/es\\\/product\\\/bastidor-elevador-de-railes\\\/#breadcrumb\"},\"inLanguage\":\"es\",\"potentialAction\":[{\"@type\":\"ReadAction\",\"target\":[\"https:\\\/\\\/www.airpes.com\\\/es\\\/product\\\/bastidor-elevador-de-railes\\\/\"]}]},{\"@type\":\"ImageObject\",\"inLanguage\":\"es\",\"@id\":\"https:\\\/\\\/www.airpes.com\\\/es\\\/product\\\/bastidor-elevador-de-railes\\\/#primaryimage\",\"url\":\"https:\\\/\\\/www.airpes.com\\\/wp-content\\\/uploads\\\/2020\\\/09\\\/Rail-lifting-beam-airpes-intro.jpg\",\"contentUrl\":\"https:\\\/\\\/www.airpes.com\\\/wp-content\\\/uploads\\\/2020\\\/09\\\/Rail-lifting-beam-airpes-intro.jpg\",\"width\":800,\"height\":900,\"caption\":\"Rail Lifting Beam Solutions | Heavy Lifting Equipment | Airpes\"},{\"@type\":\"BreadcrumbList\",\"@id\":\"https:\\\/\\\/www.airpes.com\\\/es\\\/product\\\/bastidor-elevador-de-railes\\\/#breadcrumb\",\"itemListElement\":[{\"@type\":\"ListItem\",\"position\":1,\"name\":\"Inicio\",\"item\":\"https:\\\/\\\/www.airpes.com\\\/es\\\/\"},{\"@type\":\"ListItem\",\"position\":2,\"name\":\"Productos\",\"item\":\"https:\\\/\\\/www.airpes.com\\\/es\\\/shop\\\/\"},{\"@type\":\"ListItem\",\"position\":3,\"name\":\"BASTIDOR ELEVADOR DE RA\u00cdLES\"}]},{\"@type\":\"WebSite\",\"@id\":\"https:\\\/\\\/www.airpes.com\\\/es\\\/#website\",\"url\":\"https:\\\/\\\/www.airpes.com\\\/es\\\/\",\"name\":\"Airpes\",\"description\":\"Your lifting equipment supplier\",\"publisher\":{\"@id\":\"https:\\\/\\\/www.airpes.com\\\/es\\\/#organization\"},\"potentialAction\":[{\"@type\":\"SearchAction\",\"target\":{\"@type\":\"EntryPoint\",\"urlTemplate\":\"https:\\\/\\\/www.airpes.com\\\/es\\\/?s={search_term_string}\"},\"query-input\":{\"@type\":\"PropertyValueSpecification\",\"valueRequired\":true,\"valueName\":\"search_term_string\"}}],\"inLanguage\":\"es\"},{\"@type\":\"Organization\",\"@id\":\"https:\\\/\\\/www.airpes.com\\\/es\\\/#organization\",\"name\":\"Airpes\",\"url\":\"https:\\\/\\\/www.airpes.com\\\/es\\\/\",\"logo\":{\"@type\":\"ImageObject\",\"inLanguage\":\"es\",\"@id\":\"https:\\\/\\\/www.airpes.com\\\/es\\\/#\\\/schema\\\/logo\\\/image\\\/\",\"url\":\"https:\\\/\\\/www.airpes.com\\\/wp-content\\\/uploads\\\/2020\\\/09\\\/logo.svg\",\"contentUrl\":\"https:\\\/\\\/www.airpes.com\\\/wp-content\\\/uploads\\\/2020\\\/09\\\/logo.svg\",\"width\":193,\"height\":86,\"caption\":\"Airpes\"},\"image\":{\"@id\":\"https:\\\/\\\/www.airpes.com\\\/es\\\/#\\\/schema\\\/logo\\\/image\\\/\"},\"sameAs\":[\"https:\\\/\\\/www.facebook.com\\\/AIRPES\",\"https:\\\/\\\/x.com\\\/AIRPES\",\"https:\\\/\\\/www.instagram.com\\\/AIRPESlifting\\\/\",\"https:\\\/\\\/www.linkedin.com\\\/company\\\/airpes\"]}]}<\/script>\n<!-- \/ Yoast SEO plugin. -->","yoast_head_json":{"title":"Bastidor Elevador de Ra\u00edles | Airpes : Airpes","description":"Nuestro bastidor elevador de ra\u00edles es perfecto para las industrias sider\u00fargicas o las compa\u00f1\u00edas ferroviarias. Contacta con Airpes y vemos tu caso.","robots":{"index":"index","follow":"follow","max-snippet":"max-snippet:-1","max-image-preview":"max-image-preview:large","max-video-preview":"max-video-preview:-1"},"canonical":"https:\/\/www.airpes.com\/es\/product\/bastidor-elevador-de-railes\/","og_locale":"es_ES","og_type":"article","og_title":"Bastidor Elevador de Ra\u00edles | Airpes : Airpes","og_description":"Nuestro bastidor elevador de ra\u00edles es perfecto para las industrias sider\u00fargicas o las compa\u00f1\u00edas ferroviarias. Contacta con Airpes y vemos tu caso.","og_url":"https:\/\/www.airpes.com\/es\/product\/bastidor-elevador-de-railes\/","og_site_name":"Airpes","article_publisher":"https:\/\/www.facebook.com\/AIRPES","article_modified_time":"2021-01-27T19:50:09+00:00","og_image":[{"width":800,"height":900,"url":"https:\/\/www.airpes.com\/wp-content\/uploads\/2020\/09\/Rail-lifting-beam-airpes-intro.jpg","type":"image\/jpeg"}],"twitter_card":"summary_large_image","twitter_site":"@AIRPES","twitter_misc":{"Tiempo de lectura":"1 minuto"},"schema":{"@context":"https:\/\/schema.org","@graph":[{"@type":["WebPage","ItemPage"],"@id":"https:\/\/www.airpes.com\/es\/product\/bastidor-elevador-de-railes\/","url":"https:\/\/www.airpes.com\/es\/product\/bastidor-elevador-de-railes\/","name":"Bastidor Elevador de Ra\u00edles | Airpes : Airpes","isPartOf":{"@id":"https:\/\/www.airpes.com\/es\/#website"},"primaryImageOfPage":{"@id":"https:\/\/www.airpes.com\/es\/product\/bastidor-elevador-de-railes\/#primaryimage"},"image":{"@id":"https:\/\/www.airpes.com\/es\/product\/bastidor-elevador-de-railes\/#primaryimage"},"thumbnailUrl":"https:\/\/www.airpes.com\/wp-content\/uploads\/2020\/09\/Rail-lifting-beam-airpes-intro.jpg","datePublished":"2020-09-22T19:16:43+00:00","dateModified":"2021-01-27T19:50:09+00:00","description":"Nuestro bastidor elevador de ra\u00edles es perfecto para las industrias sider\u00fargicas o las compa\u00f1\u00edas ferroviarias. Contacta con Airpes y vemos tu caso.","breadcrumb":{"@id":"https:\/\/www.airpes.com\/es\/product\/bastidor-elevador-de-railes\/#breadcrumb"},"inLanguage":"es","potentialAction":[{"@type":"ReadAction","target":["https:\/\/www.airpes.com\/es\/product\/bastidor-elevador-de-railes\/"]}]},{"@type":"ImageObject","inLanguage":"es","@id":"https:\/\/www.airpes.com\/es\/product\/bastidor-elevador-de-railes\/#primaryimage","url":"https:\/\/www.airpes.com\/wp-content\/uploads\/2020\/09\/Rail-lifting-beam-airpes-intro.jpg","contentUrl":"https:\/\/www.airpes.com\/wp-content\/uploads\/2020\/09\/Rail-lifting-beam-airpes-intro.jpg","width":800,"height":900,"caption":"Rail Lifting Beam Solutions | Heavy Lifting Equipment | Airpes"},{"@type":"BreadcrumbList","@id":"https:\/\/www.airpes.com\/es\/product\/bastidor-elevador-de-railes\/#breadcrumb","itemListElement":[{"@type":"ListItem","position":1,"name":"Inicio","item":"https:\/\/www.airpes.com\/es\/"},{"@type":"ListItem","position":2,"name":"Productos","item":"https:\/\/www.airpes.com\/es\/shop\/"},{"@type":"ListItem","position":3,"name":"BASTIDOR ELEVADOR DE RA\u00cdLES"}]},{"@type":"WebSite","@id":"https:\/\/www.airpes.com\/es\/#website","url":"https:\/\/www.airpes.com\/es\/","name":"Airpes","description":"Your lifting equipment supplier","publisher":{"@id":"https:\/\/www.airpes.com\/es\/#organization"},"potentialAction":[{"@type":"SearchAction","target":{"@type":"EntryPoint","urlTemplate":"https:\/\/www.airpes.com\/es\/?s={search_term_string}"},"query-input":{"@type":"PropertyValueSpecification","valueRequired":true,"valueName":"search_term_string"}}],"inLanguage":"es"},{"@type":"Organization","@id":"https:\/\/www.airpes.com\/es\/#organization","name":"Airpes","url":"https:\/\/www.airpes.com\/es\/","logo":{"@type":"ImageObject","inLanguage":"es","@id":"https:\/\/www.airpes.com\/es\/#\/schema\/logo\/image\/","url":"https:\/\/www.airpes.com\/wp-content\/uploads\/2020\/09\/logo.svg","contentUrl":"https:\/\/www.airpes.com\/wp-content\/uploads\/2020\/09\/logo.svg","width":193,"height":86,"caption":"Airpes"},"image":{"@id":"https:\/\/www.airpes.com\/es\/#\/schema\/logo\/image\/"},"sameAs":["https:\/\/www.facebook.com\/AIRPES","https:\/\/x.com\/AIRPES","https:\/\/www.instagram.com\/AIRPESlifting\/","https:\/\/www.linkedin.com\/company\/airpes"]}]}},"_links":{"self":[{"href":"https:\/\/www.airpes.com\/es\/wp-json\/wp\/v2\/product\/107643","targetHints":{"allow":["GET"]}}],"collection":[{"href":"https:\/\/www.airpes.com\/es\/wp-json\/wp\/v2\/product"}],"about":[{"href":"https:\/\/www.airpes.com\/es\/wp-json\/wp\/v2\/types\/product"}],"wp:featuredmedia":[{"embeddable":true,"href":"https:\/\/www.airpes.com\/es\/wp-json\/wp\/v2\/media\/110039"}],"wp:attachment":[{"href":"https:\/\/www.airpes.com\/es\/wp-json\/wp\/v2\/media?parent=107643"}],"wp:term":[{"taxonomy":"product_cat","embeddable":true,"href":"https:\/\/www.airpes.com\/es\/wp-json\/wp\/v2\/product_cat?post=107643"},{"taxonomy":"product_tag","embeddable":true,"href":"https:\/\/www.airpes.com\/es\/wp-json\/wp\/v2\/product_tag?post=107643"}],"curies":[{"name":"wp","href":"https:\/\/api.w.org\/{rel}","templated":true}]}}