{"id":107641,"date":"2020-09-22T15:59:22","date_gmt":"2020-09-22T15:59:22","guid":{"rendered":"https:\/\/www.airpes.com\/product\/herramienta-de-rotacion-e-instalacion-de-seccion-de-torre-170t-120t\/"},"modified":"2020-11-28T16:53:45","modified_gmt":"2020-11-28T16:53:45","slug":"herramienta-de-rotacion-e-instalacion-de-seccion-de-torre-170t-120t","status":"publish","type":"product","link":"https:\/\/www.airpes.com\/es\/product\/herramienta-de-rotacion-e-instalacion-de-seccion-de-torre-170t-120t\/","title":{"rendered":"Herramienta de Rotaci\u00f3n e Instalaci\u00f3n de Secci\u00f3n de Torre (170t\u2013120t)"},"content":{"rendered":"<div class=\"wpb-content-wrapper\"><section class=\"vc_row wpb_row vc_row-fluid  vc_custom_1550641386235   vc_row-has-fill\"><div class=\"wpb_column vc_column_container col-xs-mobile-fullwidth vc_col-sm-12 vc_col-md-6 wow fadeIn\" data-wow-delay= 200ms data-wow-duration= 1500ms><div class=\"vc_column-inner  hongo_responsive_1566294673742\"><div class=\"wpb_wrapper\"><div class=\"text-block-content hongo-text-block-1 vc_custom_1600790289639 last-paragraph-no-margin\"><p><strong>Rotaci\u00f3n del transporte a la instalaci\u00f3n<\/strong><\/p>\n<p>Gire su torre horizontal desde la posici\u00f3n de transporte directamente a la instalaci\u00f3n en una sola maniobra.<\/p>\n<p><strong>Se puede utilizar directamente desde el puerto<\/strong><\/p>\n<p>Puedes usarlo directamente desde el puerto si transporta directamente las herramientas con un barco.<\/p>\n<p><strong>Una vez en vertical, la herramienta est\u00e1 lista para su instalaci\u00f3n<\/strong><\/p>\n<p>Rotaci\u00f3n pata instalaci\u00f3n directa, con s\u00f3lo desmontar la parte inferior. As\u00ed de simple. As\u00ed de simple.<\/p>\n<p><strong>Una soluci\u00f3n segura, fiable y elegantemente simple<\/strong><\/p>\n<p>S\u00f3lo componentes mec\u00e1nicos, adaptados a todos los di\u00e1metros de secci\u00f3n de la torre, sin ajustes, sin fugas, sin entradas de energ\u00eda. Una soluci\u00f3n simple y directa que se ajusta a sus necesidades.<\/p>\n<p><strong>Multisecci\u00f3n para diferentes di\u00e1metros de secci\u00f3n de torre<\/strong><\/p>\n<p>Adaptado a todas las secciones de su aerogenerador, por lo que puede utilizar una sola herramienta para todas las operaciones, y con nuestras soluciones a medida, otros modelos pueden ser integrados tambi\u00e9n.<\/p>\n<p><strong>Hasta 170t en rotaci\u00f3n; 120t en instalaci\u00f3n<\/strong><\/p>\n<p>Hasta 170t durante la rotaci\u00f3n, y 120t durante la instalaci\u00f3n.<\/p>\n<p><strong>F\u00e1cil de transportar y montar<\/strong><\/p>\n<p>F\u00e1cil y barato de transportar debido a su bajo peso, dimensi\u00f3n y simplicidad. Puede ser ensamblado en menos de una hora y cabe en un contenedor de 20 pies. Envase.<\/p>\n<\/div><\/div><\/div><\/div><div class=\"wpb_column vc_column_container col-xs-mobile-fullwidth vc_col-sm-12 vc_col-md-6 wow fadeIn\" data-wow-delay= 400ms data-wow-duration= 1500ms><div class=\"vc_column-inner\"><div class=\"wpb_wrapper\"><div class=\"wpb_single_image   vc_custom_1600790305664 hongo-full-width-single-image\">\n\t\t\t<figure class=\"wpb_wrapper vc_figure\">\n\t\t\t\t<div class=\"vc_single_image-wrapper  \"><img loading=\"lazy\" decoding=\"async\" width=\"800\" height=\"675\" src=\"https:\/\/www.airpes.com\/wp-content\/uploads\/2020\/09\/FT_1649_TS-120t-destacado.jpg\" class=\"vc_single_image-img attachment-full\" alt=\"\" title=\"FT_1649_TS-120t-destacado\" srcset=\"https:\/\/www.airpes.com\/wp-content\/uploads\/2020\/09\/FT_1649_TS-120t-destacado.jpg 800w, https:\/\/www.airpes.com\/wp-content\/uploads\/2020\/09\/FT_1649_TS-120t-destacado-340x287.jpg 340w, https:\/\/www.airpes.com\/wp-content\/uploads\/2020\/09\/FT_1649_TS-120t-destacado-300x253.jpg 300w, https:\/\/www.airpes.com\/wp-content\/uploads\/2020\/09\/FT_1649_TS-120t-destacado-768x648.jpg 768w, https:\/\/www.airpes.com\/wp-content\/uploads\/2020\/09\/FT_1649_TS-120t-destacado-480x405.jpg 480w, https:\/\/www.airpes.com\/wp-content\/uploads\/2020\/09\/FT_1649_TS-120t-destacado-84x71.jpg 84w, https:\/\/www.airpes.com\/wp-content\/uploads\/2020\/09\/FT_1649_TS-120t-destacado-200x169.jpg 200w, https:\/\/www.airpes.com\/wp-content\/uploads\/2020\/09\/FT_1649_TS-120t-destacado-450x380.jpg 450w\" sizes=\"auto, (max-width: 800px) 100vw, 800px\" \/><\/div>\n\t\t\t<\/figure>\n\t\t\t\n\t\t<\/div><\/div><\/div><\/div><\/section>\n<\/div>","protected":false},"excerpt":{"rendered":"<p>Esta soluci\u00f3n a medida se desarroll\u00f3 para transferir la secci\u00f3n de la torre directamente desde el puerto a su lugar, proporcionando al mismo tiempo la rotaci\u00f3n y la instalaci\u00f3n vertical de la herramienta en una sola maniobra.<br \/>\nLa herramienta es s\u00f3lo mec\u00e1nica y tiene un punto de pivote de ajuste en el fondo, por lo que puede ser transportada en un contenedor de 20 pies solamente. Una vez operativa, este punto de pivote puede ser fijado para que la herramienta est\u00e9 lista para ser usada directamente.<br \/>\nSe puede utilizar para la instalaci\u00f3n de secciones de hasta 120t,, sin l\u00edmites de tama\u00f1o.<\/p>\n<p>Gracias a la configuraci\u00f3n de la herramienta, permite retener diferentes di\u00e1metros de secci\u00f3n de torre y distribuci\u00f3n y tama\u00f1os de los tornillos, utilizando la diferencia de di\u00e1metro para ajustarse a la interfaz de la secci\u00f3n.<br \/>\nSimple, r\u00e1pido y efectivo, hace el trabajo sin complejidades.<\/p>\n<p>Todas nuestras soluciones a medida pueden ser reajustadas seg\u00fan sus necesidades.<\/p>\n","protected":false},"featured_media":102671,"template":"","meta":{"_acf_changed":false,"inline_featured_image":false},"product_cat":[259,280,281,260],"product_tag":[],"class_list":{"0":"post-107641","1":"product","2":"type-product","3":"status-publish","4":"has-post-thumbnail","6":"product_cat-energia-eolica","7":"product_cat-equipamiento-torres-eolicas","8":"product_cat-herramientas-instalacion","9":"product_cat-onshore","11":"first","12":"instock","13":"shipping-taxable","14":"product-type-simple"},"acf":[],"yoast_head":"<!-- This site is optimized with the Yoast SEO plugin v26.6 - https:\/\/yoast.com\/wordpress\/plugins\/seo\/ -->\n<title>Herramienta de Rotaci\u00f3n e Instalaci\u00f3n de Secci\u00f3n de Torre<\/title>\n<meta name=\"description\" content=\"La herramienta de rotaci\u00f3n e instalaci\u00f3n de secci\u00f3n de torre de Airpes permite transferir la secci\u00f3n directamente desde el puerto.\" \/>\n<meta name=\"robots\" content=\"index, follow, max-snippet:-1, max-image-preview:large, max-video-preview:-1\" \/>\n<link rel=\"canonical\" href=\"https:\/\/www.airpes.com\/es\/product\/herramienta-de-rotacion-e-instalacion-de-seccion-de-torre-170t-120t\/\" \/>\n<meta property=\"og:locale\" content=\"es_ES\" \/>\n<meta property=\"og:type\" content=\"article\" \/>\n<meta property=\"og:title\" content=\"Herramienta de Rotaci\u00f3n e Instalaci\u00f3n de Secci\u00f3n de Torre\" \/>\n<meta property=\"og:description\" content=\"La herramienta de rotaci\u00f3n e instalaci\u00f3n de secci\u00f3n de torre de Airpes permite transferir la secci\u00f3n directamente desde el puerto.\" \/>\n<meta property=\"og:url\" content=\"https:\/\/www.airpes.com\/es\/product\/herramienta-de-rotacion-e-instalacion-de-seccion-de-torre-170t-120t\/\" \/>\n<meta property=\"og:site_name\" content=\"Airpes\" \/>\n<meta property=\"article:publisher\" content=\"https:\/\/www.facebook.com\/AIRPES\" \/>\n<meta property=\"article:modified_time\" content=\"2020-11-28T16:53:45+00:00\" \/>\n<meta property=\"og:image\" content=\"https:\/\/www.airpes.com\/wp-content\/uploads\/2020\/09\/FT_1649_TS-120t-00-portada.jpg\" \/>\n\t<meta property=\"og:image:width\" content=\"800\" \/>\n\t<meta property=\"og:image:height\" content=\"1200\" \/>\n\t<meta property=\"og:image:type\" content=\"image\/jpeg\" \/>\n<meta name=\"twitter:card\" content=\"summary_large_image\" \/>\n<meta name=\"twitter:site\" content=\"@AIRPES\" \/>\n<meta name=\"twitter:label1\" content=\"Tiempo de lectura\" \/>\n\t<meta name=\"twitter:data1\" content=\"2 minutos\" \/>\n<script type=\"application\/ld+json\" class=\"yoast-schema-graph\">{\"@context\":\"https:\/\/schema.org\",\"@graph\":[{\"@type\":[\"WebPage\",\"ItemPage\"],\"@id\":\"https:\/\/www.airpes.com\/es\/product\/herramienta-de-rotacion-e-instalacion-de-seccion-de-torre-170t-120t\/\",\"url\":\"https:\/\/www.airpes.com\/es\/product\/herramienta-de-rotacion-e-instalacion-de-seccion-de-torre-170t-120t\/\",\"name\":\"Herramienta de Rotaci\u00f3n e Instalaci\u00f3n de Secci\u00f3n de Torre\",\"isPartOf\":{\"@id\":\"https:\/\/www.airpes.com\/es\/#website\"},\"primaryImageOfPage\":{\"@id\":\"https:\/\/www.airpes.com\/es\/product\/herramienta-de-rotacion-e-instalacion-de-seccion-de-torre-170t-120t\/#primaryimage\"},\"image\":{\"@id\":\"https:\/\/www.airpes.com\/es\/product\/herramienta-de-rotacion-e-instalacion-de-seccion-de-torre-170t-120t\/#primaryimage\"},\"thumbnailUrl\":\"https:\/\/www.airpes.com\/wp-content\/uploads\/2020\/09\/FT_1649_TS-120t-00-portada.jpg\",\"datePublished\":\"2020-09-22T15:59:22+00:00\",\"dateModified\":\"2020-11-28T16:53:45+00:00\",\"description\":\"La herramienta de rotaci\u00f3n e instalaci\u00f3n de secci\u00f3n de torre de Airpes permite transferir la secci\u00f3n directamente desde el puerto.\",\"breadcrumb\":{\"@id\":\"https:\/\/www.airpes.com\/es\/product\/herramienta-de-rotacion-e-instalacion-de-seccion-de-torre-170t-120t\/#breadcrumb\"},\"inLanguage\":\"es\",\"potentialAction\":[{\"@type\":\"ReadAction\",\"target\":[\"https:\/\/www.airpes.com\/es\/product\/herramienta-de-rotacion-e-instalacion-de-seccion-de-torre-170t-120t\/\"]}]},{\"@type\":\"ImageObject\",\"inLanguage\":\"es\",\"@id\":\"https:\/\/www.airpes.com\/es\/product\/herramienta-de-rotacion-e-instalacion-de-seccion-de-torre-170t-120t\/#primaryimage\",\"url\":\"https:\/\/www.airpes.com\/wp-content\/uploads\/2020\/09\/FT_1649_TS-120t-00-portada.jpg\",\"contentUrl\":\"https:\/\/www.airpes.com\/wp-content\/uploads\/2020\/09\/FT_1649_TS-120t-00-portada.jpg\",\"width\":800,\"height\":1200},{\"@type\":\"BreadcrumbList\",\"@id\":\"https:\/\/www.airpes.com\/es\/product\/herramienta-de-rotacion-e-instalacion-de-seccion-de-torre-170t-120t\/#breadcrumb\",\"itemListElement\":[{\"@type\":\"ListItem\",\"position\":1,\"name\":\"Inicio\",\"item\":\"https:\/\/www.airpes.com\/es\/\"},{\"@type\":\"ListItem\",\"position\":2,\"name\":\"Productos\",\"item\":\"https:\/\/www.airpes.com\/es\/shop\/\"},{\"@type\":\"ListItem\",\"position\":3,\"name\":\"Herramienta de Rotaci\u00f3n e Instalaci\u00f3n de Secci\u00f3n de Torre (170t\u2013120t)\"}]},{\"@type\":\"WebSite\",\"@id\":\"https:\/\/www.airpes.com\/es\/#website\",\"url\":\"https:\/\/www.airpes.com\/es\/\",\"name\":\"Airpes\",\"description\":\"Your lifting equipment supplier\",\"publisher\":{\"@id\":\"https:\/\/www.airpes.com\/es\/#organization\"},\"potentialAction\":[{\"@type\":\"SearchAction\",\"target\":{\"@type\":\"EntryPoint\",\"urlTemplate\":\"https:\/\/www.airpes.com\/es\/?s={search_term_string}\"},\"query-input\":{\"@type\":\"PropertyValueSpecification\",\"valueRequired\":true,\"valueName\":\"search_term_string\"}}],\"inLanguage\":\"es\"},{\"@type\":\"Organization\",\"@id\":\"https:\/\/www.airpes.com\/es\/#organization\",\"name\":\"Airpes\",\"url\":\"https:\/\/www.airpes.com\/es\/\",\"logo\":{\"@type\":\"ImageObject\",\"inLanguage\":\"es\",\"@id\":\"https:\/\/www.airpes.com\/es\/#\/schema\/logo\/image\/\",\"url\":\"https:\/\/www.airpes.com\/wp-content\/uploads\/2020\/09\/logo.svg\",\"contentUrl\":\"https:\/\/www.airpes.com\/wp-content\/uploads\/2020\/09\/logo.svg\",\"width\":193,\"height\":86,\"caption\":\"Airpes\"},\"image\":{\"@id\":\"https:\/\/www.airpes.com\/es\/#\/schema\/logo\/image\/\"},\"sameAs\":[\"https:\/\/www.facebook.com\/AIRPES\",\"https:\/\/x.com\/AIRPES\",\"https:\/\/www.instagram.com\/AIRPESlifting\/\",\"https:\/\/www.linkedin.com\/company\/airpes\"]}]}<\/script>\n<!-- \/ Yoast SEO plugin. -->","yoast_head_json":{"title":"Herramienta de Rotaci\u00f3n e Instalaci\u00f3n de Secci\u00f3n de Torre","description":"La herramienta de rotaci\u00f3n e instalaci\u00f3n de secci\u00f3n de torre de Airpes permite transferir la secci\u00f3n directamente desde el puerto.","robots":{"index":"index","follow":"follow","max-snippet":"max-snippet:-1","max-image-preview":"max-image-preview:large","max-video-preview":"max-video-preview:-1"},"canonical":"https:\/\/www.airpes.com\/es\/product\/herramienta-de-rotacion-e-instalacion-de-seccion-de-torre-170t-120t\/","og_locale":"es_ES","og_type":"article","og_title":"Herramienta de Rotaci\u00f3n e Instalaci\u00f3n de Secci\u00f3n de Torre","og_description":"La herramienta de rotaci\u00f3n e instalaci\u00f3n de secci\u00f3n de torre de Airpes permite transferir la secci\u00f3n directamente desde el puerto.","og_url":"https:\/\/www.airpes.com\/es\/product\/herramienta-de-rotacion-e-instalacion-de-seccion-de-torre-170t-120t\/","og_site_name":"Airpes","article_publisher":"https:\/\/www.facebook.com\/AIRPES","article_modified_time":"2020-11-28T16:53:45+00:00","og_image":[{"width":800,"height":1200,"url":"https:\/\/www.airpes.com\/wp-content\/uploads\/2020\/09\/FT_1649_TS-120t-00-portada.jpg","type":"image\/jpeg"}],"twitter_card":"summary_large_image","twitter_site":"@AIRPES","twitter_misc":{"Tiempo de lectura":"2 minutos"},"schema":{"@context":"https:\/\/schema.org","@graph":[{"@type":["WebPage","ItemPage"],"@id":"https:\/\/www.airpes.com\/es\/product\/herramienta-de-rotacion-e-instalacion-de-seccion-de-torre-170t-120t\/","url":"https:\/\/www.airpes.com\/es\/product\/herramienta-de-rotacion-e-instalacion-de-seccion-de-torre-170t-120t\/","name":"Herramienta de Rotaci\u00f3n e Instalaci\u00f3n de Secci\u00f3n de Torre","isPartOf":{"@id":"https:\/\/www.airpes.com\/es\/#website"},"primaryImageOfPage":{"@id":"https:\/\/www.airpes.com\/es\/product\/herramienta-de-rotacion-e-instalacion-de-seccion-de-torre-170t-120t\/#primaryimage"},"image":{"@id":"https:\/\/www.airpes.com\/es\/product\/herramienta-de-rotacion-e-instalacion-de-seccion-de-torre-170t-120t\/#primaryimage"},"thumbnailUrl":"https:\/\/www.airpes.com\/wp-content\/uploads\/2020\/09\/FT_1649_TS-120t-00-portada.jpg","datePublished":"2020-09-22T15:59:22+00:00","dateModified":"2020-11-28T16:53:45+00:00","description":"La herramienta de rotaci\u00f3n e instalaci\u00f3n de secci\u00f3n de torre de Airpes permite transferir la secci\u00f3n directamente desde el puerto.","breadcrumb":{"@id":"https:\/\/www.airpes.com\/es\/product\/herramienta-de-rotacion-e-instalacion-de-seccion-de-torre-170t-120t\/#breadcrumb"},"inLanguage":"es","potentialAction":[{"@type":"ReadAction","target":["https:\/\/www.airpes.com\/es\/product\/herramienta-de-rotacion-e-instalacion-de-seccion-de-torre-170t-120t\/"]}]},{"@type":"ImageObject","inLanguage":"es","@id":"https:\/\/www.airpes.com\/es\/product\/herramienta-de-rotacion-e-instalacion-de-seccion-de-torre-170t-120t\/#primaryimage","url":"https:\/\/www.airpes.com\/wp-content\/uploads\/2020\/09\/FT_1649_TS-120t-00-portada.jpg","contentUrl":"https:\/\/www.airpes.com\/wp-content\/uploads\/2020\/09\/FT_1649_TS-120t-00-portada.jpg","width":800,"height":1200},{"@type":"BreadcrumbList","@id":"https:\/\/www.airpes.com\/es\/product\/herramienta-de-rotacion-e-instalacion-de-seccion-de-torre-170t-120t\/#breadcrumb","itemListElement":[{"@type":"ListItem","position":1,"name":"Inicio","item":"https:\/\/www.airpes.com\/es\/"},{"@type":"ListItem","position":2,"name":"Productos","item":"https:\/\/www.airpes.com\/es\/shop\/"},{"@type":"ListItem","position":3,"name":"Herramienta de Rotaci\u00f3n e Instalaci\u00f3n de Secci\u00f3n de Torre (170t\u2013120t)"}]},{"@type":"WebSite","@id":"https:\/\/www.airpes.com\/es\/#website","url":"https:\/\/www.airpes.com\/es\/","name":"Airpes","description":"Your lifting equipment supplier","publisher":{"@id":"https:\/\/www.airpes.com\/es\/#organization"},"potentialAction":[{"@type":"SearchAction","target":{"@type":"EntryPoint","urlTemplate":"https:\/\/www.airpes.com\/es\/?s={search_term_string}"},"query-input":{"@type":"PropertyValueSpecification","valueRequired":true,"valueName":"search_term_string"}}],"inLanguage":"es"},{"@type":"Organization","@id":"https:\/\/www.airpes.com\/es\/#organization","name":"Airpes","url":"https:\/\/www.airpes.com\/es\/","logo":{"@type":"ImageObject","inLanguage":"es","@id":"https:\/\/www.airpes.com\/es\/#\/schema\/logo\/image\/","url":"https:\/\/www.airpes.com\/wp-content\/uploads\/2020\/09\/logo.svg","contentUrl":"https:\/\/www.airpes.com\/wp-content\/uploads\/2020\/09\/logo.svg","width":193,"height":86,"caption":"Airpes"},"image":{"@id":"https:\/\/www.airpes.com\/es\/#\/schema\/logo\/image\/"},"sameAs":["https:\/\/www.facebook.com\/AIRPES","https:\/\/x.com\/AIRPES","https:\/\/www.instagram.com\/AIRPESlifting\/","https:\/\/www.linkedin.com\/company\/airpes"]}]}},"_links":{"self":[{"href":"https:\/\/www.airpes.com\/es\/wp-json\/wp\/v2\/product\/107641","targetHints":{"allow":["GET"]}}],"collection":[{"href":"https:\/\/www.airpes.com\/es\/wp-json\/wp\/v2\/product"}],"about":[{"href":"https:\/\/www.airpes.com\/es\/wp-json\/wp\/v2\/types\/product"}],"wp:featuredmedia":[{"embeddable":true,"href":"https:\/\/www.airpes.com\/es\/wp-json\/wp\/v2\/media\/102671"}],"wp:attachment":[{"href":"https:\/\/www.airpes.com\/es\/wp-json\/wp\/v2\/media?parent=107641"}],"wp:term":[{"taxonomy":"product_cat","embeddable":true,"href":"https:\/\/www.airpes.com\/es\/wp-json\/wp\/v2\/product_cat?post=107641"},{"taxonomy":"product_tag","embeddable":true,"href":"https:\/\/www.airpes.com\/es\/wp-json\/wp\/v2\/product_tag?post=107641"}],"curies":[{"name":"wp","href":"https:\/\/api.w.org\/{rel}","templated":true}]}}