{"id":107639,"date":"2020-09-22T15:46:25","date_gmt":"2020-09-22T15:46:25","guid":{"rendered":"https:\/\/www.airpes.com\/product\/bastidor-elavador-de-gondolas-80mtn-energia-eolica-airpes\/"},"modified":"2022-03-14T13:08:26","modified_gmt":"2022-03-14T13:08:26","slug":"bastidor-elavador-de-gondolas-80mtn-energia-eolica-airpes","status":"publish","type":"product","link":"https:\/\/www.airpes.com\/es\/product\/bastidor-elavador-de-gondolas-80mtn-energia-eolica-airpes\/","title":{"rendered":"Bastidor Elevador de G\u00f3ndolas 80mTn Airpes"},"content":{"rendered":"<div class=\"wpb-content-wrapper\"><section class=\"vc_row wpb_row vc_row-fluid  vc_custom_1550641386235   vc_row-has-fill\"><div class=\"wpb_column vc_column_container col-xs-mobile-fullwidth vc_col-sm-12 vc_col-md-6 wow fadeIn\" data-wow-delay= 200ms data-wow-duration= 1500ms><div class=\"vc_column-inner  hongo_responsive_1566294673742\"><div class=\"wpb_wrapper\"><div class=\"text-block-content hongo-text-block-1 vc_custom_1600789505481 last-paragraph-no-margin\"><p><strong>Ajuste de la CoG<\/strong><\/p>\n<p>Ajuste del centro de gravedad con el cilindro hidr\u00e1ulico de dos ejes.<\/p>\n<\/div><\/div><\/div><\/div><div class=\"wpb_column vc_column_container col-xs-mobile-fullwidth vc_col-sm-12 vc_col-md-6 wow fadeIn\" data-wow-delay= 400ms data-wow-duration= 1500ms><div class=\"vc_column-inner\"><div class=\"wpb_wrapper\"><div class=\"wpb_single_image   vc_custom_1600789527140 hongo-full-width-single-image\">\n\t\t\t<figure class=\"wpb_wrapper vc_figure\">\n\t\t\t\t<div class=\"vc_single_image-wrapper  \"><img loading=\"lazy\" decoding=\"async\" width=\"800\" height=\"675\" src=\"https:\/\/www.airpes.com\/wp-content\/uploads\/2020\/09\/FT_0241_NA80t-2-destacado.jpg\" class=\"vc_single_image-img attachment-full\" alt=\"\" title=\"FT_0241_NA80t-2-destacado\" srcset=\"https:\/\/www.airpes.com\/wp-content\/uploads\/2020\/09\/FT_0241_NA80t-2-destacado.jpg 800w, https:\/\/www.airpes.com\/wp-content\/uploads\/2020\/09\/FT_0241_NA80t-2-destacado-340x287.jpg 340w, https:\/\/www.airpes.com\/wp-content\/uploads\/2020\/09\/FT_0241_NA80t-2-destacado-300x253.jpg 300w, https:\/\/www.airpes.com\/wp-content\/uploads\/2020\/09\/FT_0241_NA80t-2-destacado-768x648.jpg 768w, https:\/\/www.airpes.com\/wp-content\/uploads\/2020\/09\/FT_0241_NA80t-2-destacado-480x405.jpg 480w, https:\/\/www.airpes.com\/wp-content\/uploads\/2020\/09\/FT_0241_NA80t-2-destacado-84x71.jpg 84w, https:\/\/www.airpes.com\/wp-content\/uploads\/2020\/09\/FT_0241_NA80t-2-destacado-200x169.jpg 200w, https:\/\/www.airpes.com\/wp-content\/uploads\/2020\/09\/FT_0241_NA80t-2-destacado-450x380.jpg 450w\" sizes=\"auto, (max-width: 800px) 100vw, 800px\" \/><\/div>\n\t\t\t<\/figure>\n\t\t\t\n\t\t<\/div><\/div><\/div><\/div><\/section>\n<\/div>","protected":false},"excerpt":{"rendered":"<p>Este dispositivo de elevaci\u00f3n de la g\u00f3ndola para tierra firme se dise\u00f1a a petici\u00f3n del cliente, cumpliendo satisfactoriamente todas las especificaciones. Esta herramienta puede levantar hasta 80 mTn, ajustando el centro de gravedad e inclinaci\u00f3n de la g\u00f3ndola y la herramienta a lo largo de 2 ejes; transversal y longitudinal.<\/p>\n","protected":false},"featured_media":102655,"template":"","meta":{"_acf_changed":false,"inline_featured_image":false},"product_cat":[259,278,279,260],"product_tag":[],"class_list":{"0":"post-107639","1":"product","2":"type-product","3":"status-publish","4":"has-post-thumbnail","6":"product_cat-energia-eolica","7":"product_cat-equipamiento-gondolas","8":"product_cat-herramientas-de-instalacion","9":"product_cat-onshore","11":"first","12":"instock","13":"shipping-taxable","14":"product-type-simple"},"acf":[],"yoast_head":"<!-- This site is optimized with the Yoast SEO plugin v27.5 - https:\/\/yoast.com\/product\/yoast-seo-wordpress\/ -->\n<title>Bastidor Elevador de G\u00f3ndolas para Energ\u00eda E\u00f3lica | Airpes<\/title>\n<meta name=\"description\" content=\"Este bastidos elevador de g\u00f3ndolas est\u00e1 dise\u00f1ado a medida, cumpliendo Airpes satisfactoriamente todas las especificaciones.\" \/>\n<meta name=\"robots\" content=\"index, follow, max-snippet:-1, max-image-preview:large, max-video-preview:-1\" \/>\n<link rel=\"canonical\" href=\"https:\/\/www.airpes.com\/es\/product\/bastidor-elavador-de-gondolas-80mtn-energia-eolica-airpes\/\" \/>\n<meta property=\"og:locale\" content=\"es_ES\" \/>\n<meta property=\"og:type\" content=\"article\" \/>\n<meta property=\"og:title\" content=\"Bastidor Elevador de G\u00f3ndolas para Energ\u00eda E\u00f3lica | Airpes\" \/>\n<meta property=\"og:description\" content=\"Este bastidos elevador de g\u00f3ndolas est\u00e1 dise\u00f1ado a medida, cumpliendo Airpes satisfactoriamente todas las especificaciones.\" \/>\n<meta property=\"og:url\" content=\"https:\/\/www.airpes.com\/es\/product\/bastidor-elavador-de-gondolas-80mtn-energia-eolica-airpes\/\" \/>\n<meta property=\"og:site_name\" content=\"Airpes\" \/>\n<meta property=\"article:publisher\" content=\"https:\/\/www.facebook.com\/AIRPES\" \/>\n<meta property=\"article:modified_time\" content=\"2022-03-14T13:08:26+00:00\" \/>\n<meta property=\"og:image\" content=\"https:\/\/www.airpes.com\/wp-content\/uploads\/2020\/09\/FT_0241_NA80t-2-00-portada.jpg\" \/>\n\t<meta property=\"og:image:width\" content=\"800\" \/>\n\t<meta property=\"og:image:height\" content=\"1200\" \/>\n\t<meta property=\"og:image:type\" content=\"image\/jpeg\" \/>\n<meta name=\"twitter:card\" content=\"summary_large_image\" \/>\n<meta name=\"twitter:site\" content=\"@AIRPES\" \/>\n<meta name=\"twitter:label1\" content=\"Tiempo de lectura\" \/>\n\t<meta name=\"twitter:data1\" content=\"1 minuto\" \/>\n<script type=\"application\/ld+json\" class=\"yoast-schema-graph\">{\"@context\":\"https:\\\/\\\/schema.org\",\"@graph\":[{\"@type\":[\"WebPage\",\"ItemPage\"],\"@id\":\"https:\\\/\\\/www.airpes.com\\\/es\\\/product\\\/bastidor-elavador-de-gondolas-80mtn-energia-eolica-airpes\\\/\",\"url\":\"https:\\\/\\\/www.airpes.com\\\/es\\\/product\\\/bastidor-elavador-de-gondolas-80mtn-energia-eolica-airpes\\\/\",\"name\":\"Bastidor Elevador de G\u00f3ndolas para Energ\u00eda E\u00f3lica | Airpes\",\"isPartOf\":{\"@id\":\"https:\\\/\\\/www.airpes.com\\\/es\\\/#website\"},\"primaryImageOfPage\":{\"@id\":\"https:\\\/\\\/www.airpes.com\\\/es\\\/product\\\/bastidor-elavador-de-gondolas-80mtn-energia-eolica-airpes\\\/#primaryimage\"},\"image\":{\"@id\":\"https:\\\/\\\/www.airpes.com\\\/es\\\/product\\\/bastidor-elavador-de-gondolas-80mtn-energia-eolica-airpes\\\/#primaryimage\"},\"thumbnailUrl\":\"https:\\\/\\\/www.airpes.com\\\/wp-content\\\/uploads\\\/2020\\\/09\\\/FT_0241_NA80t-2-00-portada.jpg\",\"datePublished\":\"2020-09-22T15:46:25+00:00\",\"dateModified\":\"2022-03-14T13:08:26+00:00\",\"description\":\"Este bastidos elevador de g\u00f3ndolas est\u00e1 dise\u00f1ado a medida, cumpliendo Airpes satisfactoriamente todas las especificaciones.\",\"breadcrumb\":{\"@id\":\"https:\\\/\\\/www.airpes.com\\\/es\\\/product\\\/bastidor-elavador-de-gondolas-80mtn-energia-eolica-airpes\\\/#breadcrumb\"},\"inLanguage\":\"es\",\"potentialAction\":[{\"@type\":\"ReadAction\",\"target\":[\"https:\\\/\\\/www.airpes.com\\\/es\\\/product\\\/bastidor-elavador-de-gondolas-80mtn-energia-eolica-airpes\\\/\"]}]},{\"@type\":\"ImageObject\",\"inLanguage\":\"es\",\"@id\":\"https:\\\/\\\/www.airpes.com\\\/es\\\/product\\\/bastidor-elavador-de-gondolas-80mtn-energia-eolica-airpes\\\/#primaryimage\",\"url\":\"https:\\\/\\\/www.airpes.com\\\/wp-content\\\/uploads\\\/2020\\\/09\\\/FT_0241_NA80t-2-00-portada.jpg\",\"contentUrl\":\"https:\\\/\\\/www.airpes.com\\\/wp-content\\\/uploads\\\/2020\\\/09\\\/FT_0241_NA80t-2-00-portada.jpg\",\"width\":800,\"height\":1200},{\"@type\":\"BreadcrumbList\",\"@id\":\"https:\\\/\\\/www.airpes.com\\\/es\\\/product\\\/bastidor-elavador-de-gondolas-80mtn-energia-eolica-airpes\\\/#breadcrumb\",\"itemListElement\":[{\"@type\":\"ListItem\",\"position\":1,\"name\":\"Inicio\",\"item\":\"https:\\\/\\\/www.airpes.com\\\/es\\\/\"},{\"@type\":\"ListItem\",\"position\":2,\"name\":\"Productos\",\"item\":\"https:\\\/\\\/www.airpes.com\\\/es\\\/shop\\\/\"},{\"@type\":\"ListItem\",\"position\":3,\"name\":\"Bastidor Elevador de G\u00f3ndolas 80mTn Airpes\"}]},{\"@type\":\"WebSite\",\"@id\":\"https:\\\/\\\/www.airpes.com\\\/es\\\/#website\",\"url\":\"https:\\\/\\\/www.airpes.com\\\/es\\\/\",\"name\":\"Airpes\",\"description\":\"Your lifting equipment supplier\",\"publisher\":{\"@id\":\"https:\\\/\\\/www.airpes.com\\\/es\\\/#organization\"},\"potentialAction\":[{\"@type\":\"SearchAction\",\"target\":{\"@type\":\"EntryPoint\",\"urlTemplate\":\"https:\\\/\\\/www.airpes.com\\\/es\\\/?s={search_term_string}\"},\"query-input\":{\"@type\":\"PropertyValueSpecification\",\"valueRequired\":true,\"valueName\":\"search_term_string\"}}],\"inLanguage\":\"es\"},{\"@type\":\"Organization\",\"@id\":\"https:\\\/\\\/www.airpes.com\\\/es\\\/#organization\",\"name\":\"Airpes\",\"url\":\"https:\\\/\\\/www.airpes.com\\\/es\\\/\",\"logo\":{\"@type\":\"ImageObject\",\"inLanguage\":\"es\",\"@id\":\"https:\\\/\\\/www.airpes.com\\\/es\\\/#\\\/schema\\\/logo\\\/image\\\/\",\"url\":\"https:\\\/\\\/www.airpes.com\\\/wp-content\\\/uploads\\\/2020\\\/09\\\/logo.svg\",\"contentUrl\":\"https:\\\/\\\/www.airpes.com\\\/wp-content\\\/uploads\\\/2020\\\/09\\\/logo.svg\",\"width\":193,\"height\":86,\"caption\":\"Airpes\"},\"image\":{\"@id\":\"https:\\\/\\\/www.airpes.com\\\/es\\\/#\\\/schema\\\/logo\\\/image\\\/\"},\"sameAs\":[\"https:\\\/\\\/www.facebook.com\\\/AIRPES\",\"https:\\\/\\\/x.com\\\/AIRPES\",\"https:\\\/\\\/www.instagram.com\\\/AIRPESlifting\\\/\",\"https:\\\/\\\/www.linkedin.com\\\/company\\\/airpes\"]}]}<\/script>\n<!-- \/ Yoast SEO plugin. -->","yoast_head_json":{"title":"Bastidor Elevador de G\u00f3ndolas para Energ\u00eda E\u00f3lica | Airpes","description":"Este bastidos elevador de g\u00f3ndolas est\u00e1 dise\u00f1ado a medida, cumpliendo Airpes satisfactoriamente todas las especificaciones.","robots":{"index":"index","follow":"follow","max-snippet":"max-snippet:-1","max-image-preview":"max-image-preview:large","max-video-preview":"max-video-preview:-1"},"canonical":"https:\/\/www.airpes.com\/es\/product\/bastidor-elavador-de-gondolas-80mtn-energia-eolica-airpes\/","og_locale":"es_ES","og_type":"article","og_title":"Bastidor Elevador de G\u00f3ndolas para Energ\u00eda E\u00f3lica | Airpes","og_description":"Este bastidos elevador de g\u00f3ndolas est\u00e1 dise\u00f1ado a medida, cumpliendo Airpes satisfactoriamente todas las especificaciones.","og_url":"https:\/\/www.airpes.com\/es\/product\/bastidor-elavador-de-gondolas-80mtn-energia-eolica-airpes\/","og_site_name":"Airpes","article_publisher":"https:\/\/www.facebook.com\/AIRPES","article_modified_time":"2022-03-14T13:08:26+00:00","og_image":[{"width":800,"height":1200,"url":"https:\/\/www.airpes.com\/wp-content\/uploads\/2020\/09\/FT_0241_NA80t-2-00-portada.jpg","type":"image\/jpeg"}],"twitter_card":"summary_large_image","twitter_site":"@AIRPES","twitter_misc":{"Tiempo de lectura":"1 minuto"},"schema":{"@context":"https:\/\/schema.org","@graph":[{"@type":["WebPage","ItemPage"],"@id":"https:\/\/www.airpes.com\/es\/product\/bastidor-elavador-de-gondolas-80mtn-energia-eolica-airpes\/","url":"https:\/\/www.airpes.com\/es\/product\/bastidor-elavador-de-gondolas-80mtn-energia-eolica-airpes\/","name":"Bastidor Elevador de G\u00f3ndolas para Energ\u00eda E\u00f3lica | Airpes","isPartOf":{"@id":"https:\/\/www.airpes.com\/es\/#website"},"primaryImageOfPage":{"@id":"https:\/\/www.airpes.com\/es\/product\/bastidor-elavador-de-gondolas-80mtn-energia-eolica-airpes\/#primaryimage"},"image":{"@id":"https:\/\/www.airpes.com\/es\/product\/bastidor-elavador-de-gondolas-80mtn-energia-eolica-airpes\/#primaryimage"},"thumbnailUrl":"https:\/\/www.airpes.com\/wp-content\/uploads\/2020\/09\/FT_0241_NA80t-2-00-portada.jpg","datePublished":"2020-09-22T15:46:25+00:00","dateModified":"2022-03-14T13:08:26+00:00","description":"Este bastidos elevador de g\u00f3ndolas est\u00e1 dise\u00f1ado a medida, cumpliendo Airpes satisfactoriamente todas las especificaciones.","breadcrumb":{"@id":"https:\/\/www.airpes.com\/es\/product\/bastidor-elavador-de-gondolas-80mtn-energia-eolica-airpes\/#breadcrumb"},"inLanguage":"es","potentialAction":[{"@type":"ReadAction","target":["https:\/\/www.airpes.com\/es\/product\/bastidor-elavador-de-gondolas-80mtn-energia-eolica-airpes\/"]}]},{"@type":"ImageObject","inLanguage":"es","@id":"https:\/\/www.airpes.com\/es\/product\/bastidor-elavador-de-gondolas-80mtn-energia-eolica-airpes\/#primaryimage","url":"https:\/\/www.airpes.com\/wp-content\/uploads\/2020\/09\/FT_0241_NA80t-2-00-portada.jpg","contentUrl":"https:\/\/www.airpes.com\/wp-content\/uploads\/2020\/09\/FT_0241_NA80t-2-00-portada.jpg","width":800,"height":1200},{"@type":"BreadcrumbList","@id":"https:\/\/www.airpes.com\/es\/product\/bastidor-elavador-de-gondolas-80mtn-energia-eolica-airpes\/#breadcrumb","itemListElement":[{"@type":"ListItem","position":1,"name":"Inicio","item":"https:\/\/www.airpes.com\/es\/"},{"@type":"ListItem","position":2,"name":"Productos","item":"https:\/\/www.airpes.com\/es\/shop\/"},{"@type":"ListItem","position":3,"name":"Bastidor Elevador de G\u00f3ndolas 80mTn Airpes"}]},{"@type":"WebSite","@id":"https:\/\/www.airpes.com\/es\/#website","url":"https:\/\/www.airpes.com\/es\/","name":"Airpes","description":"Your lifting equipment supplier","publisher":{"@id":"https:\/\/www.airpes.com\/es\/#organization"},"potentialAction":[{"@type":"SearchAction","target":{"@type":"EntryPoint","urlTemplate":"https:\/\/www.airpes.com\/es\/?s={search_term_string}"},"query-input":{"@type":"PropertyValueSpecification","valueRequired":true,"valueName":"search_term_string"}}],"inLanguage":"es"},{"@type":"Organization","@id":"https:\/\/www.airpes.com\/es\/#organization","name":"Airpes","url":"https:\/\/www.airpes.com\/es\/","logo":{"@type":"ImageObject","inLanguage":"es","@id":"https:\/\/www.airpes.com\/es\/#\/schema\/logo\/image\/","url":"https:\/\/www.airpes.com\/wp-content\/uploads\/2020\/09\/logo.svg","contentUrl":"https:\/\/www.airpes.com\/wp-content\/uploads\/2020\/09\/logo.svg","width":193,"height":86,"caption":"Airpes"},"image":{"@id":"https:\/\/www.airpes.com\/es\/#\/schema\/logo\/image\/"},"sameAs":["https:\/\/www.facebook.com\/AIRPES","https:\/\/x.com\/AIRPES","https:\/\/www.instagram.com\/AIRPESlifting\/","https:\/\/www.linkedin.com\/company\/airpes"]}]}},"_links":{"self":[{"href":"https:\/\/www.airpes.com\/es\/wp-json\/wp\/v2\/product\/107639","targetHints":{"allow":["GET"]}}],"collection":[{"href":"https:\/\/www.airpes.com\/es\/wp-json\/wp\/v2\/product"}],"about":[{"href":"https:\/\/www.airpes.com\/es\/wp-json\/wp\/v2\/types\/product"}],"wp:featuredmedia":[{"embeddable":true,"href":"https:\/\/www.airpes.com\/es\/wp-json\/wp\/v2\/media\/102655"}],"wp:attachment":[{"href":"https:\/\/www.airpes.com\/es\/wp-json\/wp\/v2\/media?parent=107639"}],"wp:term":[{"taxonomy":"product_cat","embeddable":true,"href":"https:\/\/www.airpes.com\/es\/wp-json\/wp\/v2\/product_cat?post=107639"},{"taxonomy":"product_tag","embeddable":true,"href":"https:\/\/www.airpes.com\/es\/wp-json\/wp\/v2\/product_tag?post=107639"}],"curies":[{"name":"wp","href":"https:\/\/api.w.org\/{rel}","templated":true}]}}