{"id":107637,"date":"2020-09-22T15:53:35","date_gmt":"2020-09-22T15:53:35","guid":{"rendered":"https:\/\/www.airpes.com\/product\/bastidor-elevador-de-gondolas-59t-front-rear\/"},"modified":"2022-03-18T09:07:14","modified_gmt":"2022-03-18T09:07:14","slug":"bastidor-elevador-de-gondolas-59t-front-rear","status":"publish","type":"product","link":"https:\/\/www.airpes.com\/es\/product\/bastidor-elevador-de-gondolas-59t-front-rear\/","title":{"rendered":"BASTIDOR ELEVADOR DE G\u00d3NDOLAS 59t (FRONT &amp; REAR)"},"content":{"rendered":"<div class=\"wpb-content-wrapper\"><section class=\"vc_row wpb_row vc_row-fluid  vc_custom_1550641386235   vc_row-has-fill\"><div class=\"wpb_column vc_column_container col-xs-mobile-fullwidth vc_col-sm-12 vc_col-md-6 wow fadeIn\" data-wow-delay= 200ms data-wow-duration= 1500ms><div class=\"vc_column-inner  hongo_responsive_1566294673742\"><div class=\"wpb_wrapper\"><div class=\"text-block-content hongo-text-block-1 vc_custom_1600789919839 last-paragraph-no-margin\"><p><strong>Control electr\u00f3nico de inclinaci\u00f3n<\/strong><\/p>\n<p>Incluye un sistema electr\u00f3nico de inclinaci\u00f3n desarrollado por Airpes para saber, en cada momento, a distancia cu\u00e1l es la inclinaci\u00f3n de la herramienta<\/p>\n<p><strong>Simple pero efectivo<\/strong><\/p>\n<p>Coloca los grilletes y los cabestrillos y la herramienta est\u00e1 lista.<\/p>\n<p><strong>F\u00e1cil de transportar<\/strong><\/p>\n<p>Gracias a la caja de transporte dise\u00f1ada espec\u00edficamente para la herramienta, es f\u00e1cil de transportar y segura ante cualquier posible da\u00f1o que pueda sufrir en el campo.<\/p>\n<p><strong>Soluci\u00f3n integral<\/strong><\/p>\n<p>Soluci\u00f3n completamente mec\u00e1nica y electr\u00f3nicamente asistida seg\u00fan la demanda, proporcionada todo por AIRPES.<\/p>\n<\/div><\/div><\/div><\/div><div class=\"wpb_column vc_column_container col-xs-mobile-fullwidth vc_col-sm-12 vc_col-md-6 wow fadeIn\" data-wow-delay= 400ms data-wow-duration= 1500ms><div class=\"vc_column-inner\"><div class=\"wpb_wrapper\"><div class=\"wpb_single_image   vc_custom_1600789970092 hongo-full-width-single-image\">\n\t\t\t<figure class=\"wpb_wrapper vc_figure\">\n\t\t\t\t<div class=\"vc_single_image-wrapper  \"><img loading=\"lazy\" decoding=\"async\" width=\"800\" height=\"675\" src=\"https:\/\/www.airpes.com\/wp-content\/uploads\/2020\/09\/FT_1355_NA53t-destacado.jpg\" class=\"vc_single_image-img attachment-full\" alt=\"\" title=\"FT_1355_NA53t-destacado\" srcset=\"https:\/\/www.airpes.com\/wp-content\/uploads\/2020\/09\/FT_1355_NA53t-destacado.jpg 800w, https:\/\/www.airpes.com\/wp-content\/uploads\/2020\/09\/FT_1355_NA53t-destacado-340x287.jpg 340w, https:\/\/www.airpes.com\/wp-content\/uploads\/2020\/09\/FT_1355_NA53t-destacado-300x253.jpg 300w, https:\/\/www.airpes.com\/wp-content\/uploads\/2020\/09\/FT_1355_NA53t-destacado-768x648.jpg 768w, https:\/\/www.airpes.com\/wp-content\/uploads\/2020\/09\/FT_1355_NA53t-destacado-480x405.jpg 480w, https:\/\/www.airpes.com\/wp-content\/uploads\/2020\/09\/FT_1355_NA53t-destacado-84x71.jpg 84w, https:\/\/www.airpes.com\/wp-content\/uploads\/2020\/09\/FT_1355_NA53t-destacado-200x169.jpg 200w, https:\/\/www.airpes.com\/wp-content\/uploads\/2020\/09\/FT_1355_NA53t-destacado-450x380.jpg 450w\" sizes=\"auto, (max-width: 800px) 100vw, 800px\" \/><\/div>\n\t\t\t<\/figure>\n\t\t\t\n\t\t<\/div><\/div><\/div><\/div><\/section>\n<\/div>","protected":false},"excerpt":{"rendered":"<p>Las herramientas de la g\u00f3ndola Airpes para soluciones de instalaci\u00f3n y transporte var\u00edan en dise\u00f1o, complejidad y capacidad.<br \/>\nEsta soluci\u00f3n a medida fue desarrollada para ser f\u00e1cil de transportar, mec\u00e1nica est\u00e1tica y f\u00e1cil de operar.<br \/>\nConsiste en 2 componentes, uno frontal y otro en la parte trasera de la g\u00f3ndola con un inclin\u00f3metro electr\u00f3nico que muestra la inclinaci\u00f3n de la herramienta, para asegurar que todo funcione de forma segura y sin problemas.<\/p>\n","protected":false},"featured_media":102665,"template":"","meta":{"_acf_changed":false,"inline_featured_image":false},"product_cat":[259,278,279,260],"product_tag":[],"class_list":{"0":"post-107637","1":"product","2":"type-product","3":"status-publish","4":"has-post-thumbnail","6":"product_cat-energia-eolica","7":"product_cat-equipamiento-gondolas","8":"product_cat-herramientas-de-instalacion","9":"product_cat-onshore","11":"first","12":"instock","13":"shipping-taxable","14":"product-type-simple"},"acf":[],"yoast_head":"<!-- This site is optimized with the Yoast SEO plugin v27.5 - https:\/\/yoast.com\/product\/yoast-seo-wordpress\/ -->\n<title>Bastidor Elevador de G\u00f3ndolas 59t de Airpes | Airpes<\/title>\n<meta name=\"description\" content=\"\u2714 El Bastidor Elevador de G\u00f3ndolas 59t es una soluci\u00f3n a medida desarrollada para ser f\u00e1cil de transportar y de operar.\" \/>\n<meta name=\"robots\" content=\"index, follow, max-snippet:-1, max-image-preview:large, max-video-preview:-1\" \/>\n<link rel=\"canonical\" href=\"https:\/\/www.airpes.com\/es\/product\/bastidor-elevador-de-gondolas-59t-front-rear\/\" \/>\n<meta property=\"og:locale\" content=\"es_ES\" \/>\n<meta property=\"og:type\" content=\"article\" \/>\n<meta property=\"og:title\" content=\"Bastidor Elevador de G\u00f3ndolas 59t de Airpes | Airpes\" \/>\n<meta property=\"og:description\" content=\"\u2714 El Bastidor Elevador de G\u00f3ndolas 59t es una soluci\u00f3n a medida desarrollada para ser f\u00e1cil de transportar y de operar.\" \/>\n<meta property=\"og:url\" content=\"https:\/\/www.airpes.com\/es\/product\/bastidor-elevador-de-gondolas-59t-front-rear\/\" \/>\n<meta property=\"og:site_name\" content=\"Airpes\" \/>\n<meta property=\"article:publisher\" content=\"https:\/\/www.facebook.com\/AIRPES\" \/>\n<meta property=\"article:modified_time\" content=\"2022-03-18T09:07:14+00:00\" \/>\n<meta property=\"og:image\" content=\"https:\/\/www.airpes.com\/wp-content\/uploads\/2020\/09\/FT_1355_NA53t-00-portada.jpg\" \/>\n\t<meta property=\"og:image:width\" content=\"800\" \/>\n\t<meta property=\"og:image:height\" content=\"1200\" \/>\n\t<meta property=\"og:image:type\" content=\"image\/jpeg\" \/>\n<meta name=\"twitter:card\" content=\"summary_large_image\" \/>\n<meta name=\"twitter:site\" content=\"@AIRPES\" \/>\n<meta name=\"twitter:label1\" content=\"Tiempo de lectura\" \/>\n\t<meta name=\"twitter:data1\" content=\"1 minuto\" \/>\n<script type=\"application\/ld+json\" class=\"yoast-schema-graph\">{\"@context\":\"https:\\\/\\\/schema.org\",\"@graph\":[{\"@type\":[\"WebPage\",\"ItemPage\"],\"@id\":\"https:\\\/\\\/www.airpes.com\\\/es\\\/product\\\/bastidor-elevador-de-gondolas-59t-front-rear\\\/\",\"url\":\"https:\\\/\\\/www.airpes.com\\\/es\\\/product\\\/bastidor-elevador-de-gondolas-59t-front-rear\\\/\",\"name\":\"Bastidor Elevador de G\u00f3ndolas 59t de Airpes | Airpes\",\"isPartOf\":{\"@id\":\"https:\\\/\\\/www.airpes.com\\\/es\\\/#website\"},\"primaryImageOfPage\":{\"@id\":\"https:\\\/\\\/www.airpes.com\\\/es\\\/product\\\/bastidor-elevador-de-gondolas-59t-front-rear\\\/#primaryimage\"},\"image\":{\"@id\":\"https:\\\/\\\/www.airpes.com\\\/es\\\/product\\\/bastidor-elevador-de-gondolas-59t-front-rear\\\/#primaryimage\"},\"thumbnailUrl\":\"https:\\\/\\\/www.airpes.com\\\/wp-content\\\/uploads\\\/2020\\\/09\\\/FT_1355_NA53t-00-portada.jpg\",\"datePublished\":\"2020-09-22T15:53:35+00:00\",\"dateModified\":\"2022-03-18T09:07:14+00:00\",\"description\":\"\u2714 El Bastidor Elevador de G\u00f3ndolas 59t es una soluci\u00f3n a medida desarrollada para ser f\u00e1cil de transportar y de operar.\",\"breadcrumb\":{\"@id\":\"https:\\\/\\\/www.airpes.com\\\/es\\\/product\\\/bastidor-elevador-de-gondolas-59t-front-rear\\\/#breadcrumb\"},\"inLanguage\":\"es\",\"potentialAction\":[{\"@type\":\"ReadAction\",\"target\":[\"https:\\\/\\\/www.airpes.com\\\/es\\\/product\\\/bastidor-elevador-de-gondolas-59t-front-rear\\\/\"]}]},{\"@type\":\"ImageObject\",\"inLanguage\":\"es\",\"@id\":\"https:\\\/\\\/www.airpes.com\\\/es\\\/product\\\/bastidor-elevador-de-gondolas-59t-front-rear\\\/#primaryimage\",\"url\":\"https:\\\/\\\/www.airpes.com\\\/wp-content\\\/uploads\\\/2020\\\/09\\\/FT_1355_NA53t-00-portada.jpg\",\"contentUrl\":\"https:\\\/\\\/www.airpes.com\\\/wp-content\\\/uploads\\\/2020\\\/09\\\/FT_1355_NA53t-00-portada.jpg\",\"width\":800,\"height\":1200},{\"@type\":\"BreadcrumbList\",\"@id\":\"https:\\\/\\\/www.airpes.com\\\/es\\\/product\\\/bastidor-elevador-de-gondolas-59t-front-rear\\\/#breadcrumb\",\"itemListElement\":[{\"@type\":\"ListItem\",\"position\":1,\"name\":\"Inicio\",\"item\":\"https:\\\/\\\/www.airpes.com\\\/es\\\/\"},{\"@type\":\"ListItem\",\"position\":2,\"name\":\"Productos\",\"item\":\"https:\\\/\\\/www.airpes.com\\\/es\\\/shop\\\/\"},{\"@type\":\"ListItem\",\"position\":3,\"name\":\"BASTIDOR ELEVADOR DE G\u00d3NDOLAS 59t (FRONT &amp; REAR)\"}]},{\"@type\":\"WebSite\",\"@id\":\"https:\\\/\\\/www.airpes.com\\\/es\\\/#website\",\"url\":\"https:\\\/\\\/www.airpes.com\\\/es\\\/\",\"name\":\"Airpes\",\"description\":\"Your lifting equipment supplier\",\"publisher\":{\"@id\":\"https:\\\/\\\/www.airpes.com\\\/es\\\/#organization\"},\"potentialAction\":[{\"@type\":\"SearchAction\",\"target\":{\"@type\":\"EntryPoint\",\"urlTemplate\":\"https:\\\/\\\/www.airpes.com\\\/es\\\/?s={search_term_string}\"},\"query-input\":{\"@type\":\"PropertyValueSpecification\",\"valueRequired\":true,\"valueName\":\"search_term_string\"}}],\"inLanguage\":\"es\"},{\"@type\":\"Organization\",\"@id\":\"https:\\\/\\\/www.airpes.com\\\/es\\\/#organization\",\"name\":\"Airpes\",\"url\":\"https:\\\/\\\/www.airpes.com\\\/es\\\/\",\"logo\":{\"@type\":\"ImageObject\",\"inLanguage\":\"es\",\"@id\":\"https:\\\/\\\/www.airpes.com\\\/es\\\/#\\\/schema\\\/logo\\\/image\\\/\",\"url\":\"https:\\\/\\\/www.airpes.com\\\/wp-content\\\/uploads\\\/2020\\\/09\\\/logo.svg\",\"contentUrl\":\"https:\\\/\\\/www.airpes.com\\\/wp-content\\\/uploads\\\/2020\\\/09\\\/logo.svg\",\"width\":193,\"height\":86,\"caption\":\"Airpes\"},\"image\":{\"@id\":\"https:\\\/\\\/www.airpes.com\\\/es\\\/#\\\/schema\\\/logo\\\/image\\\/\"},\"sameAs\":[\"https:\\\/\\\/www.facebook.com\\\/AIRPES\",\"https:\\\/\\\/x.com\\\/AIRPES\",\"https:\\\/\\\/www.instagram.com\\\/AIRPESlifting\\\/\",\"https:\\\/\\\/www.linkedin.com\\\/company\\\/airpes\"]}]}<\/script>\n<!-- \/ Yoast SEO plugin. -->","yoast_head_json":{"title":"Bastidor Elevador de G\u00f3ndolas 59t de Airpes | Airpes","description":"\u2714 El Bastidor Elevador de G\u00f3ndolas 59t es una soluci\u00f3n a medida desarrollada para ser f\u00e1cil de transportar y de operar.","robots":{"index":"index","follow":"follow","max-snippet":"max-snippet:-1","max-image-preview":"max-image-preview:large","max-video-preview":"max-video-preview:-1"},"canonical":"https:\/\/www.airpes.com\/es\/product\/bastidor-elevador-de-gondolas-59t-front-rear\/","og_locale":"es_ES","og_type":"article","og_title":"Bastidor Elevador de G\u00f3ndolas 59t de Airpes | Airpes","og_description":"\u2714 El Bastidor Elevador de G\u00f3ndolas 59t es una soluci\u00f3n a medida desarrollada para ser f\u00e1cil de transportar y de operar.","og_url":"https:\/\/www.airpes.com\/es\/product\/bastidor-elevador-de-gondolas-59t-front-rear\/","og_site_name":"Airpes","article_publisher":"https:\/\/www.facebook.com\/AIRPES","article_modified_time":"2022-03-18T09:07:14+00:00","og_image":[{"width":800,"height":1200,"url":"https:\/\/www.airpes.com\/wp-content\/uploads\/2020\/09\/FT_1355_NA53t-00-portada.jpg","type":"image\/jpeg"}],"twitter_card":"summary_large_image","twitter_site":"@AIRPES","twitter_misc":{"Tiempo de lectura":"1 minuto"},"schema":{"@context":"https:\/\/schema.org","@graph":[{"@type":["WebPage","ItemPage"],"@id":"https:\/\/www.airpes.com\/es\/product\/bastidor-elevador-de-gondolas-59t-front-rear\/","url":"https:\/\/www.airpes.com\/es\/product\/bastidor-elevador-de-gondolas-59t-front-rear\/","name":"Bastidor Elevador de G\u00f3ndolas 59t de Airpes | Airpes","isPartOf":{"@id":"https:\/\/www.airpes.com\/es\/#website"},"primaryImageOfPage":{"@id":"https:\/\/www.airpes.com\/es\/product\/bastidor-elevador-de-gondolas-59t-front-rear\/#primaryimage"},"image":{"@id":"https:\/\/www.airpes.com\/es\/product\/bastidor-elevador-de-gondolas-59t-front-rear\/#primaryimage"},"thumbnailUrl":"https:\/\/www.airpes.com\/wp-content\/uploads\/2020\/09\/FT_1355_NA53t-00-portada.jpg","datePublished":"2020-09-22T15:53:35+00:00","dateModified":"2022-03-18T09:07:14+00:00","description":"\u2714 El Bastidor Elevador de G\u00f3ndolas 59t es una soluci\u00f3n a medida desarrollada para ser f\u00e1cil de transportar y de operar.","breadcrumb":{"@id":"https:\/\/www.airpes.com\/es\/product\/bastidor-elevador-de-gondolas-59t-front-rear\/#breadcrumb"},"inLanguage":"es","potentialAction":[{"@type":"ReadAction","target":["https:\/\/www.airpes.com\/es\/product\/bastidor-elevador-de-gondolas-59t-front-rear\/"]}]},{"@type":"ImageObject","inLanguage":"es","@id":"https:\/\/www.airpes.com\/es\/product\/bastidor-elevador-de-gondolas-59t-front-rear\/#primaryimage","url":"https:\/\/www.airpes.com\/wp-content\/uploads\/2020\/09\/FT_1355_NA53t-00-portada.jpg","contentUrl":"https:\/\/www.airpes.com\/wp-content\/uploads\/2020\/09\/FT_1355_NA53t-00-portada.jpg","width":800,"height":1200},{"@type":"BreadcrumbList","@id":"https:\/\/www.airpes.com\/es\/product\/bastidor-elevador-de-gondolas-59t-front-rear\/#breadcrumb","itemListElement":[{"@type":"ListItem","position":1,"name":"Inicio","item":"https:\/\/www.airpes.com\/es\/"},{"@type":"ListItem","position":2,"name":"Productos","item":"https:\/\/www.airpes.com\/es\/shop\/"},{"@type":"ListItem","position":3,"name":"BASTIDOR ELEVADOR DE G\u00d3NDOLAS 59t (FRONT &amp; REAR)"}]},{"@type":"WebSite","@id":"https:\/\/www.airpes.com\/es\/#website","url":"https:\/\/www.airpes.com\/es\/","name":"Airpes","description":"Your lifting equipment supplier","publisher":{"@id":"https:\/\/www.airpes.com\/es\/#organization"},"potentialAction":[{"@type":"SearchAction","target":{"@type":"EntryPoint","urlTemplate":"https:\/\/www.airpes.com\/es\/?s={search_term_string}"},"query-input":{"@type":"PropertyValueSpecification","valueRequired":true,"valueName":"search_term_string"}}],"inLanguage":"es"},{"@type":"Organization","@id":"https:\/\/www.airpes.com\/es\/#organization","name":"Airpes","url":"https:\/\/www.airpes.com\/es\/","logo":{"@type":"ImageObject","inLanguage":"es","@id":"https:\/\/www.airpes.com\/es\/#\/schema\/logo\/image\/","url":"https:\/\/www.airpes.com\/wp-content\/uploads\/2020\/09\/logo.svg","contentUrl":"https:\/\/www.airpes.com\/wp-content\/uploads\/2020\/09\/logo.svg","width":193,"height":86,"caption":"Airpes"},"image":{"@id":"https:\/\/www.airpes.com\/es\/#\/schema\/logo\/image\/"},"sameAs":["https:\/\/www.facebook.com\/AIRPES","https:\/\/x.com\/AIRPES","https:\/\/www.instagram.com\/AIRPESlifting\/","https:\/\/www.linkedin.com\/company\/airpes"]}]}},"_links":{"self":[{"href":"https:\/\/www.airpes.com\/es\/wp-json\/wp\/v2\/product\/107637","targetHints":{"allow":["GET"]}}],"collection":[{"href":"https:\/\/www.airpes.com\/es\/wp-json\/wp\/v2\/product"}],"about":[{"href":"https:\/\/www.airpes.com\/es\/wp-json\/wp\/v2\/types\/product"}],"wp:featuredmedia":[{"embeddable":true,"href":"https:\/\/www.airpes.com\/es\/wp-json\/wp\/v2\/media\/102665"}],"wp:attachment":[{"href":"https:\/\/www.airpes.com\/es\/wp-json\/wp\/v2\/media?parent=107637"}],"wp:term":[{"taxonomy":"product_cat","embeddable":true,"href":"https:\/\/www.airpes.com\/es\/wp-json\/wp\/v2\/product_cat?post=107637"},{"taxonomy":"product_tag","embeddable":true,"href":"https:\/\/www.airpes.com\/es\/wp-json\/wp\/v2\/product_tag?post=107637"}],"curies":[{"name":"wp","href":"https:\/\/api.w.org\/{rel}","templated":true}]}}