{"id":107635,"date":"2020-09-22T15:38:00","date_gmt":"2020-09-22T15:38:00","guid":{"rendered":"https:\/\/www.airpes.com\/product\/marco-de-transporte-de-las-palas\/"},"modified":"2022-01-14T09:11:39","modified_gmt":"2022-01-14T09:11:39","slug":"marco-de-transporte-de-las-palas","status":"publish","type":"product","link":"https:\/\/www.airpes.com\/es\/product\/marco-de-transporte-de-las-palas\/","title":{"rendered":"Marco de transporte de las palas"},"content":{"rendered":"<div class=\"wpb-content-wrapper\"><section class=\"vc_row wpb_row vc_row-fluid  vc_custom_1550641386235   vc_row-has-fill\"><div class=\"wpb_column vc_column_container col-xs-mobile-fullwidth vc_col-sm-12 vc_col-md-6 wow fadeIn\" data-wow-delay= 200ms data-wow-duration= 1500ms><div class=\"vc_column-inner  hongo_responsive_1566294673742\"><div class=\"wpb_wrapper\"><div class=\"text-block-content hongo-text-block-1 vc_custom_1600788977649 last-paragraph-no-margin\"><p><strong>S\u00f3lo fabricaci\u00f3n<\/strong><\/p>\n<p>Airpes puede proporcionar no s\u00f3lo soluciones a medida desde las etapas de dise\u00f1o conceptual, sino que tambi\u00e9n podemos ofrecer seg\u00fan sus necesidades de fabricaci\u00f3n.<\/p>\n<\/div><\/div><\/div><\/div><div class=\"wpb_column vc_column_container col-xs-mobile-fullwidth vc_col-sm-12 vc_col-md-6 wow fadeIn\" data-wow-delay= 400ms data-wow-duration= 1500ms><div class=\"vc_column-inner\"><div class=\"wpb_wrapper\"><div class=\"wpb_single_image   vc_custom_1600789027884 hongo-full-width-single-image\">\n\t\t\t<figure class=\"wpb_wrapper vc_figure\">\n\t\t\t\t<div class=\"vc_single_image-wrapper  \"><img loading=\"lazy\" decoding=\"async\" width=\"800\" height=\"1200\" src=\"https:\/\/www.airpes.com\/wp-content\/uploads\/2020\/09\/FT__BTF-30t-01.jpg\" class=\"vc_single_image-img attachment-full\" alt=\"\" title=\"FT_####_BTF-30t-01\" srcset=\"https:\/\/www.airpes.com\/wp-content\/uploads\/2020\/09\/FT__BTF-30t-01.jpg 800w, https:\/\/www.airpes.com\/wp-content\/uploads\/2020\/09\/FT__BTF-30t-01-340x510.jpg 340w, https:\/\/www.airpes.com\/wp-content\/uploads\/2020\/09\/FT__BTF-30t-01-200x300.jpg 200w, https:\/\/www.airpes.com\/wp-content\/uploads\/2020\/09\/FT__BTF-30t-01-683x1024.jpg 683w, https:\/\/www.airpes.com\/wp-content\/uploads\/2020\/09\/FT__BTF-30t-01-768x1152.jpg 768w, https:\/\/www.airpes.com\/wp-content\/uploads\/2020\/09\/FT__BTF-30t-01-423x635.jpg 423w, https:\/\/www.airpes.com\/wp-content\/uploads\/2020\/09\/FT__BTF-30t-01-84x126.jpg 84w, https:\/\/www.airpes.com\/wp-content\/uploads\/2020\/09\/FT__BTF-30t-01-450x675.jpg 450w, https:\/\/www.airpes.com\/wp-content\/uploads\/2020\/09\/FT__BTF-30t-01-527x790.jpg 527w\" sizes=\"auto, (max-width: 800px) 100vw, 800px\" \/><\/div>\n\t\t\t<\/figure>\n\t\t\t\n\t\t<\/div><\/div><\/div><\/div><\/section>\n<\/div>","protected":false},"excerpt":{"rendered":"<p>S\u00f3lo fabricaci\u00f3n<br \/>\nAirpes puede proporcionar no s\u00f3lo soluciones a medida desde las etapas de dise\u00f1o conceptual, sino que tambi\u00e9n podemos ofrecer seg\u00fan sus necesidades de fabricaci\u00f3n.<\/p>\n","protected":false},"featured_media":102646,"template":"","meta":{"_acf_changed":false,"inline_featured_image":false},"product_cat":[259,258,277,260],"product_tag":[],"class_list":{"0":"post-107635","1":"product","2":"type-product","3":"status-publish","4":"has-post-thumbnail","6":"product_cat-energia-eolica","7":"product_cat-equipamiento-palas-eolicas","8":"product_cat-herramientas-de-transporte","9":"product_cat-onshore","11":"first","12":"instock","13":"shipping-taxable","14":"product-type-simple"},"acf":[],"yoast_head":"<!-- This site is optimized with the Yoast SEO plugin v27.5 - https:\/\/yoast.com\/product\/yoast-seo-wordpress\/ -->\n<title>Fabricaci\u00f3n de Marco de Transporte de Palas | Airpes<\/title>\n<meta name=\"description\" content=\"Fabricaci\u00f3n de un marco de transporte de palas. Airpes proporciona servicios de fabricaci\u00f3n y equipamiento para energ\u00eda e\u00f3lica, contacta con nosotros.\" \/>\n<meta name=\"robots\" content=\"index, follow, max-snippet:-1, max-image-preview:large, max-video-preview:-1\" \/>\n<link rel=\"canonical\" href=\"https:\/\/www.airpes.com\/es\/product\/marco-de-transporte-de-las-palas\/\" \/>\n<meta property=\"og:locale\" content=\"es_ES\" \/>\n<meta property=\"og:type\" content=\"article\" \/>\n<meta property=\"og:title\" content=\"Fabricaci\u00f3n de Marco de Transporte de Palas | Airpes\" \/>\n<meta property=\"og:description\" content=\"Fabricaci\u00f3n de un marco de transporte de palas. Airpes proporciona servicios de fabricaci\u00f3n y equipamiento para energ\u00eda e\u00f3lica, contacta con nosotros.\" \/>\n<meta property=\"og:url\" content=\"https:\/\/www.airpes.com\/es\/product\/marco-de-transporte-de-las-palas\/\" \/>\n<meta property=\"og:site_name\" content=\"Airpes\" \/>\n<meta property=\"article:publisher\" content=\"https:\/\/www.facebook.com\/AIRPES\" \/>\n<meta property=\"article:modified_time\" content=\"2022-01-14T09:11:39+00:00\" \/>\n<meta property=\"og:image\" content=\"https:\/\/www.airpes.com\/wp-content\/uploads\/2020\/09\/FT__BTF-30t-portada.jpg\" \/>\n\t<meta property=\"og:image:width\" content=\"800\" \/>\n\t<meta property=\"og:image:height\" content=\"1200\" \/>\n\t<meta property=\"og:image:type\" content=\"image\/jpeg\" \/>\n<meta name=\"twitter:card\" content=\"summary_large_image\" \/>\n<meta name=\"twitter:site\" content=\"@AIRPES\" \/>\n<meta name=\"twitter:label1\" content=\"Tiempo de lectura\" \/>\n\t<meta name=\"twitter:data1\" content=\"1 minuto\" \/>\n<script type=\"application\/ld+json\" class=\"yoast-schema-graph\">{\"@context\":\"https:\\\/\\\/schema.org\",\"@graph\":[{\"@type\":[\"WebPage\",\"ItemPage\"],\"@id\":\"https:\\\/\\\/www.airpes.com\\\/es\\\/product\\\/marco-de-transporte-de-las-palas\\\/\",\"url\":\"https:\\\/\\\/www.airpes.com\\\/es\\\/product\\\/marco-de-transporte-de-las-palas\\\/\",\"name\":\"Fabricaci\u00f3n de Marco de Transporte de Palas | Airpes\",\"isPartOf\":{\"@id\":\"https:\\\/\\\/www.airpes.com\\\/es\\\/#website\"},\"primaryImageOfPage\":{\"@id\":\"https:\\\/\\\/www.airpes.com\\\/es\\\/product\\\/marco-de-transporte-de-las-palas\\\/#primaryimage\"},\"image\":{\"@id\":\"https:\\\/\\\/www.airpes.com\\\/es\\\/product\\\/marco-de-transporte-de-las-palas\\\/#primaryimage\"},\"thumbnailUrl\":\"https:\\\/\\\/www.airpes.com\\\/wp-content\\\/uploads\\\/2020\\\/09\\\/FT__BTF-30t-portada.jpg\",\"datePublished\":\"2020-09-22T15:38:00+00:00\",\"dateModified\":\"2022-01-14T09:11:39+00:00\",\"description\":\"Fabricaci\u00f3n de un marco de transporte de palas. Airpes proporciona servicios de fabricaci\u00f3n y equipamiento para energ\u00eda e\u00f3lica, contacta con nosotros.\",\"breadcrumb\":{\"@id\":\"https:\\\/\\\/www.airpes.com\\\/es\\\/product\\\/marco-de-transporte-de-las-palas\\\/#breadcrumb\"},\"inLanguage\":\"es\",\"potentialAction\":[{\"@type\":\"ReadAction\",\"target\":[\"https:\\\/\\\/www.airpes.com\\\/es\\\/product\\\/marco-de-transporte-de-las-palas\\\/\"]}]},{\"@type\":\"ImageObject\",\"inLanguage\":\"es\",\"@id\":\"https:\\\/\\\/www.airpes.com\\\/es\\\/product\\\/marco-de-transporte-de-las-palas\\\/#primaryimage\",\"url\":\"https:\\\/\\\/www.airpes.com\\\/wp-content\\\/uploads\\\/2020\\\/09\\\/FT__BTF-30t-portada.jpg\",\"contentUrl\":\"https:\\\/\\\/www.airpes.com\\\/wp-content\\\/uploads\\\/2020\\\/09\\\/FT__BTF-30t-portada.jpg\",\"width\":800,\"height\":1200},{\"@type\":\"BreadcrumbList\",\"@id\":\"https:\\\/\\\/www.airpes.com\\\/es\\\/product\\\/marco-de-transporte-de-las-palas\\\/#breadcrumb\",\"itemListElement\":[{\"@type\":\"ListItem\",\"position\":1,\"name\":\"Inicio\",\"item\":\"https:\\\/\\\/www.airpes.com\\\/es\\\/\"},{\"@type\":\"ListItem\",\"position\":2,\"name\":\"Productos\",\"item\":\"https:\\\/\\\/www.airpes.com\\\/es\\\/shop\\\/\"},{\"@type\":\"ListItem\",\"position\":3,\"name\":\"Marco de transporte de las palas\"}]},{\"@type\":\"WebSite\",\"@id\":\"https:\\\/\\\/www.airpes.com\\\/es\\\/#website\",\"url\":\"https:\\\/\\\/www.airpes.com\\\/es\\\/\",\"name\":\"Airpes\",\"description\":\"Your lifting equipment supplier\",\"publisher\":{\"@id\":\"https:\\\/\\\/www.airpes.com\\\/es\\\/#organization\"},\"potentialAction\":[{\"@type\":\"SearchAction\",\"target\":{\"@type\":\"EntryPoint\",\"urlTemplate\":\"https:\\\/\\\/www.airpes.com\\\/es\\\/?s={search_term_string}\"},\"query-input\":{\"@type\":\"PropertyValueSpecification\",\"valueRequired\":true,\"valueName\":\"search_term_string\"}}],\"inLanguage\":\"es\"},{\"@type\":\"Organization\",\"@id\":\"https:\\\/\\\/www.airpes.com\\\/es\\\/#organization\",\"name\":\"Airpes\",\"url\":\"https:\\\/\\\/www.airpes.com\\\/es\\\/\",\"logo\":{\"@type\":\"ImageObject\",\"inLanguage\":\"es\",\"@id\":\"https:\\\/\\\/www.airpes.com\\\/es\\\/#\\\/schema\\\/logo\\\/image\\\/\",\"url\":\"https:\\\/\\\/www.airpes.com\\\/wp-content\\\/uploads\\\/2020\\\/09\\\/logo.svg\",\"contentUrl\":\"https:\\\/\\\/www.airpes.com\\\/wp-content\\\/uploads\\\/2020\\\/09\\\/logo.svg\",\"width\":193,\"height\":86,\"caption\":\"Airpes\"},\"image\":{\"@id\":\"https:\\\/\\\/www.airpes.com\\\/es\\\/#\\\/schema\\\/logo\\\/image\\\/\"},\"sameAs\":[\"https:\\\/\\\/www.facebook.com\\\/AIRPES\",\"https:\\\/\\\/x.com\\\/AIRPES\",\"https:\\\/\\\/www.instagram.com\\\/AIRPESlifting\\\/\",\"https:\\\/\\\/www.linkedin.com\\\/company\\\/airpes\"]}]}<\/script>\n<!-- \/ Yoast SEO plugin. -->","yoast_head_json":{"title":"Fabricaci\u00f3n de Marco de Transporte de Palas | Airpes","description":"Fabricaci\u00f3n de un marco de transporte de palas. Airpes proporciona servicios de fabricaci\u00f3n y equipamiento para energ\u00eda e\u00f3lica, contacta con nosotros.","robots":{"index":"index","follow":"follow","max-snippet":"max-snippet:-1","max-image-preview":"max-image-preview:large","max-video-preview":"max-video-preview:-1"},"canonical":"https:\/\/www.airpes.com\/es\/product\/marco-de-transporte-de-las-palas\/","og_locale":"es_ES","og_type":"article","og_title":"Fabricaci\u00f3n de Marco de Transporte de Palas | Airpes","og_description":"Fabricaci\u00f3n de un marco de transporte de palas. Airpes proporciona servicios de fabricaci\u00f3n y equipamiento para energ\u00eda e\u00f3lica, contacta con nosotros.","og_url":"https:\/\/www.airpes.com\/es\/product\/marco-de-transporte-de-las-palas\/","og_site_name":"Airpes","article_publisher":"https:\/\/www.facebook.com\/AIRPES","article_modified_time":"2022-01-14T09:11:39+00:00","og_image":[{"width":800,"height":1200,"url":"https:\/\/www.airpes.com\/wp-content\/uploads\/2020\/09\/FT__BTF-30t-portada.jpg","type":"image\/jpeg"}],"twitter_card":"summary_large_image","twitter_site":"@AIRPES","twitter_misc":{"Tiempo de lectura":"1 minuto"},"schema":{"@context":"https:\/\/schema.org","@graph":[{"@type":["WebPage","ItemPage"],"@id":"https:\/\/www.airpes.com\/es\/product\/marco-de-transporte-de-las-palas\/","url":"https:\/\/www.airpes.com\/es\/product\/marco-de-transporte-de-las-palas\/","name":"Fabricaci\u00f3n de Marco de Transporte de Palas | Airpes","isPartOf":{"@id":"https:\/\/www.airpes.com\/es\/#website"},"primaryImageOfPage":{"@id":"https:\/\/www.airpes.com\/es\/product\/marco-de-transporte-de-las-palas\/#primaryimage"},"image":{"@id":"https:\/\/www.airpes.com\/es\/product\/marco-de-transporte-de-las-palas\/#primaryimage"},"thumbnailUrl":"https:\/\/www.airpes.com\/wp-content\/uploads\/2020\/09\/FT__BTF-30t-portada.jpg","datePublished":"2020-09-22T15:38:00+00:00","dateModified":"2022-01-14T09:11:39+00:00","description":"Fabricaci\u00f3n de un marco de transporte de palas. Airpes proporciona servicios de fabricaci\u00f3n y equipamiento para energ\u00eda e\u00f3lica, contacta con nosotros.","breadcrumb":{"@id":"https:\/\/www.airpes.com\/es\/product\/marco-de-transporte-de-las-palas\/#breadcrumb"},"inLanguage":"es","potentialAction":[{"@type":"ReadAction","target":["https:\/\/www.airpes.com\/es\/product\/marco-de-transporte-de-las-palas\/"]}]},{"@type":"ImageObject","inLanguage":"es","@id":"https:\/\/www.airpes.com\/es\/product\/marco-de-transporte-de-las-palas\/#primaryimage","url":"https:\/\/www.airpes.com\/wp-content\/uploads\/2020\/09\/FT__BTF-30t-portada.jpg","contentUrl":"https:\/\/www.airpes.com\/wp-content\/uploads\/2020\/09\/FT__BTF-30t-portada.jpg","width":800,"height":1200},{"@type":"BreadcrumbList","@id":"https:\/\/www.airpes.com\/es\/product\/marco-de-transporte-de-las-palas\/#breadcrumb","itemListElement":[{"@type":"ListItem","position":1,"name":"Inicio","item":"https:\/\/www.airpes.com\/es\/"},{"@type":"ListItem","position":2,"name":"Productos","item":"https:\/\/www.airpes.com\/es\/shop\/"},{"@type":"ListItem","position":3,"name":"Marco de transporte de las palas"}]},{"@type":"WebSite","@id":"https:\/\/www.airpes.com\/es\/#website","url":"https:\/\/www.airpes.com\/es\/","name":"Airpes","description":"Your lifting equipment supplier","publisher":{"@id":"https:\/\/www.airpes.com\/es\/#organization"},"potentialAction":[{"@type":"SearchAction","target":{"@type":"EntryPoint","urlTemplate":"https:\/\/www.airpes.com\/es\/?s={search_term_string}"},"query-input":{"@type":"PropertyValueSpecification","valueRequired":true,"valueName":"search_term_string"}}],"inLanguage":"es"},{"@type":"Organization","@id":"https:\/\/www.airpes.com\/es\/#organization","name":"Airpes","url":"https:\/\/www.airpes.com\/es\/","logo":{"@type":"ImageObject","inLanguage":"es","@id":"https:\/\/www.airpes.com\/es\/#\/schema\/logo\/image\/","url":"https:\/\/www.airpes.com\/wp-content\/uploads\/2020\/09\/logo.svg","contentUrl":"https:\/\/www.airpes.com\/wp-content\/uploads\/2020\/09\/logo.svg","width":193,"height":86,"caption":"Airpes"},"image":{"@id":"https:\/\/www.airpes.com\/es\/#\/schema\/logo\/image\/"},"sameAs":["https:\/\/www.facebook.com\/AIRPES","https:\/\/x.com\/AIRPES","https:\/\/www.instagram.com\/AIRPESlifting\/","https:\/\/www.linkedin.com\/company\/airpes"]}]}},"_links":{"self":[{"href":"https:\/\/www.airpes.com\/es\/wp-json\/wp\/v2\/product\/107635","targetHints":{"allow":["GET"]}}],"collection":[{"href":"https:\/\/www.airpes.com\/es\/wp-json\/wp\/v2\/product"}],"about":[{"href":"https:\/\/www.airpes.com\/es\/wp-json\/wp\/v2\/types\/product"}],"wp:featuredmedia":[{"embeddable":true,"href":"https:\/\/www.airpes.com\/es\/wp-json\/wp\/v2\/media\/102646"}],"wp:attachment":[{"href":"https:\/\/www.airpes.com\/es\/wp-json\/wp\/v2\/media?parent=107635"}],"wp:term":[{"taxonomy":"product_cat","embeddable":true,"href":"https:\/\/www.airpes.com\/es\/wp-json\/wp\/v2\/product_cat?post=107635"},{"taxonomy":"product_tag","embeddable":true,"href":"https:\/\/www.airpes.com\/es\/wp-json\/wp\/v2\/product_tag?post=107635"}],"curies":[{"name":"wp","href":"https:\/\/api.w.org\/{rel}","templated":true}]}}