{"id":107634,"date":"2020-09-22T15:32:26","date_gmt":"2020-09-22T15:32:26","guid":{"rendered":"https:\/\/www.airpes.com\/product\/sistema-de-elevacion-y-rotacion-de-las-palas-para-el-transporte\/"},"modified":"2022-03-18T09:12:26","modified_gmt":"2022-03-18T09:12:26","slug":"sistema-de-elevacion-y-rotacion-de-las-palas-para-el-transporte","status":"publish","type":"product","link":"https:\/\/www.airpes.com\/es\/product\/sistema-de-elevacion-y-rotacion-de-las-palas-para-el-transporte\/","title":{"rendered":"Sistema de elevaci\u00f3n y rotaci\u00f3n de las palas para el transporte"},"content":{"rendered":"<div class=\"wpb-content-wrapper\"><section class=\"vc_row wpb_row vc_row-fluid  vc_custom_1550641386235   vc_row-has-fill\"><div class=\"wpb_column vc_column_container col-xs-mobile-fullwidth vc_col-sm-12 vc_col-md-6 wow fadeIn\" data-wow-delay= 200ms data-wow-duration= 1500ms><div class=\"vc_column-inner  hongo_responsive_1566294673742\"><div class=\"wpb_wrapper\"><div class=\"text-block-content hongo-text-block-1 vc_custom_1600788684217 last-paragraph-no-margin\"><p><strong>Control de \u00e1ngulo<\/strong><\/p>\n<p>Gracias al control electro-hidr\u00e1ulico y al sistema de control de \u00e1ngulo, podemos saber el \u00e1ngulo de la cuchilla en tiempo real.<\/p>\n<p><strong>Informaci\u00f3n sobre la carga de viento<\/strong><\/p>\n<p>Usando los sensores de nuestra herramienta, podemos saber la velocidad del viento y traducirla a la carga que el viento realiza en nuestra herramienta con la pala.<\/p>\n<p><strong>Videoc\u00e1maras<\/strong><\/p>\n<p>A fin de garantizar el funcionamiento adecuado del sistema, se transmite al operador una se\u00f1al de v\u00eddeo controlada por wi-fi para asegurar la seguridad de la cuchilla durante el transporte.<\/p>\n<p><strong>Rotaci\u00f3n a voluntad<\/strong><\/p>\n<p>Debido a la necesidad del cliente, la herramienta incorpora un sistema de rotaci\u00f3n para la inclinaci\u00f3n de la hoja.<\/p>\n<p><strong>Control del sistema de cabestrante electrohidr\u00e1ulico<\/strong><\/p>\n<p>Nuestro sistema se alimenta de un sistema electro-hidr\u00e1ulico hecho a medida para controlar el cabrestante, que proporciona control sobre las capacidades de elevaci\u00f3n y rotaci\u00f3n de la herramienta.<\/p>\n<p><strong>La seguridad es lo primero<\/strong><\/p>\n<p>Con la seguridad como nuestro objetivo m\u00e1s importante, la herramienta asegura la seguridad con todos los detalles antes mencionados; c\u00e1maras, control de \u00e1ngulo, control de carga, control de la carga del viento&#8230;<\/p>\n<\/div><\/div><\/div><\/div><div class=\"wpb_column vc_column_container col-xs-mobile-fullwidth vc_col-sm-12 vc_col-md-6 wow fadeIn\" data-wow-delay= 400ms data-wow-duration= 1500ms><div class=\"vc_column-inner\"><div class=\"wpb_wrapper\"><div class=\"wpb_single_image   vc_custom_1600788709385 hongo-full-width-single-image\">\n\t\t\t<figure class=\"wpb_wrapper vc_figure\">\n\t\t\t\t<div class=\"vc_single_image-wrapper  \"><img loading=\"lazy\" decoding=\"async\" width=\"800\" height=\"675\" src=\"https:\/\/www.airpes.com\/wp-content\/uploads\/2020\/09\/FT__BR-XXt-destacado.jpg\" class=\"vc_single_image-img attachment-full\" alt=\"\" title=\"FT_####_BR-XXt-destacado\" srcset=\"https:\/\/www.airpes.com\/wp-content\/uploads\/2020\/09\/FT__BR-XXt-destacado.jpg 800w, https:\/\/www.airpes.com\/wp-content\/uploads\/2020\/09\/FT__BR-XXt-destacado-340x287.jpg 340w, https:\/\/www.airpes.com\/wp-content\/uploads\/2020\/09\/FT__BR-XXt-destacado-300x253.jpg 300w, https:\/\/www.airpes.com\/wp-content\/uploads\/2020\/09\/FT__BR-XXt-destacado-768x648.jpg 768w, https:\/\/www.airpes.com\/wp-content\/uploads\/2020\/09\/FT__BR-XXt-destacado-480x405.jpg 480w, https:\/\/www.airpes.com\/wp-content\/uploads\/2020\/09\/FT__BR-XXt-destacado-84x71.jpg 84w, https:\/\/www.airpes.com\/wp-content\/uploads\/2020\/09\/FT__BR-XXt-destacado-200x169.jpg 200w, https:\/\/www.airpes.com\/wp-content\/uploads\/2020\/09\/FT__BR-XXt-destacado-450x380.jpg 450w\" sizes=\"auto, (max-width: 800px) 100vw, 800px\" \/><\/div>\n\t\t\t<\/figure>\n\t\t\t\n\t\t<\/div><\/div><\/div><\/div><\/section>\n<\/div>","protected":false},"excerpt":{"rendered":"<p>Soluci\u00f3n a pedido para VESTAS<br \/>\nLa \u00faltima soluci\u00f3n dise\u00f1ada por Airpes ha sido para la empresa Vestas, con el dise\u00f1o y fabricaci\u00f3n de un sistema de elevaci\u00f3n para mover las palas de los aerogeneradores.<\/p>\n<p>Moviendo las palas de los aerogeneradores<br \/>\nPreparando los env\u00edos de las palas de sus turbinas e\u00f3licas, Vestas encontr\u00f3 la necesidad de mejorar la productividad y una forma m\u00e1s r\u00e1pida y efectiva, con mejor seguridad, de llevar a cabo su proyecto.<\/p>\n<p>Las palas de los aerogeneradores se producen en la planta de la empresa, pero su preparaci\u00f3n para el env\u00edo se realiza en el exterior, por lo que tuvieron que transportarlas y trasladarlas de forma segura y eficiente.<br \/>\nAirpes propuso el dise\u00f1o y la construcci\u00f3n de un equipo de levantamiento de celos\u00edas de tipo. 4 cabrestantes ajustables se encargan de los movimientos de elevaci\u00f3n y giro, mientras que un apilador de alcance integrado incluye un control electrohidr\u00e1ulico.<\/p>\n","protected":false},"featured_media":102642,"template":"","meta":{"_acf_changed":false,"inline_featured_image":false},"product_cat":[259,258,276,260],"product_tag":[],"class_list":{"0":"post-107634","1":"product","2":"type-product","3":"status-publish","4":"has-post-thumbnail","6":"product_cat-energia-eolica","7":"product_cat-equipamiento-palas-eolicas","8":"product_cat-herramientas-rotacion","9":"product_cat-onshore","11":"first","12":"instock","13":"shipping-taxable","14":"product-type-simple"},"acf":[],"yoast_head":"<!-- This site is optimized with the Yoast SEO plugin v26.6 - https:\/\/yoast.com\/wordpress\/plugins\/seo\/ -->\n<title>Sistema de Elevaci\u00f3n y Transporte para Vestas | Airpes<\/title>\n<meta name=\"description\" content=\"\u2714 El Sistema de Elevaci\u00f3n y Rotaci\u00f3n de Palas para Transporte es una soluci\u00f3n a medida de un sistema de elevaci\u00f3n.\" \/>\n<meta name=\"robots\" content=\"index, follow, max-snippet:-1, max-image-preview:large, max-video-preview:-1\" \/>\n<link rel=\"canonical\" href=\"https:\/\/www.airpes.com\/es\/product\/sistema-de-elevacion-y-rotacion-de-las-palas-para-el-transporte\/\" \/>\n<meta property=\"og:locale\" content=\"es_ES\" \/>\n<meta property=\"og:type\" content=\"article\" \/>\n<meta property=\"og:title\" content=\"Sistema de Elevaci\u00f3n y Transporte para Vestas | Airpes\" \/>\n<meta property=\"og:description\" content=\"\u2714 El Sistema de Elevaci\u00f3n y Rotaci\u00f3n de Palas para Transporte es una soluci\u00f3n a medida de un sistema de elevaci\u00f3n.\" \/>\n<meta property=\"og:url\" content=\"https:\/\/www.airpes.com\/es\/product\/sistema-de-elevacion-y-rotacion-de-las-palas-para-el-transporte\/\" \/>\n<meta property=\"og:site_name\" content=\"Airpes\" \/>\n<meta property=\"article:publisher\" content=\"https:\/\/www.facebook.com\/AIRPES\" \/>\n<meta property=\"article:modified_time\" content=\"2022-03-18T09:12:26+00:00\" \/>\n<meta property=\"og:image\" content=\"https:\/\/www.airpes.com\/wp-content\/uploads\/2020\/09\/FT__BR-XXt-00-portada.jpg\" \/>\n\t<meta property=\"og:image:width\" content=\"800\" \/>\n\t<meta property=\"og:image:height\" content=\"1200\" \/>\n\t<meta property=\"og:image:type\" content=\"image\/jpeg\" \/>\n<meta name=\"twitter:card\" content=\"summary_large_image\" \/>\n<meta name=\"twitter:site\" content=\"@AIRPES\" \/>\n<meta name=\"twitter:label1\" content=\"Tiempo de lectura\" \/>\n\t<meta name=\"twitter:data1\" content=\"1 minuto\" \/>\n<script type=\"application\/ld+json\" class=\"yoast-schema-graph\">{\"@context\":\"https:\/\/schema.org\",\"@graph\":[{\"@type\":[\"WebPage\",\"ItemPage\"],\"@id\":\"https:\/\/www.airpes.com\/es\/product\/sistema-de-elevacion-y-rotacion-de-las-palas-para-el-transporte\/\",\"url\":\"https:\/\/www.airpes.com\/es\/product\/sistema-de-elevacion-y-rotacion-de-las-palas-para-el-transporte\/\",\"name\":\"Sistema de Elevaci\u00f3n y Transporte para Vestas | Airpes\",\"isPartOf\":{\"@id\":\"https:\/\/www.airpes.com\/es\/#website\"},\"primaryImageOfPage\":{\"@id\":\"https:\/\/www.airpes.com\/es\/product\/sistema-de-elevacion-y-rotacion-de-las-palas-para-el-transporte\/#primaryimage\"},\"image\":{\"@id\":\"https:\/\/www.airpes.com\/es\/product\/sistema-de-elevacion-y-rotacion-de-las-palas-para-el-transporte\/#primaryimage\"},\"thumbnailUrl\":\"https:\/\/www.airpes.com\/wp-content\/uploads\/2020\/09\/FT__BR-XXt-00-portada.jpg\",\"datePublished\":\"2020-09-22T15:32:26+00:00\",\"dateModified\":\"2022-03-18T09:12:26+00:00\",\"description\":\"\u2714 El Sistema de Elevaci\u00f3n y Rotaci\u00f3n de Palas para Transporte es una soluci\u00f3n a medida de un sistema de elevaci\u00f3n.\",\"breadcrumb\":{\"@id\":\"https:\/\/www.airpes.com\/es\/product\/sistema-de-elevacion-y-rotacion-de-las-palas-para-el-transporte\/#breadcrumb\"},\"inLanguage\":\"es\",\"potentialAction\":[{\"@type\":\"ReadAction\",\"target\":[\"https:\/\/www.airpes.com\/es\/product\/sistema-de-elevacion-y-rotacion-de-las-palas-para-el-transporte\/\"]}]},{\"@type\":\"ImageObject\",\"inLanguage\":\"es\",\"@id\":\"https:\/\/www.airpes.com\/es\/product\/sistema-de-elevacion-y-rotacion-de-las-palas-para-el-transporte\/#primaryimage\",\"url\":\"https:\/\/www.airpes.com\/wp-content\/uploads\/2020\/09\/FT__BR-XXt-00-portada.jpg\",\"contentUrl\":\"https:\/\/www.airpes.com\/wp-content\/uploads\/2020\/09\/FT__BR-XXt-00-portada.jpg\",\"width\":800,\"height\":1200},{\"@type\":\"BreadcrumbList\",\"@id\":\"https:\/\/www.airpes.com\/es\/product\/sistema-de-elevacion-y-rotacion-de-las-palas-para-el-transporte\/#breadcrumb\",\"itemListElement\":[{\"@type\":\"ListItem\",\"position\":1,\"name\":\"Inicio\",\"item\":\"https:\/\/www.airpes.com\/es\/\"},{\"@type\":\"ListItem\",\"position\":2,\"name\":\"Productos\",\"item\":\"https:\/\/www.airpes.com\/es\/shop\/\"},{\"@type\":\"ListItem\",\"position\":3,\"name\":\"Sistema de elevaci\u00f3n y rotaci\u00f3n de las palas para el transporte\"}]},{\"@type\":\"WebSite\",\"@id\":\"https:\/\/www.airpes.com\/es\/#website\",\"url\":\"https:\/\/www.airpes.com\/es\/\",\"name\":\"Airpes\",\"description\":\"Your lifting equipment supplier\",\"publisher\":{\"@id\":\"https:\/\/www.airpes.com\/es\/#organization\"},\"potentialAction\":[{\"@type\":\"SearchAction\",\"target\":{\"@type\":\"EntryPoint\",\"urlTemplate\":\"https:\/\/www.airpes.com\/es\/?s={search_term_string}\"},\"query-input\":{\"@type\":\"PropertyValueSpecification\",\"valueRequired\":true,\"valueName\":\"search_term_string\"}}],\"inLanguage\":\"es\"},{\"@type\":\"Organization\",\"@id\":\"https:\/\/www.airpes.com\/es\/#organization\",\"name\":\"Airpes\",\"url\":\"https:\/\/www.airpes.com\/es\/\",\"logo\":{\"@type\":\"ImageObject\",\"inLanguage\":\"es\",\"@id\":\"https:\/\/www.airpes.com\/es\/#\/schema\/logo\/image\/\",\"url\":\"https:\/\/www.airpes.com\/wp-content\/uploads\/2020\/09\/logo.svg\",\"contentUrl\":\"https:\/\/www.airpes.com\/wp-content\/uploads\/2020\/09\/logo.svg\",\"width\":193,\"height\":86,\"caption\":\"Airpes\"},\"image\":{\"@id\":\"https:\/\/www.airpes.com\/es\/#\/schema\/logo\/image\/\"},\"sameAs\":[\"https:\/\/www.facebook.com\/AIRPES\",\"https:\/\/x.com\/AIRPES\",\"https:\/\/www.instagram.com\/AIRPESlifting\/\",\"https:\/\/www.linkedin.com\/company\/airpes\"]}]}<\/script>\n<!-- \/ Yoast SEO plugin. -->","yoast_head_json":{"title":"Sistema de Elevaci\u00f3n y Transporte para Vestas | Airpes","description":"\u2714 El Sistema de Elevaci\u00f3n y Rotaci\u00f3n de Palas para Transporte es una soluci\u00f3n a medida de un sistema de elevaci\u00f3n.","robots":{"index":"index","follow":"follow","max-snippet":"max-snippet:-1","max-image-preview":"max-image-preview:large","max-video-preview":"max-video-preview:-1"},"canonical":"https:\/\/www.airpes.com\/es\/product\/sistema-de-elevacion-y-rotacion-de-las-palas-para-el-transporte\/","og_locale":"es_ES","og_type":"article","og_title":"Sistema de Elevaci\u00f3n y Transporte para Vestas | Airpes","og_description":"\u2714 El Sistema de Elevaci\u00f3n y Rotaci\u00f3n de Palas para Transporte es una soluci\u00f3n a medida de un sistema de elevaci\u00f3n.","og_url":"https:\/\/www.airpes.com\/es\/product\/sistema-de-elevacion-y-rotacion-de-las-palas-para-el-transporte\/","og_site_name":"Airpes","article_publisher":"https:\/\/www.facebook.com\/AIRPES","article_modified_time":"2022-03-18T09:12:26+00:00","og_image":[{"width":800,"height":1200,"url":"https:\/\/www.airpes.com\/wp-content\/uploads\/2020\/09\/FT__BR-XXt-00-portada.jpg","type":"image\/jpeg"}],"twitter_card":"summary_large_image","twitter_site":"@AIRPES","twitter_misc":{"Tiempo de lectura":"1 minuto"},"schema":{"@context":"https:\/\/schema.org","@graph":[{"@type":["WebPage","ItemPage"],"@id":"https:\/\/www.airpes.com\/es\/product\/sistema-de-elevacion-y-rotacion-de-las-palas-para-el-transporte\/","url":"https:\/\/www.airpes.com\/es\/product\/sistema-de-elevacion-y-rotacion-de-las-palas-para-el-transporte\/","name":"Sistema de Elevaci\u00f3n y Transporte para Vestas | Airpes","isPartOf":{"@id":"https:\/\/www.airpes.com\/es\/#website"},"primaryImageOfPage":{"@id":"https:\/\/www.airpes.com\/es\/product\/sistema-de-elevacion-y-rotacion-de-las-palas-para-el-transporte\/#primaryimage"},"image":{"@id":"https:\/\/www.airpes.com\/es\/product\/sistema-de-elevacion-y-rotacion-de-las-palas-para-el-transporte\/#primaryimage"},"thumbnailUrl":"https:\/\/www.airpes.com\/wp-content\/uploads\/2020\/09\/FT__BR-XXt-00-portada.jpg","datePublished":"2020-09-22T15:32:26+00:00","dateModified":"2022-03-18T09:12:26+00:00","description":"\u2714 El Sistema de Elevaci\u00f3n y Rotaci\u00f3n de Palas para Transporte es una soluci\u00f3n a medida de un sistema de elevaci\u00f3n.","breadcrumb":{"@id":"https:\/\/www.airpes.com\/es\/product\/sistema-de-elevacion-y-rotacion-de-las-palas-para-el-transporte\/#breadcrumb"},"inLanguage":"es","potentialAction":[{"@type":"ReadAction","target":["https:\/\/www.airpes.com\/es\/product\/sistema-de-elevacion-y-rotacion-de-las-palas-para-el-transporte\/"]}]},{"@type":"ImageObject","inLanguage":"es","@id":"https:\/\/www.airpes.com\/es\/product\/sistema-de-elevacion-y-rotacion-de-las-palas-para-el-transporte\/#primaryimage","url":"https:\/\/www.airpes.com\/wp-content\/uploads\/2020\/09\/FT__BR-XXt-00-portada.jpg","contentUrl":"https:\/\/www.airpes.com\/wp-content\/uploads\/2020\/09\/FT__BR-XXt-00-portada.jpg","width":800,"height":1200},{"@type":"BreadcrumbList","@id":"https:\/\/www.airpes.com\/es\/product\/sistema-de-elevacion-y-rotacion-de-las-palas-para-el-transporte\/#breadcrumb","itemListElement":[{"@type":"ListItem","position":1,"name":"Inicio","item":"https:\/\/www.airpes.com\/es\/"},{"@type":"ListItem","position":2,"name":"Productos","item":"https:\/\/www.airpes.com\/es\/shop\/"},{"@type":"ListItem","position":3,"name":"Sistema de elevaci\u00f3n y rotaci\u00f3n de las palas para el transporte"}]},{"@type":"WebSite","@id":"https:\/\/www.airpes.com\/es\/#website","url":"https:\/\/www.airpes.com\/es\/","name":"Airpes","description":"Your lifting equipment supplier","publisher":{"@id":"https:\/\/www.airpes.com\/es\/#organization"},"potentialAction":[{"@type":"SearchAction","target":{"@type":"EntryPoint","urlTemplate":"https:\/\/www.airpes.com\/es\/?s={search_term_string}"},"query-input":{"@type":"PropertyValueSpecification","valueRequired":true,"valueName":"search_term_string"}}],"inLanguage":"es"},{"@type":"Organization","@id":"https:\/\/www.airpes.com\/es\/#organization","name":"Airpes","url":"https:\/\/www.airpes.com\/es\/","logo":{"@type":"ImageObject","inLanguage":"es","@id":"https:\/\/www.airpes.com\/es\/#\/schema\/logo\/image\/","url":"https:\/\/www.airpes.com\/wp-content\/uploads\/2020\/09\/logo.svg","contentUrl":"https:\/\/www.airpes.com\/wp-content\/uploads\/2020\/09\/logo.svg","width":193,"height":86,"caption":"Airpes"},"image":{"@id":"https:\/\/www.airpes.com\/es\/#\/schema\/logo\/image\/"},"sameAs":["https:\/\/www.facebook.com\/AIRPES","https:\/\/x.com\/AIRPES","https:\/\/www.instagram.com\/AIRPESlifting\/","https:\/\/www.linkedin.com\/company\/airpes"]}]}},"_links":{"self":[{"href":"https:\/\/www.airpes.com\/es\/wp-json\/wp\/v2\/product\/107634","targetHints":{"allow":["GET"]}}],"collection":[{"href":"https:\/\/www.airpes.com\/es\/wp-json\/wp\/v2\/product"}],"about":[{"href":"https:\/\/www.airpes.com\/es\/wp-json\/wp\/v2\/types\/product"}],"wp:featuredmedia":[{"embeddable":true,"href":"https:\/\/www.airpes.com\/es\/wp-json\/wp\/v2\/media\/102642"}],"wp:attachment":[{"href":"https:\/\/www.airpes.com\/es\/wp-json\/wp\/v2\/media?parent=107634"}],"wp:term":[{"taxonomy":"product_cat","embeddable":true,"href":"https:\/\/www.airpes.com\/es\/wp-json\/wp\/v2\/product_cat?post=107634"},{"taxonomy":"product_tag","embeddable":true,"href":"https:\/\/www.airpes.com\/es\/wp-json\/wp\/v2\/product_tag?post=107634"}],"curies":[{"name":"wp","href":"https:\/\/api.w.org\/{rel}","templated":true}]}}