{"id":107633,"date":"2020-09-22T15:25:05","date_gmt":"2020-09-22T15:25:05","guid":{"rendered":"https:\/\/www.airpes.com\/product\/ft_1941_lb17t\/"},"modified":"2025-10-21T15:33:21","modified_gmt":"2025-10-21T15:33:21","slug":"bastidor-elevador-palas-eolicas-ft-1941-lb17t","status":"publish","type":"product","link":"https:\/\/www.airpes.com\/es\/product\/bastidor-elevador-palas-eolicas-ft-1941-lb17t\/","title":{"rendered":"Bastidor elevador FT-1941-LB17T para el izado seguro de palas e\u00f3licas"},"content":{"rendered":"<div class=\"wpb-content-wrapper\"><section class=\"vc_row wpb_row vc_row-fluid  vc_custom_1550641386235   vc_row-has-fill\"><div class=\"wpb_column vc_column_container col-xs-mobile-fullwidth vc_col-sm-12 vc_col-md-6 wow fadeIn\" data-wow-delay= 200ms data-wow-duration= 1500ms><div class=\"vc_column-inner  hongo_responsive_1566294673742\"><div class=\"wpb_wrapper\"><div class=\"text-block-content hongo-text-block-1 vc_custom_1600788457125 last-paragraph-no-margin\"><p><strong>Est\u00e1tico<\/strong><\/p>\n<p>Soluci\u00f3n est\u00e1tica, sin complejidades. S\u00f3lo azotar y marcharse.<\/p>\n<p><strong>Bastidor de 3 partes; F\u00e1cil de transportar<\/strong><\/p>\n<p>F\u00e1cil de transportar el bastidor de elevaci\u00f3n de 3 partes.<\/p>\n<\/div><\/div><\/div><\/div><div class=\"wpb_column vc_column_container col-xs-mobile-fullwidth vc_col-sm-12 vc_col-md-6 wow fadeIn\" data-wow-delay= 400ms data-wow-duration= 1500ms><div class=\"vc_column-inner\"><div class=\"wpb_wrapper\"><div class=\"wpb_single_image   vc_custom_1605434985904 hongo-full-width-single-image\">\n\t\t\t<figure class=\"wpb_wrapper vc_figure\">\n\t\t\t\t<div class=\"vc_single_image-wrapper  \"><img loading=\"lazy\" decoding=\"async\" width=\"800\" height=\"675\" src=\"https:\/\/www.airpes.com\/wp-content\/uploads\/2020\/11\/FT_1941_LB17t-destacado.jpg\" class=\"vc_single_image-img attachment-full\" alt=\"\" title=\"FT_1941_LB17t-destacado\" srcset=\"https:\/\/www.airpes.com\/wp-content\/uploads\/2020\/11\/FT_1941_LB17t-destacado.jpg 800w, https:\/\/www.airpes.com\/wp-content\/uploads\/2020\/11\/FT_1941_LB17t-destacado-340x287.jpg 340w, https:\/\/www.airpes.com\/wp-content\/uploads\/2020\/11\/FT_1941_LB17t-destacado-300x253.jpg 300w, https:\/\/www.airpes.com\/wp-content\/uploads\/2020\/11\/FT_1941_LB17t-destacado-768x648.jpg 768w, https:\/\/www.airpes.com\/wp-content\/uploads\/2020\/11\/FT_1941_LB17t-destacado-480x405.jpg 480w, https:\/\/www.airpes.com\/wp-content\/uploads\/2020\/11\/FT_1941_LB17t-destacado-84x71.jpg 84w, https:\/\/www.airpes.com\/wp-content\/uploads\/2020\/11\/FT_1941_LB17t-destacado-200x169.jpg 200w, https:\/\/www.airpes.com\/wp-content\/uploads\/2020\/11\/FT_1941_LB17t-destacado-450x380.jpg 450w\" sizes=\"auto, (max-width: 800px) 100vw, 800px\" \/><\/div>\n\t\t\t<\/figure>\n\t\t\t\n\t\t<\/div><\/div><\/div><\/div><\/section>\n<\/div>","protected":false},"excerpt":{"rendered":"<p>Viga elevadora para instalar palas en las turbinas e\u00f3licas. Esta soluci\u00f3n est\u00e1tica es capaz de instalar palas de hasta 17t. Este antiguo modelo fue suministrado por Airpes durante mucho tiempo, con el fin de instalar diferentes palas en los primeros modelos, avanzando a nuevas soluciones m\u00e1s avanzadas para hoy en d\u00eda como las series de pinzas y herramientas de SCI.<\/p>\n<p>Esta herramienta est\u00e1 dividida en 3 secciones, para que pueda ser f\u00e1cilmente transportada, y tiene 3 puntos de amarre para el levantamiento de los arneses y 2 por cada lado, para que la hoja pueda ser levantada.<\/p>\n","protected":false},"featured_media":102637,"template":"","meta":{"_acf_changed":false,"inline_featured_image":false},"product_cat":[259,258,275,260],"product_tag":[],"class_list":{"0":"post-107633","1":"product","2":"type-product","3":"status-publish","4":"has-post-thumbnail","6":"product_cat-energia-eolica","7":"product_cat-equipamiento-palas-eolicas","8":"product_cat-herramientas-de-elevacion","9":"product_cat-onshore","11":"first","12":"instock","13":"shipping-taxable","14":"product-type-simple"},"acf":[],"yoast_head":"<!-- This site is optimized with the Yoast SEO plugin v27.5 - https:\/\/yoast.com\/product\/yoast-seo-wordpress\/ -->\n<title>Bastidor elevador para palas e\u00f3licas FT-1941-LB17T | Crosby Airpes<\/title>\n<meta name=\"description\" content=\"Bastidor Elevador de Palas 17t | Material de elevaci\u00f3n para Industria E\u00f3lica: Airpes Airpes te ofrece equipos de elevaci\u00f3n para energ\u00eda e\u00f3lica, cont\u00e1ctanos.\" \/>\n<meta name=\"robots\" content=\"index, follow, max-snippet:-1, max-image-preview:large, max-video-preview:-1\" \/>\n<link rel=\"canonical\" href=\"https:\/\/www.airpes.com\/es\/product\/bastidor-elevador-palas-eolicas-ft-1941-lb17t\/\" \/>\n<meta property=\"og:locale\" content=\"es_ES\" \/>\n<meta property=\"og:type\" content=\"article\" \/>\n<meta property=\"og:title\" content=\"Bastidor elevador para palas e\u00f3licas FT-1941-LB17T | Crosby Airpes\" \/>\n<meta property=\"og:description\" content=\"Bastidor Elevador de Palas 17t | Material de elevaci\u00f3n para Industria E\u00f3lica: Airpes Airpes te ofrece equipos de elevaci\u00f3n para energ\u00eda e\u00f3lica, cont\u00e1ctanos.\" \/>\n<meta property=\"og:url\" content=\"https:\/\/www.airpes.com\/es\/product\/bastidor-elevador-palas-eolicas-ft-1941-lb17t\/\" \/>\n<meta property=\"og:site_name\" content=\"Airpes\" \/>\n<meta property=\"article:publisher\" content=\"https:\/\/www.facebook.com\/AIRPES\" \/>\n<meta property=\"article:modified_time\" content=\"2025-10-21T15:33:21+00:00\" \/>\n<meta property=\"og:image\" content=\"https:\/\/www.airpes.com\/wp-content\/uploads\/2020\/09\/FT_1941_LB17t-00-portada.jpg\" \/>\n\t<meta property=\"og:image:width\" content=\"800\" \/>\n\t<meta property=\"og:image:height\" content=\"1200\" \/>\n\t<meta property=\"og:image:type\" content=\"image\/jpeg\" \/>\n<meta name=\"twitter:card\" content=\"summary_large_image\" \/>\n<meta name=\"twitter:site\" content=\"@AIRPES\" \/>\n<meta name=\"twitter:label1\" content=\"Tiempo de lectura\" \/>\n\t<meta name=\"twitter:data1\" content=\"1 minuto\" \/>\n<script type=\"application\/ld+json\" class=\"yoast-schema-graph\">{\"@context\":\"https:\\\/\\\/schema.org\",\"@graph\":[{\"@type\":[\"WebPage\",\"ItemPage\"],\"@id\":\"https:\\\/\\\/www.airpes.com\\\/es\\\/product\\\/bastidor-elevador-palas-eolicas-ft-1941-lb17t\\\/\",\"url\":\"https:\\\/\\\/www.airpes.com\\\/es\\\/product\\\/bastidor-elevador-palas-eolicas-ft-1941-lb17t\\\/\",\"name\":\"Bastidor elevador para palas e\u00f3licas FT-1941-LB17T | Crosby Airpes\",\"isPartOf\":{\"@id\":\"https:\\\/\\\/www.airpes.com\\\/es\\\/#website\"},\"primaryImageOfPage\":{\"@id\":\"https:\\\/\\\/www.airpes.com\\\/es\\\/product\\\/bastidor-elevador-palas-eolicas-ft-1941-lb17t\\\/#primaryimage\"},\"image\":{\"@id\":\"https:\\\/\\\/www.airpes.com\\\/es\\\/product\\\/bastidor-elevador-palas-eolicas-ft-1941-lb17t\\\/#primaryimage\"},\"thumbnailUrl\":\"https:\\\/\\\/www.airpes.com\\\/wp-content\\\/uploads\\\/2020\\\/09\\\/FT_1941_LB17t-00-portada.jpg\",\"datePublished\":\"2020-09-22T15:25:05+00:00\",\"dateModified\":\"2025-10-21T15:33:21+00:00\",\"description\":\"Bastidor Elevador de Palas 17t | Material de elevaci\u00f3n para Industria E\u00f3lica: Airpes Airpes te ofrece equipos de elevaci\u00f3n para energ\u00eda e\u00f3lica, cont\u00e1ctanos.\",\"breadcrumb\":{\"@id\":\"https:\\\/\\\/www.airpes.com\\\/es\\\/product\\\/bastidor-elevador-palas-eolicas-ft-1941-lb17t\\\/#breadcrumb\"},\"inLanguage\":\"es\",\"potentialAction\":[{\"@type\":\"ReadAction\",\"target\":[\"https:\\\/\\\/www.airpes.com\\\/es\\\/product\\\/bastidor-elevador-palas-eolicas-ft-1941-lb17t\\\/\"]}]},{\"@type\":\"ImageObject\",\"inLanguage\":\"es\",\"@id\":\"https:\\\/\\\/www.airpes.com\\\/es\\\/product\\\/bastidor-elevador-palas-eolicas-ft-1941-lb17t\\\/#primaryimage\",\"url\":\"https:\\\/\\\/www.airpes.com\\\/wp-content\\\/uploads\\\/2020\\\/09\\\/FT_1941_LB17t-00-portada.jpg\",\"contentUrl\":\"https:\\\/\\\/www.airpes.com\\\/wp-content\\\/uploads\\\/2020\\\/09\\\/FT_1941_LB17t-00-portada.jpg\",\"width\":800,\"height\":1200},{\"@type\":\"BreadcrumbList\",\"@id\":\"https:\\\/\\\/www.airpes.com\\\/es\\\/product\\\/bastidor-elevador-palas-eolicas-ft-1941-lb17t\\\/#breadcrumb\",\"itemListElement\":[{\"@type\":\"ListItem\",\"position\":1,\"name\":\"Inicio\",\"item\":\"https:\\\/\\\/www.airpes.com\\\/es\\\/\"},{\"@type\":\"ListItem\",\"position\":2,\"name\":\"Productos\",\"item\":\"https:\\\/\\\/www.airpes.com\\\/es\\\/shop\\\/\"},{\"@type\":\"ListItem\",\"position\":3,\"name\":\"Bastidor elevador FT-1941-LB17T para el izado seguro de palas e\u00f3licas\"}]},{\"@type\":\"WebSite\",\"@id\":\"https:\\\/\\\/www.airpes.com\\\/es\\\/#website\",\"url\":\"https:\\\/\\\/www.airpes.com\\\/es\\\/\",\"name\":\"Airpes\",\"description\":\"Your lifting equipment supplier\",\"publisher\":{\"@id\":\"https:\\\/\\\/www.airpes.com\\\/es\\\/#organization\"},\"potentialAction\":[{\"@type\":\"SearchAction\",\"target\":{\"@type\":\"EntryPoint\",\"urlTemplate\":\"https:\\\/\\\/www.airpes.com\\\/es\\\/?s={search_term_string}\"},\"query-input\":{\"@type\":\"PropertyValueSpecification\",\"valueRequired\":true,\"valueName\":\"search_term_string\"}}],\"inLanguage\":\"es\"},{\"@type\":\"Organization\",\"@id\":\"https:\\\/\\\/www.airpes.com\\\/es\\\/#organization\",\"name\":\"Airpes\",\"url\":\"https:\\\/\\\/www.airpes.com\\\/es\\\/\",\"logo\":{\"@type\":\"ImageObject\",\"inLanguage\":\"es\",\"@id\":\"https:\\\/\\\/www.airpes.com\\\/es\\\/#\\\/schema\\\/logo\\\/image\\\/\",\"url\":\"https:\\\/\\\/www.airpes.com\\\/wp-content\\\/uploads\\\/2020\\\/09\\\/logo.svg\",\"contentUrl\":\"https:\\\/\\\/www.airpes.com\\\/wp-content\\\/uploads\\\/2020\\\/09\\\/logo.svg\",\"width\":193,\"height\":86,\"caption\":\"Airpes\"},\"image\":{\"@id\":\"https:\\\/\\\/www.airpes.com\\\/es\\\/#\\\/schema\\\/logo\\\/image\\\/\"},\"sameAs\":[\"https:\\\/\\\/www.facebook.com\\\/AIRPES\",\"https:\\\/\\\/x.com\\\/AIRPES\",\"https:\\\/\\\/www.instagram.com\\\/AIRPESlifting\\\/\",\"https:\\\/\\\/www.linkedin.com\\\/company\\\/airpes\"]}]}<\/script>\n<!-- \/ Yoast SEO plugin. -->","yoast_head_json":{"title":"Bastidor elevador para palas e\u00f3licas FT-1941-LB17T | Crosby Airpes","description":"Bastidor Elevador de Palas 17t | Material de elevaci\u00f3n para Industria E\u00f3lica: Airpes Airpes te ofrece equipos de elevaci\u00f3n para energ\u00eda e\u00f3lica, cont\u00e1ctanos.","robots":{"index":"index","follow":"follow","max-snippet":"max-snippet:-1","max-image-preview":"max-image-preview:large","max-video-preview":"max-video-preview:-1"},"canonical":"https:\/\/www.airpes.com\/es\/product\/bastidor-elevador-palas-eolicas-ft-1941-lb17t\/","og_locale":"es_ES","og_type":"article","og_title":"Bastidor elevador para palas e\u00f3licas FT-1941-LB17T | Crosby Airpes","og_description":"Bastidor Elevador de Palas 17t | Material de elevaci\u00f3n para Industria E\u00f3lica: Airpes Airpes te ofrece equipos de elevaci\u00f3n para energ\u00eda e\u00f3lica, cont\u00e1ctanos.","og_url":"https:\/\/www.airpes.com\/es\/product\/bastidor-elevador-palas-eolicas-ft-1941-lb17t\/","og_site_name":"Airpes","article_publisher":"https:\/\/www.facebook.com\/AIRPES","article_modified_time":"2025-10-21T15:33:21+00:00","og_image":[{"width":800,"height":1200,"url":"https:\/\/www.airpes.com\/wp-content\/uploads\/2020\/09\/FT_1941_LB17t-00-portada.jpg","type":"image\/jpeg"}],"twitter_card":"summary_large_image","twitter_site":"@AIRPES","twitter_misc":{"Tiempo de lectura":"1 minuto"},"schema":{"@context":"https:\/\/schema.org","@graph":[{"@type":["WebPage","ItemPage"],"@id":"https:\/\/www.airpes.com\/es\/product\/bastidor-elevador-palas-eolicas-ft-1941-lb17t\/","url":"https:\/\/www.airpes.com\/es\/product\/bastidor-elevador-palas-eolicas-ft-1941-lb17t\/","name":"Bastidor elevador para palas e\u00f3licas FT-1941-LB17T | Crosby Airpes","isPartOf":{"@id":"https:\/\/www.airpes.com\/es\/#website"},"primaryImageOfPage":{"@id":"https:\/\/www.airpes.com\/es\/product\/bastidor-elevador-palas-eolicas-ft-1941-lb17t\/#primaryimage"},"image":{"@id":"https:\/\/www.airpes.com\/es\/product\/bastidor-elevador-palas-eolicas-ft-1941-lb17t\/#primaryimage"},"thumbnailUrl":"https:\/\/www.airpes.com\/wp-content\/uploads\/2020\/09\/FT_1941_LB17t-00-portada.jpg","datePublished":"2020-09-22T15:25:05+00:00","dateModified":"2025-10-21T15:33:21+00:00","description":"Bastidor Elevador de Palas 17t | Material de elevaci\u00f3n para Industria E\u00f3lica: Airpes Airpes te ofrece equipos de elevaci\u00f3n para energ\u00eda e\u00f3lica, cont\u00e1ctanos.","breadcrumb":{"@id":"https:\/\/www.airpes.com\/es\/product\/bastidor-elevador-palas-eolicas-ft-1941-lb17t\/#breadcrumb"},"inLanguage":"es","potentialAction":[{"@type":"ReadAction","target":["https:\/\/www.airpes.com\/es\/product\/bastidor-elevador-palas-eolicas-ft-1941-lb17t\/"]}]},{"@type":"ImageObject","inLanguage":"es","@id":"https:\/\/www.airpes.com\/es\/product\/bastidor-elevador-palas-eolicas-ft-1941-lb17t\/#primaryimage","url":"https:\/\/www.airpes.com\/wp-content\/uploads\/2020\/09\/FT_1941_LB17t-00-portada.jpg","contentUrl":"https:\/\/www.airpes.com\/wp-content\/uploads\/2020\/09\/FT_1941_LB17t-00-portada.jpg","width":800,"height":1200},{"@type":"BreadcrumbList","@id":"https:\/\/www.airpes.com\/es\/product\/bastidor-elevador-palas-eolicas-ft-1941-lb17t\/#breadcrumb","itemListElement":[{"@type":"ListItem","position":1,"name":"Inicio","item":"https:\/\/www.airpes.com\/es\/"},{"@type":"ListItem","position":2,"name":"Productos","item":"https:\/\/www.airpes.com\/es\/shop\/"},{"@type":"ListItem","position":3,"name":"Bastidor elevador FT-1941-LB17T para el izado seguro de palas e\u00f3licas"}]},{"@type":"WebSite","@id":"https:\/\/www.airpes.com\/es\/#website","url":"https:\/\/www.airpes.com\/es\/","name":"Airpes","description":"Your lifting equipment supplier","publisher":{"@id":"https:\/\/www.airpes.com\/es\/#organization"},"potentialAction":[{"@type":"SearchAction","target":{"@type":"EntryPoint","urlTemplate":"https:\/\/www.airpes.com\/es\/?s={search_term_string}"},"query-input":{"@type":"PropertyValueSpecification","valueRequired":true,"valueName":"search_term_string"}}],"inLanguage":"es"},{"@type":"Organization","@id":"https:\/\/www.airpes.com\/es\/#organization","name":"Airpes","url":"https:\/\/www.airpes.com\/es\/","logo":{"@type":"ImageObject","inLanguage":"es","@id":"https:\/\/www.airpes.com\/es\/#\/schema\/logo\/image\/","url":"https:\/\/www.airpes.com\/wp-content\/uploads\/2020\/09\/logo.svg","contentUrl":"https:\/\/www.airpes.com\/wp-content\/uploads\/2020\/09\/logo.svg","width":193,"height":86,"caption":"Airpes"},"image":{"@id":"https:\/\/www.airpes.com\/es\/#\/schema\/logo\/image\/"},"sameAs":["https:\/\/www.facebook.com\/AIRPES","https:\/\/x.com\/AIRPES","https:\/\/www.instagram.com\/AIRPESlifting\/","https:\/\/www.linkedin.com\/company\/airpes"]}]}},"_links":{"self":[{"href":"https:\/\/www.airpes.com\/es\/wp-json\/wp\/v2\/product\/107633","targetHints":{"allow":["GET"]}}],"collection":[{"href":"https:\/\/www.airpes.com\/es\/wp-json\/wp\/v2\/product"}],"about":[{"href":"https:\/\/www.airpes.com\/es\/wp-json\/wp\/v2\/types\/product"}],"wp:featuredmedia":[{"embeddable":true,"href":"https:\/\/www.airpes.com\/es\/wp-json\/wp\/v2\/media\/102637"}],"wp:attachment":[{"href":"https:\/\/www.airpes.com\/es\/wp-json\/wp\/v2\/media?parent=107633"}],"wp:term":[{"taxonomy":"product_cat","embeddable":true,"href":"https:\/\/www.airpes.com\/es\/wp-json\/wp\/v2\/product_cat?post=107633"},{"taxonomy":"product_tag","embeddable":true,"href":"https:\/\/www.airpes.com\/es\/wp-json\/wp\/v2\/product_tag?post=107633"}],"curies":[{"name":"wp","href":"https:\/\/api.w.org\/{rel}","templated":true}]}}