{"id":107632,"date":"2020-09-22T15:21:28","date_gmt":"2020-09-22T15:21:28","guid":{"rendered":"https:\/\/www.airpes.com\/product\/ft_3117_winche\/"},"modified":"2022-01-14T09:05:11","modified_gmt":"2022-01-14T09:05:11","slug":"ft-3117-winche","status":"publish","type":"product","link":"https:\/\/www.airpes.com\/es\/product\/ft-3117-winche\/","title":{"rendered":"FT_3117_WINCHE"},"content":{"rendered":"<div class=\"wpb-content-wrapper\"><section class=\"vc_row wpb_row vc_row-fluid  vc_custom_1550641386235   vc_row-has-fill\"><div class=\"wpb_column vc_column_container col-xs-mobile-fullwidth vc_col-sm-12 vc_col-md-6 wow fadeIn\" data-wow-delay= 200ms data-wow-duration= 1500ms><div class=\"vc_column-inner  hongo_responsive_1566294673742\"><div class=\"wpb_wrapper\"><div class=\"text-block-content hongo-text-block-1 vc_custom_1600788084759 last-paragraph-no-margin\"><p><strong>Control total<\/strong><\/p>\n<p>Con nuestra herramienta y nuestra amplia experiencia en el sector de la elevaci\u00f3n, usted tendr\u00eda un control total sobre el proceso de instalaci\u00f3n de la cuchilla. Gracias a los m\u00faltiples sensores y dispositivos electr\u00f3nicos, como c\u00e9lulas de carga, velocidad del viento, codificador de la longitud del tambor, etc&#8230; usted sabr\u00e1 el estado de su pala, en cualquier momento.<\/p>\n<p><strong>Soluci\u00f3n electromec\u00e1nica<\/strong><\/p>\n<p>Mucho m\u00e1s que un simple cabestrante. Gracias a nuestros tambores activados electromec\u00e1nicamente, el cabrestante controla el levantamiento de la pala mientras comprueba que la cuerda est\u00e1 tensa en todo momento.<\/p>\n<p><strong>Multi-configuraci\u00f3n<\/strong><\/p>\n<p>Esta herramienta puede ser configurada para adaptarse a diferentes pesos (ajuste de contrapeso) y a diferentes interfaces de la hoja; por bridas, por anillos, etc&#8230; para que podamos encontrar su soluci\u00f3n m\u00e1s c\u00f3moda.<\/p>\n<p><strong>Readaptaci\u00f3n a medida<\/strong><\/p>\n<p>Cada fabricante de turbinas e\u00f3licas tiene su propia estrategia en la industria e\u00f3lica, y nos adaptamos a todas ellas. Gracias a un estudio previo y seg\u00fan sus requerimientos, podemos satisfacer sus necesidades para<\/p>\n<p><strong>Para el intercambio de cuchillas, no importa lo que sea<\/strong><\/p>\n<p>Esta herramienta no requiere, como otras soluciones que hemos desarrollado, que la cuchilla est\u00e9 en un \u00e1ngulo preciso, por lo que si su rodamiento est\u00e1 roto, su cuchilla, o no puede mover su sistema por cualquier raz\u00f3n, nuestra gr\u00faa puede ser su soluci\u00f3n.<\/p>\n<p><strong>Totalmente Orientable<\/strong><\/p>\n<p>La herramienta puede orientarse alrededor de la secci\u00f3n de la torre, as\u00ed que podemos alinearla con la barquilla y bajar (o subir) la cuchilla.<\/p>\n<p><strong>F\u00e1cil de transportar<\/strong><\/p>\n<p>Puede ser transportado en s\u00f3lo 40 pies. S\u00f3lo en un contenedor*<br \/>\n(*) Depende de tu readaptaci\u00f3n<\/p>\n<p><strong>M\u00e1s barata que una gr\u00faa<\/strong><\/p>\n<p>M\u00e1s barato que pagar un alquiler de gr\u00faa por d\u00eda, preg\u00fantenos por nuestro servicio de alquiler sin gr\u00faa.<\/p>\n<\/div><\/div><\/div><\/div><div class=\"wpb_column vc_column_container col-xs-mobile-fullwidth vc_col-sm-12 vc_col-md-6 wow fadeIn\" data-wow-delay= 400ms data-wow-duration= 1500ms><div class=\"vc_column-inner\"><div class=\"wpb_wrapper\"><div class=\"wpb_single_image   vc_custom_1600787876744 hongo-full-width-single-image\">\n\t\t\t<figure class=\"wpb_wrapper vc_figure\">\n\t\t\t\t<div class=\"vc_single_image-wrapper  \"><img loading=\"lazy\" decoding=\"async\" width=\"800\" height=\"675\" src=\"https:\/\/www.airpes.com\/wp-content\/uploads\/2020\/09\/FT_3117_WINCHE-destacado.jpg\" class=\"vc_single_image-img attachment-full\" alt=\"\" title=\"FT_3117_WINCHE-destacado\" srcset=\"https:\/\/www.airpes.com\/wp-content\/uploads\/2020\/09\/FT_3117_WINCHE-destacado.jpg 800w, https:\/\/www.airpes.com\/wp-content\/uploads\/2020\/09\/FT_3117_WINCHE-destacado-340x287.jpg 340w, https:\/\/www.airpes.com\/wp-content\/uploads\/2020\/09\/FT_3117_WINCHE-destacado-300x253.jpg 300w, https:\/\/www.airpes.com\/wp-content\/uploads\/2020\/09\/FT_3117_WINCHE-destacado-768x648.jpg 768w, https:\/\/www.airpes.com\/wp-content\/uploads\/2020\/09\/FT_3117_WINCHE-destacado-480x405.jpg 480w, https:\/\/www.airpes.com\/wp-content\/uploads\/2020\/09\/FT_3117_WINCHE-destacado-84x71.jpg 84w, https:\/\/www.airpes.com\/wp-content\/uploads\/2020\/09\/FT_3117_WINCHE-destacado-200x169.jpg 200w, https:\/\/www.airpes.com\/wp-content\/uploads\/2020\/09\/FT_3117_WINCHE-destacado-450x380.jpg 450w\" sizes=\"auto, (max-width: 800px) 100vw, 800px\" \/><\/div>\n\t\t\t<\/figure>\n\t\t\t\n\t\t<\/div><\/div><\/div><\/div><\/section>\n<\/div>","protected":false},"excerpt":{"rendered":"<p>Airpes ha desarrollado su propia soluci\u00f3n integral sin gr\u00faa, que puede ser adaptada a muchos aerogeneradores, desarrollando el dise\u00f1o, la ingenier\u00eda, los c\u00e1lculos, los reglamentos, el sistema de control del cabrestante, el control remoto, el software, el prototipo y el despliegue de herramientas.<\/p>\n<p>En Airpes hemos dise\u00f1ado un m\u00e9todo de elevaci\u00f3n que <strong>utiliza la estructura de la turbina e\u00f3lica como punto de apoyo.<\/strong> Hemos dise\u00f1ado una soluci\u00f3n que s\u00f3lo con cables y apretando a la base del generador en el suelo se elevar\u00e1 (o descender\u00e1 en caso de reparaciones) la pala de la turbina en unos pocos minutos. Esto permite a la empresa reparar o reemplazar un \u00e1labe en s\u00f3lo una fracci\u00f3n del tiempo que necesitar\u00eda con los otros m\u00e9todos.<\/p>\n<p>Cuando la torre y la g\u00f3ndola est\u00e1n correctamente ensambladas es <strong>el turno de levantar el rotor y luego las cuchillas.<\/strong> Hace unos a\u00f1os, cuando las turbinas e\u00f3licas eran relativamente peque\u00f1as -lo que cada vez es menos com\u00fan- el rotor se montaba con las palas ya acopladas, pero hoy en d\u00eda tenemos turbinas e\u00f3licas grandes y pesadas, por lo que levantar el rotor con sus tres palas ya acopladas es una tarea imposible. Es una estructura grande: decenas de toneladas de peso que deben ser levantadas a m\u00e1s de 100 metros de altura.<\/p>\n<p>En estos casos, primero se levanta e instala el rotor y luego las cuchillas se fijan a \u00e9l una por una. Precisamente para llevar a cabo esta tarea, Airpes ha dise\u00f1ado un <strong>sistema de elevaci\u00f3n de aerogeneradores sin gr\u00faa, utilizando la estructura y la torre del aerogenerador como soporte.<\/strong> Adem\u00e1s de simplificar la tarea, reducimos el coste del montaje: el precio por hora de alquiler de una gr\u00faa de gran tonelaje es extremadamente alto.<\/p>\n","protected":false},"featured_media":102629,"template":"","meta":{"_acf_changed":false,"inline_featured_image":false},"product_cat":[259,258,260,274],"product_tag":[],"class_list":{"0":"post-107632","1":"product","2":"type-product","3":"status-publish","4":"has-post-thumbnail","6":"product_cat-energia-eolica","7":"product_cat-equipamiento-palas-eolicas","8":"product_cat-onshore","9":"product_cat-sistema-intercambio-palas-eolicas-sin-grua","11":"first","12":"instock","13":"shipping-taxable","14":"product-type-simple"},"acf":[],"yoast_head":"<!-- This site is optimized with the Yoast SEO plugin v26.6 - https:\/\/yoast.com\/wordpress\/plugins\/seo\/ -->\n<title>Montaje de Parques E\u00f3licos y Ensamblaje de Turbinas | Airpes<\/title>\n<meta name=\"description\" content=\"Sistema de intercambio de palas de rotor de turbina e\u00f3lica sin gr\u00faa para montaje de parques e\u00f3licos y montaje de turbinas\" \/>\n<meta name=\"robots\" content=\"index, follow, max-snippet:-1, max-image-preview:large, max-video-preview:-1\" \/>\n<link rel=\"canonical\" href=\"https:\/\/www.airpes.com\/es\/product\/ft-3117-winche\/\" \/>\n<meta property=\"og:locale\" content=\"es_ES\" \/>\n<meta property=\"og:type\" content=\"article\" \/>\n<meta property=\"og:title\" content=\"Montaje de Parques E\u00f3licos y Ensamblaje de Turbinas | Airpes\" \/>\n<meta property=\"og:description\" content=\"Sistema de intercambio de palas de rotor de turbina e\u00f3lica sin gr\u00faa para montaje de parques e\u00f3licos y montaje de turbinas\" \/>\n<meta property=\"og:url\" content=\"https:\/\/www.airpes.com\/es\/product\/ft-3117-winche\/\" \/>\n<meta property=\"og:site_name\" content=\"Airpes\" \/>\n<meta property=\"article:publisher\" content=\"https:\/\/www.facebook.com\/AIRPES\" \/>\n<meta property=\"article:modified_time\" content=\"2022-01-14T09:05:11+00:00\" \/>\n<meta property=\"og:image\" content=\"https:\/\/www.airpes.com\/wp-content\/uploads\/2020\/09\/FT_3117_WINCHE-00-portada.jpg\" \/>\n\t<meta property=\"og:image:width\" content=\"800\" \/>\n\t<meta property=\"og:image:height\" content=\"1200\" \/>\n\t<meta property=\"og:image:type\" content=\"image\/jpeg\" \/>\n<meta name=\"twitter:card\" content=\"summary_large_image\" \/>\n<meta name=\"twitter:site\" content=\"@AIRPES\" \/>\n<meta name=\"twitter:label1\" content=\"Tiempo de lectura\" \/>\n\t<meta name=\"twitter:data1\" content=\"2 minutos\" \/>\n<script type=\"application\/ld+json\" class=\"yoast-schema-graph\">{\"@context\":\"https:\/\/schema.org\",\"@graph\":[{\"@type\":[\"WebPage\",\"ItemPage\"],\"@id\":\"https:\/\/www.airpes.com\/es\/product\/ft-3117-winche\/\",\"url\":\"https:\/\/www.airpes.com\/es\/product\/ft-3117-winche\/\",\"name\":\"Montaje de Parques E\u00f3licos y Ensamblaje de Turbinas | Airpes\",\"isPartOf\":{\"@id\":\"https:\/\/www.airpes.com\/es\/#website\"},\"primaryImageOfPage\":{\"@id\":\"https:\/\/www.airpes.com\/es\/product\/ft-3117-winche\/#primaryimage\"},\"image\":{\"@id\":\"https:\/\/www.airpes.com\/es\/product\/ft-3117-winche\/#primaryimage\"},\"thumbnailUrl\":\"https:\/\/www.airpes.com\/wp-content\/uploads\/2020\/09\/FT_3117_WINCHE-00-portada.jpg\",\"datePublished\":\"2020-09-22T15:21:28+00:00\",\"dateModified\":\"2022-01-14T09:05:11+00:00\",\"description\":\"Sistema de intercambio de palas de rotor de turbina e\u00f3lica sin gr\u00faa para montaje de parques e\u00f3licos y montaje de turbinas\",\"breadcrumb\":{\"@id\":\"https:\/\/www.airpes.com\/es\/product\/ft-3117-winche\/#breadcrumb\"},\"inLanguage\":\"es\",\"potentialAction\":[{\"@type\":\"ReadAction\",\"target\":[\"https:\/\/www.airpes.com\/es\/product\/ft-3117-winche\/\"]}]},{\"@type\":\"ImageObject\",\"inLanguage\":\"es\",\"@id\":\"https:\/\/www.airpes.com\/es\/product\/ft-3117-winche\/#primaryimage\",\"url\":\"https:\/\/www.airpes.com\/wp-content\/uploads\/2020\/09\/FT_3117_WINCHE-00-portada.jpg\",\"contentUrl\":\"https:\/\/www.airpes.com\/wp-content\/uploads\/2020\/09\/FT_3117_WINCHE-00-portada.jpg\",\"width\":800,\"height\":1200},{\"@type\":\"BreadcrumbList\",\"@id\":\"https:\/\/www.airpes.com\/es\/product\/ft-3117-winche\/#breadcrumb\",\"itemListElement\":[{\"@type\":\"ListItem\",\"position\":1,\"name\":\"Inicio\",\"item\":\"https:\/\/www.airpes.com\/es\/\"},{\"@type\":\"ListItem\",\"position\":2,\"name\":\"Productos\",\"item\":\"https:\/\/www.airpes.com\/es\/shop\/\"},{\"@type\":\"ListItem\",\"position\":3,\"name\":\"FT_3117_WINCHE\"}]},{\"@type\":\"WebSite\",\"@id\":\"https:\/\/www.airpes.com\/es\/#website\",\"url\":\"https:\/\/www.airpes.com\/es\/\",\"name\":\"Airpes\",\"description\":\"Your lifting equipment supplier\",\"publisher\":{\"@id\":\"https:\/\/www.airpes.com\/es\/#organization\"},\"potentialAction\":[{\"@type\":\"SearchAction\",\"target\":{\"@type\":\"EntryPoint\",\"urlTemplate\":\"https:\/\/www.airpes.com\/es\/?s={search_term_string}\"},\"query-input\":{\"@type\":\"PropertyValueSpecification\",\"valueRequired\":true,\"valueName\":\"search_term_string\"}}],\"inLanguage\":\"es\"},{\"@type\":\"Organization\",\"@id\":\"https:\/\/www.airpes.com\/es\/#organization\",\"name\":\"Airpes\",\"url\":\"https:\/\/www.airpes.com\/es\/\",\"logo\":{\"@type\":\"ImageObject\",\"inLanguage\":\"es\",\"@id\":\"https:\/\/www.airpes.com\/es\/#\/schema\/logo\/image\/\",\"url\":\"https:\/\/www.airpes.com\/wp-content\/uploads\/2020\/09\/logo.svg\",\"contentUrl\":\"https:\/\/www.airpes.com\/wp-content\/uploads\/2020\/09\/logo.svg\",\"width\":193,\"height\":86,\"caption\":\"Airpes\"},\"image\":{\"@id\":\"https:\/\/www.airpes.com\/es\/#\/schema\/logo\/image\/\"},\"sameAs\":[\"https:\/\/www.facebook.com\/AIRPES\",\"https:\/\/x.com\/AIRPES\",\"https:\/\/www.instagram.com\/AIRPESlifting\/\",\"https:\/\/www.linkedin.com\/company\/airpes\"]}]}<\/script>\n<!-- \/ Yoast SEO plugin. -->","yoast_head_json":{"title":"Montaje de Parques E\u00f3licos y Ensamblaje de Turbinas | Airpes","description":"Sistema de intercambio de palas de rotor de turbina e\u00f3lica sin gr\u00faa para montaje de parques e\u00f3licos y montaje de turbinas","robots":{"index":"index","follow":"follow","max-snippet":"max-snippet:-1","max-image-preview":"max-image-preview:large","max-video-preview":"max-video-preview:-1"},"canonical":"https:\/\/www.airpes.com\/es\/product\/ft-3117-winche\/","og_locale":"es_ES","og_type":"article","og_title":"Montaje de Parques E\u00f3licos y Ensamblaje de Turbinas | Airpes","og_description":"Sistema de intercambio de palas de rotor de turbina e\u00f3lica sin gr\u00faa para montaje de parques e\u00f3licos y montaje de turbinas","og_url":"https:\/\/www.airpes.com\/es\/product\/ft-3117-winche\/","og_site_name":"Airpes","article_publisher":"https:\/\/www.facebook.com\/AIRPES","article_modified_time":"2022-01-14T09:05:11+00:00","og_image":[{"width":800,"height":1200,"url":"https:\/\/www.airpes.com\/wp-content\/uploads\/2020\/09\/FT_3117_WINCHE-00-portada.jpg","type":"image\/jpeg"}],"twitter_card":"summary_large_image","twitter_site":"@AIRPES","twitter_misc":{"Tiempo de lectura":"2 minutos"},"schema":{"@context":"https:\/\/schema.org","@graph":[{"@type":["WebPage","ItemPage"],"@id":"https:\/\/www.airpes.com\/es\/product\/ft-3117-winche\/","url":"https:\/\/www.airpes.com\/es\/product\/ft-3117-winche\/","name":"Montaje de Parques E\u00f3licos y Ensamblaje de Turbinas | Airpes","isPartOf":{"@id":"https:\/\/www.airpes.com\/es\/#website"},"primaryImageOfPage":{"@id":"https:\/\/www.airpes.com\/es\/product\/ft-3117-winche\/#primaryimage"},"image":{"@id":"https:\/\/www.airpes.com\/es\/product\/ft-3117-winche\/#primaryimage"},"thumbnailUrl":"https:\/\/www.airpes.com\/wp-content\/uploads\/2020\/09\/FT_3117_WINCHE-00-portada.jpg","datePublished":"2020-09-22T15:21:28+00:00","dateModified":"2022-01-14T09:05:11+00:00","description":"Sistema de intercambio de palas de rotor de turbina e\u00f3lica sin gr\u00faa para montaje de parques e\u00f3licos y montaje de turbinas","breadcrumb":{"@id":"https:\/\/www.airpes.com\/es\/product\/ft-3117-winche\/#breadcrumb"},"inLanguage":"es","potentialAction":[{"@type":"ReadAction","target":["https:\/\/www.airpes.com\/es\/product\/ft-3117-winche\/"]}]},{"@type":"ImageObject","inLanguage":"es","@id":"https:\/\/www.airpes.com\/es\/product\/ft-3117-winche\/#primaryimage","url":"https:\/\/www.airpes.com\/wp-content\/uploads\/2020\/09\/FT_3117_WINCHE-00-portada.jpg","contentUrl":"https:\/\/www.airpes.com\/wp-content\/uploads\/2020\/09\/FT_3117_WINCHE-00-portada.jpg","width":800,"height":1200},{"@type":"BreadcrumbList","@id":"https:\/\/www.airpes.com\/es\/product\/ft-3117-winche\/#breadcrumb","itemListElement":[{"@type":"ListItem","position":1,"name":"Inicio","item":"https:\/\/www.airpes.com\/es\/"},{"@type":"ListItem","position":2,"name":"Productos","item":"https:\/\/www.airpes.com\/es\/shop\/"},{"@type":"ListItem","position":3,"name":"FT_3117_WINCHE"}]},{"@type":"WebSite","@id":"https:\/\/www.airpes.com\/es\/#website","url":"https:\/\/www.airpes.com\/es\/","name":"Airpes","description":"Your lifting equipment supplier","publisher":{"@id":"https:\/\/www.airpes.com\/es\/#organization"},"potentialAction":[{"@type":"SearchAction","target":{"@type":"EntryPoint","urlTemplate":"https:\/\/www.airpes.com\/es\/?s={search_term_string}"},"query-input":{"@type":"PropertyValueSpecification","valueRequired":true,"valueName":"search_term_string"}}],"inLanguage":"es"},{"@type":"Organization","@id":"https:\/\/www.airpes.com\/es\/#organization","name":"Airpes","url":"https:\/\/www.airpes.com\/es\/","logo":{"@type":"ImageObject","inLanguage":"es","@id":"https:\/\/www.airpes.com\/es\/#\/schema\/logo\/image\/","url":"https:\/\/www.airpes.com\/wp-content\/uploads\/2020\/09\/logo.svg","contentUrl":"https:\/\/www.airpes.com\/wp-content\/uploads\/2020\/09\/logo.svg","width":193,"height":86,"caption":"Airpes"},"image":{"@id":"https:\/\/www.airpes.com\/es\/#\/schema\/logo\/image\/"},"sameAs":["https:\/\/www.facebook.com\/AIRPES","https:\/\/x.com\/AIRPES","https:\/\/www.instagram.com\/AIRPESlifting\/","https:\/\/www.linkedin.com\/company\/airpes"]}]}},"_links":{"self":[{"href":"https:\/\/www.airpes.com\/es\/wp-json\/wp\/v2\/product\/107632","targetHints":{"allow":["GET"]}}],"collection":[{"href":"https:\/\/www.airpes.com\/es\/wp-json\/wp\/v2\/product"}],"about":[{"href":"https:\/\/www.airpes.com\/es\/wp-json\/wp\/v2\/types\/product"}],"wp:featuredmedia":[{"embeddable":true,"href":"https:\/\/www.airpes.com\/es\/wp-json\/wp\/v2\/media\/102629"}],"wp:attachment":[{"href":"https:\/\/www.airpes.com\/es\/wp-json\/wp\/v2\/media?parent=107632"}],"wp:term":[{"taxonomy":"product_cat","embeddable":true,"href":"https:\/\/www.airpes.com\/es\/wp-json\/wp\/v2\/product_cat?post=107632"},{"taxonomy":"product_tag","embeddable":true,"href":"https:\/\/www.airpes.com\/es\/wp-json\/wp\/v2\/product_tag?post=107632"}],"curies":[{"name":"wp","href":"https:\/\/api.w.org\/{rel}","templated":true}]}}