{"id":107625,"date":"2020-09-10T07:23:16","date_gmt":"2020-09-10T07:23:16","guid":{"rendered":"https:\/\/www.airpes.com\/product\/ge-asbi25t\/"},"modified":"2022-03-25T09:25:31","modified_gmt":"2022-03-25T09:25:31","slug":"util-instalacion-pala-eolica-ge-asbi25t","status":"publish","type":"product","link":"https:\/\/www.airpes.com\/es\/product\/util-instalacion-pala-eolica-ge-asbi25t\/","title":{"rendered":"GE-ASBI25t"},"content":{"rendered":"<div class=\"wpb-content-wrapper\"><section class=\"vc_row wpb_row vc_row-fluid  vc_custom_1550641386235   vc_row-has-fill\"><div class=\"wpb_column vc_column_container col-xs-mobile-fullwidth vc_col-sm-12 vc_col-md-6 wow fadeIn\" data-wow-delay= 200ms data-wow-duration= 1500ms><div class=\"vc_column-inner  hongo_responsive_1566294673742\"><div class=\"wpb_wrapper\"><div class=\"text-block-content hongo-text-block-1 vc_custom_1599723370109 last-paragraph-no-margin\"><p><b>[-5, +5] \u00ba Inclinaci\u00f3n<\/b><\/p>\n<p>La herramienta permite una inclinaci\u00f3n de la cuchilla para ajustar f\u00e1cilmente la instalaci\u00f3n en la g\u00f3ndola y evitar cualquier da\u00f1o durante la colocaci\u00f3n de la cuchilla.<\/p>\n<p><b>Iluminaci\u00f3n nocturna <\/b><\/p>\n<p>El sistema incluye capacidades de luces nocturnas para trabajar en ambientes de poca luz. Todas las luces son alimentadas por LED y pueden ser ajustadas gracias a su cabeza inclinable y sus imanes.<\/p>\n<p><b>Mando a distancia con retroalimentaci\u00f3n de datos<\/b><\/p>\n<p>El mando a distancia muestra informaci\u00f3n m\u00faltiple como la presi\u00f3n de las pinzas y la presi\u00f3n del sistema, adem\u00e1s de mostrar el estado detallado de la herramienta o cualquier alarma que pueda aparecer<\/p>\n<p><b>Multi-Palas<\/b><\/p>\n<p>La herramienta puede levantar hojas de m\u00faltiples tama\u00f1os y pesos de diferentes proveedores instalando la configuraci\u00f3n correcta de la hoja de asiento y hojas a\u00fan m\u00e1s grandes en el futuro.<\/p>\n<p>F\u00e1cil y r\u00e1pido de instalar entre las configuraciones<\/p>\n<p><b>Generador de combustible<\/b><\/p>\n<p>Con el nuevo generador de combustible compatible con TIER IV, el sistema puede ser usado en cualquier parte del mundo sin m\u00e1s complicaciones.<\/p>\n<p><b>Controlado por m\u00f3dem<\/b><\/p>\n<p>Todo el funcionamiento de la herramienta se puede controlar en cualquier parte del mundo gracias a la configuraci\u00f3n Modem, que permite a Airpes actualizar el soware; asistencia remota, etc &#8230;<\/p>\n<\/div><\/div><\/div><\/div><div class=\"wpb_column vc_column_container col-xs-mobile-fullwidth vc_col-sm-12 vc_col-md-6 wow fadeIn\" data-wow-delay= 400ms data-wow-duration= 1500ms><div class=\"vc_column-inner\"><div class=\"wpb_wrapper\"><div class=\"wpb_single_image   vc_custom_1600787560654 hongo-full-width-single-image\">\n\t\t\t<figure class=\"wpb_wrapper vc_figure\">\n\t\t\t\t<div class=\"vc_single_image-wrapper  \"><img loading=\"lazy\" decoding=\"async\" width=\"800\" height=\"675\" src=\"https:\/\/www.airpes.com\/wp-content\/uploads\/2020\/09\/FT_3169_ASBI25t-destacado.jpg\" class=\"vc_single_image-img attachment-full\" alt=\"\" title=\"FT_3169_ASBI25t-destacado\" srcset=\"https:\/\/www.airpes.com\/wp-content\/uploads\/2020\/09\/FT_3169_ASBI25t-destacado.jpg 800w, https:\/\/www.airpes.com\/wp-content\/uploads\/2020\/09\/FT_3169_ASBI25t-destacado-340x287.jpg 340w, https:\/\/www.airpes.com\/wp-content\/uploads\/2020\/09\/FT_3169_ASBI25t-destacado-300x253.jpg 300w, https:\/\/www.airpes.com\/wp-content\/uploads\/2020\/09\/FT_3169_ASBI25t-destacado-768x648.jpg 768w, https:\/\/www.airpes.com\/wp-content\/uploads\/2020\/09\/FT_3169_ASBI25t-destacado-480x405.jpg 480w, https:\/\/www.airpes.com\/wp-content\/uploads\/2020\/09\/FT_3169_ASBI25t-destacado-84x71.jpg 84w, https:\/\/www.airpes.com\/wp-content\/uploads\/2020\/09\/FT_3169_ASBI25t-destacado-200x169.jpg 200w, https:\/\/www.airpes.com\/wp-content\/uploads\/2020\/09\/FT_3169_ASBI25t-destacado-450x380.jpg 450w\" sizes=\"auto, (max-width: 800px) 100vw, 800px\" \/><\/div>\n\t\t\t<\/figure>\n\t\t\t\n\t\t<\/div><\/div><\/div><\/div><\/section>\n<\/div>","protected":false},"excerpt":{"rendered":"<p>El SBI es la herramienta perfecta para instalar palas de aerogeneradores de forma segura y bajo control. El accionamiento hidr\u00e1ulico a trav\u00e9s de un control remoto de control m\u00e1ximo de m\u00e1s de 100 m de ancho permite que la herramienta sujete la hoja de forma segura sin da\u00f1arla. Tambi\u00e9n permite inclinar la herramienta hasta 5\u00ba para ajustar la entrada de la ra\u00edz de la pala en el buje o evitar cualquier da\u00f1o en palas muy flexibles cuya punta se dobla tanto que sobrepasa el terreno.<\/p>\n<p>Gracias a la pantalla del mando a distancia y a todos los sensores instalados a lo largo de la m\u00e1quina, el control del sistema es informado al operador en todo momento; adem\u00e1s de utilizar nuestra experiencia en las herramientas de la gr\u00faa bajo el gancho e incorporar tambi\u00e9n indicaciones ac\u00fasticas y luminosas.<\/p>\n<p>Nuestra filosof\u00eda \u00abLift-and-go\u00bb permite que la herramienta est\u00e9 lista para trabajar, una vez instalada, con s\u00f3lo levantar el gancho principal, para que pueda ser operada sin m\u00e1s demora, esta velocidad permite que la herramienta instale hasta 3 palas, el aerogenerador en su totalidad, en un d\u00eda de trabajo.<\/p>\n","protected":false},"featured_media":102608,"template":"","meta":{"_acf_changed":false,"inline_featured_image":false},"product_cat":[257],"product_tag":[],"class_list":{"0":"post-107625","1":"product","2":"type-product","3":"status-publish","4":"has-post-thumbnail","6":"product_cat-pinzas-herramientas-instalacion","8":"first","9":"instock","10":"shipping-taxable","11":"product-type-simple"},"acf":[],"yoast_head":"<!-- This site is optimized with the Yoast SEO plugin v26.6 - https:\/\/yoast.com\/wordpress\/plugins\/seo\/ -->\n<title>Herramienta de Instalaci\u00f3n de una Hoja 25 mtn | Airpes<\/title>\n<meta name=\"description\" content=\"\u2714 La herramienta de instalaci\u00f3n de palas Airpes 25mtn es la herramienta perfecta para instalarlas de forma segura y bajo control.\" \/>\n<meta name=\"robots\" content=\"index, follow, max-snippet:-1, max-image-preview:large, max-video-preview:-1\" \/>\n<link rel=\"canonical\" href=\"https:\/\/www.airpes.com\/es\/product\/util-instalacion-pala-eolica-ge-asbi25t\/\" \/>\n<meta property=\"og:locale\" content=\"es_ES\" \/>\n<meta property=\"og:type\" content=\"article\" \/>\n<meta property=\"og:title\" content=\"Herramienta de Instalaci\u00f3n de una Hoja 25 mtn | Airpes\" \/>\n<meta property=\"og:description\" content=\"\u2714 La herramienta de instalaci\u00f3n de palas Airpes 25mtn es la herramienta perfecta para instalarlas de forma segura y bajo control.\" \/>\n<meta property=\"og:url\" content=\"https:\/\/www.airpes.com\/es\/product\/util-instalacion-pala-eolica-ge-asbi25t\/\" \/>\n<meta property=\"og:site_name\" content=\"Airpes\" \/>\n<meta property=\"article:publisher\" content=\"https:\/\/www.facebook.com\/AIRPES\" \/>\n<meta property=\"article:modified_time\" content=\"2022-03-25T09:25:31+00:00\" \/>\n<meta property=\"og:image\" content=\"https:\/\/www.airpes.com\/wp-content\/uploads\/2020\/09\/FT_3169_ASBI25t-00-PORTADA.jpg\" \/>\n\t<meta property=\"og:image:width\" content=\"800\" \/>\n\t<meta property=\"og:image:height\" content=\"1200\" \/>\n\t<meta property=\"og:image:type\" content=\"image\/jpeg\" \/>\n<meta name=\"twitter:card\" content=\"summary_large_image\" \/>\n<meta name=\"twitter:site\" content=\"@AIRPES\" \/>\n<meta name=\"twitter:label1\" content=\"Tiempo de lectura\" \/>\n\t<meta name=\"twitter:data1\" content=\"2 minutos\" \/>\n<script type=\"application\/ld+json\" class=\"yoast-schema-graph\">{\"@context\":\"https:\/\/schema.org\",\"@graph\":[{\"@type\":[\"WebPage\",\"ItemPage\"],\"@id\":\"https:\/\/www.airpes.com\/es\/product\/util-instalacion-pala-eolica-ge-asbi25t\/\",\"url\":\"https:\/\/www.airpes.com\/es\/product\/util-instalacion-pala-eolica-ge-asbi25t\/\",\"name\":\"Herramienta de Instalaci\u00f3n de una Hoja 25 mtn | Airpes\",\"isPartOf\":{\"@id\":\"https:\/\/www.airpes.com\/es\/#website\"},\"primaryImageOfPage\":{\"@id\":\"https:\/\/www.airpes.com\/es\/product\/util-instalacion-pala-eolica-ge-asbi25t\/#primaryimage\"},\"image\":{\"@id\":\"https:\/\/www.airpes.com\/es\/product\/util-instalacion-pala-eolica-ge-asbi25t\/#primaryimage\"},\"thumbnailUrl\":\"https:\/\/www.airpes.com\/wp-content\/uploads\/2020\/09\/FT_3169_ASBI25t-00-PORTADA.jpg\",\"datePublished\":\"2020-09-10T07:23:16+00:00\",\"dateModified\":\"2022-03-25T09:25:31+00:00\",\"description\":\"\u2714 La herramienta de instalaci\u00f3n de palas Airpes 25mtn es la herramienta perfecta para instalarlas de forma segura y bajo control.\",\"breadcrumb\":{\"@id\":\"https:\/\/www.airpes.com\/es\/product\/util-instalacion-pala-eolica-ge-asbi25t\/#breadcrumb\"},\"inLanguage\":\"es\",\"potentialAction\":[{\"@type\":\"ReadAction\",\"target\":[\"https:\/\/www.airpes.com\/es\/product\/util-instalacion-pala-eolica-ge-asbi25t\/\"]}]},{\"@type\":\"ImageObject\",\"inLanguage\":\"es\",\"@id\":\"https:\/\/www.airpes.com\/es\/product\/util-instalacion-pala-eolica-ge-asbi25t\/#primaryimage\",\"url\":\"https:\/\/www.airpes.com\/wp-content\/uploads\/2020\/09\/FT_3169_ASBI25t-00-PORTADA.jpg\",\"contentUrl\":\"https:\/\/www.airpes.com\/wp-content\/uploads\/2020\/09\/FT_3169_ASBI25t-00-PORTADA.jpg\",\"width\":800,\"height\":1200},{\"@type\":\"BreadcrumbList\",\"@id\":\"https:\/\/www.airpes.com\/es\/product\/util-instalacion-pala-eolica-ge-asbi25t\/#breadcrumb\",\"itemListElement\":[{\"@type\":\"ListItem\",\"position\":1,\"name\":\"Inicio\",\"item\":\"https:\/\/www.airpes.com\/es\/\"},{\"@type\":\"ListItem\",\"position\":2,\"name\":\"Productos\",\"item\":\"https:\/\/www.airpes.com\/es\/shop\/\"},{\"@type\":\"ListItem\",\"position\":3,\"name\":\"GE-ASBI25t\"}]},{\"@type\":\"WebSite\",\"@id\":\"https:\/\/www.airpes.com\/es\/#website\",\"url\":\"https:\/\/www.airpes.com\/es\/\",\"name\":\"Airpes\",\"description\":\"Your lifting equipment supplier\",\"publisher\":{\"@id\":\"https:\/\/www.airpes.com\/es\/#organization\"},\"potentialAction\":[{\"@type\":\"SearchAction\",\"target\":{\"@type\":\"EntryPoint\",\"urlTemplate\":\"https:\/\/www.airpes.com\/es\/?s={search_term_string}\"},\"query-input\":{\"@type\":\"PropertyValueSpecification\",\"valueRequired\":true,\"valueName\":\"search_term_string\"}}],\"inLanguage\":\"es\"},{\"@type\":\"Organization\",\"@id\":\"https:\/\/www.airpes.com\/es\/#organization\",\"name\":\"Airpes\",\"url\":\"https:\/\/www.airpes.com\/es\/\",\"logo\":{\"@type\":\"ImageObject\",\"inLanguage\":\"es\",\"@id\":\"https:\/\/www.airpes.com\/es\/#\/schema\/logo\/image\/\",\"url\":\"https:\/\/www.airpes.com\/wp-content\/uploads\/2020\/09\/logo.svg\",\"contentUrl\":\"https:\/\/www.airpes.com\/wp-content\/uploads\/2020\/09\/logo.svg\",\"width\":193,\"height\":86,\"caption\":\"Airpes\"},\"image\":{\"@id\":\"https:\/\/www.airpes.com\/es\/#\/schema\/logo\/image\/\"},\"sameAs\":[\"https:\/\/www.facebook.com\/AIRPES\",\"https:\/\/x.com\/AIRPES\",\"https:\/\/www.instagram.com\/AIRPESlifting\/\",\"https:\/\/www.linkedin.com\/company\/airpes\"]}]}<\/script>\n<!-- \/ Yoast SEO plugin. -->","yoast_head_json":{"title":"Herramienta de Instalaci\u00f3n de una Hoja 25 mtn | Airpes","description":"\u2714 La herramienta de instalaci\u00f3n de palas Airpes 25mtn es la herramienta perfecta para instalarlas de forma segura y bajo control.","robots":{"index":"index","follow":"follow","max-snippet":"max-snippet:-1","max-image-preview":"max-image-preview:large","max-video-preview":"max-video-preview:-1"},"canonical":"https:\/\/www.airpes.com\/es\/product\/util-instalacion-pala-eolica-ge-asbi25t\/","og_locale":"es_ES","og_type":"article","og_title":"Herramienta de Instalaci\u00f3n de una Hoja 25 mtn | Airpes","og_description":"\u2714 La herramienta de instalaci\u00f3n de palas Airpes 25mtn es la herramienta perfecta para instalarlas de forma segura y bajo control.","og_url":"https:\/\/www.airpes.com\/es\/product\/util-instalacion-pala-eolica-ge-asbi25t\/","og_site_name":"Airpes","article_publisher":"https:\/\/www.facebook.com\/AIRPES","article_modified_time":"2022-03-25T09:25:31+00:00","og_image":[{"width":800,"height":1200,"url":"https:\/\/www.airpes.com\/wp-content\/uploads\/2020\/09\/FT_3169_ASBI25t-00-PORTADA.jpg","type":"image\/jpeg"}],"twitter_card":"summary_large_image","twitter_site":"@AIRPES","twitter_misc":{"Tiempo de lectura":"2 minutos"},"schema":{"@context":"https:\/\/schema.org","@graph":[{"@type":["WebPage","ItemPage"],"@id":"https:\/\/www.airpes.com\/es\/product\/util-instalacion-pala-eolica-ge-asbi25t\/","url":"https:\/\/www.airpes.com\/es\/product\/util-instalacion-pala-eolica-ge-asbi25t\/","name":"Herramienta de Instalaci\u00f3n de una Hoja 25 mtn | Airpes","isPartOf":{"@id":"https:\/\/www.airpes.com\/es\/#website"},"primaryImageOfPage":{"@id":"https:\/\/www.airpes.com\/es\/product\/util-instalacion-pala-eolica-ge-asbi25t\/#primaryimage"},"image":{"@id":"https:\/\/www.airpes.com\/es\/product\/util-instalacion-pala-eolica-ge-asbi25t\/#primaryimage"},"thumbnailUrl":"https:\/\/www.airpes.com\/wp-content\/uploads\/2020\/09\/FT_3169_ASBI25t-00-PORTADA.jpg","datePublished":"2020-09-10T07:23:16+00:00","dateModified":"2022-03-25T09:25:31+00:00","description":"\u2714 La herramienta de instalaci\u00f3n de palas Airpes 25mtn es la herramienta perfecta para instalarlas de forma segura y bajo control.","breadcrumb":{"@id":"https:\/\/www.airpes.com\/es\/product\/util-instalacion-pala-eolica-ge-asbi25t\/#breadcrumb"},"inLanguage":"es","potentialAction":[{"@type":"ReadAction","target":["https:\/\/www.airpes.com\/es\/product\/util-instalacion-pala-eolica-ge-asbi25t\/"]}]},{"@type":"ImageObject","inLanguage":"es","@id":"https:\/\/www.airpes.com\/es\/product\/util-instalacion-pala-eolica-ge-asbi25t\/#primaryimage","url":"https:\/\/www.airpes.com\/wp-content\/uploads\/2020\/09\/FT_3169_ASBI25t-00-PORTADA.jpg","contentUrl":"https:\/\/www.airpes.com\/wp-content\/uploads\/2020\/09\/FT_3169_ASBI25t-00-PORTADA.jpg","width":800,"height":1200},{"@type":"BreadcrumbList","@id":"https:\/\/www.airpes.com\/es\/product\/util-instalacion-pala-eolica-ge-asbi25t\/#breadcrumb","itemListElement":[{"@type":"ListItem","position":1,"name":"Inicio","item":"https:\/\/www.airpes.com\/es\/"},{"@type":"ListItem","position":2,"name":"Productos","item":"https:\/\/www.airpes.com\/es\/shop\/"},{"@type":"ListItem","position":3,"name":"GE-ASBI25t"}]},{"@type":"WebSite","@id":"https:\/\/www.airpes.com\/es\/#website","url":"https:\/\/www.airpes.com\/es\/","name":"Airpes","description":"Your lifting equipment supplier","publisher":{"@id":"https:\/\/www.airpes.com\/es\/#organization"},"potentialAction":[{"@type":"SearchAction","target":{"@type":"EntryPoint","urlTemplate":"https:\/\/www.airpes.com\/es\/?s={search_term_string}"},"query-input":{"@type":"PropertyValueSpecification","valueRequired":true,"valueName":"search_term_string"}}],"inLanguage":"es"},{"@type":"Organization","@id":"https:\/\/www.airpes.com\/es\/#organization","name":"Airpes","url":"https:\/\/www.airpes.com\/es\/","logo":{"@type":"ImageObject","inLanguage":"es","@id":"https:\/\/www.airpes.com\/es\/#\/schema\/logo\/image\/","url":"https:\/\/www.airpes.com\/wp-content\/uploads\/2020\/09\/logo.svg","contentUrl":"https:\/\/www.airpes.com\/wp-content\/uploads\/2020\/09\/logo.svg","width":193,"height":86,"caption":"Airpes"},"image":{"@id":"https:\/\/www.airpes.com\/es\/#\/schema\/logo\/image\/"},"sameAs":["https:\/\/www.facebook.com\/AIRPES","https:\/\/x.com\/AIRPES","https:\/\/www.instagram.com\/AIRPESlifting\/","https:\/\/www.linkedin.com\/company\/airpes"]}]}},"_links":{"self":[{"href":"https:\/\/www.airpes.com\/es\/wp-json\/wp\/v2\/product\/107625","targetHints":{"allow":["GET"]}}],"collection":[{"href":"https:\/\/www.airpes.com\/es\/wp-json\/wp\/v2\/product"}],"about":[{"href":"https:\/\/www.airpes.com\/es\/wp-json\/wp\/v2\/types\/product"}],"wp:featuredmedia":[{"embeddable":true,"href":"https:\/\/www.airpes.com\/es\/wp-json\/wp\/v2\/media\/102608"}],"wp:attachment":[{"href":"https:\/\/www.airpes.com\/es\/wp-json\/wp\/v2\/media?parent=107625"}],"wp:term":[{"taxonomy":"product_cat","embeddable":true,"href":"https:\/\/www.airpes.com\/es\/wp-json\/wp\/v2\/product_cat?post=107625"},{"taxonomy":"product_tag","embeddable":true,"href":"https:\/\/www.airpes.com\/es\/wp-json\/wp\/v2\/product_tag?post=107625"}],"curies":[{"name":"wp","href":"https:\/\/api.w.org\/{rel}","templated":true}]}}