{"id":107624,"date":"2020-09-22T15:11:41","date_gmt":"2020-09-22T15:11:41","guid":{"rendered":"https:\/\/www.airpes.com\/product\/sgre-g145\/"},"modified":"2022-03-25T09:22:56","modified_gmt":"2022-03-25T09:22:56","slug":"pinza-sgre-g145","status":"publish","type":"product","link":"https:\/\/www.airpes.com\/es\/product\/pinza-sgre-g145\/","title":{"rendered":"SGRE-G145"},"content":{"rendered":"<div class=\"wpb-content-wrapper\"><section class=\"vc_row wpb_row vc_row-fluid  vc_custom_1550641386235   vc_row-has-fill\"><div class=\"wpb_column vc_column_container col-xs-mobile-fullwidth vc_col-sm-12 vc_col-md-6 wow fadeIn\" data-wow-delay= 200ms data-wow-duration= 1500ms><div class=\"vc_column-inner  hongo_responsive_1566294673742\"><div class=\"wpb_wrapper\"><div class=\"text-block-content hongo-text-block-1 vc_custom_1600787383509 last-paragraph-no-margin\"><p><strong>Iluminaci\u00f3n nocturna (Opcional)<\/strong><\/p>\n<p>El sistema incluye capacidades de luces nocturnas para trabajar en ambientes de poca luz. Todas las luces son alimentadas por LED y pueden ser ajustadas gracias a su cabeza inclinable y sus imanes.<\/p>\n<p><strong>Mando a distancia con retroalimentaci\u00f3n de datos (Opcional)<\/strong><\/p>\n<p>El mando a distancia muestra informaci\u00f3n m\u00faltiple como la presi\u00f3n de la pinza y la presi\u00f3n del sistema, as\u00ed como el estado detallado de la herramienta o cualquier alarma que pueda aparecer.<\/p>\n<p><strong>Multi-Palas<\/strong><br \/>\nLa herramienta puede liar hojas de m\u00faltiples tama\u00f1os y pesos de diferentes proveedores instalando la configuraci\u00f3n correcta de la hoja de asiento y hojas a\u00fan m\u00e1s grandes en el futuro.<\/p>\n<p><strong>Alimentaci\u00f3n de la bater\u00eda<\/strong><br \/>\nCon un control UPS y un sistema de bater\u00edas que puede ser cargado en menos de 4 horas; el sistema puede funcionar completamente durante un d\u00eda de trabajo.<\/p>\n<p><strong>Controlado por m\u00f3dem<\/strong><br \/>\nToda la operaci\u00f3n de la herramienta puede ser controlada en cualquier parte del mundo gracias a la configuraci\u00f3n del Modem, que permite a Airpes actualizar el soware; asistencia remota, etc&#8230;<\/p>\n<p><strong>Extensi\u00f3n de la l\u00ednea de la etiqueta (Opcional)<\/strong><br \/>\nLa herramienta puede ampliar sus capacidades agregando ap\u00e9ndices de l\u00edneas de etiquetas hechas a medida, de modo que la fuerza necesaria para hacer girar todo el sistema Clamp-Blade es f\u00e1cil y r\u00e1pida.<\/p>\n<\/div><\/div><\/div><\/div><div class=\"wpb_column vc_column_container col-xs-mobile-fullwidth vc_col-sm-12 vc_col-md-6 wow fadeIn\" data-wow-delay= 400ms data-wow-duration= 1500ms><div class=\"vc_column-inner\"><div class=\"wpb_wrapper\"><div class=\"wpb_single_image   vc_custom_1600787402781 hongo-full-width-single-image\">\n\t\t\t<figure class=\"wpb_wrapper vc_figure\">\n\t\t\t\t<div class=\"vc_single_image-wrapper  \"><img loading=\"lazy\" decoding=\"async\" width=\"800\" height=\"675\" src=\"https:\/\/www.airpes.com\/wp-content\/uploads\/2020\/09\/FT_3206_SGREC30t-DESTACADO.jpg\" class=\"vc_single_image-img attachment-full\" alt=\"\" title=\"FT_3206_SGREC30t-DESTACADO\" srcset=\"https:\/\/www.airpes.com\/wp-content\/uploads\/2020\/09\/FT_3206_SGREC30t-DESTACADO.jpg 800w, https:\/\/www.airpes.com\/wp-content\/uploads\/2020\/09\/FT_3206_SGREC30t-DESTACADO-340x287.jpg 340w, https:\/\/www.airpes.com\/wp-content\/uploads\/2020\/09\/FT_3206_SGREC30t-DESTACADO-300x253.jpg 300w, https:\/\/www.airpes.com\/wp-content\/uploads\/2020\/09\/FT_3206_SGREC30t-DESTACADO-768x648.jpg 768w, https:\/\/www.airpes.com\/wp-content\/uploads\/2020\/09\/FT_3206_SGREC30t-DESTACADO-480x405.jpg 480w, https:\/\/www.airpes.com\/wp-content\/uploads\/2020\/09\/FT_3206_SGREC30t-DESTACADO-84x71.jpg 84w, https:\/\/www.airpes.com\/wp-content\/uploads\/2020\/09\/FT_3206_SGREC30t-DESTACADO-200x169.jpg 200w, https:\/\/www.airpes.com\/wp-content\/uploads\/2020\/09\/FT_3206_SGREC30t-DESTACADO-450x380.jpg 450w\" sizes=\"auto, (max-width: 800px) 100vw, 800px\" \/><\/div>\n\t\t\t<\/figure>\n\t\t\t\n\t\t<\/div><\/div><\/div><\/div><\/section>\n<\/div>","protected":false},"excerpt":{"rendered":"<p>La pinza para 30t es una soluci\u00f3n a medida para uno de nuestros clientes m\u00e1s antiguos. Dise\u00f1adas y fabricadas en 2019 por Airpes forman una generaci\u00f3n de abrazaderas a largo plazo, incluyendo la G-125 y la G-114 como predecesoras, la Abrazadera 30t es la \u00faltima evoluci\u00f3n de las abrazaderas de cuchilla o de las herramientas de instalaci\u00f3n de una sola cuchilla.<br \/>\nPuede retener 30t, llegando hasta 45t para futuras palas. Puede ser readaptada de m\u00faltiples maneras, permitiendo al sistema utilizar TODAS las cuchillas de sus predecesores.<\/p>\n<p>Este sistema se fabrica siguiendo el enfoque ascendente, desarrollando semim\u00e1quinas o componentes que pueden manipularse, revisarse o evolucionar individualmente a fin de proporcionar una soluci\u00f3n completa, que pueda adaptarse a las necesidades de cualquier persona.<\/p>\n<p>Puede ser transportado en un contenedor Open-Top de 40 pies, y puede ser enviado a cualquier lugar.<\/p>\n","protected":false},"featured_media":102623,"template":"","meta":{"_acf_changed":false,"inline_featured_image":false},"product_cat":[259,258,260,257],"product_tag":[],"class_list":{"0":"post-107624","1":"product","2":"type-product","3":"status-publish","4":"has-post-thumbnail","6":"product_cat-energia-eolica","7":"product_cat-equipamiento-palas-eolicas","8":"product_cat-onshore","9":"product_cat-pinzas-herramientas-instalacion","11":"first","12":"instock","13":"shipping-taxable","14":"product-type-simple"},"acf":[],"yoast_head":"<!-- This site is optimized with the Yoast SEO plugin v27.5 - https:\/\/yoast.com\/product\/yoast-seo-wordpress\/ -->\n<title>Pinza Abrazadera SGRE-G145: Soluci\u00f3n a Medida | Airpes<\/title>\n<meta name=\"description\" content=\"\u2714 La pinza 30t es la \u00faltima evoluci\u00f3n de las pinzas de palas y de las herramientas de instalaci\u00f3n de palas.\" \/>\n<meta name=\"robots\" content=\"index, follow, max-snippet:-1, max-image-preview:large, max-video-preview:-1\" \/>\n<link rel=\"canonical\" href=\"https:\/\/www.airpes.com\/es\/product\/pinza-sgre-g145\/\" \/>\n<meta property=\"og:locale\" content=\"es_ES\" \/>\n<meta property=\"og:type\" content=\"article\" \/>\n<meta property=\"og:title\" content=\"Pinza Abrazadera SGRE-G145: Soluci\u00f3n a Medida | Airpes\" \/>\n<meta property=\"og:description\" content=\"\u2714 La pinza 30t es la \u00faltima evoluci\u00f3n de las pinzas de palas y de las herramientas de instalaci\u00f3n de palas.\" \/>\n<meta property=\"og:url\" content=\"https:\/\/www.airpes.com\/es\/product\/pinza-sgre-g145\/\" \/>\n<meta property=\"og:site_name\" content=\"Airpes\" \/>\n<meta property=\"article:publisher\" content=\"https:\/\/www.facebook.com\/AIRPES\" \/>\n<meta property=\"article:modified_time\" content=\"2022-03-25T09:22:56+00:00\" \/>\n<meta property=\"og:image\" content=\"https:\/\/www.airpes.com\/wp-content\/uploads\/2020\/09\/FT_3206_SGREC30t-00-PORTADA.jpg\" \/>\n\t<meta property=\"og:image:width\" content=\"800\" \/>\n\t<meta property=\"og:image:height\" content=\"1200\" \/>\n\t<meta property=\"og:image:type\" content=\"image\/jpeg\" \/>\n<meta name=\"twitter:card\" content=\"summary_large_image\" \/>\n<meta name=\"twitter:site\" content=\"@AIRPES\" \/>\n<meta name=\"twitter:label1\" content=\"Tiempo de lectura\" \/>\n\t<meta name=\"twitter:data1\" content=\"2 minutos\" \/>\n<script type=\"application\/ld+json\" class=\"yoast-schema-graph\">{\"@context\":\"https:\\\/\\\/schema.org\",\"@graph\":[{\"@type\":[\"WebPage\",\"ItemPage\"],\"@id\":\"https:\\\/\\\/www.airpes.com\\\/es\\\/product\\\/pinza-sgre-g145\\\/\",\"url\":\"https:\\\/\\\/www.airpes.com\\\/es\\\/product\\\/pinza-sgre-g145\\\/\",\"name\":\"Pinza Abrazadera SGRE-G145: Soluci\u00f3n a Medida | Airpes\",\"isPartOf\":{\"@id\":\"https:\\\/\\\/www.airpes.com\\\/es\\\/#website\"},\"primaryImageOfPage\":{\"@id\":\"https:\\\/\\\/www.airpes.com\\\/es\\\/product\\\/pinza-sgre-g145\\\/#primaryimage\"},\"image\":{\"@id\":\"https:\\\/\\\/www.airpes.com\\\/es\\\/product\\\/pinza-sgre-g145\\\/#primaryimage\"},\"thumbnailUrl\":\"https:\\\/\\\/www.airpes.com\\\/wp-content\\\/uploads\\\/2020\\\/09\\\/FT_3206_SGREC30t-00-PORTADA.jpg\",\"datePublished\":\"2020-09-22T15:11:41+00:00\",\"dateModified\":\"2022-03-25T09:22:56+00:00\",\"description\":\"\u2714 La pinza 30t es la \u00faltima evoluci\u00f3n de las pinzas de palas y de las herramientas de instalaci\u00f3n de palas.\",\"breadcrumb\":{\"@id\":\"https:\\\/\\\/www.airpes.com\\\/es\\\/product\\\/pinza-sgre-g145\\\/#breadcrumb\"},\"inLanguage\":\"es\",\"potentialAction\":[{\"@type\":\"ReadAction\",\"target\":[\"https:\\\/\\\/www.airpes.com\\\/es\\\/product\\\/pinza-sgre-g145\\\/\"]}]},{\"@type\":\"ImageObject\",\"inLanguage\":\"es\",\"@id\":\"https:\\\/\\\/www.airpes.com\\\/es\\\/product\\\/pinza-sgre-g145\\\/#primaryimage\",\"url\":\"https:\\\/\\\/www.airpes.com\\\/wp-content\\\/uploads\\\/2020\\\/09\\\/FT_3206_SGREC30t-00-PORTADA.jpg\",\"contentUrl\":\"https:\\\/\\\/www.airpes.com\\\/wp-content\\\/uploads\\\/2020\\\/09\\\/FT_3206_SGREC30t-00-PORTADA.jpg\",\"width\":800,\"height\":1200},{\"@type\":\"BreadcrumbList\",\"@id\":\"https:\\\/\\\/www.airpes.com\\\/es\\\/product\\\/pinza-sgre-g145\\\/#breadcrumb\",\"itemListElement\":[{\"@type\":\"ListItem\",\"position\":1,\"name\":\"Inicio\",\"item\":\"https:\\\/\\\/www.airpes.com\\\/es\\\/\"},{\"@type\":\"ListItem\",\"position\":2,\"name\":\"Productos\",\"item\":\"https:\\\/\\\/www.airpes.com\\\/es\\\/shop\\\/\"},{\"@type\":\"ListItem\",\"position\":3,\"name\":\"SGRE-G145\"}]},{\"@type\":\"WebSite\",\"@id\":\"https:\\\/\\\/www.airpes.com\\\/es\\\/#website\",\"url\":\"https:\\\/\\\/www.airpes.com\\\/es\\\/\",\"name\":\"Airpes\",\"description\":\"Your lifting equipment supplier\",\"publisher\":{\"@id\":\"https:\\\/\\\/www.airpes.com\\\/es\\\/#organization\"},\"potentialAction\":[{\"@type\":\"SearchAction\",\"target\":{\"@type\":\"EntryPoint\",\"urlTemplate\":\"https:\\\/\\\/www.airpes.com\\\/es\\\/?s={search_term_string}\"},\"query-input\":{\"@type\":\"PropertyValueSpecification\",\"valueRequired\":true,\"valueName\":\"search_term_string\"}}],\"inLanguage\":\"es\"},{\"@type\":\"Organization\",\"@id\":\"https:\\\/\\\/www.airpes.com\\\/es\\\/#organization\",\"name\":\"Airpes\",\"url\":\"https:\\\/\\\/www.airpes.com\\\/es\\\/\",\"logo\":{\"@type\":\"ImageObject\",\"inLanguage\":\"es\",\"@id\":\"https:\\\/\\\/www.airpes.com\\\/es\\\/#\\\/schema\\\/logo\\\/image\\\/\",\"url\":\"https:\\\/\\\/www.airpes.com\\\/wp-content\\\/uploads\\\/2020\\\/09\\\/logo.svg\",\"contentUrl\":\"https:\\\/\\\/www.airpes.com\\\/wp-content\\\/uploads\\\/2020\\\/09\\\/logo.svg\",\"width\":193,\"height\":86,\"caption\":\"Airpes\"},\"image\":{\"@id\":\"https:\\\/\\\/www.airpes.com\\\/es\\\/#\\\/schema\\\/logo\\\/image\\\/\"},\"sameAs\":[\"https:\\\/\\\/www.facebook.com\\\/AIRPES\",\"https:\\\/\\\/x.com\\\/AIRPES\",\"https:\\\/\\\/www.instagram.com\\\/AIRPESlifting\\\/\",\"https:\\\/\\\/www.linkedin.com\\\/company\\\/airpes\"]}]}<\/script>\n<!-- \/ Yoast SEO plugin. -->","yoast_head_json":{"title":"Pinza Abrazadera SGRE-G145: Soluci\u00f3n a Medida | Airpes","description":"\u2714 La pinza 30t es la \u00faltima evoluci\u00f3n de las pinzas de palas y de las herramientas de instalaci\u00f3n de palas.","robots":{"index":"index","follow":"follow","max-snippet":"max-snippet:-1","max-image-preview":"max-image-preview:large","max-video-preview":"max-video-preview:-1"},"canonical":"https:\/\/www.airpes.com\/es\/product\/pinza-sgre-g145\/","og_locale":"es_ES","og_type":"article","og_title":"Pinza Abrazadera SGRE-G145: Soluci\u00f3n a Medida | Airpes","og_description":"\u2714 La pinza 30t es la \u00faltima evoluci\u00f3n de las pinzas de palas y de las herramientas de instalaci\u00f3n de palas.","og_url":"https:\/\/www.airpes.com\/es\/product\/pinza-sgre-g145\/","og_site_name":"Airpes","article_publisher":"https:\/\/www.facebook.com\/AIRPES","article_modified_time":"2022-03-25T09:22:56+00:00","og_image":[{"width":800,"height":1200,"url":"https:\/\/www.airpes.com\/wp-content\/uploads\/2020\/09\/FT_3206_SGREC30t-00-PORTADA.jpg","type":"image\/jpeg"}],"twitter_card":"summary_large_image","twitter_site":"@AIRPES","twitter_misc":{"Tiempo de lectura":"2 minutos"},"schema":{"@context":"https:\/\/schema.org","@graph":[{"@type":["WebPage","ItemPage"],"@id":"https:\/\/www.airpes.com\/es\/product\/pinza-sgre-g145\/","url":"https:\/\/www.airpes.com\/es\/product\/pinza-sgre-g145\/","name":"Pinza Abrazadera SGRE-G145: Soluci\u00f3n a Medida | Airpes","isPartOf":{"@id":"https:\/\/www.airpes.com\/es\/#website"},"primaryImageOfPage":{"@id":"https:\/\/www.airpes.com\/es\/product\/pinza-sgre-g145\/#primaryimage"},"image":{"@id":"https:\/\/www.airpes.com\/es\/product\/pinza-sgre-g145\/#primaryimage"},"thumbnailUrl":"https:\/\/www.airpes.com\/wp-content\/uploads\/2020\/09\/FT_3206_SGREC30t-00-PORTADA.jpg","datePublished":"2020-09-22T15:11:41+00:00","dateModified":"2022-03-25T09:22:56+00:00","description":"\u2714 La pinza 30t es la \u00faltima evoluci\u00f3n de las pinzas de palas y de las herramientas de instalaci\u00f3n de palas.","breadcrumb":{"@id":"https:\/\/www.airpes.com\/es\/product\/pinza-sgre-g145\/#breadcrumb"},"inLanguage":"es","potentialAction":[{"@type":"ReadAction","target":["https:\/\/www.airpes.com\/es\/product\/pinza-sgre-g145\/"]}]},{"@type":"ImageObject","inLanguage":"es","@id":"https:\/\/www.airpes.com\/es\/product\/pinza-sgre-g145\/#primaryimage","url":"https:\/\/www.airpes.com\/wp-content\/uploads\/2020\/09\/FT_3206_SGREC30t-00-PORTADA.jpg","contentUrl":"https:\/\/www.airpes.com\/wp-content\/uploads\/2020\/09\/FT_3206_SGREC30t-00-PORTADA.jpg","width":800,"height":1200},{"@type":"BreadcrumbList","@id":"https:\/\/www.airpes.com\/es\/product\/pinza-sgre-g145\/#breadcrumb","itemListElement":[{"@type":"ListItem","position":1,"name":"Inicio","item":"https:\/\/www.airpes.com\/es\/"},{"@type":"ListItem","position":2,"name":"Productos","item":"https:\/\/www.airpes.com\/es\/shop\/"},{"@type":"ListItem","position":3,"name":"SGRE-G145"}]},{"@type":"WebSite","@id":"https:\/\/www.airpes.com\/es\/#website","url":"https:\/\/www.airpes.com\/es\/","name":"Airpes","description":"Your lifting equipment supplier","publisher":{"@id":"https:\/\/www.airpes.com\/es\/#organization"},"potentialAction":[{"@type":"SearchAction","target":{"@type":"EntryPoint","urlTemplate":"https:\/\/www.airpes.com\/es\/?s={search_term_string}"},"query-input":{"@type":"PropertyValueSpecification","valueRequired":true,"valueName":"search_term_string"}}],"inLanguage":"es"},{"@type":"Organization","@id":"https:\/\/www.airpes.com\/es\/#organization","name":"Airpes","url":"https:\/\/www.airpes.com\/es\/","logo":{"@type":"ImageObject","inLanguage":"es","@id":"https:\/\/www.airpes.com\/es\/#\/schema\/logo\/image\/","url":"https:\/\/www.airpes.com\/wp-content\/uploads\/2020\/09\/logo.svg","contentUrl":"https:\/\/www.airpes.com\/wp-content\/uploads\/2020\/09\/logo.svg","width":193,"height":86,"caption":"Airpes"},"image":{"@id":"https:\/\/www.airpes.com\/es\/#\/schema\/logo\/image\/"},"sameAs":["https:\/\/www.facebook.com\/AIRPES","https:\/\/x.com\/AIRPES","https:\/\/www.instagram.com\/AIRPESlifting\/","https:\/\/www.linkedin.com\/company\/airpes"]}]}},"_links":{"self":[{"href":"https:\/\/www.airpes.com\/es\/wp-json\/wp\/v2\/product\/107624","targetHints":{"allow":["GET"]}}],"collection":[{"href":"https:\/\/www.airpes.com\/es\/wp-json\/wp\/v2\/product"}],"about":[{"href":"https:\/\/www.airpes.com\/es\/wp-json\/wp\/v2\/types\/product"}],"wp:featuredmedia":[{"embeddable":true,"href":"https:\/\/www.airpes.com\/es\/wp-json\/wp\/v2\/media\/102623"}],"wp:attachment":[{"href":"https:\/\/www.airpes.com\/es\/wp-json\/wp\/v2\/media?parent=107624"}],"wp:term":[{"taxonomy":"product_cat","embeddable":true,"href":"https:\/\/www.airpes.com\/es\/wp-json\/wp\/v2\/product_cat?post=107624"},{"taxonomy":"product_tag","embeddable":true,"href":"https:\/\/www.airpes.com\/es\/wp-json\/wp\/v2\/product_tag?post=107624"}],"curies":[{"name":"wp","href":"https:\/\/api.w.org\/{rel}","templated":true}]}}