{"id":108610,"date":"2020-11-25T08:29:02","date_gmt":"2020-11-25T08:29:02","guid":{"rendered":"https:\/\/www.airpes.com\/privacy-policy\/"},"modified":"2023-07-04T07:19:17","modified_gmt":"2023-07-04T07:19:17","slug":"privacy-policy","status":"publish","type":"page","link":"https:\/\/www.airpes.com\/es\/privacy-policy\/","title":{"rendered":"POL\u00cdTICA DE PRIVACIDAD"},"content":{"rendered":"<p>La Pol\u00edtica de privacidad que se establece a continuaci\u00f3n se aplica a todos los servicios de este Sitio y tambi\u00e9n a las p\u00e1ginas y servicios con los que este Sitio se pueda extender en el futuro.<br \/>\nAl aceptar la Pol\u00edtica de privacidad, acepta expresamente todas las condiciones incluidas en esta Pol\u00edtica de privacidad. El servicio del Sitio solo se proporciona por el tiempo que est\u00e1 conectado al Sitio o a cualquiera de los servicios disponibles en el Sitio. Por lo tanto, se pueden hacer cambios a la Pol\u00edtica de privacidad y sus t\u00e9rminos de uso.<\/p>\n<p>El contenido de nuestra Pol\u00edtica de privacidad lo ayudar\u00e1 a familiarizarse con el tipo de datos que recopilamos, qu\u00e9 hacemos con dichos datos, sus derechos y nuestras obligaciones en relaci\u00f3n con los usuarios del Sitio y con mantener esos datos fuera del alcance de terceros no autorizados.<br \/>\n<strong>Esta web est\u00e1 adaptada al cumplimiento de las siguientes leyes:<\/strong><\/p>\n<ul>\n<li><strong>RGPD<\/strong> (<a href=\"https:\/\/www.boe.es\/doue\/2016\/119\/L00001-00088.pdf\">(Reglamento (UE) 2016\/679 del Parlamento Europeo y del Consejo de 27 de abril de 2016 relativo a la protecci\u00f3n de las personas f\u00edsicas)<\/a>). Nueva normativa de la Uni\u00f3n Europea que unifica la regulaci\u00f3n del tratamiento de los datos personales en los distintos pa\u00edses de la UE.<\/li>\n<li><strong>LOPD<\/strong> (<a href=\"https:\/\/www.boe.es\/buscar\/doc.php?id=BOE-A-1999-23750\">(Ley Org\u00e1nica 15\/1999, de 13 de diciembre, de Protecci\u00f3n de Datos de Car\u00e1cter Personal <\/a> y<a href=\"https:\/\/www.boe.es\/buscar\/doc.php?id=BOE-A-2008-979\"> Real Decreto 1720\/2007, de 21 de diciembre, el Reglamento de desarrollo de la LOPD).<\/a>). Regula el tratamiento de los datos personales y las obligaciones que debemos asumir los responsables de una web o un blog a la hora de gestionar esta informaci\u00f3n.<\/li>\n<li><strong>LSSI<\/strong> (<a href=\"http:\/\/www.boe.es\/buscar\/doc.php?id=BOE-A-2002-13758\">(Ley 34\/2002, de 11 de julio, de Servicios de la Sociedad de la Informaci\u00f3n y Comercio Electr\u00f3nico).<\/a>). Regula las transacciones econ\u00f3micas mediante medios electr\u00f3nicos.<\/li>\n<\/ul>\n<h4>Derechos<\/h4>\n<p>De acuerdo con los derechos que le confiere la normativa vigente en protecci\u00f3n de datos podr\u00e1 ejercer los derechos de acceso, rectificaci\u00f3n, limitaci\u00f3n de tratamiento, supresi\u00f3n, portabilidad y oposici\u00f3n al tratamiento de sus datos de car\u00e1cter personal as\u00ed como del consentimiento prestado para el tratamiento de los mismos, dirigiendo su petici\u00f3n a la direcci\u00f3n postal indicada m\u00e1s arriba o al correo electr\u00f3nico dpo@datacomp.org.<\/p>\n<p>Podr\u00e1 dirigirse a la Autoridad de Control competente para presentar la reclamaci\u00f3n que considere oportuna.<\/p>\n<h4>Finalidad<\/h4>\n<p>Cuando un usuario se conecta con esta web est\u00e1 facilitando informaci\u00f3n de car\u00e1cter personal de la que es responsable AIR-PES SISTEMAS INTEGRALES DE MANUTENCION Y PESAJE, SL Esa informaci\u00f3n puede incluir datos de car\u00e1cter personal como pueden ser su direcci\u00f3n IP, nombre, direcci\u00f3n f\u00edsica, direcci\u00f3n de correo electr\u00f3nico, n\u00famero de tel\u00e9fono, y otra informaci\u00f3n. Al facilitar esta informaci\u00f3n, el usuario da su consentimiento para que su informaci\u00f3n sea recopilada, utilizada, gestionada y almacenada por AIR-PES SISTEMAS INTEGRALES DE MANUTENCION Y PESAJE, SL, solo como se describe en la presente Pol\u00edtica de Privacidad.<br \/>\nEn AIR-PES SISTEMAS INTEGRALES DE MANUTENCION Y PESAJE, SL existe en particular un sistema de captura de informaci\u00f3n personal y trato la informaci\u00f3n que nos facilitan las personas interesadas con el siguiente fin:<br \/>\n<strong>1.- Formulario de contacto:<\/strong>Solicitamos los siguientes datos personales: nombre, compa\u00f1\u00eda, mensaje. Para responder a los requerimientos de los usuarios de www.airpes.com. Por ejemplo, podemos utilizar esos datos para responder a su solicitud y dar respuesta a las dudas, quejas, comentarios o inquietudes que pueda tener relativas a la informaci\u00f3n incluida en la web, los servicios y productos que se prestan a trav\u00e9s de la web, el tratamiento de sus datos personales, cuestiones referentes a los textos legales incluidos en la web, as\u00ed como cualesquiera otras consultas que pueda tener y que no est\u00e9n sujetas a las condiciones de contrataci\u00f3n. Le informo que los datos que nos facilita estar\u00e1n ubicados en los servidores de (SERVIDOR) proveedor de hosting de AIR-PES SISTEMAS INTEGRALES DE MANUTENCION Y PESAJE, SL dentro de la UE.<br \/>\nExisten otras finalidades por las que trat\u00e1bamos sus datos personales:<\/p>\n<ul>\n<li>Para garantizar el cumplimiento de las condiciones de uso y la ley aplicable. Esto puede incluir el desarrollo de herramientas y algoritmos que ayudan a esta web a garantizar la confidencialidad de los datos personales que recoge.<\/li>\n<li>Para apoyar y mejorar los servicios que ofrece esta web.<\/li>\n<li>Tambi\u00e9n se recogen otros datos no identificativos que se obtienen mediante algunas cookies que se descargan en el ordenador del usuario cuando navega en esta web que detallo en la pol\u00edtica de cookies.<\/li>\n<li>Para gestionar las redes sociales. AIR-PES SISTEMAS INTEGRALES DE MANUTENCION Y PESAJE, SL tiene presencia en redes sociales. El tratamiento de los datos que se lleve a cabo de las personas que se hagan seguidoras en las redes sociales de las p\u00e1ginas oficiales de AIR-PES SISTEMAS INTEGRALES DE MANUTENCION Y PESAJE, SL se regir\u00e1 por este apartado. As\u00ed como por aquellas condiciones de uso, pol\u00edticas de privacidad y normativas de acceso que pertenezcan a la red social que proceda en cada caso y aceptadas previamente por el usuario de airpes.com. Trataremos sus datos con la finalidad de administrar correctamente su presencia en la red social, informando de actividades, productos o servicios. As\u00ed como para cualquier otra finalidad que las normativas de las redes sociales permitan. En ning\u00fan caso utilizaremos los perfiles de seguidores en redes sociales para enviar publicidad de manera individual.<\/li>\n<\/ul>\n<p>De acuerdo a lo establecido en el reglamento general de protecci\u00f3n de datos europeo (RGPD) 2016\/679, AIR-PES SISTEMAS INTEGRALES DE MANUTENCION Y PESAJE, SL con domicilio social sito en Carrer de Ca n&#8217;Alzina, 79 08202, SABADELL, ser\u00e1 responsable del tratamiento de los datos correspondientes a Usuarios de la web y suscriptores.<br \/>\nAIR-PES SISTEMAS INTEGRALES DE MANUTENCION Y PESAJE, SL se compromete en el uso y tratamiento de los datos incluidos personales de los usuarios, respetando su confidencialidad y a utilizarlos de acuerdo con la finalidad del mismo, as\u00ed como a dar cumplimiento a su obligaci\u00f3n de guardarlos y adaptar todas las medidas para evitar la alteraci\u00f3n, p\u00e9rdida, tratamiento o acceso no autorizado (como los protocolos Https que utilizamos), de conformidad con lo establecido en la normativa vigente de protecci\u00f3n de datos.<\/p>\n<h4>Exactitud y veracidad de los datos<\/h4>\n<p>Como usuario, eres el \u00fanico responsable de la veracidad y correcci\u00f3n de los datos que remitas a www.airpes.com exonerando a AIR-PES SISTEMAS INTEGRALES DE MANUTENCION Y PESAJE, SL de cualquier responsabilidad al respecto.<br \/>\nLos usuarios garantizan y responden, en cualquier caso, de la exactitud, vigencia y autenticidad de los datos personales facilitados, y se comprometen a mantenerlos debidamente actualizados. El usuario acepta proporcionar informaci\u00f3n completa y correcta en el formulario de contacto o suscripci\u00f3n.<\/p>\n<h4>Aceptaci\u00f3n y consentimiento<\/h4>\n<p>El usuario declara haber sido informado de las condiciones sobre protecci\u00f3n de datos de car\u00e1cter personal, aceptando y consintiendo el tratamiento de los mismos por parte de AIR-PES SISTEMAS INTEGRALES DE MANUTENCION Y PESAJE, SL en la forma y para las finalidades indicadas en esta pol\u00edtica de privacidad.<\/p>\n<h4>Cambios en la pol\u00edtica de privacidad<\/h4>\n<p>AIR-PES SISTEMAS INTEGRALES DE MANUTENCION Y PESAJE, SL se reserva el derecho a modificar la presente pol\u00edtica para adaptarla a novedades legislativas o jurisprudenciales, as\u00ed como a pr\u00e1cticas de la industria.<\/p>\n<p>En dichos supuestos, anunciaremos en esta p\u00e1gina los cambios introducidos con razonable antelaci\u00f3n a su puesta en pr\u00e1ctica.<br \/>\nA su vez, le informamos que puede contactar con el Delegado de Protecci\u00f3n de Datos de AIR-PES SISTEMAS INTEGRALES DE MANUTENCION Y PESAJE, SL, dirigi\u00e9ndose por escrito a la direcci\u00f3n de correo dpo@datacomp.org o al tel\u00e9fono 934514171.<\/p>\n","protected":false},"excerpt":{"rendered":"<p>La Pol\u00edtica de privacidad que se establece a continuaci\u00f3n se aplica a todos los servicios de este Sitio y tambi\u00e9n a las p\u00e1ginas y servicios con los que este Sitio se pueda extender en el futuro. Al aceptar la Pol\u00edtica de privacidad, acepta expresamente todas las condiciones incluidas en esta Pol\u00edtica de privacidad. El servicio del Sitio solo se proporciona por el tiempo que est\u00e1 conectado al Sitio o a cualquiera de los servicios disponibles en el Sitio. Por lo tanto, se pueden hacer cambios a la Pol\u00edtica de privacidad y sus t\u00e9rminos de uso. El contenido de nuestra Pol\u00edtica de privacidad lo ayudar\u00e1 a familiarizarse con el tipo de datos que recopilamos, qu\u00e9 hacemos con dichos datos, sus derechos y nuestras obligaciones en relaci\u00f3n con los usuarios del Sitio y con mantener esos datos fuera del alcance de terceros no autorizados. Esta web est\u00e1 adaptada al cumplimiento de las siguientes leyes: RGPD ((Reglamento (UE) 2016\/679 del Parlamento Europeo y del Consejo de 27 de abril de 2016 relativo a la protecci\u00f3n de las personas f\u00edsicas)). Nueva normativa de la Uni\u00f3n Europea que unifica la regulaci\u00f3n del tratamiento de los datos personales en los distintos pa\u00edses de la UE. LOPD&#8230;<\/p>\n","protected":false},"author":7,"featured_media":0,"parent":0,"menu_order":0,"comment_status":"closed","ping_status":"closed","template":"","meta":{"_acf_changed":false,"inline_featured_image":false,"footnotes":""},"class_list":["post-108610","page","type-page","status-publish","hentry"],"acf":[],"yoast_head":"<!-- This site is optimized with the Yoast SEO plugin v27.5 - https:\/\/yoast.com\/product\/yoast-seo-wordpress\/ -->\n<title>POL\u00cdTICA DE PRIVACIDAD - Airpes<\/title>\n<meta name=\"robots\" content=\"noindex, follow\" \/>\n<meta property=\"og:locale\" content=\"es_ES\" \/>\n<meta property=\"og:type\" content=\"article\" \/>\n<meta property=\"og:title\" content=\"POL\u00cdTICA DE PRIVACIDAD - Airpes\" \/>\n<meta property=\"og:description\" content=\"La Pol\u00edtica de privacidad que se establece a continuaci\u00f3n se aplica a todos los servicios de este Sitio y tambi\u00e9n a las p\u00e1ginas y servicios con los que este Sitio se pueda extender en el futuro. Al aceptar la Pol\u00edtica de privacidad, acepta expresamente todas las condiciones incluidas en esta Pol\u00edtica de privacidad. El servicio del Sitio solo se proporciona por el tiempo que est\u00e1 conectado al Sitio o a cualquiera de los servicios disponibles en el Sitio. Por lo tanto, se pueden hacer cambios a la Pol\u00edtica de privacidad y sus t\u00e9rminos de uso. El contenido de nuestra Pol\u00edtica de privacidad lo ayudar\u00e1 a familiarizarse con el tipo de datos que recopilamos, qu\u00e9 hacemos con dichos datos, sus derechos y nuestras obligaciones en relaci\u00f3n con los usuarios del Sitio y con mantener esos datos fuera del alcance de terceros no autorizados. Esta web est\u00e1 adaptada al cumplimiento de las siguientes leyes: RGPD ((Reglamento (UE) 2016\/679 del Parlamento Europeo y del Consejo de 27 de abril de 2016 relativo a la protecci\u00f3n de las personas f\u00edsicas)). Nueva normativa de la Uni\u00f3n Europea que unifica la regulaci\u00f3n del tratamiento de los datos personales en los distintos pa\u00edses de la UE. LOPD...\" \/>\n<meta property=\"og:url\" content=\"https:\/\/www.airpes.com\/es\/privacy-policy\/\" \/>\n<meta property=\"og:site_name\" content=\"Airpes\" \/>\n<meta property=\"article:publisher\" content=\"https:\/\/www.facebook.com\/AIRPES\" \/>\n<meta property=\"article:modified_time\" content=\"2023-07-04T07:19:17+00:00\" \/>\n<meta name=\"twitter:card\" content=\"summary_large_image\" \/>\n<meta name=\"twitter:site\" content=\"@AIRPES\" \/>\n<meta name=\"twitter:label1\" content=\"Tiempo de lectura\" \/>\n\t<meta name=\"twitter:data1\" content=\"6 minutos\" \/>\n<script type=\"application\/ld+json\" class=\"yoast-schema-graph\">{\"@context\":\"https:\\\/\\\/schema.org\",\"@graph\":[{\"@type\":\"WebPage\",\"@id\":\"https:\\\/\\\/www.airpes.com\\\/es\\\/privacy-policy\\\/\",\"url\":\"https:\\\/\\\/www.airpes.com\\\/es\\\/privacy-policy\\\/\",\"name\":\"POL\u00cdTICA DE PRIVACIDAD - Airpes\",\"isPartOf\":{\"@id\":\"https:\\\/\\\/www.airpes.com\\\/es\\\/#website\"},\"datePublished\":\"2020-11-25T08:29:02+00:00\",\"dateModified\":\"2023-07-04T07:19:17+00:00\",\"breadcrumb\":{\"@id\":\"https:\\\/\\\/www.airpes.com\\\/es\\\/privacy-policy\\\/#breadcrumb\"},\"inLanguage\":\"es\",\"potentialAction\":[{\"@type\":\"ReadAction\",\"target\":[\"https:\\\/\\\/www.airpes.com\\\/es\\\/privacy-policy\\\/\"]}]},{\"@type\":\"BreadcrumbList\",\"@id\":\"https:\\\/\\\/www.airpes.com\\\/es\\\/privacy-policy\\\/#breadcrumb\",\"itemListElement\":[{\"@type\":\"ListItem\",\"position\":1,\"name\":\"Inicio\",\"item\":\"https:\\\/\\\/www.airpes.com\\\/es\\\/\"},{\"@type\":\"ListItem\",\"position\":2,\"name\":\"POL\u00cdTICA DE PRIVACIDAD\"}]},{\"@type\":\"WebSite\",\"@id\":\"https:\\\/\\\/www.airpes.com\\\/es\\\/#website\",\"url\":\"https:\\\/\\\/www.airpes.com\\\/es\\\/\",\"name\":\"Airpes\",\"description\":\"Your lifting equipment supplier\",\"publisher\":{\"@id\":\"https:\\\/\\\/www.airpes.com\\\/es\\\/#organization\"},\"potentialAction\":[{\"@type\":\"SearchAction\",\"target\":{\"@type\":\"EntryPoint\",\"urlTemplate\":\"https:\\\/\\\/www.airpes.com\\\/es\\\/?s={search_term_string}\"},\"query-input\":{\"@type\":\"PropertyValueSpecification\",\"valueRequired\":true,\"valueName\":\"search_term_string\"}}],\"inLanguage\":\"es\"},{\"@type\":\"Organization\",\"@id\":\"https:\\\/\\\/www.airpes.com\\\/es\\\/#organization\",\"name\":\"Airpes\",\"url\":\"https:\\\/\\\/www.airpes.com\\\/es\\\/\",\"logo\":{\"@type\":\"ImageObject\",\"inLanguage\":\"es\",\"@id\":\"https:\\\/\\\/www.airpes.com\\\/es\\\/#\\\/schema\\\/logo\\\/image\\\/\",\"url\":\"https:\\\/\\\/www.airpes.com\\\/wp-content\\\/uploads\\\/2020\\\/09\\\/logo.svg\",\"contentUrl\":\"https:\\\/\\\/www.airpes.com\\\/wp-content\\\/uploads\\\/2020\\\/09\\\/logo.svg\",\"width\":193,\"height\":86,\"caption\":\"Airpes\"},\"image\":{\"@id\":\"https:\\\/\\\/www.airpes.com\\\/es\\\/#\\\/schema\\\/logo\\\/image\\\/\"},\"sameAs\":[\"https:\\\/\\\/www.facebook.com\\\/AIRPES\",\"https:\\\/\\\/x.com\\\/AIRPES\",\"https:\\\/\\\/www.instagram.com\\\/AIRPESlifting\\\/\",\"https:\\\/\\\/www.linkedin.com\\\/company\\\/airpes\"]}]}<\/script>\n<!-- \/ Yoast SEO plugin. -->","yoast_head_json":{"title":"POL\u00cdTICA DE PRIVACIDAD - Airpes","robots":{"index":"noindex","follow":"follow"},"og_locale":"es_ES","og_type":"article","og_title":"POL\u00cdTICA DE PRIVACIDAD - Airpes","og_description":"La Pol\u00edtica de privacidad que se establece a continuaci\u00f3n se aplica a todos los servicios de este Sitio y tambi\u00e9n a las p\u00e1ginas y servicios con los que este Sitio se pueda extender en el futuro. Al aceptar la Pol\u00edtica de privacidad, acepta expresamente todas las condiciones incluidas en esta Pol\u00edtica de privacidad. El servicio del Sitio solo se proporciona por el tiempo que est\u00e1 conectado al Sitio o a cualquiera de los servicios disponibles en el Sitio. Por lo tanto, se pueden hacer cambios a la Pol\u00edtica de privacidad y sus t\u00e9rminos de uso. El contenido de nuestra Pol\u00edtica de privacidad lo ayudar\u00e1 a familiarizarse con el tipo de datos que recopilamos, qu\u00e9 hacemos con dichos datos, sus derechos y nuestras obligaciones en relaci\u00f3n con los usuarios del Sitio y con mantener esos datos fuera del alcance de terceros no autorizados. Esta web est\u00e1 adaptada al cumplimiento de las siguientes leyes: RGPD ((Reglamento (UE) 2016\/679 del Parlamento Europeo y del Consejo de 27 de abril de 2016 relativo a la protecci\u00f3n de las personas f\u00edsicas)). Nueva normativa de la Uni\u00f3n Europea que unifica la regulaci\u00f3n del tratamiento de los datos personales en los distintos pa\u00edses de la UE. LOPD...","og_url":"https:\/\/www.airpes.com\/es\/privacy-policy\/","og_site_name":"Airpes","article_publisher":"https:\/\/www.facebook.com\/AIRPES","article_modified_time":"2023-07-04T07:19:17+00:00","twitter_card":"summary_large_image","twitter_site":"@AIRPES","twitter_misc":{"Tiempo de lectura":"6 minutos"},"schema":{"@context":"https:\/\/schema.org","@graph":[{"@type":"WebPage","@id":"https:\/\/www.airpes.com\/es\/privacy-policy\/","url":"https:\/\/www.airpes.com\/es\/privacy-policy\/","name":"POL\u00cdTICA DE PRIVACIDAD - Airpes","isPartOf":{"@id":"https:\/\/www.airpes.com\/es\/#website"},"datePublished":"2020-11-25T08:29:02+00:00","dateModified":"2023-07-04T07:19:17+00:00","breadcrumb":{"@id":"https:\/\/www.airpes.com\/es\/privacy-policy\/#breadcrumb"},"inLanguage":"es","potentialAction":[{"@type":"ReadAction","target":["https:\/\/www.airpes.com\/es\/privacy-policy\/"]}]},{"@type":"BreadcrumbList","@id":"https:\/\/www.airpes.com\/es\/privacy-policy\/#breadcrumb","itemListElement":[{"@type":"ListItem","position":1,"name":"Inicio","item":"https:\/\/www.airpes.com\/es\/"},{"@type":"ListItem","position":2,"name":"POL\u00cdTICA DE PRIVACIDAD"}]},{"@type":"WebSite","@id":"https:\/\/www.airpes.com\/es\/#website","url":"https:\/\/www.airpes.com\/es\/","name":"Airpes","description":"Your lifting equipment supplier","publisher":{"@id":"https:\/\/www.airpes.com\/es\/#organization"},"potentialAction":[{"@type":"SearchAction","target":{"@type":"EntryPoint","urlTemplate":"https:\/\/www.airpes.com\/es\/?s={search_term_string}"},"query-input":{"@type":"PropertyValueSpecification","valueRequired":true,"valueName":"search_term_string"}}],"inLanguage":"es"},{"@type":"Organization","@id":"https:\/\/www.airpes.com\/es\/#organization","name":"Airpes","url":"https:\/\/www.airpes.com\/es\/","logo":{"@type":"ImageObject","inLanguage":"es","@id":"https:\/\/www.airpes.com\/es\/#\/schema\/logo\/image\/","url":"https:\/\/www.airpes.com\/wp-content\/uploads\/2020\/09\/logo.svg","contentUrl":"https:\/\/www.airpes.com\/wp-content\/uploads\/2020\/09\/logo.svg","width":193,"height":86,"caption":"Airpes"},"image":{"@id":"https:\/\/www.airpes.com\/es\/#\/schema\/logo\/image\/"},"sameAs":["https:\/\/www.facebook.com\/AIRPES","https:\/\/x.com\/AIRPES","https:\/\/www.instagram.com\/AIRPESlifting\/","https:\/\/www.linkedin.com\/company\/airpes"]}]}},"_links":{"self":[{"href":"https:\/\/www.airpes.com\/es\/wp-json\/wp\/v2\/pages\/108610","targetHints":{"allow":["GET"]}}],"collection":[{"href":"https:\/\/www.airpes.com\/es\/wp-json\/wp\/v2\/pages"}],"about":[{"href":"https:\/\/www.airpes.com\/es\/wp-json\/wp\/v2\/types\/page"}],"author":[{"embeddable":true,"href":"https:\/\/www.airpes.com\/es\/wp-json\/wp\/v2\/users\/7"}],"replies":[{"embeddable":true,"href":"https:\/\/www.airpes.com\/es\/wp-json\/wp\/v2\/comments?post=108610"}],"version-history":[{"count":2,"href":"https:\/\/www.airpes.com\/es\/wp-json\/wp\/v2\/pages\/108610\/revisions"}],"predecessor-version":[{"id":118076,"href":"https:\/\/www.airpes.com\/es\/wp-json\/wp\/v2\/pages\/108610\/revisions\/118076"}],"wp:attachment":[{"href":"https:\/\/www.airpes.com\/es\/wp-json\/wp\/v2\/media?parent=108610"}],"curies":[{"name":"wp","href":"https:\/\/api.w.org\/{rel}","templated":true}]}}